{"id":6082,"date":"2025-12-17T15:35:18","date_gmt":"2025-12-17T12:35:18","guid":{"rendered":"https:\/\/wristbandfactory.eu\/?post_type=product&#038;p=6082"},"modified":"2026-04-01T21:52:34","modified_gmt":"2026-04-01T18:52:34","slug":"custom-cord-bracelets-with-metal-charm-bespoke-design","status":"publish","type":"product","link":"https:\/\/displayproducts.eu\/fr\/p\/custom-cord-bracelets-with-metal-charm-bespoke-design\/","title":{"rendered":"Bracelets tress\u00e9s avec breloque en m\u00e9tal"},"content":{"rendered":"<p data-path-to-node=\"11\">Cr\u00e9ez un lien de marque v\u00e9ritablement unique avec notre <b>Bracelets en cordon personnalis\u00e9s avec breloques en m\u00e9tal<\/b>. Contrairement aux bracelets imprim\u00e9s classiques, il s&#039;agit d&#039;accessoires de qualit\u00e9 joaillerie, con\u00e7us pour \u00eatre port\u00e9s longtemps apr\u00e8s l&#039;\u00e9v\u00e9nement. Ce produit t\u00e9moigne d&#039;un savoir-faire enti\u00e8rement personnalis\u00e9\u00a0: chaque \u00e9l\u00e9ment, de la couleur du cordon au moule m\u00e9tallique, est cr\u00e9\u00e9 sp\u00e9cialement pour vous.<\/p>\n<h3 data-path-to-node=\"12\">\u00c9tude de cas : Tallink<\/h3>\n<p data-path-to-node=\"13\">Nous avons eu l&#039;honneur de fabriquer <b>5 000 bracelets personnalis\u00e9s<\/b> pour <b>Tallink<\/b>, la principale compagnie maritime de la mer Baltique. L&#039;objectif \u00e9tait de cr\u00e9er un souvenir m\u00e9morable refl\u00e9tant les valeurs de la marque.<\/p>\n<ul data-path-to-node=\"14\">\n<li>\n<p data-path-to-node=\"14,0,0\"><b>Le charme :<\/b> Nous avons fabriqu\u00e9 un moule sur mesure en alliage de zinc de leur mascotte ador\u00e9e, <b>\u201c Harri \u201d<\/b>, fini avec un plaquage argent de haute qualit\u00e9.<\/p>\n<\/li>\n<li>\n<p data-path-to-node=\"14,1,0\"><b>Le cordon :<\/b> Une nuance sp\u00e9cifique de cordon cir\u00e9, \u201c coucher de soleil \u201d, a \u00e9t\u00e9 choisie pour correspondre \u00e0 leur palette de couleurs de marque.<\/p>\n<\/li>\n<li>\n<p data-path-to-node=\"14,2,0\"><b>L&#039;exp\u00e9rience :<\/b> Chaque bracelet \u00e9tait mont\u00e9 sur un <b>Carte de support en couleur de 75 \u00d7 160 mm<\/b>, transformant un sans impression objet en un cadeau pr\u00eat \u00e0 \u00eatre vendu.<\/p>\n<\/li>\n<\/ul>\n<h2 data-path-to-node=\"15\">Caract\u00e9ristiques principales<\/h2>\n<ul data-path-to-node=\"16\">\n<li>\n<p data-path-to-node=\"16,0,0\"><b>Fonderie de m\u00e9taux sur mesure :<\/b> Nous cr\u00e9ons un moule unique pour votre logo, mascotte ou symbole. Nous proposons des mat\u00e9riaux tels qu&#039;un alliage de zinc durable avec un plaquage argent, or ou antique.<\/p>\n<\/li>\n<li>\n<p data-path-to-node=\"16,1,0\"><b>Options de cordon personnalis\u00e9es\u00a0:<\/b> Choisissez parmi les mod\u00e8les en coton cir\u00e9, en nylon ou tress\u00e9s. Nous pouvons assortir la couleur du cordon \u00e0 votre code Pantone sp\u00e9cifique.<\/p>\n<\/li>\n<li>\n<p data-path-to-node=\"16,2,0\"><b>Emballage de vente au d\u00e9tail\u00a0:<\/b> Le produit comprend une carte de support imprim\u00e9e personnalis\u00e9e (carte d&#039;en-t\u00eate ou support complet), offrant un espace pr\u00e9cieux pour votre message marketing ou vos codes QR.<\/p>\n<\/li>\n<li>\n<p data-path-to-node=\"16,3,0\"><b>Capacit\u00e9 de production \u00e0 haut volume\u00a0:<\/b> Comme l&#039;a prouv\u00e9 le projet Tallink, nous sommes sp\u00e9cialis\u00e9s dans la gestion de commandes importantes (plus de 5 000 unit\u00e9s) sans compromettre les d\u00e9tails complexes du travail du m\u00e9tal.<\/p>\n<\/li>\n<\/ul>\n<h2 data-path-to-node=\"17\">Caract\u00e9ristiques<\/h2>\n<ul data-path-to-node=\"18\">\n<li>\n<p data-path-to-node=\"18,0,0\"><b>Mat\u00e9riau du charme :<\/b> Alliage de zinc (sans plomb ni nickel).<\/p>\n<\/li>\n<li>\n<p data-path-to-node=\"18,1,0\"><b>Placage:<\/b> Argent, or, cuivre, nickel noir, etc.<\/p>\n<\/li>\n<li>\n<p data-path-to-node=\"18,2,0\"><b>Mat\u00e9riau du cordon :<\/b> Coton cir\u00e9 ou m\u00e9lange polyester\/nylon.<\/p>\n<\/li>\n<li>\n<p data-path-to-node=\"18,3,0\"><b>Couleur du cordon :<\/b> Pantone personnalis\u00e9.<\/p>\n<\/li>\n<li>\n<p data-path-to-node=\"18,4,0\"><b>Format de la carte\u00a0:<\/b> Format standard 75 \u00d7 160 mm (ou format personnalis\u00e9).<\/p>\n<\/li>\n<li>\n<p data-path-to-node=\"18,5,0\"><b>Fixation:<\/b> N\u0153ud ajustable ou fermoir m\u00e9tallique.<\/p>\n<\/li>\n<li>\n<p data-path-to-node=\"18,6,0\"><b>MOQ\u00a0:<\/b> 500 unit\u00e9s (en raison de la cr\u00e9ation du moule).<\/p>\n<\/li>\n<\/ul>","protected":false},"excerpt":{"rendered":"<ul>\n<li>\n<p data-path-to-node=\"10,0,0\"><b>Charme personnalis\u00e9\u00a0:<\/b> Mascotte ou logo en alliage de zinc cr\u00e9\u00e9 sur mesure (par exemple, le \u201c Harri \u201d de Tallink).<\/p>\n<\/li>\n<li>\n<p data-path-to-node=\"10,1,0\"><b>C\u00e2ble de qualit\u00e9 sup\u00e9rieure\u00a0:<\/b> Cordon cir\u00e9 disponible dans des couleurs Pantone personnalis\u00e9es (par exemple, orange \u201c Sunset \u201d).<\/p>\n<\/li>\n<li>\n<p data-path-to-node=\"10,2,0\"><b>Emballage complet :<\/b> Comprend une grande carte de support imprim\u00e9e personnalis\u00e9e de 75\u00d7160 mm.<\/p>\n<\/li>\n<li>\n<p data-path-to-node=\"10,3,0\"><b>Hypoallerg\u00e9nique :<\/b> Mat\u00e9riaux s\u00fbrs avec options de plaquage argent, or ou noir.<\/p>\n<\/li>\n<\/ul>","protected":false},"featured_media":6083,"comment_status":"closed","ping_status":"closed","template":"","meta":[],"product_brand":[],"product_cat":[66,122],"product_tag":[],"class_list":{"0":"post-6082","1":"product","2":"type-product","3":"status-publish","4":"has-post-thumbnail","6":"product_cat-wristbands","7":"product_cat-promotional-accessories","9":"first","10":"instock","11":"shipping-taxable","12":"purchasable","13":"product-type-simple"},"_links":{"self":[{"href":"https:\/\/displayproducts.eu\/fr\/wp-json\/wp\/v2\/product\/6082","targetHints":{"allow":["GET"]}}],"collection":[{"href":"https:\/\/displayproducts.eu\/fr\/wp-json\/wp\/v2\/product"}],"about":[{"href":"https:\/\/displayproducts.eu\/fr\/wp-json\/wp\/v2\/types\/product"}],"replies":[{"embeddable":true,"href":"https:\/\/displayproducts.eu\/fr\/wp-json\/wp\/v2\/comments?post=6082"}],"wp:featuredmedia":[{"embeddable":true,"href":"https:\/\/displayproducts.eu\/fr\/wp-json\/wp\/v2\/media\/6083"}],"wp:attachment":[{"href":"https:\/\/displayproducts.eu\/fr\/wp-json\/wp\/v2\/media?parent=6082"}],"wp:term":[{"taxonomy":"product_brand","embeddable":true,"href":"https:\/\/displayproducts.eu\/fr\/wp-json\/wp\/v2\/product_brand?post=6082"},{"taxonomy":"product_cat","embeddable":true,"href":"https:\/\/displayproducts.eu\/fr\/wp-json\/wp\/v2\/product_cat?post=6082"},{"taxonomy":"product_tag","embeddable":true,"href":"https:\/\/displayproducts.eu\/fr\/wp-json\/wp\/v2\/product_tag?post=6082"}],"curies":[{"name":"wp","href":"https:\/\/api.w.org\/{rel}","templated":true}]}}