{"id":6080,"date":"2025-12-17T15:25:31","date_gmt":"2025-12-17T12:25:31","guid":{"rendered":"https:\/\/wristbandfactory.eu\/?post_type=product&#038;p=6080"},"modified":"2026-04-01T21:52:34","modified_gmt":"2026-04-01T18:52:34","slug":"custom-metal-enamel-lapel-pins-badges","status":"publish","type":"product","link":"https:\/\/displayproducts.eu\/fr\/p\/custom-metal-enamel-lapel-pins-badges\/","title":{"rendered":"Pin's en \u00e9mail avec logo"},"content":{"rendered":"<p data-path-to-node=\"11\">\u00c0 une \u00e9poque o\u00f9 l&#039;identit\u00e9 de marque est cruciale, <b>Pins de revers en m\u00e9tal personnalis\u00e9s<\/b> Offrez \u00e0 votre entreprise une mani\u00e8re raffin\u00e9e de se distinguer. Bien plus que de sans impressions accessoires, ces badges symbolisent le prestige, la solidarit\u00e9 et l&#039;appartenance.<\/p>\n<p data-path-to-node=\"12\">Nous allions le savoir-faire traditionnel aux exigences modernes du branding. Notre travail pour en est un parfait exemple. <b>FREEN<\/b>, o\u00f9 nous avons cr\u00e9\u00e9 des \u00e9pingles en laiton de 20 mm pr\u00e9sentant <b>\u00c9mail dur imitation<\/b>. Le plaquage nickel\u00e9 brillant contraste magnifiquement avec les couleurs profondes de l&#039;\u00e9mail et une subtile texture sabl\u00e9e, transformant un logo d&#039;entreprise en un v\u00e9ritable bijou.<\/p>\n<p data-path-to-node=\"13\">Cependant, les \u00e9pingles m\u00e9talliques sont aussi des outils fonctionnels. <b>49e rassemblement de Saaremaa<\/b>, Nous avons produit des broches \u00e9l\u00e9gantes qui servaient \u00e9galement de <b>cartes d&#039;entr\u00e9e portables<\/b>, prouvant ainsi que les identifiants de s\u00e9curit\u00e9 peuvent \u00eatre \u00e9l\u00e9gants. Que vous ayez besoin d&#039;un cadeau d&#039;entreprise haut de gamme, d&#039;un jeton \u00e9v\u00e9nementiel pratique ou d&#039;un symbole de soutien (comme notre <b>\u00e9pingles drapeau Estonie-Ukraine<\/b>), nous garantissons pr\u00e9cision et qualit\u00e9.<\/p>\n<h2 data-path-to-node=\"14\">Caract\u00e9ristiques principales<\/h2>\n<ul data-path-to-node=\"15\">\n<li>\n<p data-path-to-node=\"15,0,0\"><b>Imitation \u00e9mail dur (Epola) :<\/b> Elle permet d&#039;obtenir une surface lisse et plane o\u00f9 les lignes m\u00e9talliques affleurent l&#039;\u00e9mail color\u00e9. On obtient ainsi une finition haut de gamme, digne d&#039;un bijou (comme celle utilis\u00e9e dans le projet FREEN).<\/p>\n<\/li>\n<li>\n<p data-path-to-node=\"15,1,0\"><b>Excellence des mat\u00e9riaux :<\/b> Fabriqu\u00e9 \u00e0 partir de mat\u00e9riaux durables <b>Laiton ou fer<\/b>, garantissant ainsi que la goupille soit robuste et dure des ann\u00e9es.<\/p>\n<\/li>\n<li>\n<p data-path-to-node=\"15,2,0\"><b>Options de placage\u00a0:<\/b> Choisissez parmi les finitions Or brillant, Argent (Nickel), Nickel noir, Bronze antique et bien d&#039;autres pour respecter votre charte graphique.<\/p>\n<\/li>\n<li>\n<p data-path-to-node=\"15,3,0\"><b>Fixation s\u00e9curis\u00e9e\u00a0:<\/b> Standard <b>\u00c9closion papillon<\/b> Ce syst\u00e8me permet de maintenir l&#039;\u00e9pingle en place sur les revers de vestes, les sacs \u00e0 dos ou les uniformes. Des fixations magn\u00e9tiques ou des \u00e9pingles de s\u00fbret\u00e9 sont \u00e9galement disponibles.<\/p>\n<\/li>\n<\/ul>\n<h2 data-path-to-node=\"16\">Caract\u00e9ristiques<\/h2>\n<ul data-path-to-node=\"17\">\n<li>\n<p data-path-to-node=\"17,0,0\"><b>Mat\u00e9riel:<\/b> Alliage de laiton, de cuivre, de fer ou de zinc.<\/p>\n<\/li>\n<li>\n<p data-path-to-node=\"17,1,0\"><b>Technique:<\/b> Frappe \u00e0 l&#039;emporte-pi\u00e8ce avec \u00e9mail dur, \u00e9mail mou ou impression offset.<\/p>\n<\/li>\n<li>\n<p data-path-to-node=\"17,2,0\"><b>Tailles standard :<\/b> 15 mm \u2013 50 mm (Formes personnalis\u00e9es disponibles).<\/p>\n<\/li>\n<li>\n<p data-path-to-node=\"17,3,0\"><b>\u00c9paisseur:<\/b> G\u00e9n\u00e9ralement 1,2 mm \u2013 2,0 mm.<\/p>\n<\/li>\n<li>\n<p data-path-to-node=\"17,4,0\"><b>Placage:<\/b> Or, nickel, nickel noir, bronze, etc.<\/p>\n<\/li>\n<li>\n<p data-path-to-node=\"17,5,0\"><b>Support:<\/b> Fermoir papillon (standard), embrayage en caoutchouc, \u00e9pingle de s\u00fbret\u00e9, aimant.<\/p>\n<\/li>\n<li>\n<p data-path-to-node=\"17,6,0\"><b>MOQ\u00a0:<\/b> 50 unit\u00e9s.<\/p>\n<\/li>\n<\/ul>\n<h2 data-path-to-node=\"18\">Cas d&#039;utilisation<\/h2>\n<ul data-path-to-node=\"19\">\n<li>\n<p data-path-to-node=\"19,0,0\"><b>Identit\u00e9 d&#039;entreprise :<\/b> Rehaussez la tenue de votre \u00e9quipe avec des pins \u00e0 logo discrets et \u00e9l\u00e9gants.<\/p>\n<\/li>\n<li>\n<p data-path-to-node=\"19,1,0\"><b>Acc\u00e8s \u00e0 l&#039;\u00e9v\u00e9nement\u00a0:<\/b> Remplacez les billets papier par des pins de collection (par exemple, des laissez-passer VIP ou des badges de rallye).<\/p>\n<\/li>\n<li>\n<p data-path-to-node=\"19,2,0\"><b>RSE et solidarit\u00e9 :<\/b> Afficher son soutien aux causes mondiales (par exemple, en portant des \u00e9pinglettes \u00e0 l&#039;effigie du drapeau) pour d\u00e9montrer sa responsabilit\u00e9 sociale.<\/p>\n<\/li>\n<li>\n<p data-path-to-node=\"19,3,0\"><b>Marchandises:<\/b> Un article de d\u00e9tail \u00e0 forte marge pour les groupes de musique, les artistes et les boutiques de souvenirs.<\/p>\n<\/li>\n<\/ul>","protected":false},"excerpt":{"rendered":"<ul>\n<li>\n<p data-path-to-node=\"10,0,0\"><b>Finition Premium :<\/b> Disponible en \u00e9mail dur (imitation), en \u00e9mail mou ou en impression offset.<\/p>\n<\/li>\n<li>\n<p data-path-to-node=\"10,1,0\"><b>Mat\u00e9riel:<\/b> Alliage de laiton ou de zinc de haute qualit\u00e9 avec diff\u00e9rents placages (nickel, or, noir).<\/p>\n<\/li>\n<li>\n<p data-path-to-node=\"10,2,0\"><b>Polyvalent:<\/b> \u00c0 utiliser comme bijoux d&#039;entreprise, badges d&#039;entr\u00e9e pour des \u00e9v\u00e9nements ou symboles caritatifs.<\/p>\n<\/li>\n<li>\n<p data-path-to-node=\"10,3,0\"><b>Personnalisation:<\/b> Formes, tailles et textures enti\u00e8rement personnalis\u00e9es (par exemple, fond sabl\u00e9)<\/p>\n<\/li>\n<\/ul>","protected":false},"featured_media":6081,"comment_status":"closed","ping_status":"closed","template":"","meta":[],"product_brand":[],"product_cat":[121,122,45],"product_tag":[],"class_list":{"0":"post-6080","1":"product","2":"type-product","3":"status-publish","4":"has-post-thumbnail","6":"product_cat-promotional-merchandise","7":"product_cat-promotional-accessories","8":"product_cat-other","10":"first","11":"instock","12":"shipping-taxable","13":"purchasable","14":"product-type-simple"},"_links":{"self":[{"href":"https:\/\/displayproducts.eu\/fr\/wp-json\/wp\/v2\/product\/6080","targetHints":{"allow":["GET"]}}],"collection":[{"href":"https:\/\/displayproducts.eu\/fr\/wp-json\/wp\/v2\/product"}],"about":[{"href":"https:\/\/displayproducts.eu\/fr\/wp-json\/wp\/v2\/types\/product"}],"replies":[{"embeddable":true,"href":"https:\/\/displayproducts.eu\/fr\/wp-json\/wp\/v2\/comments?post=6080"}],"wp:featuredmedia":[{"embeddable":true,"href":"https:\/\/displayproducts.eu\/fr\/wp-json\/wp\/v2\/media\/6081"}],"wp:attachment":[{"href":"https:\/\/displayproducts.eu\/fr\/wp-json\/wp\/v2\/media?parent=6080"}],"wp:term":[{"taxonomy":"product_brand","embeddable":true,"href":"https:\/\/displayproducts.eu\/fr\/wp-json\/wp\/v2\/product_brand?post=6080"},{"taxonomy":"product_cat","embeddable":true,"href":"https:\/\/displayproducts.eu\/fr\/wp-json\/wp\/v2\/product_cat?post=6080"},{"taxonomy":"product_tag","embeddable":true,"href":"https:\/\/displayproducts.eu\/fr\/wp-json\/wp\/v2\/product_tag?post=6080"}],"curies":[{"name":"wp","href":"https:\/\/api.w.org\/{rel}","templated":true}]}}