{"id":6077,"date":"2025-12-17T15:18:17","date_gmt":"2025-12-17T12:18:17","guid":{"rendered":"https:\/\/wristbandfactory.eu\/?post_type=product&#038;p=6077"},"modified":"2026-04-01T21:52:03","modified_gmt":"2026-04-01T18:52:03","slug":"custom-high-visibility-reflective-shopping-bags","status":"publish","type":"product","link":"https:\/\/displayproducts.eu\/fr\/p\/custom-high-visibility-reflective-shopping-bags\/","title":{"rendered":"Sacs shopping r\u00e9fl\u00e9chissants avec logo"},"content":{"rendered":"<p data-path-to-node=\"11\">Alliez utilit\u00e9 pratique et s\u00e9curit\u00e9 routi\u00e8re essentielle gr\u00e2ce \u00e0 notre <b>Sacs shopping r\u00e9fl\u00e9chissants avec logo<\/b>. Durant les sombres mois d&#039;automne et d&#039;hiver, la visibilit\u00e9 est primordiale. Ce sac innovant transforme un objet publicitaire classique en un accessoire indispensable, r\u00e9fl\u00e9chissant les phares des voitures sous tous les angles pour garantir que celui qui le porte soit vu de tous.<\/p>\n<p data-path-to-node=\"12\">Id\u00e9al pour les \u00e9coles, les campagnes de s\u00e9curit\u00e9 routi\u00e8re et les initiatives \u201c\u00a0Soyez prudents\u00a0\u201d en entreprise, ce sac offre une large surface pour votre logo tout en apportant une r\u00e9elle valeur ajout\u00e9e \u00e0 son destinataire. Contrairement aux petits r\u00e9flecteurs qui peuvent passer inaper\u00e7us, un sac fourre-tout enti\u00e8rement r\u00e9fl\u00e9chissant est impossible \u00e0 manquer.<\/p>\n<h2 data-path-to-node=\"13\">Caract\u00e9ristiques principales<\/h2>\n<ul data-path-to-node=\"14\">\n<li>\n<p data-path-to-node=\"14,0,1\"><span data-path-to-node=\"14,0,1,0\"><b><span class=\"citation-84\">R\u00e9flectivit\u00e9 \u00e0 360\u00b0 :<\/span><\/b><span class=\"citation-84\"> Le sac est enti\u00e8rement fabriqu\u00e9 en tissu r\u00e9fl\u00e9chissant \u00e0 haute et basse visibilit\u00e9, transformant ainsi l&#039;objet en un v\u00e9ritable dispositif de s\u00e9curit\u00e9.<\/span><\/span><span data-path-to-node=\"14,0,1,2\">.<\/span><\/p>\n<\/li>\n<li>\n<p data-path-to-node=\"14,1,1\"><span data-path-to-node=\"14,1,1,0\"><b><span class=\"citation-83\">Construction robuste :<\/span><\/b><span class=\"citation-83\"> Fabriqu\u00e9 en polyester r\u00e9sistant avec un soufflet de fond structur\u00e9 (8 cm), ce sac permet de transporter en toute s\u00e9curit\u00e9 des courses, des livres ou du mat\u00e9riel \u00e9v\u00e9nementiel.<\/span><\/span><span data-path-to-node=\"14,1,1,2\">.<\/span><\/p>\n<\/li>\n<li>\n<p data-path-to-node=\"14,2,1\"><span data-path-to-node=\"14,2,1,0\"><b><span class=\"citation-82\">Conforme aux normes de s\u00e9curit\u00e9 :<\/span><\/b><span class=\"citation-82\"> Fabriqu\u00e9 selon des normes \u00e9lev\u00e9es, r\u00e9ussissant des tests rigoureux pour <\/span><b><span class=\"citation-82\">phtalates<\/span><\/b><span class=\"citation-82\"> et <\/span><b><span class=\"citation-82\">Plomb<\/span><\/b><span class=\"citation-82\">, en veillant \u00e0 ce que le mat\u00e9riau soit non toxique et sans danger pour tous les \u00e2ges<\/span><\/span><span data-path-to-node=\"14,2,1,2\">.<\/span><\/p>\n<\/li>\n<li>\n<p data-path-to-node=\"14,3,0\"><b>Personnalisation de la marque\u00a0:<\/b> Votre logo est imprim\u00e9 directement sur la surface r\u00e9fl\u00e9chissante, garantissant ainsi que votre marque soit associ\u00e9e \u00e0 la s\u00e9curit\u00e9 et au soin.<\/p>\n<\/li>\n<\/ul>\n<h2 data-path-to-node=\"15\">Caract\u00e9ristiques<\/h2>\n<ul data-path-to-node=\"16\">\n<li>\n<p data-path-to-node=\"16,0,1\"><span data-path-to-node=\"16,0,1,0\"><b><span class=\"citation-81\">Dimensions:<\/span><\/b><span class=\"citation-81\"> 38 cm (L) x 42 cm (H) x 8 cm (P)<\/span><\/span><span data-path-to-node=\"16,0,1,2\">.<\/span><\/p>\n<\/li>\n<li>\n<p data-path-to-node=\"16,1,1\"><span data-path-to-node=\"16,1,1,0\"><b><span class=\"citation-80\">Mat\u00e9riel:<\/span><\/b><span class=\"citation-80\"> Polyester avec rev\u00eatement r\u00e9fl\u00e9chissant<\/span><\/span><span data-path-to-node=\"16,1,1,2\">.<\/span><\/p>\n<\/li>\n<li>\n<p data-path-to-node=\"16,2,1\"><span data-path-to-node=\"16,2,1,0\"><b><span class=\"citation-79\">Style:<\/span><\/b><span class=\"citation-79\"> Sac cabas \u00e0 poign\u00e9es \/ Sac fourre-tout<\/span><\/span><span data-path-to-node=\"16,2,1,2\">.<\/span><\/p>\n<\/li>\n<li>\n<p data-path-to-node=\"16,3,0\"><span data-path-to-node=\"16,3,0,0\"><b>Poids:<\/b> Environ. <\/span><span data-path-to-node=\"16,3,0,2\"><span class=\"citation-78\">0,250 kg par unit\u00e9<\/span><\/span><span data-path-to-node=\"16,3,0,4\">.<\/span><\/p>\n<\/li>\n<li>\n<p data-path-to-node=\"16,4,1\"><span data-path-to-node=\"16,4,1,0\"><b><span class=\"citation-77\">Conditionnement:<\/span><\/b><span class=\"citation-77\"> En vrac (100 pi\u00e8ces\/carton)<\/span><\/span><span data-path-to-node=\"16,4,1,2\">.<\/span><\/p>\n<\/li>\n<li>\n<p data-path-to-node=\"16,4,1\"><span data-path-to-node=\"16,5,1,0\"><b><span class=\"citation-76\">Conformit\u00e9:<\/span><\/b><span class=\"citation-76\"> Tests de phtalates, de plomb et A20 conformes aux normes pour les non-tiss\u00e9s\/PP.<\/span><\/span><\/p>\n<\/li>\n<\/ul>\n<h2 data-path-to-node=\"17\">Cas d&#039;utilisation<\/h2>\n<ul data-path-to-node=\"18\">\n<li>\n<p data-path-to-node=\"18,0,0\"><b>Campagnes de s\u00e9curit\u00e9 routi\u00e8re :<\/b> Article de distribution id\u00e9al pour les pi\u00e9tons et les cyclistes pendant les mois d&#039;hiver.<\/p>\n<\/li>\n<li>\n<p data-path-to-node=\"18,1,0\"><b>Groupes scolaires et de jeunes :<\/b> Des sacs \u00e0 livres s\u00e9curis\u00e9s pour les \u00e9l\u00e8ves qui rentrent chez eux \u00e0 pied l&#039;apr\u00e8s-midi.<\/p>\n<\/li>\n<li>\n<p data-path-to-node=\"18,2,0\"><b>Cadeaux promotionnels de l&#039;\u00e9v\u00e9nement\u00a0:<\/b> Un sac de conf\u00e9rence haut de gamme que les participants r\u00e9utiliseront gr\u00e2ce \u00e0 ses caract\u00e9ristiques de s\u00e9curit\u00e9.<\/p>\n<\/li>\n<\/ul>","protected":false},"excerpt":{"rendered":"<ul>\n<li data-path-to-node=\"10,0,0\"><b>Haute visibilit\u00e9 :<\/b> L&#039;int\u00e9gralit\u00e9 de la surface du sac est compos\u00e9e d&#039;un mat\u00e9riau r\u00e9fl\u00e9chissant, assurant une s\u00e9curit\u00e9 maximale par faible luminosit\u00e9.<\/li>\n<li>\n<p data-path-to-node=\"10,0,0\"><span style=\"font-family: -apple-system, BlinkMacSystemFont, 'Segoe UI', Roboto, 'Helvetica Neue', Arial, 'Noto Sans', sans-serif, 'Apple Color Emoji', 'Segoe UI Emoji', 'Segoe UI Symbol', 'Noto Color Emoji';\" data-path-to-node=\"10,1,1,0\"><b><span class=\"citation-87\">Mat\u00e9riau durable :<\/span><\/b><span class=\"citation-87\"> Fabriqu\u00e9 en polyester r\u00e9sistant avec rev\u00eatement r\u00e9fl\u00e9chissant<\/span><\/span><span style=\"font-family: -apple-system, BlinkMacSystemFont, 'Segoe UI', Roboto, 'Helvetica Neue', Arial, 'Noto Sans', sans-serif, 'Apple Color Emoji', 'Segoe UI Emoji', 'Segoe UI Symbol', 'Noto Color Emoji';\" data-path-to-node=\"10,1,1,2\">.<\/span><\/p>\n<\/li>\n<li>\n<p data-path-to-node=\"10,2,1\"><span data-path-to-node=\"10,2,1,0\"><b><span class=\"citation-86\">S\u00e9curit\u00e9 certifi\u00e9e :<\/span><\/b><span class=\"citation-86\"> Test\u00e9 conforme aux normes relatives aux phtalates et au plomb, ce qui le rend s\u00fbr pour une utilisation quotidienne.<\/span><\/span><span data-path-to-node=\"10,2,1,2\">.<\/span><\/p>\n<\/li>\n<li>\n<p data-path-to-node=\"10,3,1\"><span data-path-to-node=\"10,3,1,0\"><b><span class=\"citation-85\">Taille pratique :<\/span><\/b><span class=\"citation-85\"> Sac cabas de taille moyenne (38 x 42 x 8 cm) avec poign\u00e9es confortables<\/span><\/span><span data-path-to-node=\"10,3,1,2\">.<\/span><\/p>\n<\/li>\n<\/ul>","protected":false},"featured_media":6329,"comment_status":"closed","ping_status":"closed","template":"","meta":[],"product_brand":[],"product_cat":[131],"product_tag":[],"class_list":{"0":"post-6077","1":"product","2":"type-product","3":"status-publish","4":"has-post-thumbnail","6":"product_cat-custom-bags-totes","8":"first","9":"instock","10":"shipping-taxable","11":"purchasable","12":"product-type-simple"},"_links":{"self":[{"href":"https:\/\/displayproducts.eu\/fr\/wp-json\/wp\/v2\/product\/6077","targetHints":{"allow":["GET"]}}],"collection":[{"href":"https:\/\/displayproducts.eu\/fr\/wp-json\/wp\/v2\/product"}],"about":[{"href":"https:\/\/displayproducts.eu\/fr\/wp-json\/wp\/v2\/types\/product"}],"replies":[{"embeddable":true,"href":"https:\/\/displayproducts.eu\/fr\/wp-json\/wp\/v2\/comments?post=6077"}],"wp:featuredmedia":[{"embeddable":true,"href":"https:\/\/displayproducts.eu\/fr\/wp-json\/wp\/v2\/media\/6329"}],"wp:attachment":[{"href":"https:\/\/displayproducts.eu\/fr\/wp-json\/wp\/v2\/media?parent=6077"}],"wp:term":[{"taxonomy":"product_brand","embeddable":true,"href":"https:\/\/displayproducts.eu\/fr\/wp-json\/wp\/v2\/product_brand?post=6077"},{"taxonomy":"product_cat","embeddable":true,"href":"https:\/\/displayproducts.eu\/fr\/wp-json\/wp\/v2\/product_cat?post=6077"},{"taxonomy":"product_tag","embeddable":true,"href":"https:\/\/displayproducts.eu\/fr\/wp-json\/wp\/v2\/product_tag?post=6077"}],"curies":[{"name":"wp","href":"https:\/\/api.w.org\/{rel}","templated":true}]}}