{"id":6075,"date":"2025-12-17T15:12:51","date_gmt":"2025-12-17T12:12:51","guid":{"rendered":"https:\/\/wristbandfactory.eu\/?post_type=product&#038;p=6075"},"modified":"2026-04-01T21:52:34","modified_gmt":"2026-04-01T18:52:34","slug":"custom-laminated-jute-tote-bags-with-logo","status":"publish","type":"product","link":"https:\/\/displayproducts.eu\/fr\/p\/custom-laminated-jute-tote-bags-with-logo\/","title":{"rendered":"Sacs en jute avec logo"},"content":{"rendered":"<p data-path-to-node=\"10\">Alliez durabilit\u00e9 et robustesse \u00e0 toute \u00e9preuve gr\u00e2ce \u00e0 notre <b>Sacs fourre-tout en jute lamin\u00e9s personnalis\u00e9s<\/b>. Contrairement aux cabas en coton classiques, ces sacs pr\u00e9sentent une structure qui leur permet de tenir debout tout seuls, ce qui les rend incroyablement pratiques pour faire les courses, aller \u00e0 la plage ou pour les trajets quotidiens.<\/p>\n<p data-path-to-node=\"11\">Comme le montre notre projet sur mesure pour <b>VSPA<\/b>, Ce sac est con\u00e7u pour celles et ceux qui refusent de sacrifier leur style au profit du d\u00e9veloppement durable. La texture naturelle de la fibre de jute v\u00e9hicule un message \u00e9co-responsable, tandis que\u2026 <b>stratification interne<\/b> garantit que le sac est r\u00e9sistant \u00e0 l&#039;eau et facile \u00e0 nettoyer d&#039;un sans impression coup d&#039;\u00e9ponge.<\/p>\n<h2 data-path-to-node=\"12\">Caract\u00e9ristiques principales<\/h2>\n<ul data-path-to-node=\"13\">\n<li>\n<p data-path-to-node=\"13,0,0\"><b>Int\u00e9rieur stratifi\u00e9 :<\/b> Le tissu de jute est doubl\u00e9 d&#039;une fine couche de lamin\u00e9, ce qui donne au sac une forme robuste et le prot\u00e8ge de l&#039;humidit\u00e9 et des \u00e9claboussures.<\/p>\n<\/li>\n<li>\n<p data-path-to-node=\"13,1,0\"><b>Construction renforc\u00e9e :<\/b> Elle pr\u00e9sente un caract\u00e8re distinctif <b>Rev\u00eatement \u00e0 3 c\u00f4t\u00e9s (tuilage)<\/b> qui renforce les coutures et ajoute une touche de couleur personnalisable pour s&#039;harmoniser avec votre marque.<\/p>\n<\/li>\n<li>\n<p data-path-to-node=\"13,2,0\"><b>Poign\u00e9es haut de gamme :<\/b> Les poign\u00e9es \u00e9paisses et rembourr\u00e9es en coton assurent un confort de transport optimal, que le sac soit port\u00e9 \u00e0 l&#039;\u00e9paule ou \u00e0 la main, m\u00eame lorsqu&#039;il est plein.<\/p>\n<\/li>\n<li>\n<p data-path-to-node=\"13,3,0\"><b>Esth\u00e9tique \u00e9co-responsable\u00a0:<\/b> L&#039;aspect brut et naturel du jute offre un fond \u00e0 fort contraste pour votre logo, ce qui en fait un accessoire \u00e9l\u00e9gant plut\u00f4t qu&#039;un sans impression sac jetable.<\/p>\n<\/li>\n<\/ul>\n<h2 data-path-to-node=\"14\">Caract\u00e9ristiques<\/h2>\n<ul data-path-to-node=\"15\">\n<li>\n<p data-path-to-node=\"15,0,0\"><b>Mat\u00e9riel:<\/b> 100% Jute naturel avec support lamin\u00e9.<\/p>\n<\/li>\n<li>\n<p data-path-to-node=\"15,1,0\"><b>Dimensions:<\/b> Sur mesure (Exemple standard : 42 cm L x 32 cm H x 18 cm P).<\/p>\n<\/li>\n<li>\n<p data-path-to-node=\"15,2,0\"><b>Poign\u00e9es :<\/b> Coton (style corde ou matelass\u00e9 plat).<\/p>\n<\/li>\n<li>\n<p data-path-to-node=\"15,3,0\"><b>Couleurs:<\/b> Base beige naturel avec panneaux lat\u00e9raux\/poign\u00e9es de couleur personnalis\u00e9e.<\/p>\n<\/li>\n<li>\n<p data-path-to-node=\"15,4,0\"><b>Image de marque :<\/b> S\u00e9rigraphie (1 \u00e0 2 couleurs recommand\u00e9es pour une meilleure visibilit\u00e9 sur la texture).<\/p>\n<\/li>\n<li>\n<p data-path-to-node=\"15,5,0\"><b>Capacit\u00e9 de charge :<\/b> Robuste (test\u00e9 pour les courses et les \u00e9quipements de gym).<\/p>\n<\/li>\n<\/ul>\n<h2 data-path-to-node=\"16\">Cas d&#039;utilisation<\/h2>\n<ul data-path-to-node=\"17\">\n<li>\n<p data-path-to-node=\"17,0,0\"><b>Commerce de d\u00e9tail et supermarch\u00e9s\u00a0:<\/b> Un sac r\u00e9utilisable de haute qualit\u00e9 vendu en caisse.<\/p>\n<\/li>\n<li>\n<p data-path-to-node=\"17,1,0\"><b>Bien-\u00eatre et spas\u00a0:<\/b> Id\u00e9al pour transporter des serviettes et des articles de toilette (comme dans l&#039;exemple VSPA).<\/p>\n<\/li>\n<li>\n<p data-path-to-node=\"17,2,0\"><b>Journ\u00e9es d&#039;\u00e9t\u00e9 en entreprise :<\/b> Un sac de plage r\u00e9sistant pour les employ\u00e9s.<\/p>\n<\/li>\n<li>\n<p data-path-to-node=\"17,3,0\"><b>Conf\u00e9rences :<\/b> Un sac \u00e0 goodies robuste pouvant contenir des catalogues lourds sans se d\u00e9chirer.<\/p>\n<\/li>\n<\/ul>","protected":false},"excerpt":{"rendered":"<ul>\n<li>\n<p data-path-to-node=\"9,0,0\"><b>Mat\u00e9riel:<\/b> Jute lamin\u00e9e naturelle pour une durabilit\u00e9 et un nettoyage faciles.<\/p>\n<\/li>\n<li>\n<p data-path-to-node=\"9,1,0\"><b>Structure:<\/b> Renforc\u00e9 par un passepoil\/un rev\u00eatement color\u00e9 sur 3 c\u00f4t\u00e9s pour une r\u00e9sistance accrue.<\/p>\n<\/li>\n<li>\n<p data-path-to-node=\"9,2,0\"><b>Poign\u00e9es :<\/b> Poign\u00e9es rembourr\u00e9es en coton sur mesure pour un transport confortable.<\/p>\n<\/li>\n<li>\n<p data-path-to-node=\"9,3,0\"><b>Capacit\u00e9:<\/b> Grand compartiment ouvert (ex. 42 \u00d7 32 \u00d7 18 cm) id\u00e9al pour faire les courses ou aller \u00e0 la salle de sport.<\/p>\n<\/li>\n<\/ul>","protected":false},"featured_media":6076,"comment_status":"closed","ping_status":"closed","template":"","meta":[],"product_brand":[],"product_cat":[131,132],"product_tag":[],"class_list":{"0":"post-6075","1":"product","2":"type-product","3":"status-publish","4":"has-post-thumbnail","6":"product_cat-custom-bags-totes","7":"product_cat-hotel-spa-amenities","9":"first","10":"instock","11":"shipping-taxable","12":"purchasable","13":"product-type-simple"},"_links":{"self":[{"href":"https:\/\/displayproducts.eu\/fr\/wp-json\/wp\/v2\/product\/6075","targetHints":{"allow":["GET"]}}],"collection":[{"href":"https:\/\/displayproducts.eu\/fr\/wp-json\/wp\/v2\/product"}],"about":[{"href":"https:\/\/displayproducts.eu\/fr\/wp-json\/wp\/v2\/types\/product"}],"replies":[{"embeddable":true,"href":"https:\/\/displayproducts.eu\/fr\/wp-json\/wp\/v2\/comments?post=6075"}],"wp:featuredmedia":[{"embeddable":true,"href":"https:\/\/displayproducts.eu\/fr\/wp-json\/wp\/v2\/media\/6076"}],"wp:attachment":[{"href":"https:\/\/displayproducts.eu\/fr\/wp-json\/wp\/v2\/media?parent=6075"}],"wp:term":[{"taxonomy":"product_brand","embeddable":true,"href":"https:\/\/displayproducts.eu\/fr\/wp-json\/wp\/v2\/product_brand?post=6075"},{"taxonomy":"product_cat","embeddable":true,"href":"https:\/\/displayproducts.eu\/fr\/wp-json\/wp\/v2\/product_cat?post=6075"},{"taxonomy":"product_tag","embeddable":true,"href":"https:\/\/displayproducts.eu\/fr\/wp-json\/wp\/v2\/product_tag?post=6075"}],"curies":[{"name":"wp","href":"https:\/\/api.w.org\/{rel}","templated":true}]}}