{"id":6073,"date":"2025-12-17T15:08:59","date_gmt":"2025-12-17T12:08:59","guid":{"rendered":"https:\/\/wristbandfactory.eu\/?post_type=product&#038;p=6073"},"modified":"2026-04-01T21:52:03","modified_gmt":"2026-04-01T18:52:03","slug":"custom-charity-bracelets-with-printed-backing-cards","status":"publish","type":"product","link":"https:\/\/displayproducts.eu\/fr\/p\/custom-charity-bracelets-with-printed-backing-cards\/","title":{"rendered":"Bracelets caritatifs personnalis\u00e9s"},"content":{"rendered":"<p data-path-to-node=\"8\">Transformez un sans impression accessoire en un puissant vecteur de solidarit\u00e9 gr\u00e2ce \u00e0 nos bracelets caritatifs personnalis\u00e9s. Con\u00e7us sp\u00e9cialement pour les ONG et les campagnes sociales, ces bracelets se distinguent des objets promotionnels classiques et deviennent un v\u00e9ritable t\u00e9moignage de reconnaissance pour les donateurs et les b\u00e9n\u00e9voles. Le confort de leur cordon et la forme personnalis\u00e9e du pendentif en font un objet pr\u00e9cieux pour toute cause noble.<\/p>\n<p data-path-to-node=\"9\">L&#039;ensemble comprend une carte de pr\u00e9sentation imprim\u00e9e professionnellement, transformant le bracelet en un outil de communication complet. Cette approche \u201c\u00a0pr\u00eate \u00e0 la vente\u00a0\u201d garantit une transmission claire de votre message, que ce soit lors d&#039;\u00e9v\u00e9nements, par publipostage ou sur les points de vente.<\/p>\n<h2 data-path-to-node=\"10\">Caract\u00e9ristiques principales<\/h2>\n<ul data-path-to-node=\"11\">\n<li>\n<p data-path-to-node=\"11,0,0\"><b data-path-to-node=\"11,0,0\" data-index-in-node=\"0\">Esth\u00e9tique haut de gamme :<\/b> Contrairement aux bracelets \u00e9ph\u00e9m\u00e8res port\u00e9s lors de festivals, ces bracelets utilisent des mat\u00e9riaux doux au toucher et des accents m\u00e9talliques pour un rendu semblable \u00e0 celui des bijoux.<\/p>\n<\/li>\n<li>\n<p data-path-to-node=\"11,1,1\"><span data-path-to-node=\"11,1,1,0\"><b data-path-to-node=\"11,1,1,0\" data-index-in-node=\"0\"><span class=\"citation-11394\">Pendentifs en acrylique sur mesure\u00a0:<\/span><\/b><span class=\"citation-11394\"> Nous utilisons la d\u00e9coupe laser de pr\u00e9cision pour cr\u00e9er des breloques qui correspondent \u00e0 l&#039;identit\u00e9 visuelle de votre campagne, qu&#039;il s&#039;agisse de gouttes de sang ou de logos d&#039;entreprise.<\/span><\/span><span data-path-to-node=\"11,1,1,2\">.<\/span><\/p>\n<\/li>\n<li>\n<p data-path-to-node=\"11,2,0\"><b data-path-to-node=\"11,2,0\" data-index-in-node=\"0\">Toile de messagerie polyvalente\u00a0:<\/b> La carte de support grand format (75 \u00d7 160 mm) est imprim\u00e9e recto verso en couleur CMJN, id\u00e9ale pour le contenu \u00e9ducatif.<\/p>\n<\/li>\n<li>\n<p data-path-to-node=\"11,3,0\"><b data-path-to-node=\"11,3,0\" data-index-in-node=\"0\">R\u00e9glage universel :<\/b> Un syst\u00e8me de n\u0153ud coulissant assure un ajustement parfait pour tous les supports, des enfants aux adultes.<\/p>\n<\/li>\n<\/ul>\n<h2 data-path-to-node=\"12\">Caract\u00e9ristiques<\/h2>\n<ul data-path-to-node=\"13\">\n<li>\n<p data-path-to-node=\"13,0,1\"><span data-path-to-node=\"13,0,1,0\"><b data-path-to-node=\"13,0,1,0\" data-index-in-node=\"0\"><span class=\"citation-11393\">Mat\u00e9riau du bracelet :<\/span><\/b><span class=\"citation-11393\"> Cordon souple en nylon\/coton avec perles argent\u00e9es<\/span><\/span><span data-path-to-node=\"13,0,1,2\">.<\/span><\/p>\n<\/li>\n<li>\n<p data-path-to-node=\"13,1,0\"><b data-path-to-node=\"13,1,0\" data-index-in-node=\"0\">Mat\u00e9riau du charme :<\/b> Acrylique color\u00e9 de formes personnalis\u00e9es.<\/p>\n<\/li>\n<li>\n<p data-path-to-node=\"13,2,0\"><b data-path-to-node=\"13,2,0\" data-index-in-node=\"0\">Dimensions de la carte\u00a0:<\/b> 75 mm \u00d7 160 mm (enti\u00e8rement personnalisable).<\/p>\n<\/li>\n<li>\n<p data-path-to-node=\"13,3,0\"><b data-path-to-node=\"13,3,0\" data-index-in-node=\"0\">Impression de cartes :<\/b> Impression en couleur (CMJN) recto verso.<\/p>\n<\/li>\n<li>\n<p data-path-to-node=\"13,4,0\"><b data-path-to-node=\"13,4,0\" data-index-in-node=\"0\">Quantit\u00e9 minimale de commande (MOQ) :<\/b> 500 unit\u00e9s.<\/p>\n<\/li>\n<\/ul>\n<h2 data-path-to-node=\"14\">Cas d&#039;utilisation<\/h2>\n<ul data-path-to-node=\"15\">\n<li>\n<p data-path-to-node=\"15,0,0\"><b data-path-to-node=\"15,0,0\" data-index-in-node=\"0\">Sensibilisation aux soins de sant\u00e9 :<\/b> Id\u00e9al pour les centres de don de sang, les fondations de recherche sur le cancer et les initiatives en mati\u00e8re de sant\u00e9 mentale.<\/p>\n<\/li>\n<li>\n<p data-path-to-node=\"15,1,0\"><b data-path-to-node=\"15,1,0\" data-index-in-node=\"0\">Articles promotionnels pour la collecte de fonds\u00a0:<\/b> Un article durable et attrayant que les organismes de bienfaisance peuvent vendre comme outil de collecte de fonds \u00e0 forte marge.<\/p>\n<\/li>\n<li>\n<p data-path-to-node=\"15,2,0\"><b data-path-to-node=\"15,2,0\" data-index-in-node=\"0\">RSE d&#039;entreprise :<\/b> Des cadeaux significatifs pour les employ\u00e9s participant \u00e0 des projets de service communautaire ou \u00e0 impact social.<\/p>\n<\/li>\n<li>\n<p data-path-to-node=\"15,3,1\"><span data-path-to-node=\"15,3,1,0\"><b data-path-to-node=\"15,3,1,0\" data-index-in-node=\"0\"><span class=\"citation-11392\">Souvenirs d&#039;\u00e9v\u00e9nements m\u00e9morables\u00a0:<\/span><\/b><span class=\"citation-11392\"> Souvenirs durables pour d\u00eeners de gala, courses caritatives ou sommets de plaidoyer<\/span><\/span><span data-path-to-node=\"15,3,1,2\">.<\/span><\/p>\n<\/li>\n<\/ul>","protected":false},"excerpt":{"rendered":"<ul>\n<li>\n<p data-path-to-node=\"7,0,0\"><b data-path-to-node=\"7,0,0\" data-index-in-node=\"0\">Pr\u00e9sentation pr\u00eate pour la vente au d\u00e9tail\u00a0:<\/b> Chaque bracelet est pr\u00e9mont\u00e9 sur une carte de support en couleur de 75 \u00d7 160 mm, offrant suffisamment d&#039;espace pour la narration de la campagne ou les codes QR.<\/p>\n<\/li>\n<li>\n<p data-path-to-node=\"7,1,1\"><span data-path-to-node=\"7,1,1,0\"><b data-path-to-node=\"7,1,1,0\" data-index-in-node=\"0\"><span class=\"citation-11395\">Breloques enti\u00e8rement personnalisables\u00a0:<\/span><\/b><span class=\"citation-11395\"> Comporte un pendentif en acrylique d\u00e9coup\u00e9 au laser, disponible dans toutes les formes et couleurs, comme des rubans de sensibilisation ou des logos.<\/span><\/span><span data-path-to-node=\"7,1,1,2\">.<\/span><\/p>\n<\/li>\n<li>\n<p data-path-to-node=\"7,2,0\"><b data-path-to-node=\"7,2,0\" data-index-in-node=\"0\">Finition de qualit\u00e9 joaillerie :<\/b> Fabriqu\u00e9 avec un cordon doux en nylon ou en coton et des perles argent\u00e9es raffin\u00e9es, con\u00e7u pour un usage quotidien prolong\u00e9.<\/p>\n<\/li>\n<li>\n<p data-path-to-node=\"7,3,0\"><b data-path-to-node=\"7,3,0\" data-index-in-node=\"0\">Outil B2B \u00e0 fort impact\u00a0:<\/b> Id\u00e9al pour les organismes de sant\u00e9, les ONG et les initiatives RSE des entreprises avec une commande minimale de 500 unit\u00e9s.<\/p>\n<\/li>\n<\/ul>","protected":false},"featured_media":6074,"comment_status":"closed","ping_status":"closed","template":"","meta":[],"product_brand":[],"product_cat":[122,45],"product_tag":[],"class_list":{"0":"post-6073","1":"product","2":"type-product","3":"status-publish","4":"has-post-thumbnail","6":"product_cat-promotional-accessories","7":"product_cat-other","9":"first","10":"instock","11":"shipping-taxable","12":"purchasable","13":"product-type-simple"},"_links":{"self":[{"href":"https:\/\/displayproducts.eu\/fr\/wp-json\/wp\/v2\/product\/6073","targetHints":{"allow":["GET"]}}],"collection":[{"href":"https:\/\/displayproducts.eu\/fr\/wp-json\/wp\/v2\/product"}],"about":[{"href":"https:\/\/displayproducts.eu\/fr\/wp-json\/wp\/v2\/types\/product"}],"replies":[{"embeddable":true,"href":"https:\/\/displayproducts.eu\/fr\/wp-json\/wp\/v2\/comments?post=6073"}],"wp:featuredmedia":[{"embeddable":true,"href":"https:\/\/displayproducts.eu\/fr\/wp-json\/wp\/v2\/media\/6074"}],"wp:attachment":[{"href":"https:\/\/displayproducts.eu\/fr\/wp-json\/wp\/v2\/media?parent=6073"}],"wp:term":[{"taxonomy":"product_brand","embeddable":true,"href":"https:\/\/displayproducts.eu\/fr\/wp-json\/wp\/v2\/product_brand?post=6073"},{"taxonomy":"product_cat","embeddable":true,"href":"https:\/\/displayproducts.eu\/fr\/wp-json\/wp\/v2\/product_cat?post=6073"},{"taxonomy":"product_tag","embeddable":true,"href":"https:\/\/displayproducts.eu\/fr\/wp-json\/wp\/v2\/product_tag?post=6073"}],"curies":[{"name":"wp","href":"https:\/\/api.w.org\/{rel}","templated":true}]}}