{"id":6070,"date":"2025-12-17T15:03:24","date_gmt":"2025-12-17T12:03:24","guid":{"rendered":"https:\/\/wristbandfactory.eu\/?post_type=product&#038;p=6070"},"modified":"2026-04-01T21:52:34","modified_gmt":"2026-04-01T18:52:34","slug":"custom-felt-sauna-hats-with-embroidery","status":"publish","type":"product","link":"https:\/\/displayproducts.eu\/fr\/p\/custom-felt-sauna-hats-with-embroidery\/","title":{"rendered":"Chapeaux de sauna en feutre avec logo"},"content":{"rendered":"<p data-path-to-node=\"11\">Transformez votre exp\u00e9rience sauna en un moment s\u00fbr, \u00e9l\u00e9gant et m\u00e9morable gr\u00e2ce \u00e0 notre <b>Chapeaux de sauna en feutre personnalis\u00e9s<\/b>. Accessoire indispensable pour tout amateur de sauna, ce chapeau agit comme un isolant thermique, gardant la t\u00eate au frais m\u00eame dans les saunas les plus chauds. <i>leil<\/i> (\u00e0 la vapeur), permettant une s\u00e9ance plus longue et plus confortable.<\/p>\n<p data-path-to-node=\"12\">Comme le d\u00e9montre notre projet personnalis\u00e9 pour <b>Tera Ehitus<\/b>, Un bonnet de sauna personnalis\u00e9 est un cadeau d&#039;entreprise pratique et tr\u00e8s appr\u00e9ci\u00e9. Contrairement aux bibelots d\u00e9coratifs, cet article est utilis\u00e9 r\u00e9guli\u00e8rement, associant ainsi votre marque \u00e0 la d\u00e9tente et au bien-\u00eatre. Que ce soit pour la retraite hivernale d&#039;une entreprise de construction ou pour la collection d&#039;un spa, ces bonnets offrent durabilit\u00e9 et confort.<\/p>\n<h2 data-path-to-node=\"13\">Caract\u00e9ristiques principales<\/h2>\n<ul data-path-to-node=\"14\">\n<li>\n<p data-path-to-node=\"14,0,0\"><b>Thermor\u00e9gulation sup\u00e9rieure :<\/b> Nous utilisons des mat\u00e9riaux feutr\u00e9s haute densit\u00e9 produits \u00e0 l&#039;aide de machines industrielles. Le proc\u00e9d\u00e9 de feutrage \u00e0 l&#039;eau r\u00e9duit consid\u00e9rablement l&#039;odeur naturelle de la laine de mouton tout en pr\u00e9servant d&#039;excellentes propri\u00e9t\u00e9s isolantes.<\/p>\n<\/li>\n<li>\n<p data-path-to-node=\"14,1,0\"><b>Broderie personnalis\u00e9e :<\/b> Nous sommes sp\u00e9cialis\u00e9s dans <b>broderie machine<\/b>, qui est la seule m\u00e9thode de marquage durable pour le feutre. Nous pouvons broder le logo de votre entreprise ou \u2014 pour une touche vraiment personnalis\u00e9e \u2014<b>noms individuels<\/b> pour chaque membre de l&#039;\u00e9quipe.<\/p>\n<\/li>\n<li>\n<p data-path-to-node=\"14,2,0\"><b>Vari\u00e9t\u00e9 des mat\u00e9riaux :<\/b><\/p>\n<ul data-path-to-node=\"14,2,1\">\n<li>\n<p data-path-to-node=\"14,2,1,0,0\"><i>Feutre industriel :<\/i> Robuste et ind\u00e9formable.<\/p>\n<\/li>\n<li>\n<p data-path-to-node=\"14,2,1,1,0\"><i>M\u00e9lange laine\/polyester :<\/i> Durable et \u00e9conomique.<\/p>\n<\/li>\n<li>\n<p data-path-to-node=\"14,2,1,2,0\"><i>Lin (40%) \/ Coton (60%) :<\/i> Une alternative plus l\u00e9g\u00e8re et naturelle pour celles et ceux qui trouvent la laine trop lourde.<\/p>\n<\/li>\n<\/ul>\n<\/li>\n<li>\n<p data-path-to-node=\"14,3,0\"><b>Ajustement universel :<\/b> La mati\u00e8re en feutre souple s&#039;adapte confortablement \u00e0 la plupart des tailles de t\u00eate sans serrer.<\/p>\n<\/li>\n<\/ul>\n<h2 data-path-to-node=\"15\">Caract\u00e9ristiques<\/h2>\n<ul data-path-to-node=\"16\">\n<li>\n<p data-path-to-node=\"16,0,0\"><b>Mat\u00e9riel:<\/b> Feutre de laine compress\u00e9e, feutre synth\u00e9tique ou m\u00e9lange lin\/coton.<\/p>\n<\/li>\n<li>\n<p data-path-to-node=\"16,1,0\"><b>Technique:<\/b> Feutrage industriel \u00e0 l&#039;eau (faible odeur).<\/p>\n<\/li>\n<li>\n<p data-path-to-node=\"16,2,0\"><b>Couleur:<\/b> Motifs gris naturel, blancs ou bicolores.<\/p>\n<\/li>\n<li>\n<p data-path-to-node=\"16,3,0\"><b>Image de marque :<\/b> Broderie machine (correspondance Pantone pour les fils).<\/p>\n<\/li>\n<li>\n<p data-path-to-node=\"16,4,0\"><b>Taille:<\/b> Taille unique (unisexe).<\/p>\n<\/li>\n<li>\n<p data-path-to-node=\"16,5,0\"><b>Soins:<\/b> Lavage \u00e0 la main ou programme laine d\u00e9licate.<\/p>\n<\/li>\n<\/ul>\n<h2 data-path-to-node=\"17\">Cas d&#039;utilisation<\/h2>\n<ul data-path-to-node=\"18\">\n<li>\n<p data-path-to-node=\"18,0,0\"><b>Cadeaux d&#039;entreprise :<\/b> Cadeaux personnalis\u00e9s avec les noms des employ\u00e9s pour No\u00ebl ou les Journ\u00e9es d&#039;\u00e9t\u00e9.<\/p>\n<\/li>\n<li>\n<p data-path-to-node=\"18,1,0\"><b>Spas et h\u00f4tels :<\/b> Articles de marque \u00e0 vendre ou \u00e0 louer aux clients.<\/p>\n<\/li>\n<li>\n<p data-path-to-node=\"18,2,0\"><b>Construction et industrie :<\/b> Des cadeaux robustes et pratiques pour les partenaires (comme l&#039;exemple du Tera Ehitus).<\/p>\n<\/li>\n<li>\n<p data-path-to-node=\"18,3,0\"><b>\u00c9v\u00e9nements:<\/b> \u201cArticles promotionnels pour le \u201d Marathon du sauna \u00bb ou pour le team building.<\/p>\n<\/li>\n<\/ul>","protected":false},"excerpt":{"rendered":"<ul data-path-to-node=\"10\">\n<li>\n<p data-path-to-node=\"10,0,0\"><b>Protection contre la chaleur :<\/b> Isole la t\u00eate et les cheveux des temp\u00e9ratures extr\u00eames, \u00e9vitant ainsi la surchauffe.<\/p>\n<\/li>\n<li>\n<p data-path-to-node=\"10,1,0\"><b>Options de mat\u00e9riaux :<\/b> Feutre de laine industriel (faible odeur), m\u00e9lange laine\/polyester ou m\u00e9lange lin\/coton.<\/p>\n<\/li>\n<li>\n<p data-path-to-node=\"10,2,0\"><b>Image de marque haut de gamme\u00a0:<\/b> Broderie machine de haute qualit\u00e9 pour logos ou noms individuels.<\/p>\n<\/li>\n<li>\n<p data-path-to-node=\"10,3,0\"><b>Cr\u00e9ations personnalis\u00e9es\u00a0:<\/b> Disponible en gris classique, \u00e0 rayures ou en formes personnalis\u00e9es.<\/p>\n<\/li>\n<\/ul>\n<p data-path-to-node=\"11\">","protected":false},"featured_media":6830,"comment_status":"closed","ping_status":"closed","template":"","meta":[],"product_brand":[],"product_cat":[130,132],"product_tag":[],"class_list":{"0":"post-6070","1":"product","2":"type-product","3":"status-publish","4":"has-post-thumbnail","6":"product_cat-custom-headwear","7":"product_cat-hotel-spa-amenities","9":"first","10":"instock","11":"shipping-taxable","12":"purchasable","13":"product-type-simple"},"_links":{"self":[{"href":"https:\/\/displayproducts.eu\/fr\/wp-json\/wp\/v2\/product\/6070","targetHints":{"allow":["GET"]}}],"collection":[{"href":"https:\/\/displayproducts.eu\/fr\/wp-json\/wp\/v2\/product"}],"about":[{"href":"https:\/\/displayproducts.eu\/fr\/wp-json\/wp\/v2\/types\/product"}],"replies":[{"embeddable":true,"href":"https:\/\/displayproducts.eu\/fr\/wp-json\/wp\/v2\/comments?post=6070"}],"wp:featuredmedia":[{"embeddable":true,"href":"https:\/\/displayproducts.eu\/fr\/wp-json\/wp\/v2\/media\/6830"}],"wp:attachment":[{"href":"https:\/\/displayproducts.eu\/fr\/wp-json\/wp\/v2\/media?parent=6070"}],"wp:term":[{"taxonomy":"product_brand","embeddable":true,"href":"https:\/\/displayproducts.eu\/fr\/wp-json\/wp\/v2\/product_brand?post=6070"},{"taxonomy":"product_cat","embeddable":true,"href":"https:\/\/displayproducts.eu\/fr\/wp-json\/wp\/v2\/product_cat?post=6070"},{"taxonomy":"product_tag","embeddable":true,"href":"https:\/\/displayproducts.eu\/fr\/wp-json\/wp\/v2\/product_tag?post=6070"}],"curies":[{"name":"wp","href":"https:\/\/api.w.org\/{rel}","templated":true}]}}