{"id":6063,"date":"2025-12-17T14:55:40","date_gmt":"2025-12-17T11:55:40","guid":{"rendered":"https:\/\/wristbandfactory.eu\/?post_type=product&#038;p=6063"},"modified":"2026-04-01T21:52:03","modified_gmt":"2026-04-01T18:52:03","slug":"custom-designed-plush-toys-mascots","status":"publish","type":"product","link":"https:\/\/displayproducts.eu\/fr\/p\/custom-designed-plush-toys-mascots\/","title":{"rendered":"Peluches et mascottes sur mesure"},"content":{"rendered":"<p data-path-to-node=\"11\">Donnez vie \u00e0 l&#039;identit\u00e9 de votre marque gr\u00e2ce \u00e0 notre <b>Peluches et mascottes personnalis\u00e9es<\/b>. Une peluche personnalis\u00e9e est bien plus qu&#039;un sans impression objet promotionnel : c&#039;est un lien \u00e9motionnel qui unit votre marque aux familles et aux enfants, transformant ainsi l&#039;identit\u00e9 de votre entreprise en un compagnon ador\u00e9.<\/p>\n<p data-path-to-node=\"12\">Comme on le voit avec le <b>\u201c V-Bunny \u201d (V-J\u00e4nku)<\/b> cr\u00e9\u00e9 pour <b>V-Spa<\/b>, Une mascotte bien con\u00e7ue devient une exp\u00e9rience \u00e0 part enti\u00e8re. Elle constitue un souvenir tangible d&#039;une visite, un cadeau r\u00e9confortant pour un enfant et un accessoire photog\u00e9nique id\u00e9al pour les r\u00e9seaux sociaux. Contrairement aux articles standardis\u00e9s, ces jouets sont fabriqu\u00e9s sur mesure pour correspondre \u00e0 votre design, forme et palette de couleurs sp\u00e9cifiques.<\/p>\n<h2 data-path-to-node=\"13\">Caract\u00e9ristiques principales<\/h2>\n<ul data-path-to-node=\"14\">\n<li>\n<p data-path-to-node=\"14,0,0\"><b>Fabrication sur mesure :<\/b> Nous ne nous contentons pas d&#039;imprimer sur des ours en peluche existants ; nous cr\u00e9ons <i>ton<\/i> Un personnage. Qu&#039;il s&#039;agisse d&#039;un animal, d&#039;un produit personnifi\u00e9 ou d&#039;une forme unique, nous le cr\u00e9ons de A \u00e0 Z.<\/p>\n<\/li>\n<li>\n<p data-path-to-node=\"14,1,0\"><b>Mat\u00e9riaux de premi\u00e8re qualit\u00e9 :<\/b> Confectionn\u00e9 en tissu doux <b>Peluche en polyester<\/b> D&#039;un toucher luxueux, il est suffisamment r\u00e9sistant pour jouer tout en \u00e9tant assez doux pour les c\u00e2lins.<\/p>\n<\/li>\n<li>\n<p data-path-to-node=\"14,2,0\"><b>Marketing \u00e9motionnel\u00a0:<\/b> Id\u00e9al pour cr\u00e9er une image de marque conviviale. Une mascotte contribue \u00e0 humaniser les entreprises dans des secteurs comme l&#039;h\u00f4tellerie, la sant\u00e9 et le commerce de d\u00e9tail.<\/p>\n<\/li>\n<li>\n<p data-path-to-node=\"14,3,0\"><b>Souci du d\u00e9tail :<\/b> Ce mod\u00e8le comporte une broderie de pr\u00e9cision pour les traits du visage et les logos, garantissant que la mascotte ressemble exactement \u00e0 votre design num\u00e9rique.<\/p>\n<\/li>\n<\/ul>\n<h2 data-path-to-node=\"15\">Caract\u00e9ristiques<\/h2>\n<ul data-path-to-node=\"16\">\n<li>\n<p data-path-to-node=\"16,0,0\"><b>Mat\u00e9riel:<\/b> 100% Peluche en polyester (poils courts ou longs disponibles).<\/p>\n<\/li>\n<li>\n<p data-path-to-node=\"16,1,0\"><b>Remplissage:<\/b> Coton PP (hypoallerg\u00e9nique).<\/p>\n<\/li>\n<li>\n<p data-path-to-node=\"16,2,0\"><b>Taille:<\/b> Sur mesure (Tailles standard : 15 cm, 20 cm, 25 cm, 30 cm).<\/p>\n<\/li>\n<li>\n<p data-path-to-node=\"16,3,0\"><b>M\u00e9thodes de branding\u00a0:<\/b> Broderie (yeux, logo), impression par sublimation (pour les motifs), \u00e9tiquette tiss\u00e9e cousue.<\/p>\n<\/li>\n<li>\n<p data-path-to-node=\"16,4,0\"><b>Norme de s\u00e9curit\u00e9 :<\/b> Mat\u00e9riaux conformes aux normes CE\/EN71 disponibles sur demande.<\/p>\n<\/li>\n<li>\n<p data-path-to-node=\"16,5,0\"><b>MOQ\u00a0:<\/b> Les formes personnalis\u00e9es sont g\u00e9n\u00e9ralement command\u00e9es \u00e0 partir de 500 \u00e0 1000 unit\u00e9s en raison des co\u00fbts li\u00e9s aux moules et aux mod\u00e8les.<\/p>\n<\/li>\n<\/ul>\n<h2 data-path-to-node=\"17\">Cas d&#039;utilisation<\/h2>\n<ul data-path-to-node=\"18\">\n<li>\n<p data-path-to-node=\"18,0,0\"><b>Spas et h\u00f4tels :<\/b> Cadeaux de bienvenue pour les enfants ou articles en vente dans la boutique du hall (comme le V-Spa).<\/p>\n<\/li>\n<li>\n<p data-path-to-node=\"18,1,0\"><b>\u00c9quipes sportives :<\/b> Des mascottes d&#039;\u00e9quipe que les supporters peuvent acheter et agiter lors des matchs.<\/p>\n<\/li>\n<li>\n<p data-path-to-node=\"18,2,0\"><b>Lancement de produits\u00a0:<\/b> Transformer un nouveau produit en personnage pour les campagnes publicitaires.<\/p>\n<\/li>\n<li>\n<p data-path-to-node=\"18,3,0\"><b>Charit\u00e9 et soins de sant\u00e9 :<\/b> Des jouets r\u00e9confortants pour les h\u00f4pitaux ou les campagnes de collecte de fonds.<\/p>\n<\/li>\n<\/ul>\n<p data-path-to-node=\"19\">","protected":false},"excerpt":{"rendered":"<ul data-path-to-node=\"10\">\n<li>\n<p data-path-to-node=\"10,0,0\"><b>Mat\u00e9riel:<\/b> Peluche en polyester 100% de haute qualit\u00e9 (douce, soyeuse et durable).<\/p>\n<\/li>\n<li>\n<p data-path-to-node=\"10,1,0\"><b>Enti\u00e8rement personnalis\u00e9 :<\/b> Nous fabriquons toutes les formes \u00e0 partir de votre mascotte ou de votre logo.<\/p>\n<\/li>\n<li>\n<p data-path-to-node=\"10,2,0\"><b>S\u00e9curit\u00e9:<\/b> Mat\u00e9riaux adapt\u00e9s aux enfants, convenant aux cadeaux et \u00e0 la vente au d\u00e9tail.<\/p>\n<\/li>\n<li>\n<p data-path-to-node=\"10,3,0\"><b>Image de marque :<\/b> Couleurs personnalis\u00e9es, broderie et \u00e9tiquettes cousues.<\/p>\n<\/li>\n<\/ul>\n<p data-path-to-node=\"11\">","protected":false},"featured_media":6064,"comment_status":"closed","ping_status":"closed","template":"","meta":[],"product_brand":[],"product_cat":[121],"product_tag":[],"class_list":{"0":"post-6063","1":"product","2":"type-product","3":"status-publish","4":"has-post-thumbnail","6":"product_cat-promotional-merchandise","8":"first","9":"instock","10":"shipping-taxable","11":"purchasable","12":"product-type-simple"},"_links":{"self":[{"href":"https:\/\/displayproducts.eu\/fr\/wp-json\/wp\/v2\/product\/6063","targetHints":{"allow":["GET"]}}],"collection":[{"href":"https:\/\/displayproducts.eu\/fr\/wp-json\/wp\/v2\/product"}],"about":[{"href":"https:\/\/displayproducts.eu\/fr\/wp-json\/wp\/v2\/types\/product"}],"replies":[{"embeddable":true,"href":"https:\/\/displayproducts.eu\/fr\/wp-json\/wp\/v2\/comments?post=6063"}],"wp:featuredmedia":[{"embeddable":true,"href":"https:\/\/displayproducts.eu\/fr\/wp-json\/wp\/v2\/media\/6064"}],"wp:attachment":[{"href":"https:\/\/displayproducts.eu\/fr\/wp-json\/wp\/v2\/media?parent=6063"}],"wp:term":[{"taxonomy":"product_brand","embeddable":true,"href":"https:\/\/displayproducts.eu\/fr\/wp-json\/wp\/v2\/product_brand?post=6063"},{"taxonomy":"product_cat","embeddable":true,"href":"https:\/\/displayproducts.eu\/fr\/wp-json\/wp\/v2\/product_cat?post=6063"},{"taxonomy":"product_tag","embeddable":true,"href":"https:\/\/displayproducts.eu\/fr\/wp-json\/wp\/v2\/product_tag?post=6063"}],"curies":[{"name":"wp","href":"https:\/\/api.w.org\/{rel}","templated":true}]}}