{"id":6061,"date":"2025-12-17T14:51:16","date_gmt":"2025-12-17T11:51:16","guid":{"rendered":"https:\/\/wristbandfactory.eu\/?post_type=product&#038;p=6061"},"modified":"2026-04-01T21:52:35","modified_gmt":"2026-04-01T18:52:35","slug":"custom-soft-fabric-reflectors","status":"publish","type":"product","link":"https:\/\/displayproducts.eu\/fr\/p\/custom-soft-fabric-reflectors\/","title":{"rendered":"R\u00e9flecteurs en tissu souple avec logo"},"content":{"rendered":"<p data-path-to-node=\"11\">Assurez la visibilit\u00e9 de votre marque m\u00eame dans l&#039;obscurit\u00e9 gr\u00e2ce \u00e0 notre <b>R\u00e9flecteurs en tissu souple avec logo<\/b>. Contrairement aux r\u00e9flecteurs traditionnels en plastique dur qui peuvent se fissurer ou faire du bruit lorsqu&#039;ils heurtent un sac, ces supports souples sont durables, silencieux et agr\u00e9ables au toucher.<\/p>\n<p data-path-to-node=\"12\">Sa construction unique en forme de \u201c sandwich \u201d associe une couche de rembourrage doux en polaire ou en feutre \u00e0 deux feuilles de tissu r\u00e9fl\u00e9chissant de haute qualit\u00e9. Il en r\u00e9sulte un aspect et un toucher haut de gamme, l\u00e9g\u00e8rement gonfl\u00e9s.<\/p>\n<p data-path-to-node=\"13\">Que vous ayez besoin d&#039;une forme g\u00e9om\u00e9trique sans impression (cercle, carr\u00e9, triangle) ou d&#039;une forme compl\u00e8te <b>forme d\u00e9coup\u00e9e sur mesure<\/b> Nous pouvons r\u00e9aliser des produits \u00e0 votre image, avec votre logo ou mascotte. Ces articles de s\u00e9curit\u00e9 sont indispensables dans le climat nordique et constituent des cadeaux tr\u00e8s appr\u00e9ci\u00e9s des \u00e9coles, des clubs sportifs et des entreprises partenaires.<\/p>\n<h2 data-path-to-node=\"14\">Caract\u00e9ristiques principales<\/h2>\n<ul data-path-to-node=\"15\">\n<li>\n<p data-path-to-node=\"15,0,0\"><b>Visibilit\u00e9 double face :<\/b> Un mat\u00e9riau r\u00e9fl\u00e9chissant est appliqu\u00e9 \u00e0 l&#039;avant et \u00e0 l&#039;arri\u00e8re, assurant une visibilit\u00e9 \u00e0 360 degr\u00e9s.<\/p>\n<\/li>\n<li>\n<p data-path-to-node=\"15,1,0\"><b>Doux et silencieux :<\/b> Le noyau en textile\/polaire permet au r\u00e9flecteur de ne pas rayer les sacs \u00e0 main co\u00fbteux ni de s&#039;entrechoquer avec les fermetures \u00e9clair pendant la marche.<\/p>\n<\/li>\n<li>\n<p data-path-to-node=\"15,2,0\"><b>Personnalisation compl\u00e8te :<\/b><\/p>\n<ul data-path-to-node=\"15,2,1\">\n<li>\n<p data-path-to-node=\"15,2,1,0,0\"><b>Forme:<\/b> Cr\u00e9ez le contour que vous souhaitez.<\/p>\n<\/li>\n<li>\n<p data-path-to-node=\"15,2,1,1,0\"><b>Imprimer:<\/b> Votre logo est imprim\u00e9 <i>sous<\/i> le stratifi\u00e9 r\u00e9fl\u00e9chissant (pour la durabilit\u00e9) ou sur le dessus, selon le design.<\/p>\n<\/li>\n<\/ul>\n<\/li>\n<li>\n<p data-path-to-node=\"15,3,0\"><b>Options de fixation\u00a0:<\/b> Livr\u00e9 avec une cha\u00eenette \u00e0 billes standard ou une ficelle munie d&#039;une \u00e9pingle de s\u00fbret\u00e9 pour une fixation facile aux vestes, sacs \u00e0 dos ou poussettes.<\/p>\n<\/li>\n<\/ul>\n<h2 data-path-to-node=\"16\">Caract\u00e9ristiques<\/h2>\n<ul data-path-to-node=\"17\">\n<li>\n<p data-path-to-node=\"17,0,0\"><b>Mat\u00e9riel:<\/b> PVC r\u00e9fl\u00e9chissant prismatique ou TPU \u00e9cologique + \u00e2me en polaire\/feutre doux.<\/p>\n<\/li>\n<li>\n<p data-path-to-node=\"17,1,0\"><b>C\u0153ur:<\/b> Feutre doux blanc ou gris (ajoute de l&#039;\u00e9paisseur).<\/p>\n<\/li>\n<li>\n<p data-path-to-node=\"17,2,0\"><b>Taille:<\/b> Taille standard env. 50-70 mm (Tailles personnalis\u00e9es possibles).<\/p>\n<\/li>\n<li>\n<p data-path-to-node=\"17,3,0\"><b>Impression:<\/b> Impression offset ou s\u00e9rigraphie CMJN.<\/p>\n<\/li>\n<li>\n<p data-path-to-node=\"17,4,0\"><b>Conformit\u00e9:<\/b> Le mat\u00e9riau est conforme aux normes de visibilit\u00e9 EN13356.<\/p>\n<\/li>\n<li>\n<p data-path-to-node=\"17,5,0\"><b>Fixation:<\/b> Cha\u00eene \u00e0 billes (m\u00e9tal) ou ficelle + \u00e9pingle de s\u00fbret\u00e9.<\/p>\n<\/li>\n<\/ul>\n<h2 data-path-to-node=\"18\">Cas d&#039;utilisation<\/h2>\n<ul data-path-to-node=\"19\">\n<li>\n<p data-path-to-node=\"19,0,0\"><b>\u00c9coles et jardins d&#039;enfants :<\/b> Un accessoire de s\u00e9curit\u00e9 indispensable pour les enfants en hiver.<\/p>\n<\/li>\n<li>\n<p data-path-to-node=\"19,1,0\"><b>Campagnes de s\u00e9curit\u00e9 en entreprise\u00a0:<\/b> \u201cStrat\u00e9gie de marque \u201d Soyez en s\u00e9curit\u00e9, soyez visible \u00bb pour les employ\u00e9s.<\/p>\n<\/li>\n<li>\n<p data-path-to-node=\"19,2,0\"><b>Produits d\u00e9riv\u00e9s de l&#039;\u00e9v\u00e9nement\u00a0:<\/b> L\u00e9ger et facile \u00e0 envoyer par enveloppe.<\/p>\n<\/li>\n<li>\n<p data-path-to-node=\"19,3,0\"><b>Marques de sport et de plein air\u00a0:<\/b> Cadeau id\u00e9al pour les coureurs et les randonneurs.<\/p>\n<\/li>\n<\/ul>","protected":false},"excerpt":{"rendered":"<ul>\n<li>\n<p data-path-to-node=\"10,0,0\"><b>Construction:<\/b> Conception \u201c sandwich \u201d \u00e0 3 couches (tissu r\u00e9fl\u00e9chissant + noyau en polaire douce + tissu r\u00e9fl\u00e9chissant).<\/p>\n<\/li>\n<li>\n<p data-path-to-node=\"10,1,0\"><b>Formes personnalis\u00e9es\u00a0:<\/b> Disponible en formes standard (ronde, carr\u00e9e, c\u0153ur) ou enti\u00e8rement personnalis\u00e9es.<\/p>\n<\/li>\n<li>\n<p data-path-to-node=\"10,2,0\"><b>S\u00e9curit\u00e9:<\/b> Mat\u00e9riau r\u00e9fl\u00e9chissant haute visibilit\u00e9 (mat\u00e9riau conforme \u00e0 la norme EN13356 disponible).<\/p>\n<\/li>\n<li>\n<p data-path-to-node=\"10,3,0\"><b>Convivial:<\/b> Souple, silencieux et incassable \u2013 parfait pour les sacs et les fermetures \u00e9clair.<\/p>\n<\/li>\n<\/ul>","protected":false},"featured_media":6332,"comment_status":"closed","ping_status":"closed","template":"","meta":[],"product_brand":[],"product_cat":[122,94],"product_tag":[],"class_list":{"0":"post-6061","1":"product","2":"type-product","3":"status-publish","4":"has-post-thumbnail","6":"product_cat-promotional-accessories","7":"product_cat-keychains","9":"first","10":"instock","11":"shipping-taxable","12":"purchasable","13":"product-type-simple"},"_links":{"self":[{"href":"https:\/\/displayproducts.eu\/fr\/wp-json\/wp\/v2\/product\/6061","targetHints":{"allow":["GET"]}}],"collection":[{"href":"https:\/\/displayproducts.eu\/fr\/wp-json\/wp\/v2\/product"}],"about":[{"href":"https:\/\/displayproducts.eu\/fr\/wp-json\/wp\/v2\/types\/product"}],"replies":[{"embeddable":true,"href":"https:\/\/displayproducts.eu\/fr\/wp-json\/wp\/v2\/comments?post=6061"}],"wp:featuredmedia":[{"embeddable":true,"href":"https:\/\/displayproducts.eu\/fr\/wp-json\/wp\/v2\/media\/6332"}],"wp:attachment":[{"href":"https:\/\/displayproducts.eu\/fr\/wp-json\/wp\/v2\/media?parent=6061"}],"wp:term":[{"taxonomy":"product_brand","embeddable":true,"href":"https:\/\/displayproducts.eu\/fr\/wp-json\/wp\/v2\/product_brand?post=6061"},{"taxonomy":"product_cat","embeddable":true,"href":"https:\/\/displayproducts.eu\/fr\/wp-json\/wp\/v2\/product_cat?post=6061"},{"taxonomy":"product_tag","embeddable":true,"href":"https:\/\/displayproducts.eu\/fr\/wp-json\/wp\/v2\/product_tag?post=6061"}],"curies":[{"name":"wp","href":"https:\/\/api.w.org\/{rel}","templated":true}]}}