{"id":6058,"date":"2025-12-17T14:37:45","date_gmt":"2025-12-17T11:37:45","guid":{"rendered":"https:\/\/wristbandfactory.eu\/?post_type=product&#038;p=6058"},"modified":"2026-04-01T21:52:35","modified_gmt":"2026-04-01T18:52:35","slug":"custom-hotel-slippers-with-logo-premium-standard","status":"publish","type":"product","link":"https:\/\/displayproducts.eu\/fr\/p\/custom-hotel-slippers-with-logo-premium-standard\/","title":{"rendered":"Chaussons d'h\u00f4tel avec logo"},"content":{"rendered":"<p data-path-to-node=\"12\">Offrez imm\u00e9diatement confort et raffinement \u00e0 vos invit\u00e9s gr\u00e2ce \u00e0 notre <b>Pantoufles d&#039;h\u00f4tel personnalis\u00e9es<\/b>. Que vous g\u00e9riez un complexe h\u00f4telier de luxe, un spa boutique ou souhaitiez sans impressionment offrir un confort personnalis\u00e9 dans un bureau d&#039;entreprise, les pantoufles personnalis\u00e9es constituent le geste d&#039;accueil par excellence.<\/p>\n<p data-path-to-node=\"13\">Nous proposons un service de fabrication flexible adapt\u00e9 \u00e0 tous les budgets. Choisissez <b>Mod\u00e8les haut de gamme<\/b> (Velours, Polaire corail) pour une exp\u00e9rience douce et r\u00e9utilisable que les invit\u00e9s voudront emporter chez eux, ou choisissez <b>Mod\u00e8les standard\/\u00e9conomiques<\/b> (\u00c9ponge de polyester, non tiss\u00e9e) pour des besoins \u00e9conomiques et \u00e0 grand volume.<\/p>\n<p data-path-to-node=\"14\">Approuv\u00e9 par les plus grandes marques h\u00f4teli\u00e8res estoniennes comme <b>VSPA, AQVA SPA, GOSPA, Vihula Manor et l&#039;h\u00f4tel Antonius<\/b>, Nos pantoufles allient durabilit\u00e9 et \u00e9l\u00e9gance.<\/p>\n<h2 data-path-to-node=\"15\">Caract\u00e9ristiques principales<\/h2>\n<ul data-path-to-node=\"16\">\n<li>\n<p data-path-to-node=\"16,0,0\"><b>Vari\u00e9t\u00e9 des mat\u00e9riaux :<\/b><\/p>\n<ul data-path-to-node=\"16,0,1\">\n<li>\n<p data-path-to-node=\"16,0,1,0,0\"><i>Luxe:<\/i> Velours doux, polaire corail pelucheuse ou tissu gaufr\u00e9 textur\u00e9.<\/p>\n<\/li>\n<li>\n<p data-path-to-node=\"16,0,1,1,0\"><i>Standard:<\/i> Tissu \u00e9ponge classique (m\u00e9lange polyester\/coton).<\/p>\n<\/li>\n<li>\n<p data-path-to-node=\"16,0,1,2,0\"><i>Budget:<\/i> Options en tissu non tiss\u00e9 ou en mousse pour une utilisation \u00e0 court terme.<\/p>\n<\/li>\n<\/ul>\n<\/li>\n<li>\n<p data-path-to-node=\"16,1,0\"><b>Personnalisation compl\u00e8te :<\/b> Nous proposons la personnalisation 100%. Associez la couleur de la pantoufle \u00e0 votre identit\u00e9 de marque et choisissez parmi les options suivantes\u00a0: <b>Broderie<\/b> (pour un rendu 3D haut de gamme) ou <b>Impression par transfert<\/b> (pour les logos d\u00e9taill\u00e9s).<\/p>\n<\/li>\n<li>\n<p data-path-to-node=\"16,2,0\"><b>S\u00e9curit\u00e9 et durabilit\u00e9 :<\/b> Tous les mod\u00e8les sont dot\u00e9s de semelles robustes offrant une excellente adh\u00e9rence, ce qui les rend adapt\u00e9s aux sols carrel\u00e9s des salles de bains, aux espaces spa et aux parquets.<\/p>\n<\/li>\n<li>\n<p data-path-to-node=\"16,3,0\"><b>Direct usine :<\/b> La production sur mesure commence \u00e0 partir de <b>5 000 paires<\/b>, garantissant ainsi le meilleur prix unitaire et une ma\u00eetrise totale des d\u00e9tails de conception.<\/p>\n<\/li>\n<\/ul>\n<h2 data-path-to-node=\"17\">Caract\u00e9ristiques<\/h2>\n<ul data-path-to-node=\"18\">\n<li>\n<p data-path-to-node=\"18,0,0\"><b>Mat\u00e9riels:<\/b> Velours, polaire corail, gaufr\u00e9, \u00e9ponge, non-tiss\u00e9.<\/p>\n<\/li>\n<li>\n<p data-path-to-node=\"18,1,0\"><b>Seul:<\/b> EVA (antid\u00e9rapant) avec une \u00e9paisseur variable (3 mm \u2013 6 mm).<\/p>\n<\/li>\n<li>\n<p data-path-to-node=\"18,2,0\"><b>Taille:<\/b> Taille adulte universelle (environ 28-29 cm). Tailles personnalis\u00e9es disponibles.<\/p>\n<\/li>\n<li>\n<p data-path-to-node=\"18,3,0\"><b>Image de marque :<\/b> Broderie ou impression s\u00e9rigraphique\/par transfert.<\/p>\n<\/li>\n<li>\n<p data-path-to-node=\"18,4,0\"><b>Couleurs:<\/b> Correspondance Pantone personnalis\u00e9e disponible pour le tissu.<\/p>\n<\/li>\n<li>\n<p data-path-to-node=\"18,5,0\"><b>MOQ\u00a0:<\/b> 5000 paires (Production enti\u00e8rement personnalis\u00e9e).<\/p>\n<\/li>\n<\/ul>\n<h2 data-path-to-node=\"19\">Cas d&#039;utilisation<\/h2>\n<ul data-path-to-node=\"20\">\n<li>\n<p data-path-to-node=\"20,0,0\"><b>H\u00f4tels et complexes h\u00f4teliers :<\/b> Des \u00e9quipements en chambre qui contribuent \u00e0 am\u00e9liorer la note attribu\u00e9e par les clients.<\/p>\n<\/li>\n<li>\n<p data-path-to-node=\"20,1,0\"><b>Spas et centres de bien-\u00eatre\u00a0:<\/b> Chaussures antid\u00e9rapantes indispensables pour les zones humides.<\/p>\n<\/li>\n<li>\n<p data-path-to-node=\"20,2,0\"><b>Cadeaux d&#039;entreprise :<\/b> Pantoufles en velours haut de gamme pour le bureau \u00e0 domicile ou les voyages.<\/p>\n<\/li>\n<li>\n<p data-path-to-node=\"20,3,0\"><b>M\u00e9dical et beaut\u00e9 :<\/b> Solutions hygi\u00e9niques et jetables pour les cliniques.<\/p>\n<\/li>\n<\/ul>","protected":false},"excerpt":{"rendered":"<ul>\n<li>\n<p data-path-to-node=\"11,0,0\"><b>Gamme de qualit\u00e9 :<\/b> Disponible en velours premium, polaire corail, tissu gaufr\u00e9 ou en \u00e9ponge\/mousse \u00e9conomique.<\/p>\n<\/li>\n<li>\n<p data-path-to-node=\"11,1,0\"><b>Personnalisation:<\/b> Broderie haut de gamme pour une allure luxueuse ou s\u00e9rigraphie pour un branding \u00e9conomique.<\/p>\n<\/li>\n<li>\n<p data-path-to-node=\"11,2,0\"><b>La s\u00e9curit\u00e9 avant tout :<\/b> Semelles antid\u00e9rapantes et r\u00e9sistantes, adapt\u00e9es aux sols humides des spas et aux chambres d&#039;h\u00f4tel.<\/p>\n<\/li>\n<li>\n<p data-path-to-node=\"11,3,0\"><b>Qualit\u00e9 \u00e9prouv\u00e9e :<\/b> Approuv\u00e9 par des \u00e9tablissements de renom tels que VSPA, GOSPA et AQVA Spa.<\/p>\n<\/li>\n<\/ul>","protected":false},"featured_media":6059,"comment_status":"closed","ping_status":"closed","template":"","meta":[],"product_brand":[],"product_cat":[132],"product_tag":[],"class_list":{"0":"post-6058","1":"product","2":"type-product","3":"status-publish","4":"has-post-thumbnail","6":"product_cat-hotel-spa-amenities","8":"first","9":"instock","10":"shipping-taxable","11":"purchasable","12":"product-type-simple"},"_links":{"self":[{"href":"https:\/\/displayproducts.eu\/fr\/wp-json\/wp\/v2\/product\/6058","targetHints":{"allow":["GET"]}}],"collection":[{"href":"https:\/\/displayproducts.eu\/fr\/wp-json\/wp\/v2\/product"}],"about":[{"href":"https:\/\/displayproducts.eu\/fr\/wp-json\/wp\/v2\/types\/product"}],"replies":[{"embeddable":true,"href":"https:\/\/displayproducts.eu\/fr\/wp-json\/wp\/v2\/comments?post=6058"}],"wp:featuredmedia":[{"embeddable":true,"href":"https:\/\/displayproducts.eu\/fr\/wp-json\/wp\/v2\/media\/6059"}],"wp:attachment":[{"href":"https:\/\/displayproducts.eu\/fr\/wp-json\/wp\/v2\/media?parent=6058"}],"wp:term":[{"taxonomy":"product_brand","embeddable":true,"href":"https:\/\/displayproducts.eu\/fr\/wp-json\/wp\/v2\/product_brand?post=6058"},{"taxonomy":"product_cat","embeddable":true,"href":"https:\/\/displayproducts.eu\/fr\/wp-json\/wp\/v2\/product_cat?post=6058"},{"taxonomy":"product_tag","embeddable":true,"href":"https:\/\/displayproducts.eu\/fr\/wp-json\/wp\/v2\/product_tag?post=6058"}],"curies":[{"name":"wp","href":"https:\/\/api.w.org\/{rel}","templated":true}]}}