{"id":6048,"date":"2025-12-17T14:08:31","date_gmt":"2025-12-17T11:08:31","guid":{"rendered":"https:\/\/wristbandfactory.eu\/?post_type=product&#038;p=6048"},"modified":"2026-04-01T21:52:03","modified_gmt":"2026-04-01T18:52:03","slug":"custom-embroidered-captain-hats-with-logo","status":"publish","type":"product","link":"https:\/\/displayproducts.eu\/fr\/p\/custom-embroidered-captain-hats-with-logo\/","title":{"rendered":"Casquettes de capitaine avec logo (Objets publicitaires)"},"content":{"rendered":"<p data-path-to-node=\"12\">Mettez en valeur votre marque ou vos produits \u00e9v\u00e9nementiels gr\u00e2ce \u00e0 nos produits de haute qualit\u00e9. <b>Chapeaux de capitaine personnalis\u00e9s<\/b>. Inspir\u00e9s des couvre-chefs classiques des officiers de marine, ces chapeaux offrent une allure intemporelle et distingu\u00e9e qui ne passe pas inaper\u00e7ue. Que ce soit pour une entreprise maritime, une soir\u00e9e d&#039;entreprise \u00e0 th\u00e8me ou une collection de souvenirs, ces chapeaux constituent un support de choix pour votre logo.<\/p>\n<p data-path-to-node=\"13\">Comme on peut le constater dans notre collaboration avec <b>Ligne Tallink Silja<\/b>, Nous sommes sp\u00e9cialis\u00e9s dans la cr\u00e9ation de couvre-chefs de qualit\u00e9 professionnelle, con\u00e7us comme des souvenirs pr\u00e9cieux plut\u00f4t que des objets jetables. Leur fabrication robuste et leurs finitions soign\u00e9es garantissent que votre marque soit associ\u00e9e \u00e0 la qualit\u00e9 et \u00e0 la tradition maritime.<\/p>\n<h2 data-path-to-node=\"14\">Caract\u00e9ristiques principales<\/h2>\n<ul data-path-to-node=\"15\">\n<li>\n<p data-path-to-node=\"15,0,0\"><b>Construction haut de gamme :<\/b> Fabriqu\u00e9 en coton 100%, ce chapeau est respirant et confortable \u00e0 porter m\u00eame lors d&#039;\u00e9v\u00e9nements estivaux chauds ou de f\u00eates en int\u00e9rieur.<\/p>\n<\/li>\n<li>\n<p data-path-to-node=\"15,1,0\"><b>D\u00e9tails authentiques\u00a0:<\/b> Elle arbore un coloris classique bleu marine et blanc, rehauss\u00e9 de broderies nautiques dor\u00e9es et d&#039;un cordon d\u00e9coratif tress\u00e9 \u00e0 la main sur la visi\u00e8re pour un authentique look de capitaine.<\/p>\n<\/li>\n<li>\n<p data-path-to-node=\"15,2,0\"><b>Structure renforc\u00e9e :<\/b> La doublure int\u00e9rieure et le bord renforc\u00e9 pr\u00e9servent la forme embl\u00e9matique du chapeau, assurant sa durabilit\u00e9 et une allure professionnelle.<\/p>\n<\/li>\n<li>\n<p data-path-to-node=\"15,3,0\"><b>Personnalisation compl\u00e8te :<\/b> Nous proposons de nombreuses options de personnalisation, notamment une broderie ou une impression de haute qualit\u00e9 sur le panneau avant (par exemple, le texte \u201c\u00a0Capitaine\u00a0\u201d ou le logo de votre entreprise), des combinaisons de couleurs personnalis\u00e9es et des \u00e9tiquettes tiss\u00e9es.<\/p>\n<\/li>\n<\/ul>\n<h2 data-path-to-node=\"16\">Caract\u00e9ristiques<\/h2>\n<ul data-path-to-node=\"17\">\n<li>\n<p data-path-to-node=\"17,0,0\"><b>Mat\u00e9riel:<\/b> 100% Tissu en coton avec \u00e9l\u00e9ments de doublure en polyester.<\/p>\n<\/li>\n<li>\n<p data-path-to-node=\"17,1,0\"><b>Poids:<\/b> Environ 76 g (L\u00e9ger et confortable).<\/p>\n<\/li>\n<li>\n<p data-path-to-node=\"17,2,0\"><b>Taille standard :<\/b> 54 cm (taille universelle adulte\/jeune) \u2013 Tailles personnalis\u00e9es disponibles sur demande.<\/p>\n<\/li>\n<li>\n<p data-path-to-node=\"17,3,0\"><b>Couleurs:<\/b> Bleu marine\/blanc classique (correspondance Pantone personnalis\u00e9e disponible pour les commandes en gros).<\/p>\n<\/li>\n<li>\n<p data-path-to-node=\"17,4,0\"><b>M\u00e9thode de branding\u00a0:<\/b> Broderie (recommand\u00e9e pour une finition haut de gamme) ou impression par transfert.<\/p>\n<\/li>\n<li>\n<p data-path-to-node=\"17,5,0\"><b>Soins:<\/b> Lavage \u00e0 la main \u00e0 l&#039;eau froide et au d\u00e9tergent doux.<\/p>\n<\/li>\n<\/ul>\n<h2 data-path-to-node=\"18\">Cas d&#039;utilisation<\/h2>\n<ul data-path-to-node=\"19\">\n<li>\n<p data-path-to-node=\"19,0,0\"><b>Lignes de voyage et de ferry\u00a0:<\/b> Id\u00e9al comme marchandise exclusive pour les boutiques \u00e0 bord (hors taxes).<\/p>\n<\/li>\n<li>\n<p data-path-to-node=\"19,1,0\"><b>\u00c9v\u00e9nements d&#039;entreprise :<\/b> Journ\u00e9es d&#039;\u00e9t\u00e9 \u00e0 th\u00e8me, lancements de produits ou activit\u00e9s de team building.<\/p>\n<\/li>\n<li>\n<p data-path-to-node=\"19,2,0\"><b>Festivals et f\u00eates :<\/b> Accessoire tr\u00e8s demand\u00e9 pour les festivals maritimes ou les soir\u00e9es costum\u00e9es.<\/p>\n<\/li>\n<li>\n<p data-path-to-node=\"19,3,0\"><b>Cadeaux promotionnels\u00a0:<\/b> Un cadeau unique et portable pour les partenaires VIP du secteur de la logistique ou du transport maritime.<\/p>\n<\/li>\n<\/ul>","protected":false},"excerpt":{"rendered":"<ul>\n<li>\n<p data-path-to-node=\"11,0,0\"><b>Mat\u00e9riel:<\/b> 100% Coton pour une respirabilit\u00e9 et un confort optimaux.<\/p>\n<\/li>\n<li>\n<p data-path-to-node=\"11,1,0\"><b>Conception:<\/b> Style classique bleu marine et blanc avec broderies dor\u00e9es et cordons tress\u00e9s.<\/p>\n<\/li>\n<li>\n<p data-path-to-node=\"11,2,0\"><b>Personnalisation:<\/b> Enti\u00e8rement personnalisable avec votre logo sur le panneau avant.<\/p>\n<\/li>\n<li>\n<p data-path-to-node=\"11,3,0\"><b>Application:<\/b> Id\u00e9al pour les \u00e9v\u00e9nements maritimes, les compagnies de ferry et les boutiques de souvenirs.<\/p>\n<\/li>\n<\/ul>","protected":false},"featured_media":6049,"comment_status":"closed","ping_status":"closed","template":"","meta":[],"product_brand":[],"product_cat":[130],"product_tag":[],"class_list":{"0":"post-6048","1":"product","2":"type-product","3":"status-publish","4":"has-post-thumbnail","6":"product_cat-custom-headwear","8":"first","9":"instock","10":"downloadable","11":"shipping-taxable","12":"purchasable","13":"product-type-simple"},"_links":{"self":[{"href":"https:\/\/displayproducts.eu\/fr\/wp-json\/wp\/v2\/product\/6048","targetHints":{"allow":["GET"]}}],"collection":[{"href":"https:\/\/displayproducts.eu\/fr\/wp-json\/wp\/v2\/product"}],"about":[{"href":"https:\/\/displayproducts.eu\/fr\/wp-json\/wp\/v2\/types\/product"}],"replies":[{"embeddable":true,"href":"https:\/\/displayproducts.eu\/fr\/wp-json\/wp\/v2\/comments?post=6048"}],"wp:featuredmedia":[{"embeddable":true,"href":"https:\/\/displayproducts.eu\/fr\/wp-json\/wp\/v2\/media\/6049"}],"wp:attachment":[{"href":"https:\/\/displayproducts.eu\/fr\/wp-json\/wp\/v2\/media?parent=6048"}],"wp:term":[{"taxonomy":"product_brand","embeddable":true,"href":"https:\/\/displayproducts.eu\/fr\/wp-json\/wp\/v2\/product_brand?post=6048"},{"taxonomy":"product_cat","embeddable":true,"href":"https:\/\/displayproducts.eu\/fr\/wp-json\/wp\/v2\/product_cat?post=6048"},{"taxonomy":"product_tag","embeddable":true,"href":"https:\/\/displayproducts.eu\/fr\/wp-json\/wp\/v2\/product_tag?post=6048"}],"curies":[{"name":"wp","href":"https:\/\/api.w.org\/{rel}","templated":true}]}}