{"id":5995,"date":"2025-12-16T16:28:57","date_gmt":"2025-12-16T13:28:57","guid":{"rendered":"https:\/\/wristbandfactory.eu\/?post_type=product&#038;p=5995"},"modified":"2026-04-01T21:52:03","modified_gmt":"2026-04-01T18:52:03","slug":"custom-printed-microfiber-cleaning-cloths-screens-glasses","status":"publish","type":"product","link":"https:\/\/displayproducts.eu\/fr\/p\/custom-printed-microfiber-cleaning-cloths-screens-glasses\/","title":{"rendered":"Chiffons en microfibre avec logo"},"content":{"rendered":"<p data-path-to-node=\"9\">Assurez-vous que votre marque soit visible \u00e0 chaque fois qu&#039;un client nettoie ses lunettes ou l&#039;\u00e9cran de son smartphone. <b>Chiffons de nettoyage en microfibre personnalis\u00e9s<\/b> Ces chiffons sont un article promotionnel tr\u00e8s pratique, l\u00e9ger et \u00e9conomique. Contrairement aux mouchoirs en papier, ils sont r\u00e9sistants et r\u00e9utilisables, assurant ainsi une visibilit\u00e9 durable de la marque.<\/p>\n<p data-path-to-node=\"10\">Nous proposons une gamme vari\u00e9e de mat\u00e9riaux et de tailles pour r\u00e9pondre \u00e0 vos besoins budg\u00e9taires et \u00e0 vos objectifs de d\u00e9veloppement durable, allant des cadeaux publicitaires \u00e9conomiques aux chiffons de nettoyage \u00e9pais haut de gamme fabriqu\u00e9s en Europe.<\/p>\n<h2 data-path-to-node=\"11\">Mat\u00e9riaux et options \u00e9cologiques<\/h2>\n<p data-path-to-node=\"12\">Choisissez le grammage du tissu qui correspond \u00e0 vos besoins\u00a0:<\/p>\n<ul data-path-to-node=\"13\">\n<li>\n<p data-path-to-node=\"13,0,0\"><b>Microfibre standard (170 g\/m\u00b2) :<\/b> L\u00e9ger et \u00e9conomique. Id\u00e9al pour les campagnes de mailing \u00e0 grande \u00e9chelle et les brochures distribu\u00e9es lors de salons professionnels.<\/p>\n<\/li>\n<li>\n<p data-path-to-node=\"13,1,0\"><b>Microfibre de qualit\u00e9 sup\u00e9rieure (200 g\/m\u00b2) :<\/b> Plus \u00e9pais, plus doux et plus r\u00e9sistant. Plus agr\u00e9able au toucher \u2013 id\u00e9al pour les cadeaux d&#039;entreprise haut de gamme.<\/p>\n<\/li>\n<li>\n<p data-path-to-node=\"13,2,0\"><b>rPET \u00e9cologique (170 g\/m\u00b2\/200 g\/m\u00b2)\u00a0:<\/b> Fabriqu\u00e9 \u00e0 partir de bouteilles en plastique recycl\u00e9es. Un choix durable aussi performant que la microfibre standard, mais avec un impact environnemental r\u00e9duit.<\/p>\n<\/li>\n<\/ul>\n<h2 data-path-to-node=\"14\">Techniques de branding<\/h2>\n<ul data-path-to-node=\"15\">\n<li>\n<p data-path-to-node=\"15,0,0\"><b>Sublimation en couleur :<\/b> Nous imprimons votre photo, logo ou motif haute d\u00e9finition sur toute la surface du tissu (bord \u00e0 bord).<\/p>\n<\/li>\n<li>\n<p data-path-to-node=\"15,1,0\"><b>Marquage en creux\u00a0:<\/b> Votre logo est imprim\u00e9 \u00e0 chaud sur le tissu, cr\u00e9ant une texture subtile et permanente sans encre. Un rendu sophistiqu\u00e9 pour les tissus de 200 g\/m\u00b2 et en rPET.<\/p>\n<\/li>\n<\/ul>\n<h2 data-path-to-node=\"16\">Tailles disponibles<\/h2>\n<p data-path-to-node=\"17\">Nous proposons diff\u00e9rentes tailles standard pour s&#039;adapter \u00e0 diff\u00e9rents appareils\u00a0:<\/p>\n<ul data-path-to-node=\"18\">\n<li>\n<p data-path-to-node=\"18,0,0\"><b>Format de poche :<\/b> 12\u00d712 cm (Parfait pour les lunettes)<\/p>\n<\/li>\n<li>\n<p data-path-to-node=\"18,1,0\"><b>Standard:<\/b> 15\u00d715 cm \/ 17\u00d712 cm (Id\u00e9al pour les t\u00e9l\u00e9phones)<\/p>\n<\/li>\n<li>\n<p data-path-to-node=\"18,2,0\"><b>Grand:<\/b> 17\u00d715 cm \/ 17\u00d718 cm (Id\u00e9al pour les tablettes et les ordinateurs portables)<\/p>\n<\/li>\n<\/ul>\n<h2 data-path-to-node=\"19\">Caract\u00e9ristiques<\/h2>\n<ul data-path-to-node=\"20\">\n<li>\n<p data-path-to-node=\"20,0,0\"><b>Quantit\u00e9 minimale de commande (MOQ) :<\/b><\/p>\n<ul data-path-to-node=\"20,0,1\">\n<li>\n<p data-path-to-node=\"20,0,1,0,0\">Importation standard\u00a0: <b>250 pi\u00e8ces<\/b><\/p>\n<\/li>\n<li>\n<p data-path-to-node=\"20,0,1,1,0\">Fabriqu\u00e9 dans l&#039;UE : <b>100 pi\u00e8ces<\/b><\/p>\n<\/li>\n<\/ul>\n<\/li>\n<li>\n<p data-path-to-node=\"20,1,0\"><b>Conditionnement:<\/b> Emball\u00e9 en vrac ou emball\u00e9 individuellement sous film plastique (en option).<\/p>\n<\/li>\n<li>\n<p data-path-to-node=\"20,2,0\"><b>Origine:<\/b> Options pour l&#039;importation asiatique (meilleur prix) ou la production europ\u00e9enne (livraison la plus rapide).<\/p>\n<\/li>\n<li>\n<p data-path-to-node=\"20,3,0\"><b>Utiliser:<\/b> Nettoyage non pelucheux et non abrasif pour les surfaces optiques d\u00e9licates.<\/p>\n<\/li>\n<\/ul>\n<h2 data-path-to-node=\"21\">Cas d&#039;utilisation<\/h2>\n<ul data-path-to-node=\"22\">\n<li>\n<p data-path-to-node=\"22,0,0\"><b>Entreprises technologiques et informatiques :<\/b> Accessoire indispensable pour ordinateurs portables et \u00e9crans.<\/p>\n<\/li>\n<li>\n<p data-path-to-node=\"22,1,0\"><b>Opticiens et lunettes :<\/b> Le cadeau de marque classique offert avec chaque paire de lunettes.<\/p>\n<\/li>\n<li>\n<p data-path-to-node=\"22,2,0\"><b>Campagnes de publipostage\u00a0:<\/b> Extr\u00eamement l\u00e9gers et plats, ce qui rend leur envoi international peu co\u00fbteux.<\/p>\n<\/li>\n<li>\n<p data-path-to-node=\"22,3,0\"><b>Sacs cadeaux pour l&#039;\u00e9v\u00e9nement\u00a0:<\/b> Un objet utile que les participants ne jetteront pas.<\/p>\n<\/li>\n<\/ul>\n<p data-path-to-node=\"23\">","protected":false},"excerpt":{"rendered":"<ul>\n<li>\n<p data-path-to-node=\"8,0,0\"><b>Nettoyage cristallin :<\/b> Id\u00e9al pour les smartphones, les tablettes, les ordinateurs portables et les lunettes.<\/p>\n<\/li>\n<li>\n<p data-path-to-node=\"8,1,0\"><b>Choix des mat\u00e9riaux\u00a0:<\/b> Papier standard 170 g\/m\u00b2\/200 g\/m\u00b2 ou papier \u00e9cologique <b>rPET<\/b> (Bouteilles recycl\u00e9es).<\/p>\n<\/li>\n<li>\n<p data-path-to-node=\"8,2,0\"><b>Options d&#039;impression\u00a0:<\/b> Vibrant <b>Couleurs<\/b> sublimation ou subtilit\u00e9 <b>En creux<\/b> image de marque.<\/p>\n<\/li>\n<li>\n<p data-path-to-node=\"8,3,0\"><b>Production europ\u00e9enne :<\/b> Options de livraison rapide disponibles avec des quantit\u00e9s minimales faibles (\u00e0 partir de 100 pi\u00e8ces).<\/p>\n<\/li>\n<\/ul>","protected":false},"featured_media":6333,"comment_status":"closed","ping_status":"closed","template":"","meta":[],"product_brand":[],"product_cat":[128],"product_tag":[],"class_list":{"0":"post-5995","1":"product","2":"type-product","3":"status-publish","4":"has-post-thumbnail","6":"product_cat-mobile-tech-accessories","8":"first","9":"instock","10":"shipping-taxable","11":"purchasable","12":"product-type-simple"},"_links":{"self":[{"href":"https:\/\/displayproducts.eu\/fr\/wp-json\/wp\/v2\/product\/5995","targetHints":{"allow":["GET"]}}],"collection":[{"href":"https:\/\/displayproducts.eu\/fr\/wp-json\/wp\/v2\/product"}],"about":[{"href":"https:\/\/displayproducts.eu\/fr\/wp-json\/wp\/v2\/types\/product"}],"replies":[{"embeddable":true,"href":"https:\/\/displayproducts.eu\/fr\/wp-json\/wp\/v2\/comments?post=5995"}],"wp:featuredmedia":[{"embeddable":true,"href":"https:\/\/displayproducts.eu\/fr\/wp-json\/wp\/v2\/media\/6333"}],"wp:attachment":[{"href":"https:\/\/displayproducts.eu\/fr\/wp-json\/wp\/v2\/media?parent=5995"}],"wp:term":[{"taxonomy":"product_brand","embeddable":true,"href":"https:\/\/displayproducts.eu\/fr\/wp-json\/wp\/v2\/product_brand?post=5995"},{"taxonomy":"product_cat","embeddable":true,"href":"https:\/\/displayproducts.eu\/fr\/wp-json\/wp\/v2\/product_cat?post=5995"},{"taxonomy":"product_tag","embeddable":true,"href":"https:\/\/displayproducts.eu\/fr\/wp-json\/wp\/v2\/product_tag?post=5995"}],"curies":[{"name":"wp","href":"https:\/\/api.w.org\/{rel}","templated":true}]}}