{"id":5985,"date":"2025-12-16T16:19:40","date_gmt":"2025-12-16T13:19:40","guid":{"rendered":"https:\/\/wristbandfactory.eu\/?post_type=product&#038;p=5985"},"modified":"2026-04-01T21:52:35","modified_gmt":"2026-04-01T18:52:35","slug":"custom-knitted-socks-with-logo-cotton-bamboo-merino-sports","status":"publish","type":"product","link":"https:\/\/displayproducts.eu\/fr\/p\/custom-knitted-socks-with-logo-cotton-bamboo-merino-sports\/","title":{"rendered":"Chaussettes tricot\u00e9es avec logo"},"content":{"rendered":"<p data-path-to-node=\"10\">Transformez un article du quotidien en produit phare de votre marque. <b>Chaussettes tricot\u00e9es sur mesure<\/b> Il ne s&#039;agit pas d&#039;impressions sans impressions\u00a0; les motifs sont cr\u00e9\u00e9s de toutes pi\u00e8ces gr\u00e2ce \u00e0 la technologie de tissage Jacquard. Votre logo et votre motif sont ainsi tricot\u00e9s directement dans le tissu avec jusqu&#039;\u00e0 5 couleurs de fil diff\u00e9rentes, garantissant une tenue parfaite des couleurs et une r\u00e9sistance \u00e0 l&#039;usure.<\/p>\n<p data-path-to-node=\"11\">Que vous ayez besoin de cadeaux d&#039;entreprise professionnels, d&#039;\u00e9quipements sportifs haute performance ou de produits \u00e9co-responsables, nos capacit\u00e9s de production couvrent tous vos besoins avec des quantit\u00e9s minimales faibles.<\/p>\n<h2 data-path-to-node=\"12\">Options de mat\u00e9riaux<\/h2>\n<p data-path-to-node=\"13\">Nous proposons diff\u00e9rents m\u00e9langes de mat\u00e9riaux adapt\u00e9s \u00e0 vos besoins sp\u00e9cifiques\u00a0:<\/p>\n<ul data-path-to-node=\"14\">\n<li>\n<p data-path-to-node=\"14,0,0\"><b>M\u00e9lange de coton classique :<\/b> La r\u00e9f\u00e9rence en mati\u00e8re de confort et de durabilit\u00e9. Id\u00e9al pour un usage quotidien et les cadeaux publicitaires.<\/p>\n<ul data-path-to-node=\"14,0,1\">\n<li>\n<p data-path-to-node=\"14,0,1,0,0\"><i>Composition:<\/i> Coton 68%, polyester 29%, \u00e9lasthanne 3% (standard) ou m\u00e9langes de coton 80% pour la production UE.<\/p>\n<\/li>\n<\/ul>\n<\/li>\n<li>\n<p data-path-to-node=\"14,1,0\"><b>Bambou de qualit\u00e9 sup\u00e9rieure :<\/b> Un choix durable et plus doux, naturellement hypoallerg\u00e9nique.<\/p>\n<ul data-path-to-node=\"14,1,1\">\n<li>\n<p data-path-to-node=\"14,1,1,0,0\"><i>Composition:<\/i> 65% bambou, 25% coton, 8% polyester, 2% \u00e9lasthanne.<\/p>\n<\/li>\n<\/ul>\n<\/li>\n<li>\n<p data-path-to-node=\"14,2,0\"><b>Laine m\u00e9rinos (Hiver et Randonn\u00e9e) :<\/b> Doux, respirant et absorbant les odeurs. Id\u00e9al pour les marques outdoor et les cadeaux d&#039;hiver.<\/p>\n<ul data-path-to-node=\"14,2,1\">\n<li>\n<p data-path-to-node=\"14,2,1,0,0\"><i>Composition:<\/i> 43% laine m\u00e9rinos, 25% polyamide, 29% acrylique, 3% \u00e9lasthanne.<\/p>\n<\/li>\n<\/ul>\n<\/li>\n<li>\n<p data-path-to-node=\"14,3,0\"><b>M\u00e9lange sportif performant :<\/b> M\u00e9langes haute r\u00e9sistance con\u00e7us pour la course \u00e0 pied et le football.<\/p>\n<ul data-path-to-node=\"14,3,1\">\n<li>\n<p data-path-to-node=\"14,3,1,0,0\"><i>Composition:<\/i> M\u00e9lange de polyamide, coton et \u00e9lasthanne avec ventilation en maille.<\/p>\n<\/li>\n<\/ul>\n<\/li>\n<\/ul>\n<h2 data-path-to-node=\"15\">Styles et coupes disponibles<\/h2>\n<p data-path-to-node=\"16\">Vous pouvez appliquer votre motif \u00e0 n&#039;importe laquelle des d\u00e9coupes suivantes\u00a0:<\/p>\n<ul data-path-to-node=\"17\">\n<li>\n<p data-path-to-node=\"17,0,0\"><b>Chaussettes mi-mollet :<\/b> La longueur classique mi-mollet. Disponible dans toutes les mati\u00e8res.<\/p>\n<\/li>\n<li>\n<p data-path-to-node=\"17,1,0\"><b>Chaussettes basses et chaussettes invisibles\u00a0:<\/b> Des coupes discr\u00e8tes et modernes, parfaites pour l&#039;\u00e9t\u00e9 ou avec des baskets.<\/p>\n<\/li>\n<li>\n<p data-path-to-node=\"17,2,0\"><b>Chaussettes de sport et de tennis :<\/b> Caract\u00e9ristiques <b>Support de vo\u00fbte plantaire \u00e0 360\u00b0<\/b> et des semelles rembourr\u00e9es en option (demi-\u00e9ponge) pour l&#039;absorption des chocs.<\/p>\n<\/li>\n<li>\n<p data-path-to-node=\"17,3,0\"><b>Chaussettes de course :<\/b> Tricotage technique avec maille respirante sur le dessus de l&#039;avant-pied et tricot piqu\u00e9 sur la jambe.<\/p>\n<\/li>\n<li>\n<p data-path-to-node=\"17,4,0\"><b>Chaussettes de football :<\/b> Montante au-dessus du mollet avec empi\u00e8cements en mesh sur le mollet et la semelle ext\u00e9rieure.<\/p>\n<\/li>\n<li>\n<p data-path-to-node=\"17,5,0\"><b>Yoga et antid\u00e9rapant :<\/b> Dot\u00e9es de semelles antid\u00e9rapantes en silicone personnalisables. Disponibles avec ou sans orteils.<\/p>\n<\/li>\n<\/ul>\n<h2 data-path-to-node=\"18\">Caract\u00e9ristiques<\/h2>\n<ul data-path-to-node=\"19\">\n<li>\n<p data-path-to-node=\"19,0,0\"><b>Technologie du tricot :<\/b> Jacquard (motif tiss\u00e9 dans le tissu).<\/p>\n<\/li>\n<li>\n<p data-path-to-node=\"19,1,0\"><b>Couleurs:<\/b> Jusqu&#039;\u00e0 5 couleurs par motif.<\/p>\n<\/li>\n<li>\n<p data-path-to-node=\"19,2,0\"><b>Quantit\u00e9 minimale de commande (MOQ) :<\/b> Commence par <b>25 paires<\/b> pour certains mod\u00e8les sportifs et <b>50 paires<\/b> pour les mod\u00e8les standard.<\/p>\n<\/li>\n<li>\n<p data-path-to-node=\"19,3,0\"><b>Tailles:<\/b> Taille unique ou gammes de tailles sp\u00e9cifiques disponibles.<\/p>\n<\/li>\n<li>\n<p data-path-to-node=\"19,4,0\"><b>Conditionnement:<\/b> \u00c9tiquettes papier personnalis\u00e9es en couleur (en option). <i>Remarque : Pour les tailles multiples ayant la m\u00eame \u00e9tiquette, des autocollants de taille sont utilis\u00e9s afin de r\u00e9duire les co\u00fbts.<\/i><\/p>\n<\/li>\n<li>\n<p data-path-to-node=\"19,5,0\"><b>Note de conception\u00a0:<\/b> Les chaussettes gauche et droite peuvent pr\u00e9senter des motifs diff\u00e9rents (avec suppl\u00e9ment). Les logos situ\u00e9s \u00e0 l&#039;ext\u00e9rieur des deux jambes sont consid\u00e9r\u00e9s comme des motifs distincts en raison de leur orientation.<\/p>\n<\/li>\n<\/ul>\n<h2 data-path-to-node=\"20\">Cas d&#039;utilisation<\/h2>\n<ul data-path-to-node=\"21\">\n<li>\n<p data-path-to-node=\"21,0,0\"><b>Objets publicitaires d&#039;entreprise\u00a0:<\/b> Des cadeaux de bureau amusants et pratiques que les employ\u00e9s portent r\u00e9ellement.<\/p>\n<\/li>\n<li>\n<p data-path-to-node=\"21,1,0\"><b>\u00c9quipes sportives :<\/b> Chaussettes personnalis\u00e9es pour le football, le basketball et la course \u00e0 pied, aux couleurs de l&#039;\u00e9quipe.<\/p>\n<\/li>\n<li>\n<p data-path-to-node=\"21,2,0\"><b>Vente au d\u00e9tail et marchandises :<\/b> Articles de seconde main de haute qualit\u00e9 pour groupes de musique, influenceurs et marques de v\u00eatements.<\/p>\n<\/li>\n<li>\n<p data-path-to-node=\"21,3,0\"><b>Studios de bien-\u00eatre\u00a0:<\/b> Chaussettes antid\u00e9rapantes de marque pour les cours de yoga et de pilates.<\/p>\n<\/li>\n<\/ul>\n<p data-path-to-node=\"22\">","protected":false},"excerpt":{"rendered":"<ul>\n<li>\n<p data-path-to-node=\"9,0,0\"><b>Tricot Jacquard :<\/b> Votre motif est tiss\u00e9 directement dans le tissu (jusqu&#039;\u00e0 5 couleurs) pour une durabilit\u00e9 et un aspect haut de gamme.<\/p>\n<\/li>\n<li>\n<p data-path-to-node=\"9,1,0\"><b>Choix des mat\u00e9riaux :<\/b> Disponible en coton standard, en bambou \u00e9cologique ou en laine m\u00e9rinos chaude.<\/p>\n<\/li>\n<li>\n<p data-path-to-node=\"9,2,0\"><b>Styles polyvalents\u00a0:<\/b> Options : mi-mollet, cheville, invisible, sport (soutien de la vo\u00fbte plantaire) et yoga antid\u00e9rapant.<\/p>\n<\/li>\n<li>\n<p data-path-to-node=\"9,3,0\"><b>\u00c9tiquettes personnalis\u00e9es\u00a0:<\/b> \u00c9tiquettes ou autocollants en papier couleur (en option) pour les emballages pr\u00eats \u00e0 la vente.<\/p>\n<\/li>\n<\/ul>","protected":false},"featured_media":6670,"comment_status":"closed","ping_status":"closed","template":"","meta":[],"product_brand":[],"product_cat":[129],"product_tag":[],"class_list":{"0":"post-5985","1":"product","2":"type-product","3":"status-publish","4":"has-post-thumbnail","6":"product_cat-leisure-lifestyle","8":"first","9":"instock","10":"shipping-taxable","11":"product-type-simple"},"_links":{"self":[{"href":"https:\/\/displayproducts.eu\/fr\/wp-json\/wp\/v2\/product\/5985","targetHints":{"allow":["GET"]}}],"collection":[{"href":"https:\/\/displayproducts.eu\/fr\/wp-json\/wp\/v2\/product"}],"about":[{"href":"https:\/\/displayproducts.eu\/fr\/wp-json\/wp\/v2\/types\/product"}],"replies":[{"embeddable":true,"href":"https:\/\/displayproducts.eu\/fr\/wp-json\/wp\/v2\/comments?post=5985"}],"wp:featuredmedia":[{"embeddable":true,"href":"https:\/\/displayproducts.eu\/fr\/wp-json\/wp\/v2\/media\/6670"}],"wp:attachment":[{"href":"https:\/\/displayproducts.eu\/fr\/wp-json\/wp\/v2\/media?parent=5985"}],"wp:term":[{"taxonomy":"product_brand","embeddable":true,"href":"https:\/\/displayproducts.eu\/fr\/wp-json\/wp\/v2\/product_brand?post=5985"},{"taxonomy":"product_cat","embeddable":true,"href":"https:\/\/displayproducts.eu\/fr\/wp-json\/wp\/v2\/product_cat?post=5985"},{"taxonomy":"product_tag","embeddable":true,"href":"https:\/\/displayproducts.eu\/fr\/wp-json\/wp\/v2\/product_tag?post=5985"}],"curies":[{"name":"wp","href":"https:\/\/api.w.org\/{rel}","templated":true}]}}