{"id":5968,"date":"2025-12-16T15:35:54","date_gmt":"2025-12-16T12:35:54","guid":{"rendered":"https:\/\/wristbandfactory.eu\/?post_type=product&#038;p=5968"},"modified":"2026-04-01T21:52:03","modified_gmt":"2026-04-01T18:52:03","slug":"custom-knitted-beanies-winter-hats-acrylic-rpet-jacquard","status":"publish","type":"product","link":"https:\/\/displayproducts.eu\/fr\/p\/custom-knitted-beanies-winter-hats-acrylic-rpet-jacquard\/","title":{"rendered":"Bonnets et chapeaux d&#039;hiver tricot\u00e9s sur mesure (acrylique, rPET, jacquard)"},"content":{"rendered":"<p data-path-to-node=\"11\">Dynamisez votre marque avec notre gamme premium <b>Bonnets tricot\u00e9s personnalis\u00e9s<\/b>. Ces bonnets sont l&#039;article promotionnel id\u00e9al pour affronter le froid, parfait pour les cadeaux d&#039;entreprise, les \u00e9quipes sportives et les boutiques. Contrairement aux articles imprim\u00e9s classiques, nos bonnets d&#039;hiver offrent une valeur per\u00e7ue \u00e9lev\u00e9e gr\u00e2ce \u00e0 leur texture et leur chaleur. Que vous recherchiez un bonnet classique \u00e0 revers avec logo brod\u00e9 ou un mod\u00e8le en maille jacquard enti\u00e8rement personnalis\u00e9 o\u00f9 votre motif est tiss\u00e9 directement dans le tissu, nous proposons des couvre-chefs de qualit\u00e9 professionnelle que l&#039;on a vraiment envie de porter.<\/p>\n<h2 data-path-to-node=\"12\">Caract\u00e9ristiques principales<\/h2>\n<ul data-path-to-node=\"13\">\n<li>\n<p data-path-to-node=\"13,0,0\"><b>Grande vari\u00e9t\u00e9 :<\/b> Choisissez parmi des bonnets classiques \u00e0 revers, des mod\u00e8les de p\u00eacheur tendance (profil bas), des coupes d\u00e9contract\u00e9es ou des tricots torsad\u00e9s haut de gamme.<\/p>\n<\/li>\n<li>\n<p data-path-to-node=\"13,1,0\"><b>Options \u00e9cologiques\u00a0:<\/b> Contribuez \u00e0 la r\u00e9alisation des objectifs de d\u00e9veloppement durable en choisissant du rPET certifi\u00e9 (plastique recycl\u00e9) plut\u00f4t que de l&#039;acrylique standard.<\/p>\n<\/li>\n<li>\n<p data-path-to-node=\"13,2,0\"><b>Technologie de tissage Jacquard :<\/b> Pour les motifs complexes ou les logos de grande taille, nous tricotons votre motif directement dans la structure du bonnet en utilisant jusqu&#039;\u00e0 4 couleurs (aspect sans couture).<\/p>\n<\/li>\n<li>\n<p data-path-to-node=\"13,3,0\"><b>Finitions haut de gamme :<\/b> Disponible avec une doublure en velours \u201c Shu \u201d ou en polaire pour une isolation suppl\u00e9mentaire par grand froid.<\/p>\n<\/li>\n<li>\n<p data-path-to-node=\"13,4,0\"><b>Options de s\u00e9curit\u00e9 :<\/b> Peut \u00eatre tiss\u00e9 avec des fils ou des bandes r\u00e9fl\u00e9chissantes pour une visibilit\u00e9 optimale durant les nuits d&#039;hiver.<\/p>\n<\/li>\n<\/ul>\n<h2 data-path-to-node=\"14\">Caract\u00e9ristiques<\/h2>\n<ul data-path-to-node=\"15\">\n<li>\n<p data-path-to-node=\"15,0,0\"><b>Mat\u00e9riel:<\/b> Acrylique 100%, rPET 100% ou m\u00e9langes Polylana\u00ae.<\/p>\n<\/li>\n<li>\n<p data-path-to-node=\"15,1,0\"><b>Taille:<\/b> Taille unique (tricot extensible).<\/p>\n<\/li>\n<li>\n<p data-path-to-node=\"15,2,0\"><b>M\u00e9thodes de branding\u00a0:<\/b><\/p>\n<ul data-path-to-node=\"15,2,1\">\n<li>\n<p data-path-to-node=\"15,2,1,0,0\"><b>Broderie:<\/b> Gonflement plat ou 3D (id\u00e9al pour les logos unis sur les bonnets \u00e0 revers).<\/p>\n<\/li>\n<li>\n<p data-path-to-node=\"15,2,1,1,0\"><b>Jacquard:<\/b> Motif tricot\u00e9 dans le tissu (id\u00e9al pour les motifs\/textes de grande taille).<\/p>\n<\/li>\n<li>\n<p data-path-to-node=\"15,2,1,2,0\"><b>\u00c9cusson tiss\u00e9 :<\/b> Style r\u00e9tro, brod\u00e9 sur le poignet.<\/p>\n<\/li>\n<\/ul>\n<\/li>\n<li>\n<p data-path-to-node=\"15,3,0\"><b>Couches :<\/b> Couche sans impression (l\u00e9g\u00e8re), double couche (standard) ou doubl\u00e9e en polaire (robuste).<\/p>\n<\/li>\n<li>\n<p data-path-to-node=\"15,4,0\"><b>Quantit\u00e9 minimale de commande (MOQ) :<\/b> 100 unit\u00e9s.<\/p>\n<\/li>\n<\/ul>\n<h2 data-path-to-node=\"16\">Cas d&#039;utilisation<\/h2>\n<ul data-path-to-node=\"17\">\n<li>\n<p data-path-to-node=\"17,0,0\"><b>Cadeaux d&#039;entreprise :<\/b> Des cadeaux d&#039;hiver de grande qualit\u00e9 pour les employ\u00e9s et les clients cl\u00e9s.<\/p>\n<\/li>\n<li>\n<p data-path-to-node=\"17,1,0\"><b>Clubs sportifs :<\/b> Tenues indispensables pour les supporters et les joueurs pendant l&#039;entra\u00eenement hivernal.<\/p>\n<\/li>\n<li>\n<p data-path-to-node=\"17,2,0\"><b>\u00c9v\u00e9nements en plein air :<\/b> Veillez \u00e0 ce que le personnel de l&#039;\u00e9v\u00e9nement et les participants au festival restent au chaud et bien visibles.<\/p>\n<\/li>\n<li>\n<p data-path-to-node=\"17,3,0\"><b>Marchandises de d\u00e9tail :<\/b> Articles de marque \u00e0 forte marge pour les groupes de musique, les brasseries et les marques de mode.<\/p>\n<\/li>\n<\/ul>","protected":false},"excerpt":{"rendered":"<ul data-path-to-node=\"9\">\n<li>\n<p data-path-to-node=\"9,0,0\"><b>Grande vari\u00e9t\u00e9 :<\/b> Des bonnets classiques \u00e0 revers et des mod\u00e8les de p\u00eacheur tendance aux tricots torsad\u00e9s haut de gamme.<\/p>\n<\/li>\n<li>\n<p data-path-to-node=\"9,1,0\"><b>Options \u00e9cologiques\u00a0:<\/b> De nombreux mod\u00e8les disponibles en mat\u00e9riau rPET certifi\u00e9 (plastique recycl\u00e9).<\/p>\n<\/li>\n<li>\n<p data-path-to-node=\"9,2,0\"><b>Personnalisation de la marque\u00a0:<\/b> Choisissez entre des logos brod\u00e9s ou des motifs \u201c Jacquard \u201d enti\u00e8rement tiss\u00e9s (2 \u00e0 4 couleurs).<\/p>\n<\/li>\n<li>\n<p data-path-to-node=\"9,3,0\"><b>Pr\u00eat pour l&#039;hiver :<\/b> Les options comprennent une doublure en polaire, des fils r\u00e9fl\u00e9chissants et des tricots thermiques double couche.<\/p>\n<\/li>\n<\/ul>","protected":false},"featured_media":6355,"comment_status":"closed","ping_status":"closed","template":"","meta":[],"product_brand":[],"product_cat":[45],"product_tag":[],"class_list":{"0":"post-5968","1":"product","2":"type-product","3":"status-publish","4":"has-post-thumbnail","6":"product_cat-other","8":"first","9":"instock","10":"shipping-taxable","11":"purchasable","12":"product-type-simple"},"_links":{"self":[{"href":"https:\/\/displayproducts.eu\/fr\/wp-json\/wp\/v2\/product\/5968","targetHints":{"allow":["GET"]}}],"collection":[{"href":"https:\/\/displayproducts.eu\/fr\/wp-json\/wp\/v2\/product"}],"about":[{"href":"https:\/\/displayproducts.eu\/fr\/wp-json\/wp\/v2\/types\/product"}],"replies":[{"embeddable":true,"href":"https:\/\/displayproducts.eu\/fr\/wp-json\/wp\/v2\/comments?post=5968"}],"wp:featuredmedia":[{"embeddable":true,"href":"https:\/\/displayproducts.eu\/fr\/wp-json\/wp\/v2\/media\/6355"}],"wp:attachment":[{"href":"https:\/\/displayproducts.eu\/fr\/wp-json\/wp\/v2\/media?parent=5968"}],"wp:term":[{"taxonomy":"product_brand","embeddable":true,"href":"https:\/\/displayproducts.eu\/fr\/wp-json\/wp\/v2\/product_brand?post=5968"},{"taxonomy":"product_cat","embeddable":true,"href":"https:\/\/displayproducts.eu\/fr\/wp-json\/wp\/v2\/product_cat?post=5968"},{"taxonomy":"product_tag","embeddable":true,"href":"https:\/\/displayproducts.eu\/fr\/wp-json\/wp\/v2\/product_tag?post=5968"}],"curies":[{"name":"wp","href":"https:\/\/api.w.org\/{rel}","templated":true}]}}