{"id":5963,"date":"2025-12-16T15:28:54","date_gmt":"2025-12-16T12:28:54","guid":{"rendered":"https:\/\/wristbandfactory.eu\/?post_type=product&#038;p=5963"},"modified":"2026-04-01T21:52:35","modified_gmt":"2026-04-01T18:52:35","slug":"custom-printed-bucket-hats-polyester-reversible-corduroy","status":"publish","type":"product","link":"https:\/\/displayproducts.eu\/fr\/p\/custom-printed-bucket-hats-polyester-reversible-corduroy\/","title":{"rendered":"Bobs personnalis\u00e9s"},"content":{"rendered":"<p data-path-to-node=\"11\"><b>Des couvre-chefs embl\u00e9matiques pour une visibilit\u00e9 maximale de la marque<\/b> Notre <b>Bobs personnalis\u00e9s<\/b> Nos v\u00eatements sont l&#039;accessoire estival id\u00e9al pour les festivals, les \u00e9v\u00e9nements en plein air et les collections d&#039;articles promotionnels. Que vous recherchiez un cadeau publicitaire \u00e9conomique ou un article de qualit\u00e9 pour la vente, notre gamme r\u00e9pond \u00e0 tous vos besoins gr\u00e2ce \u00e0 une impression en couleur \u00e9clatante et des tissus haut de gamme.<\/p>\n<p data-path-to-node=\"12\"><b>Mod\u00e8les et styles disponibles<\/b><\/p>\n<ul data-path-to-node=\"13\">\n<li>\n<p data-path-to-node=\"13,0,0\"><b>Couleur standard (polyester)<\/b><\/p>\n<ul data-path-to-node=\"13,0,1\">\n<li>\n<p data-path-to-node=\"13,0,1,0,0\"><b>L\u00e9ger:<\/b> Polyester 150 g\/m\u00b2. Id\u00e9al pour les chaudes journ\u00e9es d&#039;\u00e9t\u00e9 et les campagnes de promotion \u00e0 grande \u00e9chelle.<\/p>\n<\/li>\n<li>\n<p data-path-to-node=\"13,0,1,1,0\"><b>Poids lourd:<\/b>\u00a0Polyester 260 g\/m\u00b2. Une texture plus robuste et structur\u00e9e pour une valeur per\u00e7ue sup\u00e9rieure.<\/p>\n<\/li>\n<li>\n<p data-path-to-node=\"13,0,1,2,0\"><b>D\u00e9tails:<\/b> Imprim\u00e9 \u00e0 l&#039;ext\u00e9rieur et \u00e0 l&#039;int\u00e9rieur de la visi\u00e8re. Bandeau anti-transpiration noir inclus.<\/p>\n<\/li>\n<\/ul>\n<\/li>\n<li>\n<p data-path-to-node=\"13,1,0\"><b>Chapeaux r\u00e9versibles \u201c 2 en 1 \u201d<\/b><\/p>\n<ul data-path-to-node=\"13,1,1\">\n<li>\n<p data-path-to-node=\"13,1,1,0,0\"><b>(150 g\/m\u00b2) et (260 g\/m\u00b2) :<\/b> Doublez l&#039;impact de votre marque\u00a0! Ces casquettes sont enti\u00e8rement r\u00e9versibles, offrant deux designs totalement diff\u00e9rents \u00e0 l&#039;int\u00e9rieur et \u00e0 l&#039;ext\u00e9rieur. Il suffit de retourner la casquette pour r\u00e9v\u00e9ler un nouveau look.<\/p>\n<\/li>\n<\/ul>\n<\/li>\n<li>\n<p data-path-to-node=\"13,2,0\"><b>Texture premium (velours c\u00f4tel\u00e9)<\/b><\/p>\n<ul data-path-to-node=\"13,2,1\">\n<li>\n<p data-path-to-node=\"13,2,1,0,0\"><b>Velours c\u00f4tel\u00e9 classique :<\/b> Tissu 210 g\/m\u00b2 \u00e0 la texture c\u00f4tel\u00e9e caract\u00e9ristique. Profil moyen.<\/p>\n<\/li>\n<li>\n<p data-path-to-node=\"13,2,1,1,0\"><b>Velours c\u00f4tel\u00e9 en coton :<\/b> M\u00e9lange de coton 200 g\/m\u00b2 pour une sensation plus douce et naturelle.<\/p>\n<\/li>\n<li>\n<p data-path-to-node=\"13,2,1,2,0\"><b>Style:<\/b> Un look d&#039;inspiration r\u00e9tro, parfait pour les marques avant-gardistes et le streetwear.<\/p>\n<\/li>\n<\/ul>\n<\/li>\n<li>\n<p data-path-to-node=\"13,3,0\"><b>Options sp\u00e9cialis\u00e9es<\/b><\/p>\n<ul data-path-to-node=\"13,3,1\">\n<li>\n<p data-path-to-node=\"13,3,1,0,0\"><b>Large bord :<\/b> Polyester 200 g\/m\u00b2 avec un bord allong\u00e9 pour une protection solaire accrue.<\/p>\n<\/li>\n<li>\n<p data-path-to-node=\"13,3,1,1,0\"><b>Option brod\u00e9e :<\/b> Polyester 170 g\/m\u00b2 sp\u00e9cialement con\u00e7u pour la broderie ou l&#039;impression s\u00e9lective.<\/p>\n<\/li>\n<\/ul>\n<\/li>\n<\/ul>\n<p data-path-to-node=\"14\"><b>Sp\u00e9cifications et dimensions<\/b><\/p>\n<ul data-path-to-node=\"15\">\n<li>\n<p data-path-to-node=\"15,0,0\"><b>Impression:<\/b> Sublimation CMJN sur toute la surface (mod\u00e8les en polyester). Permet des motifs photor\u00e9alistes et des imprim\u00e9s all-over.<\/p>\n<\/li>\n<li>\n<p data-path-to-node=\"15,1,0\"><b>Tailles:<\/b><\/p>\n<ul data-path-to-node=\"15,1,1\">\n<li>\n<p data-path-to-node=\"15,1,1,0,0\"><b>Enfants:<\/b> 55 cm<\/p>\n<\/li>\n<li>\n<p data-path-to-node=\"15,1,1,1,0\"><b>Adulte standard :<\/b> 58 cm (Convient \u00e0 la plupart des femmes et des hommes)<\/p>\n<\/li>\n<li>\n<p data-path-to-node=\"15,1,1,2,0\"><b>Grand adulte :<\/b> 60 cm (Coupe d\u00e9contract\u00e9e)<\/p>\n<\/li>\n<\/ul>\n<\/li>\n<li>\n<p data-path-to-node=\"15,2,0\"><b>Ventilation:<\/b> Des \u0153illets cousus assortis (sur les mod\u00e8les standard en polyester) assurent la respirabilit\u00e9 par temps chaud.<\/p>\n<\/li>\n<li>\n<p data-path-to-node=\"15,3,0\"><b>Largeur du bord :<\/b> Options standard de 5,5 cm ou 7,5 cm (selon le mod\u00e8le).<\/p>\n<\/li>\n<\/ul>\n<p data-path-to-node=\"16\"><b>Cas d&#039;utilisation<\/b><\/p>\n<ul data-path-to-node=\"17\">\n<li>\n<p data-path-to-node=\"17,0,0\"><b>Festivals et concerts :<\/b> Des produits d\u00e9riv\u00e9s \u00e0 forte visibilit\u00e9 que les fans adorent porter.<\/p>\n<\/li>\n<li>\n<p data-path-to-node=\"17,1,0\"><b>\u00c9quipes sportives :<\/b> Objectif commun : rassembler les supporters et les membres du club.<\/p>\n<\/li>\n<li>\n<p data-path-to-node=\"17,2,0\"><b>\u00c9v\u00e9nements \u00e9tudiants :<\/b> Journ\u00e9es d&#039;orientation et produits d\u00e9riv\u00e9s de l&#039;universit\u00e9.<\/p>\n<\/li>\n<\/ul>","protected":false},"excerpt":{"rendered":"<ul>\n<li>\n<p data-path-to-node=\"9,0,0\"><b>Large choix :<\/b> Choisissez parmi le polyester l\u00e9ger (150 g\/m\u00b2) ou lourd (260 g\/m\u00b2), les mod\u00e8les r\u00e9versibles ou le velours c\u00f4tel\u00e9 tendance.<\/p>\n<\/li>\n<li>\n<p data-path-to-node=\"9,1,0\"><b>Personnalisation compl\u00e8te :<\/b> Impression par sublimation CMJN bord \u00e0 bord pour des couleurs et des motifs illimit\u00e9s.<\/p>\n<\/li>\n<li>\n<p data-path-to-node=\"9,2,0\"><b>Ajustement parfait :<\/b> Disponible en tailles enfant (55 cm), adulte (58 cm) et grande (60 cm).<\/p>\n<\/li>\n<li>\n<p data-path-to-node=\"9,3,0\"><b>Polyvalent:<\/b> Id\u00e9al pour les festivals d&#039;\u00e9t\u00e9, les articles de sport et les marques de streetwear.<\/p>\n<\/li>\n<\/ul>","protected":false},"featured_media":6365,"comment_status":"closed","ping_status":"closed","template":"","meta":[],"product_brand":[],"product_cat":[130],"product_tag":[],"class_list":{"0":"post-5963","1":"product","2":"type-product","3":"status-publish","4":"has-post-thumbnail","6":"product_cat-custom-headwear","8":"first","9":"instock","10":"shipping-taxable","11":"purchasable","12":"product-type-simple"},"_links":{"self":[{"href":"https:\/\/displayproducts.eu\/fr\/wp-json\/wp\/v2\/product\/5963","targetHints":{"allow":["GET"]}}],"collection":[{"href":"https:\/\/displayproducts.eu\/fr\/wp-json\/wp\/v2\/product"}],"about":[{"href":"https:\/\/displayproducts.eu\/fr\/wp-json\/wp\/v2\/types\/product"}],"replies":[{"embeddable":true,"href":"https:\/\/displayproducts.eu\/fr\/wp-json\/wp\/v2\/comments?post=5963"}],"wp:featuredmedia":[{"embeddable":true,"href":"https:\/\/displayproducts.eu\/fr\/wp-json\/wp\/v2\/media\/6365"}],"wp:attachment":[{"href":"https:\/\/displayproducts.eu\/fr\/wp-json\/wp\/v2\/media?parent=5963"}],"wp:term":[{"taxonomy":"product_brand","embeddable":true,"href":"https:\/\/displayproducts.eu\/fr\/wp-json\/wp\/v2\/product_brand?post=5963"},{"taxonomy":"product_cat","embeddable":true,"href":"https:\/\/displayproducts.eu\/fr\/wp-json\/wp\/v2\/product_cat?post=5963"},{"taxonomy":"product_tag","embeddable":true,"href":"https:\/\/displayproducts.eu\/fr\/wp-json\/wp\/v2\/product_tag?post=5963"}],"curies":[{"name":"wp","href":"https:\/\/api.w.org\/{rel}","templated":true}]}}