{"id":5959,"date":"2025-12-16T15:21:56","date_gmt":"2025-12-16T12:21:56","guid":{"rendered":"https:\/\/wristbandfactory.eu\/?post_type=product&#038;p=5959"},"modified":"2026-04-01T21:52:03","modified_gmt":"2026-04-01T18:52:03","slug":"custom-printed-balaclavas-ski-masks-polyester-fleece-thermal","status":"publish","type":"product","link":"https:\/\/displayproducts.eu\/fr\/p\/custom-printed-balaclavas-ski-masks-polyester-fleece-thermal\/","title":{"rendered":"Cagoules personnalis\u00e9es (Balaclava)"},"content":{"rendered":"<p data-path-to-node=\"11\"><b>Image de marque ultime pour temps froid<\/b> \u00c9quipez votre \u00e9quipe ou vos supporters avec notre <b>Cagoules imprim\u00e9es personnalis\u00e9es<\/b>, Con\u00e7us pour une chaleur et une visibilit\u00e9 optimales, ces masques de ski offrent une large surface imprimable id\u00e9ale pour mettre en valeur votre marque, que ce soit pour les stations de ski, les \u00e9quipes de construction hivernale ou les \u00e9v\u00e9nements promotionnels en ext\u00e9rieur. Ils assurent une protection essentielle contre les intemp\u00e9ries.<\/p>\n<p data-path-to-node=\"12\"><b>Mod\u00e8les et sp\u00e9cifications disponibles<\/b><\/p>\n<ul data-path-to-node=\"13\">\n<li>\n<p data-path-to-node=\"13,0,0\"><b>\u00a0Performance l\u00e9g\u00e8re (monocouche)<\/b><\/p>\n<ul data-path-to-node=\"13,0,1\">\n<li>\n<p data-path-to-node=\"13,0,1,0,0\"><b>Mat\u00e9riel:<\/b> 100% Polyester (180-190 g\/m\u00b2).<\/p>\n<\/li>\n<li>\n<p data-path-to-node=\"13,0,1,1,0\"><b>Conception:<\/b> Impression par sublimation en couleur sur toute la surface.<\/p>\n<\/li>\n<li>\n<p data-path-to-node=\"13,0,1,2,0\"><b>Id\u00e9al pour :<\/b> Sports actifs, port d&#039;un casque sous le casque et conditions hivernales plus douces.<\/p>\n<\/li>\n<li>\n<p data-path-to-node=\"13,0,1,3,0\"><b>Taille:<\/b> Environ 45 x 26 cm (48 g).<\/p>\n<\/li>\n<\/ul>\n<\/li>\n<li>\n<p data-path-to-node=\"13,1,0\"><b>Chaleur hivernale (double couche)<\/b><\/p>\n<ul data-path-to-node=\"13,1,1\">\n<li>\n<p data-path-to-node=\"13,1,1,0,0\"><b>Mat\u00e9riel:<\/b> Ext\u00e9rieur en polyester imprim\u00e9 (130 g\/m\u00b2) + doublure en polaire noire (160 g\/m\u00b2).<\/p>\n<\/li>\n<li>\n<p data-path-to-node=\"13,1,1,1,0\"><b>Conception:<\/b> Impression ext\u00e9rieure en couleur avec un int\u00e9rieur doux et thermique.<\/p>\n<\/li>\n<li>\n<p data-path-to-node=\"13,1,1,2,0\"><b>Id\u00e9al pour :<\/b> Ski, snowboard et exposition prolong\u00e9e au froid.<\/p>\n<\/li>\n<li>\n<p data-path-to-node=\"13,1,1,3,0\"><b>Taille:<\/b> Environ 40 x 29 cm (65-70 g).<\/p>\n<\/li>\n<\/ul>\n<\/li>\n<li>\n<p data-path-to-node=\"13,2,0\"><b>\u00a0Thermique classique (polaire unie)<\/b><\/p>\n<ul data-path-to-node=\"13,2,1\">\n<li>\n<p data-path-to-node=\"13,2,1,0,0\"><b>Mat\u00e9riel:<\/b> Polaire 100% (220 g\/m\u00b2).<\/p>\n<\/li>\n<li>\n<p data-path-to-node=\"13,2,1,1,0\"><b>Conception:<\/b> Disponible dans les coloris de tissu standard avec <b>Broderie du logo<\/b>.<\/p>\n<\/li>\n<li>\n<p data-path-to-node=\"13,2,1,2,0\"><b>Id\u00e9al pour :<\/b> V\u00eatements de travail robustes et chauds, et produits haut de gamme.<\/p>\n<\/li>\n<li>\n<p data-path-to-node=\"13,2,1,3,0\"><b>Taille:<\/b> Environ 38 x 30 cm (100 g).<\/p>\n<\/li>\n<\/ul>\n<\/li>\n<\/ul>","protected":false},"excerpt":{"rendered":"<ul>\n<li>\n<p data-path-to-node=\"9,0,0\"><b>Trois variantes :<\/b> Polyester monocouche (l\u00e9ger), polyester doubl\u00e9 polaire (chaud) ou polaire unie (thermique).<\/p>\n<\/li>\n<li>\n<p data-path-to-node=\"9,1,0\"><b>Personnalisation compl\u00e8te :<\/b> Impression par sublimation bord \u00e0 bord pour les graphismes complexes ou broderie pour les polaires unies.<\/p>\n<\/li>\n<li>\n<p data-path-to-node=\"9,2,0\"><b>Protection hivernale :<\/b> Prot\u00e8ge le visage et le cou du vent et du froid ; id\u00e9al pour les sports d&#039;hiver et le travail en ext\u00e9rieur.<\/p>\n<\/li>\n<li>\n<p data-path-to-node=\"9,3,0\"><b>Ajustement universel :<\/b> Sa conception \u00e0 taille unique (environ 40x29cm \/ 45x26cm) assure une grande polyvalence.<\/p>\n<\/li>\n<\/ul>","protected":false},"featured_media":6370,"comment_status":"closed","ping_status":"closed","template":"","meta":[],"product_brand":[],"product_cat":[123,118],"product_tag":[],"class_list":{"0":"post-5959","1":"product","2":"type-product","3":"status-publish","4":"has-post-thumbnail","6":"product_cat-fan-cheering-items","7":"product_cat-sports-fitness","9":"first","10":"instock","11":"shipping-taxable","12":"purchasable","13":"product-type-simple"},"_links":{"self":[{"href":"https:\/\/displayproducts.eu\/fr\/wp-json\/wp\/v2\/product\/5959","targetHints":{"allow":["GET"]}}],"collection":[{"href":"https:\/\/displayproducts.eu\/fr\/wp-json\/wp\/v2\/product"}],"about":[{"href":"https:\/\/displayproducts.eu\/fr\/wp-json\/wp\/v2\/types\/product"}],"replies":[{"embeddable":true,"href":"https:\/\/displayproducts.eu\/fr\/wp-json\/wp\/v2\/comments?post=5959"}],"wp:featuredmedia":[{"embeddable":true,"href":"https:\/\/displayproducts.eu\/fr\/wp-json\/wp\/v2\/media\/6370"}],"wp:attachment":[{"href":"https:\/\/displayproducts.eu\/fr\/wp-json\/wp\/v2\/media?parent=5959"}],"wp:term":[{"taxonomy":"product_brand","embeddable":true,"href":"https:\/\/displayproducts.eu\/fr\/wp-json\/wp\/v2\/product_brand?post=5959"},{"taxonomy":"product_cat","embeddable":true,"href":"https:\/\/displayproducts.eu\/fr\/wp-json\/wp\/v2\/product_cat?post=5959"},{"taxonomy":"product_tag","embeddable":true,"href":"https:\/\/displayproducts.eu\/fr\/wp-json\/wp\/v2\/product_tag?post=5959"}],"curies":[{"name":"wp","href":"https:\/\/api.w.org\/{rel}","templated":true}]}}