{"id":5938,"date":"2025-12-16T15:04:12","date_gmt":"2025-12-16T12:04:12","guid":{"rendered":"https:\/\/wristbandfactory.eu\/?post_type=product&#038;p=5938"},"modified":"2026-04-01T21:52:35","modified_gmt":"2026-04-01T18:52:35","slug":"custom-printed-multifunctional-multiscarfs-tubular-bandanas","status":"publish","type":"product","link":"https:\/\/displayproducts.eu\/fr\/p\/custom-printed-multifunctional-multiscarfs-tubular-bandanas\/","title":{"rendered":"Tours de cou multifonctions personnalis\u00e9s"},"content":{"rendered":"<p data-path-to-node=\"7\">Optimisez la visibilit\u00e9 de votre marque avec nos multifoulards personnalis\u00e9s, l&#039;accessoire multifonctionnel par excellence pour les modes de vie actifs. Aussi appel\u00e9s bandanas tubulaires ou tours de cou, ces tubes sans coutures sont con\u00e7us pour un confort et une praticit\u00e9 optimaux par tous les temps. Marathon, s\u00e9jour au ski ou sortie d&#039;entreprise estivale\u00a0: votre marque reste toujours au premier plan.<\/p>\n<p data-path-to-node=\"8\">Nos \u00e9charpes multi-usages sont confectionn\u00e9es \u00e0 partir de tissus haut de gamme adapt\u00e9s \u00e0 votre environnement. Des microfibres l\u00e9g\u00e8res et respirantes aux technologies d&#039;\u00e9vacuation de l&#039;humidit\u00e9, nous vous offrons le support id\u00e9al pour affirmer l&#039;identit\u00e9 de votre organisation.<\/p>\n<h2 data-path-to-node=\"9\">Caract\u00e9ristiques principales<\/h2>\n<ul data-path-to-node=\"10\">\n<li>\n<p data-path-to-node=\"10,0,0\"><b data-path-to-node=\"10,0,0\" data-index-in-node=\"0\">Sublimation haute d\u00e9finition\u00a0:<\/b> Nous utilisons l&#039;impression en quadrichromie (CMJN) o\u00f9 l&#039;encre est directement int\u00e9gr\u00e9e aux fibres du tissu, ce qui garantit que le motif ne craquera pas, ne s&#039;\u00e9caillera pas et ne se d\u00e9colorera pas.<\/p>\n<\/li>\n<li>\n<p data-path-to-node=\"10,1,0\"><b data-path-to-node=\"10,1,0\" data-index-in-node=\"0\">Construction sans joint :<\/b> Sa conception tubulaire, sans coutures irritantes, offre un confort maximal au quotidien et lors d&#039;activit\u00e9s physiques intenses.<\/p>\n<\/li>\n<li>\n<p data-path-to-node=\"10,2,0\"><b data-path-to-node=\"10,2,0\" data-index-in-node=\"0\">Durabilit\u00e9 exceptionnelle :<\/b> Enti\u00e8rement lavable et r\u00e9utilisable, conservant sa forme et l&#039;\u00e9clat de ses couleurs m\u00eame apr\u00e8s une utilisation intensive r\u00e9p\u00e9t\u00e9e.<\/p>\n<\/li>\n<li>\n<p data-path-to-node=\"10,3,0\"><b data-path-to-node=\"10,3,0\" data-index-in-node=\"0\">Protection toutes saisons :<\/b> Offre une barri\u00e8re contre le vent, la poussi\u00e8re, le froid et les rayons UV, selon la configuration des mat\u00e9riaux choisis.<\/p>\n<\/li>\n<\/ul>\n<h2 data-path-to-node=\"11\">Caract\u00e9ristiques<\/h2>\n<ul data-path-to-node=\"12\">\n<li>\n<p data-path-to-node=\"12,0,0\"><b data-path-to-node=\"12,0,0\" data-index-in-node=\"0\">Mat\u00e9riels:<\/b> Polyester standard, RPET recycl\u00e9, polaire d&#039;hiver, COOLMAX\u00ae (\u00e9vacuant l&#039;humidit\u00e9) ou Lycra (UPF50+).<\/p>\n<\/li>\n<li>\n<p data-path-to-node=\"12,1,0\"><b data-path-to-node=\"12,1,0\" data-index-in-node=\"0\">Taille:<\/b> Taille adulte standard (tailles personnalis\u00e9es disponibles sur demande).<\/p>\n<\/li>\n<li>\n<p data-path-to-node=\"12,2,0\"><b data-path-to-node=\"12,2,0\" data-index-in-node=\"0\">Impression:<\/b> Sublimation bord \u00e0 bord en couleur.<\/p>\n<\/li>\n<li>\n<p data-path-to-node=\"12,3,0\"><b data-path-to-node=\"12,3,0\" data-index-in-node=\"0\">Quantit\u00e9 minimale de commande\u00a0:<\/b> 100 unit\u00e9s.<\/p>\n<\/li>\n<li>\n<p data-path-to-node=\"12,4,0\"><b data-path-to-node=\"12,4,0\" data-index-in-node=\"0\">Entretien:<\/b> Lavable en machine, s\u00e9chage rapide.<\/p>\n<\/li>\n<\/ul>\n<h2 data-path-to-node=\"13\">Cas d&#039;utilisation<\/h2>\n<ul data-path-to-node=\"14\">\n<li>\n<p data-path-to-node=\"14,0,0\"><b data-path-to-node=\"14,0,0\" data-index-in-node=\"0\">Sports et fitness :<\/b> \u00c9quipement indispensable pour les clubs de course \u00e0 pied, les \u00e9quipes cyclistes et les salles de sport.<\/p>\n<\/li>\n<li>\n<p data-path-to-node=\"14,1,0\"><b data-path-to-node=\"14,1,0\" data-index-in-node=\"0\">\u00c9v\u00e9nements et festivals en plein air :<\/b> Des cadeaux publicitaires pratiques et \u00e9l\u00e9gants pour les concerts, les groupes de randonn\u00e9e et les festivals en plein air.<\/p>\n<\/li>\n<li>\n<p data-path-to-node=\"14,2,0\"><b data-path-to-node=\"14,2,0\" data-index-in-node=\"0\">Responsabilit\u00e9 sociale des entreprises :<\/b> Choisissez notre option de mat\u00e9riau RPET pour des cadeaux d&#039;entreprise durables et respectueux de l&#039;environnement.<\/p>\n<\/li>\n<li>\n<p data-path-to-node=\"14,3,0\"><b data-path-to-node=\"14,3,0\" data-index-in-node=\"0\">Tourisme hivernal :<\/b> Id\u00e9al pour les \u00e9coles de ski, les stations de ski et le marketing des sports d&#039;hiver.<\/p>\n<\/li>\n<\/ul>","protected":false},"excerpt":{"rendered":"<ul>\n<li>\n<p data-path-to-node=\"6,0,0\"><b data-path-to-node=\"6,0,0\" data-index-in-node=\"0\">Plus de 10 fa\u00e7ons de le porter\u00a0:<\/b> Un mod\u00e8le extr\u00eamement polyvalent qui peut servir de cache-cou, de bandeau, de masque, de bonnet ou de bracelet.<\/p>\n<\/li>\n<li>\n<p data-path-to-node=\"6,1,0\"><b data-path-to-node=\"6,1,0\" data-index-in-node=\"0\">S\u00e9lection de mat\u00e9riaux haut de gamme :<\/b> Choisissez parmi la microfibre standard, le RPET \u00e9cologique (plastique recycl\u00e9), la polaire d&#039;hiver ou le Coolmax\u00ae haute performance.<\/p>\n<\/li>\n<li>\n<p data-path-to-node=\"6,2,0\"><b data-path-to-node=\"6,2,0\" data-index-in-node=\"0\">Personnalisation int\u00e9grale de la surface\u00a0:<\/b> L&#039;impression par sublimation bord \u00e0 bord permet une infinit\u00e9 de couleurs, de d\u00e9grad\u00e9s et de d\u00e9tails photographiques qui ne s&#039;alt\u00e8rent jamais.<\/p>\n<\/li>\n<li>\n<p data-path-to-node=\"6,3,0\"><b data-path-to-node=\"6,3,0\" data-index-in-node=\"0\">Choix professionnel B2B\u00a0:<\/b> Id\u00e9al pour les \u00e9quipes sportives, les \u00e9v\u00e9nements en plein air et les cadeaux d&#039;entreprise, avec une quantit\u00e9 minimale de commande de seulement 100 unit\u00e9s.<\/p>\n<\/li>\n<\/ul>","protected":false},"featured_media":6373,"comment_status":"closed","ping_status":"closed","template":"","meta":[],"product_brand":[],"product_cat":[123,118],"product_tag":[],"class_list":{"0":"post-5938","1":"product","2":"type-product","3":"status-publish","4":"has-post-thumbnail","6":"product_cat-fan-cheering-items","7":"product_cat-sports-fitness","9":"first","10":"instock","11":"shipping-taxable","12":"purchasable","13":"product-type-simple"},"_links":{"self":[{"href":"https:\/\/displayproducts.eu\/fr\/wp-json\/wp\/v2\/product\/5938","targetHints":{"allow":["GET"]}}],"collection":[{"href":"https:\/\/displayproducts.eu\/fr\/wp-json\/wp\/v2\/product"}],"about":[{"href":"https:\/\/displayproducts.eu\/fr\/wp-json\/wp\/v2\/types\/product"}],"replies":[{"embeddable":true,"href":"https:\/\/displayproducts.eu\/fr\/wp-json\/wp\/v2\/comments?post=5938"}],"wp:featuredmedia":[{"embeddable":true,"href":"https:\/\/displayproducts.eu\/fr\/wp-json\/wp\/v2\/media\/6373"}],"wp:attachment":[{"href":"https:\/\/displayproducts.eu\/fr\/wp-json\/wp\/v2\/media?parent=5938"}],"wp:term":[{"taxonomy":"product_brand","embeddable":true,"href":"https:\/\/displayproducts.eu\/fr\/wp-json\/wp\/v2\/product_brand?post=5938"},{"taxonomy":"product_cat","embeddable":true,"href":"https:\/\/displayproducts.eu\/fr\/wp-json\/wp\/v2\/product_cat?post=5938"},{"taxonomy":"product_tag","embeddable":true,"href":"https:\/\/displayproducts.eu\/fr\/wp-json\/wp\/v2\/product_tag?post=5938"}],"curies":[{"name":"wp","href":"https:\/\/api.w.org\/{rel}","templated":true}]}}