{"id":5935,"date":"2025-12-16T13:44:25","date_gmt":"2025-12-16T10:44:25","guid":{"rendered":"https:\/\/wristbandfactory.eu\/?post_type=product&#038;p=5935"},"modified":"2026-04-01T21:52:03","modified_gmt":"2026-04-01T18:52:03","slug":"soft-pvc-nfc-keychains-custom-shape-full-color","status":"publish","type":"product","link":"https:\/\/displayproducts.eu\/fr\/p\/soft-pvc-nfc-keychains-custom-shape-full-color\/","title":{"rendered":"Porte-cl\u00e9s NFC en PVC souple \u2013 Forme personnalis\u00e9e"},"content":{"rendered":"<p data-path-to-node=\"17\">Transformez un objet publicitaire classique en un puissant outil de marketing digital. Nos porte-cl\u00e9s NFC personnalis\u00e9s en PVC souple allient le charme tactile d&#039;un porte-cl\u00e9s en caoutchouc r\u00e9sistant et personnalis\u00e9 \u00e0 une technologie sans contact de pointe. Id\u00e9aux pour les campagnes marketing modernes, ces porte-cl\u00e9s permettent aux utilisateurs d&#039;acc\u00e9der instantan\u00e9ment \u00e0 votre site web, application ou programme de fid\u00e9lit\u00e9 en approchant leur smartphone.<\/p>\n<p data-path-to-node=\"18\"><b>Forme et design enti\u00e8rement personnalis\u00e9s<\/b> Ne vous contentez pas de formes g\u00e9om\u00e9triques standard. Nous fa\u00e7onnons ces porte-cl\u00e9s en <b>votre logo ou forme de produit sp\u00e9cifique<\/b> (Jusqu&#039;\u00e0 5 \u00d7 5 cm). Fabriqu\u00e9 en PVC souple de haute qualit\u00e9, ce mat\u00e9riau est durable, flexible et doux au toucher. Votre design est reproduit en couleurs vives sur les deux faces, garantissant une visibilit\u00e9 optimale de votre marque sous tous les angles.<\/p>\n<p data-path-to-node=\"19\"><b>Int\u00e9gration NFC intelligente<\/b> Dissimul\u00e9e dans les couches de PVC se trouve une puce NFC programmable dot\u00e9e d&#039;une antenne de 2,5 x 2,5 cm. Ceci permet une utilisation simplifi\u00e9e \u201c\u00a0sans contact\u00a0\u201d, sans piles ni recharge.<\/p>\n<ul data-path-to-node=\"20\">\n<li>\n<p data-path-to-node=\"20,0,0\"><b>Commercialisation:<\/b> Dirigez le trafic vers votre page de destination ou vos r\u00e9seaux sociaux.<\/p>\n<\/li>\n<li>\n<p data-path-to-node=\"20,1,0\"><b>\u00c9v\u00e9nements:<\/b> \u00c0 utiliser pour les enregistrements num\u00e9riques ou les participations \u00e0 des concours.<\/p>\n<\/li>\n<li>\n<p data-path-to-node=\"20,2,0\"><b>Loyaut\u00e9:<\/b> Activer la num\u00e9risation instantan\u00e9e des r\u00e9compenses client.<\/p>\n<\/li>\n<\/ul>\n<p data-path-to-node=\"21\"><b>Options d&#039;emballage<\/b><\/p>\n<ul data-path-to-node=\"22\">\n<li>\n<p data-path-to-node=\"22,0,0\"><b>Standard:<\/b> Emball\u00e9s individuellement dans du papier de soie protecteur pour \u00e9viter qu&#039;ils ne collent.<\/p>\n<\/li>\n<li>\n<p data-path-to-node=\"22,1,0\"><b>Pr\u00eat pour la vente au d\u00e9tail\u00a0:<\/b> Carte en papier recto-verso en couleur (en option) avec sachet plastique pour une exp\u00e9rience de d\u00e9ballage haut de gamme.<\/p>\n<\/li>\n<\/ul>\n<p data-path-to-node=\"23\"><b>Caract\u00e9ristiques principales :<\/b><\/p>\n<ul data-path-to-node=\"24\">\n<li>\n<p data-path-to-node=\"24,0,0\"><b>Mat\u00e9riel:<\/b> PVC souple sans phtalates.<\/p>\n<\/li>\n<li>\n<p data-path-to-node=\"24,1,0\"><b>Technologie:<\/b> Puce NFC int\u00e9gr\u00e9e (compatible avec la plupart des smartphones modernes).<\/p>\n<\/li>\n<li>\n<p data-path-to-node=\"24,2,0\"><b>Personnalisation:<\/b> 100% forme ext\u00e9rieure personnalis\u00e9e.<\/p>\n<\/li>\n<li>\n<p data-path-to-node=\"24,3,0\"><b>Durabilit\u00e9:<\/b> Surface imperm\u00e9able et r\u00e9sistante aux rayures.<\/p>\n<\/li>\n<li>\n<p data-path-to-node=\"24,4,0\"><b>De gros:<\/b> Conditionn\u00e9 en vrac pour une distribution facile.<\/p>\n<\/li>\n<\/ul>","protected":false},"excerpt":{"rendered":"<ul data-path-to-node=\"13\">\n<li>\n<p data-path-to-node=\"13,0,0\"><b>Mat\u00e9riel:<\/b> Caoutchouc PVC souple et flexible dans votre propre forme personnalis\u00e9e (max 5\u00d75 cm).<\/p>\n<\/li>\n<li>\n<p data-path-to-node=\"13,1,0\"><b>Technologie:<\/b> Puce NFC int\u00e9gr\u00e9e (antenne de 2,5 \u00d7 2,5 cm) pour l&#039;engagement num\u00e9rique.<\/p>\n<\/li>\n<li>\n<p data-path-to-node=\"13,2,0\"><b>Conception:<\/b> Impression en couleur recto verso (m\u00eame motif).<\/p>\n<\/li>\n<li>\n<p data-path-to-node=\"13,3,0\"><b>Cas d&#039;utilisation :<\/b> Lancement d&#039;applications, programmes de fid\u00e9lit\u00e9 et liens vers les r\u00e9seaux sociaux.<\/p>\n<\/li>\n<\/ul>","protected":false},"featured_media":6380,"comment_status":"closed","ping_status":"closed","template":"","meta":[],"product_brand":[],"product_cat":[94],"product_tag":[],"class_list":{"0":"post-5935","1":"product","2":"type-product","3":"status-publish","4":"has-post-thumbnail","6":"product_cat-keychains","8":"first","9":"instock","10":"shipping-taxable","11":"purchasable","12":"product-type-simple"},"_links":{"self":[{"href":"https:\/\/displayproducts.eu\/fr\/wp-json\/wp\/v2\/product\/5935","targetHints":{"allow":["GET"]}}],"collection":[{"href":"https:\/\/displayproducts.eu\/fr\/wp-json\/wp\/v2\/product"}],"about":[{"href":"https:\/\/displayproducts.eu\/fr\/wp-json\/wp\/v2\/types\/product"}],"replies":[{"embeddable":true,"href":"https:\/\/displayproducts.eu\/fr\/wp-json\/wp\/v2\/comments?post=5935"}],"wp:featuredmedia":[{"embeddable":true,"href":"https:\/\/displayproducts.eu\/fr\/wp-json\/wp\/v2\/media\/6380"}],"wp:attachment":[{"href":"https:\/\/displayproducts.eu\/fr\/wp-json\/wp\/v2\/media?parent=5935"}],"wp:term":[{"taxonomy":"product_brand","embeddable":true,"href":"https:\/\/displayproducts.eu\/fr\/wp-json\/wp\/v2\/product_brand?post=5935"},{"taxonomy":"product_cat","embeddable":true,"href":"https:\/\/displayproducts.eu\/fr\/wp-json\/wp\/v2\/product_cat?post=5935"},{"taxonomy":"product_tag","embeddable":true,"href":"https:\/\/displayproducts.eu\/fr\/wp-json\/wp\/v2\/product_tag?post=5935"}],"curies":[{"name":"wp","href":"https:\/\/api.w.org\/{rel}","templated":true}]}}