{"id":5824,"date":"2025-12-11T12:42:06","date_gmt":"2025-12-11T09:42:06","guid":{"rendered":"https:\/\/wristbandfactory.eu\/?post_type=product&#038;p=5824"},"modified":"2026-04-01T21:52:35","modified_gmt":"2026-04-01T18:52:35","slug":"embossed-silicone-wristbands-raised-3d-effect","status":"publish","type":"product","link":"https:\/\/displayproducts.eu\/fr\/p\/embossed-silicone-wristbands-raised-3d-effect\/","title":{"rendered":"Bracelets en silicone \u2013 En relief \/ 3D"},"content":{"rendered":"<p data-path-to-node=\"10\"><b>D\u00e9marquez-vous avec une finition 3D<\/b><\/p>\n<p data-path-to-node=\"11\"><b>Bracelets en silicone gaufr\u00e9s<\/b> Nous proposons une version originale du bracelet caritatif classique. Au lieu de graver le texte \u00e0 l&#039;int\u00e9rieur, nous utilisons un moule sur mesure pour faire ressortir votre motif sur la surface du bracelet. Le r\u00e9sultat est saisissant. <b>Effet de relief 3D<\/b> qui est \u00e0 la fois visuellement distincte et tactile.<\/p>\n<p data-path-to-node=\"12\"><b>Comment c&#039;est fabriqu\u00e9<\/b> Nous fabriquons ces bracelets gr\u00e2ce \u00e0 un proc\u00e9d\u00e9 de moulage sp\u00e9cialis\u00e9 o\u00f9 le silicone est press\u00e9 dans une forme qui cr\u00e9e un lettrage en relief. Le logo \u00e9tant r\u00e9alis\u00e9 dans le m\u00eame silicone que le bracelet, il est parfaitement visible. <b>permanent physique<\/b> et ne peut ni se fissurer, ni s&#039;\u00e9cailler, ni se d\u00e9colorer.<\/p>\n<p data-path-to-node=\"13\"><b>Style de design<\/b> Les bandes en relief sont g\u00e9n\u00e9ralement produites en une seule couleur (monotone), le texte en relief cr\u00e9ant un subtil effet d&#039;ombre. Il en r\u00e9sulte un <b>Un style \u00e9pur\u00e9, moderne et discret<\/b> qui est pris\u00e9e pour les \u00e9v\u00e9nements d&#039;entreprise, les abonnements aux salles de sport et les activations de marques haut de gamme.<\/p>\n<p data-path-to-node=\"14\"><b>Personnalisation<\/b><\/p>\n<ul data-path-to-node=\"15\">\n<li>\n<p data-path-to-node=\"15,0,0\"><b>Couleur:<\/b> Associez le bracelet \u00e0 n&#039;importe quelle r\u00e9f\u00e9rence Pantone (PMS).<\/p>\n<\/li>\n<li>\n<p data-path-to-node=\"15,1,0\"><b>Texte:<\/b> Id\u00e9al pour les polices de caract\u00e8res grasses et les logos sans impressions (les d\u00e9tails fins sont plus difficiles \u00e0 mettre en valeur).<\/p>\n<\/li>\n<\/ul>\n<p data-path-to-node=\"16\"><b>Caract\u00e9ristiques principales :<\/b><\/p>\n<ul data-path-to-node=\"17\">\n<li>\n<p data-path-to-node=\"17,0,0\"><b>Style:<\/b> En relief (3D).<\/p>\n<\/li>\n<li>\n<p data-path-to-node=\"17,1,0\"><b>Mat\u00e9riel:<\/b> Silicone de qualit\u00e9 m\u00e9dicale 100%.<\/p>\n<\/li>\n<li>\n<p data-path-to-node=\"17,2,0\"><b>Durabilit\u00e9:<\/b> Extr\u00eame (Aucune encre ne s&#039;efface).<\/p>\n<\/li>\n<li>\n<p data-path-to-node=\"17,3,0\"><b>Effet:<\/b> Un branding haut de gamme et discret.<\/p>\n<\/li>\n<\/ul>","protected":false},"excerpt":{"rendered":"<ul>\n<li>\n<p data-path-to-node=\"8,0,0\"><b>Effet 3D en relief :<\/b> Votre logo et votre texte se d\u00e9tachent physiquement de la surface du bracelet.<\/p>\n<\/li>\n<li>\n<p data-path-to-node=\"8,1,0\"><b>Exp\u00e9rience tactile :<\/b> Offre une texture unique et granuleuse que les utilisateurs peuvent sentir.<\/p>\n<\/li>\n<li>\n<p data-path-to-node=\"8,2,0\"><b>Marquage permanent\u00a0:<\/b> Le motif est moul\u00e9 dans le bracelet, il ne s&#039;effacera donc jamais.<\/p>\n<\/li>\n<li>\n<p data-path-to-node=\"8,3,0\"><b>Subtil et haut de gamme :<\/b> Id\u00e9al pour les marques souhaitant un style sophistiqu\u00e9 et monochrome sans encre<\/p>\n<\/li>\n<\/ul>","protected":false},"featured_media":5825,"comment_status":"closed","ping_status":"closed","template":"","meta":[],"product_brand":[],"product_cat":[49],"product_tag":[],"class_list":{"0":"post-5824","1":"product","2":"type-product","3":"status-publish","4":"has-post-thumbnail","6":"product_cat-silicone","8":"first","9":"instock","10":"shipping-taxable","11":"purchasable","12":"product-type-simple"},"_links":{"self":[{"href":"https:\/\/displayproducts.eu\/fr\/wp-json\/wp\/v2\/product\/5824","targetHints":{"allow":["GET"]}}],"collection":[{"href":"https:\/\/displayproducts.eu\/fr\/wp-json\/wp\/v2\/product"}],"about":[{"href":"https:\/\/displayproducts.eu\/fr\/wp-json\/wp\/v2\/types\/product"}],"replies":[{"embeddable":true,"href":"https:\/\/displayproducts.eu\/fr\/wp-json\/wp\/v2\/comments?post=5824"}],"wp:featuredmedia":[{"embeddable":true,"href":"https:\/\/displayproducts.eu\/fr\/wp-json\/wp\/v2\/media\/5825"}],"wp:attachment":[{"href":"https:\/\/displayproducts.eu\/fr\/wp-json\/wp\/v2\/media?parent=5824"}],"wp:term":[{"taxonomy":"product_brand","embeddable":true,"href":"https:\/\/displayproducts.eu\/fr\/wp-json\/wp\/v2\/product_brand?post=5824"},{"taxonomy":"product_cat","embeddable":true,"href":"https:\/\/displayproducts.eu\/fr\/wp-json\/wp\/v2\/product_cat?post=5824"},{"taxonomy":"product_tag","embeddable":true,"href":"https:\/\/displayproducts.eu\/fr\/wp-json\/wp\/v2\/product_tag?post=5824"}],"curies":[{"name":"wp","href":"https:\/\/api.w.org\/{rel}","templated":true}]}}