{"id":5822,"date":"2025-12-11T12:39:16","date_gmt":"2025-12-11T09:39:16","guid":{"rendered":"https:\/\/wristbandfactory.eu\/?post_type=product&#038;p=5822"},"modified":"2026-04-01T21:52:35","modified_gmt":"2026-04-01T18:52:35","slug":"debossed-silicone-wristbands-colour-filled-engraved","status":"publish","type":"product","link":"https:\/\/displayproducts.eu\/fr\/p\/debossed-silicone-wristbands-colour-filled-engraved\/","title":{"rendered":"Bracelets en silicone \u2013 Grav\u00e9s \/ Color\u00e9s"},"content":{"rendered":"<p data-path-to-node=\"10\"><b>La norme industrielle en mati\u00e8re de long\u00e9vit\u00e9<\/b><\/p>\n<p data-path-to-node=\"11\"><b>Bracelets color\u00e9s en relief<\/b> Ces bracelets sont le choix id\u00e9al pour les marques et les organisations qui recherchent une solution durable. Contrairement aux bracelets imprim\u00e9s classiques o\u00f9 l&#039;encre reste en surface, leur fabrication en deux \u00e9tapes garantit la long\u00e9vit\u00e9 de votre message.<\/p>\n<p data-path-to-node=\"12\"><b>Comment c&#039;est fabriqu\u00e9<\/b><\/p>\n<ol start=\"1\" data-path-to-node=\"13\">\n<li>\n<p data-path-to-node=\"13,0,0\"><b>Gravure (d\u00e9bossage) :<\/b> Nous cr\u00e9ons un moule sur mesure pour graver votre logo et votre texte en profondeur dans le bracelet en silicone.<\/p>\n<\/li>\n<li>\n<p data-path-to-node=\"13,1,0\"><b>Remplissage couleur :<\/b> Les zones en retrait sont ensuite remplies manuellement avec une encre silicone sp\u00e9ciale et durable de couleur contrastante.<\/p>\n<\/li>\n<\/ol>\n<p data-path-to-node=\"14\"><b>Pourquoi choisir le gaufrage ?<\/b> Du fait de son int\u00e9gration sous la surface, le dispositif est physiquement prot\u00e9g\u00e9 des frottements et de l&#039;usure. Cela en fait la seule option viable pour <b>campagnes de sensibilisation \u00e0 long terme, articles promouvant l&#039;esprit d&#039;\u00e9cole et collectes de fonds<\/b> o\u00f9 le bracelet est port\u00e9 quotidiennement pendant des mois, voire des ann\u00e9es.<\/p>\n<p data-path-to-node=\"15\"><b>Personnalisation<\/b> Nous pouvons assortir le bracelet en silicone \u00e0 n&#039;importe quelle <b>Pantone (PMS)<\/b> Coloriez et remplissez le texte grav\u00e9 avec n&#039;importe quelle teinte Pantone contrastante pour qu&#039;il corresponde parfaitement \u00e0 votre identit\u00e9 de marque.<\/p>\n<p data-path-to-node=\"16\"><b>Caract\u00e9ristiques principales :<\/b><\/p>\n<ul data-path-to-node=\"17\">\n<li>\n<p data-path-to-node=\"17,0,0\"><b>Style:<\/b> En creux et rempli d&#039;encre.<\/p>\n<\/li>\n<li>\n<p data-path-to-node=\"17,1,0\"><b>Mat\u00e9riel:<\/b> Silicone de qualit\u00e9 m\u00e9dicale 100%.<\/p>\n<\/li>\n<li>\n<p data-path-to-node=\"17,2,0\"><b>Durabilit\u00e9:<\/b> Extr\u00eame (Conception r\u00e9sistante \u00e0 l&#039;usure).<\/p>\n<\/li>\n<li>\n<p data-path-to-node=\"17,3,0\"><b>Tailles:<\/b> Adulte (202 mm) et Jeune (180 mm).<\/p>\n<\/li>\n<\/ul>","protected":false},"excerpt":{"rendered":"<ul>\n<li>\n<p data-path-to-node=\"8,0,0\"><b>Durabilit\u00e9 maximale :<\/b> Votre logo est grav\u00e9 en profondeur (en creux) dans le silicone, ce qui le rend impossible \u00e0 effacer.<\/p>\n<\/li>\n<li>\n<p data-path-to-node=\"8,1,0\"><b>Couleur remplie :<\/b> Le texte grav\u00e9 est rempli d&#039;encre silicone contrastante pour un rendu \u00e9clatant et percutant.<\/p>\n<\/li>\n<li>\n<p data-path-to-node=\"8,2,0\"><b>Sensation haut de gamme :<\/b> Offre une finition tactile en 3D souvent associ\u00e9e aux campagnes caritatives haut de gamme (par exemple, Livestrong).<\/p>\n<\/li>\n<li>\n<p data-path-to-node=\"8,3,0\"><b>Marquage permanent\u00a0:<\/b> Id\u00e9al pour un port prolong\u00e9 (mois ou ann\u00e9es) sans d\u00e9coloration.<\/p>\n<\/li>\n<\/ul>","protected":false},"featured_media":5823,"comment_status":"closed","ping_status":"closed","template":"","meta":[],"product_brand":[],"product_cat":[49],"product_tag":[],"class_list":{"0":"post-5822","1":"product","2":"type-product","3":"status-publish","4":"has-post-thumbnail","6":"product_cat-silicone","8":"first","9":"instock","10":"shipping-taxable","11":"purchasable","12":"product-type-simple"},"_links":{"self":[{"href":"https:\/\/displayproducts.eu\/fr\/wp-json\/wp\/v2\/product\/5822","targetHints":{"allow":["GET"]}}],"collection":[{"href":"https:\/\/displayproducts.eu\/fr\/wp-json\/wp\/v2\/product"}],"about":[{"href":"https:\/\/displayproducts.eu\/fr\/wp-json\/wp\/v2\/types\/product"}],"replies":[{"embeddable":true,"href":"https:\/\/displayproducts.eu\/fr\/wp-json\/wp\/v2\/comments?post=5822"}],"wp:featuredmedia":[{"embeddable":true,"href":"https:\/\/displayproducts.eu\/fr\/wp-json\/wp\/v2\/media\/5823"}],"wp:attachment":[{"href":"https:\/\/displayproducts.eu\/fr\/wp-json\/wp\/v2\/media?parent=5822"}],"wp:term":[{"taxonomy":"product_brand","embeddable":true,"href":"https:\/\/displayproducts.eu\/fr\/wp-json\/wp\/v2\/product_brand?post=5822"},{"taxonomy":"product_cat","embeddable":true,"href":"https:\/\/displayproducts.eu\/fr\/wp-json\/wp\/v2\/product_cat?post=5822"},{"taxonomy":"product_tag","embeddable":true,"href":"https:\/\/displayproducts.eu\/fr\/wp-json\/wp\/v2\/product_tag?post=5822"}],"curies":[{"name":"wp","href":"https:\/\/api.w.org\/{rel}","templated":true}]}}