{"id":5820,"date":"2025-12-11T12:35:46","date_gmt":"2025-12-11T09:35:46","guid":{"rendered":"https:\/\/wristbandfactory.eu\/?post_type=product&#038;p=5820"},"modified":"2026-04-01T21:52:03","modified_gmt":"2026-04-01T18:52:03","slug":"printed-silicone-wristbands-custom-screen-print","status":"publish","type":"product","link":"https:\/\/displayproducts.eu\/fr\/p\/printed-silicone-wristbands-custom-screen-print\/","title":{"rendered":"Bracelets en silicone \u2013 Imprim\u00e9s"},"content":{"rendered":"<p data-path-to-node=\"12\"><b>Le choix classique pour le branding promotionnel<\/b><\/p>\n<p data-path-to-node=\"13\"><b>Bracelets en silicone imprim\u00e9s<\/b> Elles sont le choix le plus populaire pour les campagnes marketing, les salons professionnels et les \u00e9v\u00e9nements o\u00f9 la visibilit\u00e9 et le budget sont primordiaux. Contrairement aux bracelets grav\u00e9s, elles arborent votre design. <b>s\u00e9rigraphi\u00e9 directement sur la surface lisse<\/b> en silicone, offrant une finition nette et pr\u00e9cise qui attire l&#039;attention.<\/p>\n<p data-path-to-node=\"14\"><b>Options de couleurs illimit\u00e9es<\/b> Nous offrons une flexibilit\u00e9 de personnalisation totale. Vous pouvez choisir n&#039;importe quel produit. <b>Couleur Pantone (PMS)<\/b> Pour le bracelet en silicone lui-m\u00eame, choisissez une couleur d&#039;encre contrastante pour votre logo et votre texte. Cela garantit la conformit\u00e9 de 100% \u00e0 votre identit\u00e9 visuelle.<\/p>\n<p data-path-to-node=\"15\"><b>Mati\u00e8re et confort<\/b> Fabriqu\u00e9 \u00e0 partir de <b>100% Silicone de haute qualit\u00e9, sans latex<\/b>, Ces bracelets sont imperm\u00e9ables, r\u00e9sistants \u00e0 la chaleur et suffisamment confortables pour \u00eatre port\u00e9s toute la journ\u00e9e. Ils sont assez r\u00e9sistants pour des \u00e9v\u00e9nements de plusieurs jours, mais sont avant tout con\u00e7us comme des articles promotionnels \u00e9conomiques.<\/p>\n<p data-path-to-node=\"16\"><i>Remarque : Pour une utilisation quotidienne prolong\u00e9e (mois\/ann\u00e9es), nous recommandons nos bracelets \u201c en relief \u201d, car l&#039;impression en surface peut finir par s&#039;user en cas de frottement important.<\/i><\/p>\n<p data-path-to-node=\"17\"><b>Caract\u00e9ristiques principales :<\/b><\/p>\n<ul data-path-to-node=\"18\">\n<li>\n<p data-path-to-node=\"18,0,0\"><b>M\u00e9thode:<\/b> Impression s\u00e9rigraphique de haute pr\u00e9cision.<\/p>\n<\/li>\n<li>\n<p data-path-to-node=\"18,1,0\"><b>Mat\u00e9riel:<\/b> 100% Silicone souple (non toxique).<\/p>\n<\/li>\n<li>\n<p data-path-to-node=\"18,2,0\"><b>Taille:<\/b> Adulte standard (202x12x2mm) et Jeune (180x12x2mm).<\/p>\n<\/li>\n<li>\n<p data-path-to-node=\"18,3,0\"><b>Cas d&#039;utilisation :<\/b> Distributions de cadeaux, campagnes de sensibilisation, festivals.<\/p>\n<\/li>\n<\/ul>","protected":false},"excerpt":{"rendered":"<ul data-path-to-node=\"10\">\n<li>\n<p data-path-to-node=\"10,0,0\"><b>Haute visibilit\u00e9 :<\/b> L&#039;impression s\u00e9rigraphique nette permet \u00e0 votre logo de ressortir clairement sur la surface.<\/p>\n<\/li>\n<li>\n<p data-path-to-node=\"10,1,0\"><b>Correspondance Pantone\u00a0:<\/b> Nous adaptons la couleur du bracelet en silicone et celle de l&#039;encre \u00e0 votre charte graphique.<\/p>\n<\/li>\n<li>\n<p data-path-to-node=\"10,2,0\"><b>Rentable :<\/b> L&#039;option la plus \u00e9conomique pour les promotions et les distributions de cadeaux \u00e0 grande \u00e9chelle.<\/p>\n<\/li>\n<li>\n<p data-path-to-node=\"10,3,0\"><b>D\u00e9lai d&#039;ex\u00e9cution rapide\u00a0:<\/b> Des d\u00e9lais de production plus courts qu&#039;avec les moules en creux ou en relief.<\/p>\n<\/li>\n<\/ul>","protected":false},"featured_media":5821,"comment_status":"closed","ping_status":"closed","template":"","meta":[],"product_brand":[],"product_cat":[49],"product_tag":[],"class_list":{"0":"post-5820","1":"product","2":"type-product","3":"status-publish","4":"has-post-thumbnail","6":"product_cat-silicone","8":"first","9":"instock","10":"shipping-taxable","11":"purchasable","12":"product-type-simple"},"_links":{"self":[{"href":"https:\/\/displayproducts.eu\/fr\/wp-json\/wp\/v2\/product\/5820","targetHints":{"allow":["GET"]}}],"collection":[{"href":"https:\/\/displayproducts.eu\/fr\/wp-json\/wp\/v2\/product"}],"about":[{"href":"https:\/\/displayproducts.eu\/fr\/wp-json\/wp\/v2\/types\/product"}],"replies":[{"embeddable":true,"href":"https:\/\/displayproducts.eu\/fr\/wp-json\/wp\/v2\/comments?post=5820"}],"wp:featuredmedia":[{"embeddable":true,"href":"https:\/\/displayproducts.eu\/fr\/wp-json\/wp\/v2\/media\/5821"}],"wp:attachment":[{"href":"https:\/\/displayproducts.eu\/fr\/wp-json\/wp\/v2\/media?parent=5820"}],"wp:term":[{"taxonomy":"product_brand","embeddable":true,"href":"https:\/\/displayproducts.eu\/fr\/wp-json\/wp\/v2\/product_brand?post=5820"},{"taxonomy":"product_cat","embeddable":true,"href":"https:\/\/displayproducts.eu\/fr\/wp-json\/wp\/v2\/product_cat?post=5820"},{"taxonomy":"product_tag","embeddable":true,"href":"https:\/\/displayproducts.eu\/fr\/wp-json\/wp\/v2\/product_tag?post=5820"}],"curies":[{"name":"wp","href":"https:\/\/api.w.org\/{rel}","templated":true}]}}