{"id":5819,"date":"2025-12-11T12:22:13","date_gmt":"2025-12-11T09:22:13","guid":{"rendered":"https:\/\/wristbandfactory.eu\/?post_type=product&#038;p=5819"},"modified":"2026-04-01T21:52:35","modified_gmt":"2026-04-01T18:52:35","slug":"linen-fabric-wristbands-custom-woven-printed","status":"publish","type":"product","link":"https:\/\/displayproducts.eu\/fr\/p\/linen-fabric-wristbands-custom-woven-printed\/","title":{"rendered":"Bracelets en tissu (Lin) \u2013 Avec logo"},"content":{"rendered":"<p data-path-to-node=\"10\"><b>L&#039;\u00e9l\u00e9gance au service du d\u00e9veloppement durable<\/b><\/p>\n<p data-path-to-node=\"11\">Pour les \u00e9v\u00e9nements qui exigent une certaine sophistication sans compromettre les valeurs \u00e9cologiques, <b>Bracelets en tissu de lin<\/b> Le lin est le choix par excellence. Fabriqu\u00e9 \u00e0 partir des fibres de la plante de lin, il est l&#039;un des textiles les plus anciens et les plus durables au monde, pris\u00e9 pour sa r\u00e9sistance, son absorption et sa fra\u00eecheur.<\/p>\n<p data-path-to-node=\"12\"><b>Un aspect textur\u00e9 unique<\/b> Le lin se distingue par son tissage naturel, l\u00e9g\u00e8rement irr\u00e9gulier, et son fini mat. Cette texture \u201c parfaitement imparfaite \u201d conf\u00e8re au bracelet un caract\u00e8re authentique et organique que les mati\u00e8res synth\u00e9tiques ne peuvent imiter. C&#039;est le choix de pr\u00e9dilection pour <b>Mariages de luxe, festivals intimistes et s\u00e9minaires d&#039;entreprise haut de gamme<\/b>.<\/p>\n<p data-path-to-node=\"13\"><b>Image de marque et design<\/b> Pour mettre en valeur le grain naturel du tissu, nous recommandons\u00a0:<\/p>\n<ul data-path-to-node=\"14\">\n<li>\n<p data-path-to-node=\"14,0,0\"><b>Impression s\u00e9rigraphique :<\/b> Utilisez des imprim\u00e9s sombres et monochromes (comme le bleu marine, le noir ou le vert for\u00eat) pour un contraste marqu\u00e9 avec le fond blanc cass\u00e9 naturel ou en lin teint.<\/p>\n<\/li>\n<li>\n<p data-path-to-node=\"14,1,0\"><b>Tiss\u00e9 (broderie) :<\/b> Un tissage subtil et ton sur ton cr\u00e9e un effet de marque discret et \u00e9l\u00e9gant.<\/p>\n<\/li>\n<\/ul>\n<p data-path-to-node=\"15\"><b>S\u00fbr et \u00e9cologique<\/b> Associez-le \u00e0 notre <b>Verrou \u00e9cologique en bambou<\/b> Pour conserver un profil 100% sans plastique. Pour un contr\u00f4le d&#039;acc\u00e8s s\u00e9curis\u00e9, les verrous coulissants haute s\u00e9curit\u00e9 standard sont \u00e9galement compatibles.<\/p>\n<p data-path-to-node=\"16\"><b>Caract\u00e9ristiques principales :<\/b><\/p>\n<ul data-path-to-node=\"17\">\n<li>\n<p data-path-to-node=\"17,0,0\"><b>Mat\u00e9riel:<\/b> 100% Lin naturel (Lin).<\/p>\n<\/li>\n<li>\n<p data-path-to-node=\"17,1,0\"><b>Sentir:<\/b> Frais au toucher, il s&#039;adoucit \u00e0 l&#039;usage.<\/p>\n<\/li>\n<li>\n<p data-path-to-node=\"17,2,0\"><b>\u00c9co-\u00e9valuation :<\/b> Faible empreinte hydrique, biod\u00e9gradable.<\/p>\n<\/li>\n<li>\n<p data-path-to-node=\"17,3,0\"><b>Durabilit\u00e9:<\/b> Plus r\u00e9sistant que le coton, tr\u00e8s r\u00e9sistant \u00e0 la d\u00e9chirure.<\/p>\n<\/li>\n<\/ul>","protected":false},"excerpt":{"rendered":"<ul>\n<li>\n<p data-path-to-node=\"8,0,0\"><b>Fibres naturelles de premi\u00e8re qualit\u00e9 :<\/b> Fabriqu\u00e9 \u00e0 partir de fibres de lin de haute qualit\u00e9, offrant un aspect mat et sophistiqu\u00e9.<\/p>\n<\/li>\n<li>\n<p data-path-to-node=\"8,1,0\"><b>Confort respirant :<\/b> Son exceptionnelle perm\u00e9abilit\u00e9 \u00e0 l&#039;air en fait l&#039;option la plus agr\u00e9able pour les \u00e9v\u00e9nements estivaux.<\/p>\n<\/li>\n<li>\n<p data-path-to-node=\"8,2,0\"><b>Texture unique :<\/b> Elle pr\u00e9sente la texture \u201c irr\u00e9guli\u00e8re \u201d classique du v\u00e9ritable lin, qui lui conf\u00e8re un aspect organique et haut de gamme.<\/p>\n<\/li>\n<li>\n<p data-path-to-node=\"8,3,0\"><b>100% Durable :<\/b> Enti\u00e8rement biod\u00e9gradable et cultiv\u00e9e avec une consommation d&#039;eau minimale.<\/p>\n<\/li>\n<\/ul>","protected":false},"featured_media":5826,"comment_status":"closed","ping_status":"closed","template":"","meta":[],"product_brand":[],"product_cat":[133,47],"product_tag":[],"class_list":{"0":"post-5819","1":"product","2":"type-product","3":"status-publish","4":"has-post-thumbnail","6":"product_cat-eco-friendly-wristbands","7":"product_cat-fabric-wristbands","9":"first","10":"instock","11":"shipping-taxable","12":"purchasable","13":"product-type-simple"},"_links":{"self":[{"href":"https:\/\/displayproducts.eu\/fr\/wp-json\/wp\/v2\/product\/5819","targetHints":{"allow":["GET"]}}],"collection":[{"href":"https:\/\/displayproducts.eu\/fr\/wp-json\/wp\/v2\/product"}],"about":[{"href":"https:\/\/displayproducts.eu\/fr\/wp-json\/wp\/v2\/types\/product"}],"replies":[{"embeddable":true,"href":"https:\/\/displayproducts.eu\/fr\/wp-json\/wp\/v2\/comments?post=5819"}],"wp:featuredmedia":[{"embeddable":true,"href":"https:\/\/displayproducts.eu\/fr\/wp-json\/wp\/v2\/media\/5826"}],"wp:attachment":[{"href":"https:\/\/displayproducts.eu\/fr\/wp-json\/wp\/v2\/media?parent=5819"}],"wp:term":[{"taxonomy":"product_brand","embeddable":true,"href":"https:\/\/displayproducts.eu\/fr\/wp-json\/wp\/v2\/product_brand?post=5819"},{"taxonomy":"product_cat","embeddable":true,"href":"https:\/\/displayproducts.eu\/fr\/wp-json\/wp\/v2\/product_cat?post=5819"},{"taxonomy":"product_tag","embeddable":true,"href":"https:\/\/displayproducts.eu\/fr\/wp-json\/wp\/v2\/product_tag?post=5819"}],"curies":[{"name":"wp","href":"https:\/\/api.w.org\/{rel}","templated":true}]}}