{"id":5818,"date":"2025-12-11T12:18:31","date_gmt":"2025-12-11T09:18:31","guid":{"rendered":"https:\/\/wristbandfactory.eu\/?post_type=product&#038;p=5818"},"modified":"2026-04-01T21:52:35","modified_gmt":"2026-04-01T18:52:35","slug":"hemp-fabric-wristbands-custom-woven-printed","status":"publish","type":"product","link":"https:\/\/displayproducts.eu\/fr\/p\/hemp-fabric-wristbands-custom-woven-printed\/","title":{"rendered":"Bracelets en tissu (Chanvre) \u2013 Avec logo"},"content":{"rendered":"<p data-path-to-node=\"11\"><b>Le choix naturel le plus fort<\/b><\/p>\n<p data-path-to-node=\"12\">Affirmez-vous avec audace <b>Bracelets en tissu de chanvre<\/b>, l&#039;option la plus r\u00e9sistante de notre gamme \u00e9cologique. Les fibres de chanvre sont r\u00e9put\u00e9es pour leur solidit\u00e9, ce qui rend ces bracelets parfaits pour les festivals en plein air, les \u00e9v\u00e9nements d&#039;aventure ou une utilisation prolong\u00e9e o\u00f9 l&#039;usure est un facteur important.<\/p>\n<p data-path-to-node=\"13\"><b>Un look distinctif et \u201c naturel \u201d<\/b> Contrairement \u00e0 la finition lisse du rPET ou \u00e0 la douceur du bambou, le chanvre offre une <b>texture structur\u00e9e et granuleuse<\/b>. Cela conf\u00e8re au bracelet une allure haut de gamme, \u201c artisanale \u201d, qui communique instantan\u00e9ment \u00e0 vos invit\u00e9s un sentiment de durabilit\u00e9 et d&#039;authenticit\u00e9.<\/p>\n<p data-path-to-node=\"14\"><b>Recommandations en mati\u00e8re de marque<\/b> En raison de la texture plus grossi\u00e8re des fibres de chanvre\u00a0:<\/p>\n<ul data-path-to-node=\"15\">\n<li>\n<p data-path-to-node=\"15,0,0\"><b>Impression s\u00e9rigraphique :<\/b> Nous recommandons des imprim\u00e9s audacieux et monochromes (comme le noir ou le vert fonc\u00e9) qui contrastent magnifiquement avec le fond beige\/brun naturel de la fibre.<\/p>\n<\/li>\n<li>\n<p data-path-to-node=\"15,1,0\"><b>Tiss\u00e9 (broderie) :<\/b> Des textes et logos sans impressions peuvent \u00eatre tiss\u00e9s directement dans le bracelet pour une finition permanente.<\/p>\n<\/li>\n<\/ul>\n<p data-path-to-node=\"16\"><b>Quincaillerie \u00e9cologique<\/b> Compl\u00e9tez votre look avec notre <b>Verrou \u00e9cologique en bambou<\/b> ou r\u00e9utilisable <b>Perle en bois<\/b>. Des glissi\u00e8res de s\u00e9curit\u00e9 standard en plastique sont \u00e9galement disponibles si un contr\u00f4le d&#039;acc\u00e8s strict est requis.<\/p>\n<p data-path-to-node=\"17\"><b>Caract\u00e9ristiques principales :<\/b><\/p>\n<ul data-path-to-node=\"18\">\n<li>\n<p data-path-to-node=\"18,0,0\"><b>Mat\u00e9riel:<\/b> 100% Fibre de chanvre naturelle.<\/p>\n<\/li>\n<li>\n<p data-path-to-node=\"18,1,0\"><b>Texture:<\/b> Brut, naturel et tactile.<\/p>\n<\/li>\n<li>\n<p data-path-to-node=\"18,2,0\"><b>Durabilit\u00e9:<\/b> Haute r\u00e9sistance \u00e0 l&#039;\u00e9tirement et \u00e0 l&#039;eau.<\/p>\n<\/li>\n<li>\n<p data-path-to-node=\"18,3,0\"><b>\u00c9co-\u00e9valuation :<\/b> Cycle de croissance \u00e0 bilan carbone n\u00e9gatif, biod\u00e9gradable.<\/p>\n<\/li>\n<\/ul>","protected":false},"excerpt":{"rendered":"<ul data-path-to-node=\"9\">\n<li>\n<p data-path-to-node=\"9,0,0\"><b>Ultra-r\u00e9sistant :<\/b> Le chanvre est l&#039;une des fibres naturelles les plus r\u00e9sistantes, id\u00e9ale pour les \u00e9v\u00e9nements exigeants ou de longue dur\u00e9e.<\/p>\n<\/li>\n<li>\n<p data-path-to-node=\"9,1,0\"><b>Esth\u00e9tique rustique :<\/b> Offre un aspect textur\u00e9 et naturel distinctif qui se d\u00e9marque des mati\u00e8res synth\u00e9tiques lisses.<\/p>\n<\/li>\n<li>\n<p data-path-to-node=\"9,2,0\"><b>100% Durable :<\/b> Cultiv\u00e9 sans pesticides et enti\u00e8rement biod\u00e9gradable.<\/p>\n<\/li>\n<li>\n<p data-path-to-node=\"9,3,0\"><b>Personnalisation de la marque\u00a0:<\/b> Id\u00e9al pour l&#039;impression s\u00e9rigraphique audacieuse ou les motifs tiss\u00e9s sans impressions.<\/p>\n<\/li>\n<\/ul>","protected":false},"featured_media":5827,"comment_status":"closed","ping_status":"closed","template":"","meta":[],"product_brand":[],"product_cat":[133,47],"product_tag":[],"class_list":{"0":"post-5818","1":"product","2":"type-product","3":"status-publish","4":"has-post-thumbnail","6":"product_cat-eco-friendly-wristbands","7":"product_cat-fabric-wristbands","9":"first","10":"instock","11":"shipping-taxable","12":"purchasable","13":"product-type-simple"},"_links":{"self":[{"href":"https:\/\/displayproducts.eu\/fr\/wp-json\/wp\/v2\/product\/5818","targetHints":{"allow":["GET"]}}],"collection":[{"href":"https:\/\/displayproducts.eu\/fr\/wp-json\/wp\/v2\/product"}],"about":[{"href":"https:\/\/displayproducts.eu\/fr\/wp-json\/wp\/v2\/types\/product"}],"replies":[{"embeddable":true,"href":"https:\/\/displayproducts.eu\/fr\/wp-json\/wp\/v2\/comments?post=5818"}],"wp:featuredmedia":[{"embeddable":true,"href":"https:\/\/displayproducts.eu\/fr\/wp-json\/wp\/v2\/media\/5827"}],"wp:attachment":[{"href":"https:\/\/displayproducts.eu\/fr\/wp-json\/wp\/v2\/media?parent=5818"}],"wp:term":[{"taxonomy":"product_brand","embeddable":true,"href":"https:\/\/displayproducts.eu\/fr\/wp-json\/wp\/v2\/product_brand?post=5818"},{"taxonomy":"product_cat","embeddable":true,"href":"https:\/\/displayproducts.eu\/fr\/wp-json\/wp\/v2\/product_cat?post=5818"},{"taxonomy":"product_tag","embeddable":true,"href":"https:\/\/displayproducts.eu\/fr\/wp-json\/wp\/v2\/product_tag?post=5818"}],"curies":[{"name":"wp","href":"https:\/\/api.w.org\/{rel}","templated":true}]}}