{"id":5816,"date":"2025-12-11T12:14:13","date_gmt":"2025-12-11T09:14:13","guid":{"rendered":"https:\/\/wristbandfactory.eu\/?post_type=product&#038;p=5816"},"modified":"2026-04-01T21:52:35","modified_gmt":"2026-04-01T18:52:35","slug":"bamboo-fabric-wristbands-custom-woven-printed","status":"publish","type":"product","link":"https:\/\/displayproducts.eu\/fr\/p\/bamboo-fabric-wristbands-custom-woven-printed\/","title":{"rendered":"Bracelets en tissu (Bambou) \u2013 Avec logo"},"content":{"rendered":"<p data-path-to-node=\"10\"><b>Le choix le plus doux pour des \u00e9v\u00e9nements durables<\/b><\/p>\n<p data-path-to-node=\"11\">Offrez \u00e0 vos invit\u00e9s VIP et \u00e0 vos participants soucieux de l&#039;environnement un confort optimal gr\u00e2ce \u00e0 notre <b>Bracelets en tissu de bambou<\/b>. Fabriqu\u00e9s \u00e0 partir d&#039;une des ressources renouvelables \u00e0 la croissance la plus rapide au monde, ces bracelets allient durabilit\u00e9 et texture soyeuse haut de gamme, offrant une sensation sup\u00e9rieure aux alternatives synth\u00e9tiques.<\/p>\n<p data-path-to-node=\"12\"><b>Pourquoi choisir le bambou ?<\/b> La fibre de bambou est naturellement <b>antibact\u00e9rien, hypoallerg\u00e9nique et \u00e9vacuant l&#039;humidit\u00e9<\/b>. Cela en fait le choix id\u00e9al pour les festivals de plusieurs jours sous les climats chauds ou pour les personnes \u00e0 la peau sensible. Contrairement au plastique, il est respirant et enti\u00e8rement biod\u00e9gradable en fin de vie.<\/p>\n<p data-path-to-node=\"13\"><b>Image de marque et personnalisation<\/b> En raison de la texture mate naturelle du bambou, nous recommandons\u00a0:<\/p>\n<ul data-path-to-node=\"14\">\n<li>\n<p data-path-to-node=\"14,0,0\"><b>Tiss\u00e9 (broderie) :<\/b> L&#039;int\u00e9gration directe de votre logo dans le tissu (jusqu&#039;\u00e0 8 couleurs) cr\u00e9e un look classique et haut de gamme.<\/p>\n<\/li>\n<li>\n<p data-path-to-node=\"14,1,0\"><b>Impression s\u00e9rigraphique :<\/b> Id\u00e9al pour les designs n\u00e9cessitant un texte net ou des couleurs d&#039;accompagnement sp\u00e9cifiques en surface.<\/p>\n<\/li>\n<\/ul>\n<p data-path-to-node=\"15\"><b>S\u00fbr et \u00e9cologique<\/b> Optimisez votre engagement \u00e9cologique en associant ces bracelets \u00e0 nos <b>Verrou \u00e9cologique en bambou<\/b> (50% sans plastique). Nous proposons \u00e9galement des curseurs haute s\u00e9curit\u00e9 standard et des perles en bois r\u00e9utilisables.<\/p>\n<p data-path-to-node=\"16\"><b>Caract\u00e9ristiques principales :<\/b><\/p>\n<ul data-path-to-node=\"17\">\n<li>\n<p data-path-to-node=\"17,0,0\"><b>Mat\u00e9riel:<\/b> 100% Fibre de bambou.<\/p>\n<\/li>\n<li>\n<p data-path-to-node=\"17,1,0\"><b>Sentir:<\/b> Luxueuse, douce et satin\u00e9e.<\/p>\n<\/li>\n<li>\n<p data-path-to-node=\"17,2,0\"><b>\u00c9co-\u00e9valuation :<\/b> Hautement renouvelable et biod\u00e9gradable.<\/p>\n<\/li>\n<li>\n<p data-path-to-node=\"17,3,0\"><b>Usage:<\/b> Id\u00e9al pour les acc\u00e8s VIP, les sommets \u00e9cologiques et les retraites de luxe.<\/p>\n<\/li>\n<\/ul>","protected":false},"excerpt":{"rendered":"<ul>\n<li>\n<p data-path-to-node=\"8,0,0\"><b>Mat\u00e9riau de qualit\u00e9 sup\u00e9rieure :<\/b> Fabriqu\u00e9 \u00e0 partir de fibres de bambou biod\u00e9gradables 100% \u00e0 croissance rapide.<\/p>\n<\/li>\n<li>\n<p data-path-to-node=\"8,1,0\"><b>Confort soyeux :<\/b> Le bracelet le plus doux du march\u00e9 ; naturellement antibact\u00e9rien et hypoallerg\u00e9nique.<\/p>\n<\/li>\n<li>\n<p data-path-to-node=\"8,2,0\"><b>Personnalisation de la marque\u00a0:<\/b> Disponible en version tiss\u00e9e (broderie) ou imprim\u00e9e en s\u00e9rigraphie (correspondance Pantone).<\/p>\n<\/li>\n<li>\n<p data-path-to-node=\"8,3,0\"><b>Durable:<\/b> Une ressource renouvelable qui ne n\u00e9cessite aucun pesticide pour sa culture.<\/p>\n<\/li>\n<\/ul>","protected":false},"featured_media":5828,"comment_status":"closed","ping_status":"closed","template":"","meta":[],"product_brand":[],"product_cat":[133,47],"product_tag":[],"class_list":{"0":"post-5816","1":"product","2":"type-product","3":"status-publish","4":"has-post-thumbnail","6":"product_cat-eco-friendly-wristbands","7":"product_cat-fabric-wristbands","9":"first","10":"instock","11":"shipping-taxable","12":"purchasable","13":"product-type-simple"},"_links":{"self":[{"href":"https:\/\/displayproducts.eu\/fr\/wp-json\/wp\/v2\/product\/5816","targetHints":{"allow":["GET"]}}],"collection":[{"href":"https:\/\/displayproducts.eu\/fr\/wp-json\/wp\/v2\/product"}],"about":[{"href":"https:\/\/displayproducts.eu\/fr\/wp-json\/wp\/v2\/types\/product"}],"replies":[{"embeddable":true,"href":"https:\/\/displayproducts.eu\/fr\/wp-json\/wp\/v2\/comments?post=5816"}],"wp:featuredmedia":[{"embeddable":true,"href":"https:\/\/displayproducts.eu\/fr\/wp-json\/wp\/v2\/media\/5828"}],"wp:attachment":[{"href":"https:\/\/displayproducts.eu\/fr\/wp-json\/wp\/v2\/media?parent=5816"}],"wp:term":[{"taxonomy":"product_brand","embeddable":true,"href":"https:\/\/displayproducts.eu\/fr\/wp-json\/wp\/v2\/product_brand?post=5816"},{"taxonomy":"product_cat","embeddable":true,"href":"https:\/\/displayproducts.eu\/fr\/wp-json\/wp\/v2\/product_cat?post=5816"},{"taxonomy":"product_tag","embeddable":true,"href":"https:\/\/displayproducts.eu\/fr\/wp-json\/wp\/v2\/product_tag?post=5816"}],"curies":[{"name":"wp","href":"https:\/\/api.w.org\/{rel}","templated":true}]}}