{"id":5814,"date":"2025-12-11T12:06:41","date_gmt":"2025-12-11T09:06:41","guid":{"rendered":"https:\/\/wristbandfactory.eu\/?post_type=product&#038;p=5814"},"modified":"2026-04-01T21:52:35","modified_gmt":"2026-04-01T18:52:35","slug":"organic-cotton-wristbands-custom-woven-printed","status":"publish","type":"product","link":"https:\/\/displayproducts.eu\/fr\/p\/organic-cotton-wristbands-custom-woven-printed\/","title":{"rendered":"Bracelets en tissu (Coton) \u2013 Avec logo"},"content":{"rendered":"<p data-path-to-node=\"11\"><b>Le choix naturel pour des \u00e9v\u00e9nements durables<\/b><\/p>\n<p data-path-to-node=\"12\">Rehaussez l&#039;image \u00e9cologique de votre marque gr\u00e2ce \u00e0 notre <b>Bracelets en coton biologique<\/b>. Contrairement aux mati\u00e8res synth\u00e9tiques, ces bracelets sont confectionn\u00e9s en fibres naturelles 100%, offrant un aspect mat et rustique ainsi qu&#039;une douceur exceptionnelle au contact de la peau. Ils constituent la solution id\u00e9ale pour les festivals de plusieurs jours, les s\u00e9jours VIP et les marques souhaitant v\u00e9hiculer une image z\u00e9ro d\u00e9chet.<\/p>\n<p data-path-to-node=\"13\"><b>Confort et durabilit\u00e9 r\u00e9unis<\/b> Le coton est naturellement respirant et hypoallerg\u00e9nique, ce qui en fait l&#039;option la plus confortable pour un port prolong\u00e9. Il ne provoque ni irritation ni transpiration, garantissant ainsi une exp\u00e9rience optimale \u00e0 vos invit\u00e9s.<\/p>\n<p data-path-to-node=\"14\"><b>Options de marque<\/b> En raison de la texture naturelle des fibres, nous recommandons deux m\u00e9thodes de personnalisation distinctes\u00a0:<\/p>\n<ul data-path-to-node=\"15\">\n<li>\n<p data-path-to-node=\"15,0,0\"><b>Tiss\u00e9 (broderie) :<\/b> Votre logo est brod\u00e9 directement sur le tissu avec jusqu&#039;\u00e0 8 couleurs de fil. Il en r\u00e9sulte une finition haut de gamme et r\u00e9sistante qui ne se d\u00e9colore pas.<\/p>\n<\/li>\n<li>\n<p data-path-to-node=\"15,1,0\"><b>Impression s\u00e9rigraphique :<\/b> Parfait pour une correspondance pr\u00e9cise des couleurs Pantone sur la surface du bracelet.<\/p>\n<\/li>\n<\/ul>\n<p data-path-to-node=\"16\"><b>Mat\u00e9riel s\u00e9curis\u00e9 et durable<\/b> Associez ces bracelets naturels \u00e0 nos <b>Verrou \u00e9cologique en bambou<\/b> (Composite de bambou 50%) pour cr\u00e9er un bracelet enti\u00e8rement \u00e9cologique. Des fermoirs coulissants haute s\u00e9curit\u00e9 standard et des perles en bois r\u00e9utilisables sont \u00e9galement disponibles.<\/p>\n<p data-path-to-node=\"17\"><b>Caract\u00e9ristiques principales :<\/b><\/p>\n<ul data-path-to-node=\"18\">\n<li>\n<p data-path-to-node=\"18,0,0\"><b>Mat\u00e9riel:<\/b> 100% Coton biologique.<\/p>\n<\/li>\n<li>\n<p data-path-to-node=\"18,1,0\"><b>\u00c9co-\u00e9valuation :<\/b> Biod\u00e9gradable et renouvelable.<\/p>\n<\/li>\n<li>\n<p data-path-to-node=\"18,2,0\"><b>Texture:<\/b> Finition douce et mate (non brillante).<\/p>\n<\/li>\n<li>\n<p data-path-to-node=\"18,3,0\"><b>Dimensions:<\/b> Standard 340 mm x 15 mm.<\/p>\n<\/li>\n<\/ul>","protected":false},"excerpt":{"rendered":"<ul>\n<li>\n<p data-path-to-node=\"9,0,0\"><b>Mat\u00e9riau naturel :<\/b> Fabriqu\u00e9 \u00e0 partir de fibres de coton biologique biod\u00e9gradables 100%.<\/p>\n<\/li>\n<li>\n<p data-path-to-node=\"9,1,0\"><b>Confort haut de gamme :<\/b> Doux, respirant et hypoallerg\u00e9nique (id\u00e9al pour les peaux sensibles).<\/p>\n<\/li>\n<li>\n<p data-path-to-node=\"9,2,0\"><b>Personnalisation de la marque\u00a0:<\/b> Choisissez entre une broderie de haute qualit\u00e9 (tiss\u00e9) ou une impression s\u00e9rigraphique.<\/p>\n<\/li>\n<li>\n<p data-path-to-node=\"9,3,0\"><b>Sans plastique :<\/b> Un choix enti\u00e8rement durable, compatible avec les serrures \u00e9cologiques en bambou.<\/p>\n<\/li>\n<\/ul>","protected":false},"featured_media":5829,"comment_status":"closed","ping_status":"closed","template":"","meta":[],"product_brand":[],"product_cat":[133,47],"product_tag":[],"class_list":{"0":"post-5814","1":"product","2":"type-product","3":"status-publish","4":"has-post-thumbnail","6":"product_cat-eco-friendly-wristbands","7":"product_cat-fabric-wristbands","9":"first","10":"instock","11":"shipping-taxable","12":"purchasable","13":"product-type-simple"},"_links":{"self":[{"href":"https:\/\/displayproducts.eu\/fr\/wp-json\/wp\/v2\/product\/5814","targetHints":{"allow":["GET"]}}],"collection":[{"href":"https:\/\/displayproducts.eu\/fr\/wp-json\/wp\/v2\/product"}],"about":[{"href":"https:\/\/displayproducts.eu\/fr\/wp-json\/wp\/v2\/types\/product"}],"replies":[{"embeddable":true,"href":"https:\/\/displayproducts.eu\/fr\/wp-json\/wp\/v2\/comments?post=5814"}],"wp:featuredmedia":[{"embeddable":true,"href":"https:\/\/displayproducts.eu\/fr\/wp-json\/wp\/v2\/media\/5829"}],"wp:attachment":[{"href":"https:\/\/displayproducts.eu\/fr\/wp-json\/wp\/v2\/media?parent=5814"}],"wp:term":[{"taxonomy":"product_brand","embeddable":true,"href":"https:\/\/displayproducts.eu\/fr\/wp-json\/wp\/v2\/product_brand?post=5814"},{"taxonomy":"product_cat","embeddable":true,"href":"https:\/\/displayproducts.eu\/fr\/wp-json\/wp\/v2\/product_cat?post=5814"},{"taxonomy":"product_tag","embeddable":true,"href":"https:\/\/displayproducts.eu\/fr\/wp-json\/wp\/v2\/product_tag?post=5814"}],"curies":[{"name":"wp","href":"https:\/\/api.w.org\/{rel}","templated":true}]}}