{"id":5810,"date":"2025-12-11T11:26:33","date_gmt":"2025-12-11T08:26:33","guid":{"rendered":"https:\/\/wristbandfactory.eu\/?post_type=product&#038;p=5810"},"modified":"2026-04-01T21:52:03","modified_gmt":"2026-04-01T18:52:03","slug":"recycled-fabric-wristbands-rpet-full-colour-printed","status":"publish","type":"product","link":"https:\/\/displayproducts.eu\/fr\/p\/recycled-fabric-wristbands-rpet-full-colour-printed\/","title":{"rendered":"Bracelets en tissu (rPET) \u2013 Avec logo \/ Imprim\u00e9"},"content":{"rendered":"<p data-path-to-node=\"10\"><b>Une image de marque durable sans compromis<\/b><\/p>\n<p data-path-to-node=\"11\">Optez pour une alternative plus \u00e9cologique avec notre <b>Bracelets en tissu recycl\u00e9 (rPET)<\/b>. Con\u00e7us pour les festivals, les conf\u00e9rences et les \u00e9v\u00e9nements d&#039;entreprise, ces bracelets allient un branding percutant \u00e0 la responsabilit\u00e9 environnementale.<\/p>\n<p data-path-to-node=\"12\"><b>Des d\u00e9chets au bracelet<\/b> Contrairement au polyester standard, nos bracelets en rPET sont fabriqu\u00e9s \u00e0 partir de fil issu de bouteilles en plastique recycl\u00e9es post-consommation certifi\u00e9es. Ce proc\u00e9d\u00e9 r\u00e9duit consid\u00e9rablement les d\u00e9chets plastiques et les \u00e9missions de carbone, tout en pr\u00e9servant la durabilit\u00e9 et le toucher doux et satin\u00e9 d&#039;un tissu haut de gamme.<\/p>\n<p data-path-to-node=\"13\"><b>Personnalisation haute d\u00e9finition<\/b> La finition lisse du mat\u00e9riau rPET est con\u00e7ue pour <b>impression par sublimation thermique<\/b>. Cela permet d&#039;imprimer des d\u00e9tails photor\u00e9alistes, des d\u00e9grad\u00e9s et des logos de sponsors complexes bord \u00e0 bord sur les deux faces du bracelet.<\/p>\n<p data-path-to-node=\"14\"><b>Des m\u00e9canismes de verrouillage pour chaque besoin<\/b> Personnalisez votre niveau de s\u00e9curit\u00e9 gr\u00e2ce \u00e0 notre large gamme de fermetures\u00a0:<\/p>\n<ul data-path-to-node=\"15\">\n<li>\n<p data-path-to-node=\"15,0,0\"><b>Portes coulissantes haute s\u00e9curit\u00e9\u00a0:<\/b> Glissi\u00e8res de verrouillage pr\u00e9-install\u00e9es (\u00e0 dents ou unidirectionnelles) pour un contr\u00f4le d&#039;acc\u00e8s strict.<\/p>\n<\/li>\n<li>\n<p data-path-to-node=\"15,1,0\"><b>Serrures \u00e9cologiques en bambou\u00a0:<\/b> Une option 50% \u00e0 teneur r\u00e9duite en plastique pour correspondre au groupe \u00e9coresponsable.<\/p>\n<\/li>\n<li>\n<p data-path-to-node=\"15,2,0\"><b>Boutons r\u00e9utilisables\u00a0:<\/b> Perles ajustables pour badges d&#039;acc\u00e8s du personnel ou cadeaux promotionnels.<\/p>\n<\/li>\n<\/ul>\n<p data-path-to-node=\"16\"><b>Caract\u00e9ristiques principales :<\/b><\/p>\n<ul data-path-to-node=\"17\">\n<li>\n<p data-path-to-node=\"17,0,0\"><b>Mat\u00e9riel:<\/b> 100% Poly\u00e9thyl\u00e8ne t\u00e9r\u00e9phtalate recycl\u00e9 (rPET).<\/p>\n<\/li>\n<li>\n<p data-path-to-node=\"17,1,0\"><b>M\u00e9thode d&#039;impression :<\/b> Sublimation CMJN en couleur (recto et verso).<\/p>\n<\/li>\n<li>\n<p data-path-to-node=\"17,2,0\"><b>Taille:<\/b> Format standard 340 mm x 15 mm (tailles personnalis\u00e9es disponibles).<\/p>\n<\/li>\n<li>\n<p data-path-to-node=\"17,3,0\"><b>Conditionnement:<\/b> Conditionn\u00e9 en vrac dans des sachets de 50 pi\u00e8ces pour une distribution facile.<\/p>\n<\/li>\n<\/ul>","protected":false},"excerpt":{"rendered":"<ul>\n<li>\n<p data-path-to-node=\"8,0,0\"><b>\u00c9cologique:<\/b> Fabriqu\u00e9 \u00e0 partir de bouteilles en plastique PET recycl\u00e9es 100% (rPET).<\/p>\n<\/li>\n<li>\n<p data-path-to-node=\"8,1,0\"><b>Impression \u00e9clatante :<\/b> Impression par sublimation en couleur bord \u00e0 bord pour les motifs complexes.<\/p>\n<\/li>\n<li>\n<p data-path-to-node=\"8,2,0\"><b>S\u00e9curis\u00e9 et flexible :<\/b> Choix entre des cadenas de s\u00e9curit\u00e9 \u00e0 usage unique ou des perles r\u00e9utilisables.<\/p>\n<\/li>\n<li>\n<p data-path-to-node=\"8,3,0\"><b>Production rapide :<\/b> Conditionn\u00e9 en vrac et pr\u00eat pour les d\u00e9lais urgents.<\/p>\n<\/li>\n<\/ul>","protected":false},"featured_media":5830,"comment_status":"closed","ping_status":"closed","template":"","meta":[],"product_brand":[],"product_cat":[133,47],"product_tag":[],"class_list":{"0":"post-5810","1":"product","2":"type-product","3":"status-publish","4":"has-post-thumbnail","6":"product_cat-eco-friendly-wristbands","7":"product_cat-fabric-wristbands","9":"first","10":"instock","11":"shipping-taxable","12":"purchasable","13":"product-type-simple"},"_links":{"self":[{"href":"https:\/\/displayproducts.eu\/fr\/wp-json\/wp\/v2\/product\/5810","targetHints":{"allow":["GET"]}}],"collection":[{"href":"https:\/\/displayproducts.eu\/fr\/wp-json\/wp\/v2\/product"}],"about":[{"href":"https:\/\/displayproducts.eu\/fr\/wp-json\/wp\/v2\/types\/product"}],"replies":[{"embeddable":true,"href":"https:\/\/displayproducts.eu\/fr\/wp-json\/wp\/v2\/comments?post=5810"}],"wp:featuredmedia":[{"embeddable":true,"href":"https:\/\/displayproducts.eu\/fr\/wp-json\/wp\/v2\/media\/5830"}],"wp:attachment":[{"href":"https:\/\/displayproducts.eu\/fr\/wp-json\/wp\/v2\/media?parent=5810"}],"wp:term":[{"taxonomy":"product_brand","embeddable":true,"href":"https:\/\/displayproducts.eu\/fr\/wp-json\/wp\/v2\/product_brand?post=5810"},{"taxonomy":"product_cat","embeddable":true,"href":"https:\/\/displayproducts.eu\/fr\/wp-json\/wp\/v2\/product_cat?post=5810"},{"taxonomy":"product_tag","embeddable":true,"href":"https:\/\/displayproducts.eu\/fr\/wp-json\/wp\/v2\/product_tag?post=5810"}],"curies":[{"name":"wp","href":"https:\/\/api.w.org\/{rel}","templated":true}]}}