{"id":5780,"date":"2025-12-10T15:24:17","date_gmt":"2025-12-10T12:24:17","guid":{"rendered":"https:\/\/wristbandfactory.eu\/?post_type=product&#038;p=5780"},"modified":"2026-04-01T21:52:35","modified_gmt":"2026-04-01T18:52:35","slug":"custom-neoprene-lanyards-ultra-soft-cushioned","status":"publish","type":"product","link":"https:\/\/displayproducts.eu\/fr\/p\/custom-neoprene-lanyards-ultra-soft-cushioned\/","title":{"rendered":"Tours de cou en n\u00e9opr\u00e8ne"},"content":{"rendered":"<p data-path-to-node=\"11\">D\u00e9couvrez un confort sup\u00e9rieur avec notre <b>Lani\u00e8res en n\u00e9opr\u00e8ne personnalis\u00e9es<\/b>. Si vos employ\u00e9s ou participants se plaignent de sangles fines qui leur irritent le cou, voici l&#039;option haut de gamme qu&#039;il vous faut.<\/p>\n<p data-path-to-node=\"12\"><b>Con\u00e7u comme une combinaison de plong\u00e9e<\/b> Fabriqu\u00e9es en n\u00e9opr\u00e8ne de haute qualit\u00e9, ces lani\u00e8res sont douces, flexibles et r\u00e9sistantes \u00e0 la transpiration. Leur \u00e9paisseur naturelle (noyau spongieux) leur conf\u00e8re un pouvoir d&#039;absorption des chocs, ce qui en fait le choix id\u00e9al pour les coachs sportifs, les guides de randonn\u00e9e et le personnel d&#039;entretien qui transportent des cl\u00e9s lourdes.<\/p>\n<p data-path-to-node=\"13\"><b>Sportif et professionnel<\/b> Son style est r\u00e9solument sportif et professionnel. Les bords sont finis par des surpiq\u00fbres assorties ou contrast\u00e9es, conf\u00e9rant \u00e0 la lani\u00e8re une allure haut de gamme et soign\u00e9e. Qu&#039;il s&#039;agisse d&#039;un motif audacieux ou d&#039;un logo d&#039;entreprise discret, le r\u00e9sultat ne passe jamais inaper\u00e7u.<\/p>\n<p data-path-to-node=\"14\"><b>Caract\u00e9ristiques principales :<\/b><\/p>\n<ul data-path-to-node=\"15\">\n<li>\n<p data-path-to-node=\"15,0,0\"><b>Mat\u00e9riel:<\/b> N\u00e9opr\u00e8ne souple avec rev\u00eatement en tissu.<\/p>\n<\/li>\n<li>\n<p data-path-to-node=\"15,1,0\"><b>Construction:<\/b> En tube ou \u00e0 plat avec bords cousus.<\/p>\n<\/li>\n<li>\n<p data-path-to-node=\"15,2,0\"><b>Pi\u00e8ces jointes:<\/b> Crochets m\u00e9talliques robustes, anneaux en O et boucles d\u00e9tachables.<\/p>\n<\/li>\n<li>\n<p data-path-to-node=\"15,3,0\"><b>S\u00e9curit\u00e9:<\/b> Boucles de s\u00e9curit\u00e9 en plastique disponibles.<\/p>\n<\/li>\n<\/ul>","protected":false},"excerpt":{"rendered":"<ul>\n<li>\n<p data-path-to-node=\"9,0,0\"><b>Confort ultime :<\/b> Fabriqu\u00e9 en n\u00e9opr\u00e8ne spongieux (mati\u00e8re des combinaisons de plong\u00e9e) qui offre une sensation de confort et pr\u00e9vient les irritations du cou m\u00eame avec des charges lourdes.<\/p>\n<\/li>\n<li>\n<p data-path-to-node=\"9,1,0\"><b>Finition durable :<\/b> Comporte des bords cousus renforc\u00e9s (surjet) pour \u00e9viter l&#039;effilochage et prolonger la dur\u00e9e de vie du produit.<\/p>\n<\/li>\n<li>\n<p data-path-to-node=\"9,2,0\"><b>Usage intensif :<\/b> Son profil \u00e9pais le rend id\u00e9al pour transporter des trousseaux de cl\u00e9s lourds, des outils ou de gros appareils \u00e9lectroniques sans entailler la peau.<\/p>\n<\/li>\n<li>\n<p data-path-to-node=\"9,3,0\"><b>Image de marque dynamique :<\/b> Disponible avec une impression s\u00e9rigraphique nette ou une sublimation en couleur pour des motifs comme l&#039;imprim\u00e9 l\u00e9opard.<\/p>\n<\/li>\n<\/ul>","protected":false},"featured_media":5797,"comment_status":"closed","ping_status":"closed","template":"","meta":[],"product_brand":[],"product_cat":[104,108,118],"product_tag":[],"class_list":{"0":"post-5780","1":"product","2":"type-product","3":"status-publish","4":"has-post-thumbnail","6":"product_cat-custom-printed-lanyards","7":"product_cat-multifunctional-lanyards","8":"product_cat-sports-fitness","10":"first","11":"instock","12":"shipping-taxable","13":"purchasable","14":"product-type-simple"},"_links":{"self":[{"href":"https:\/\/displayproducts.eu\/fr\/wp-json\/wp\/v2\/product\/5780","targetHints":{"allow":["GET"]}}],"collection":[{"href":"https:\/\/displayproducts.eu\/fr\/wp-json\/wp\/v2\/product"}],"about":[{"href":"https:\/\/displayproducts.eu\/fr\/wp-json\/wp\/v2\/types\/product"}],"replies":[{"embeddable":true,"href":"https:\/\/displayproducts.eu\/fr\/wp-json\/wp\/v2\/comments?post=5780"}],"wp:featuredmedia":[{"embeddable":true,"href":"https:\/\/displayproducts.eu\/fr\/wp-json\/wp\/v2\/media\/5797"}],"wp:attachment":[{"href":"https:\/\/displayproducts.eu\/fr\/wp-json\/wp\/v2\/media?parent=5780"}],"wp:term":[{"taxonomy":"product_brand","embeddable":true,"href":"https:\/\/displayproducts.eu\/fr\/wp-json\/wp\/v2\/product_brand?post=5780"},{"taxonomy":"product_cat","embeddable":true,"href":"https:\/\/displayproducts.eu\/fr\/wp-json\/wp\/v2\/product_cat?post=5780"},{"taxonomy":"product_tag","embeddable":true,"href":"https:\/\/displayproducts.eu\/fr\/wp-json\/wp\/v2\/product_tag?post=5780"}],"curies":[{"name":"wp","href":"https:\/\/api.w.org\/{rel}","templated":true}]}}