{"id":5760,"date":"2025-12-10T15:00:54","date_gmt":"2025-12-10T12:00:54","guid":{"rendered":"https:\/\/wristbandfactory.eu\/?post_type=product&#038;p=5760"},"modified":"2026-04-01T21:52:35","modified_gmt":"2026-04-01T18:52:35","slug":"custom-faux-fur-lanyards-fluffy-fashion-strap","status":"publish","type":"product","link":"https:\/\/displayproducts.eu\/fr\/p\/custom-faux-fur-lanyards-fluffy-fashion-strap\/","title":{"rendered":"Tour de cou fourrure \u2013 Pelucheux"},"content":{"rendered":"<p data-path-to-node=\"11\">Affirmez votre style avec notre <b>Lani\u00e8res en fausse fourrure personnalis\u00e9es<\/b>. Au-del\u00e0 de leur sans impression utilit\u00e9, ces cordons sont de v\u00e9ritables accessoires de mode con\u00e7us pour maintenir la visibilit\u00e9 de votre marque de la mani\u00e8re la plus \u00e9l\u00e9gante qui soit.<\/p>\n<p data-path-to-node=\"12\"><b>Le facteur \u201c moelleux \u201d<\/b> Contrairement aux rubans plats en polyester, ces cordons sont confectionn\u00e9s dans un tissu tubulaire doux en fausse fourrure. Ils offrent une sensation similaire \u00e0 celle d&#039;une \u00e9charpe autour du cou, ce qui les rend incroyablement confortables \u00e0 porter toute la journ\u00e9e lors de festivals d&#039;hiver ou d&#039;\u00e9v\u00e9nements VIP.<\/p>\n<p data-path-to-node=\"13\"><b>Solutions de marque intelligentes<\/b> Comme les poils longs dissimulent l&#039;encre, nous utilisons <b>\u00e9tiquettes de marque jointes<\/b>.<\/p>\n<ul data-path-to-node=\"14\">\n<li>\n<p data-path-to-node=\"14,0,0\"><b>\u00c9tiquettes tiss\u00e9es :<\/b> Une \u00e9tiquette en tissu de haute qualit\u00e9 cousue sur la fourrure (comme sur les v\u00eatements).<\/p>\n<\/li>\n<li>\n<p data-path-to-node=\"14,1,0\"><b>Patchs en PVC\/caoutchouc :<\/b> Pour un rendu moderne et en 3D. Cette m\u00e9thode garantit la lisibilit\u00e9 et la nettet\u00e9 de votre logo tout en pr\u00e9servant l&#039;aspect duveteux et haut de gamme du produit.<\/p>\n<\/li>\n<\/ul>\n<p data-path-to-node=\"15\"><b>Cas d&#039;utilisation recommand\u00e9s\u00a0:<\/b><\/p>\n<ul data-path-to-node=\"16\">\n<li>\n<p data-path-to-node=\"16,0,0\"><b>Produits d\u00e9riv\u00e9s streetwear :<\/b> Articles \u00e0 forte valeur per\u00e7ue pour le commerce de d\u00e9tail.<\/p>\n<\/li>\n<li>\n<p data-path-to-node=\"16,1,0\"><b>\u00c9v\u00e9nements de ski et de snowboard :<\/b> Id\u00e9alement adapt\u00e9 aux environnements froids.<\/p>\n<\/li>\n<li>\n<p data-path-to-node=\"16,2,0\"><b>Agences cr\u00e9atives :<\/b> Un cadeau unique qui se d\u00e9marque des fournitures de bureau ennuyeuses.<\/p>\n<\/li>\n<\/ul>\n<p data-path-to-node=\"17\"><b>Caract\u00e9ristiques principales :<\/b><\/p>\n<ul data-path-to-node=\"18\">\n<li>\n<p data-path-to-node=\"18,0,0\"><b>Mat\u00e9riel:<\/b> 100% Fausse fourrure synth\u00e9tique (polyester).<\/p>\n<\/li>\n<li>\n<p data-path-to-node=\"18,1,0\"><b>Style:<\/b> Profil tubulaire\/rond.<\/p>\n<\/li>\n<li>\n<p data-path-to-node=\"18,2,0\"><b>M\u00e9thode du logo\u00a0:<\/b> \u00c9tiquette tiss\u00e9e ou \u00e9cusson.<\/p>\n<\/li>\n<li>\n<p data-path-to-node=\"18,3,0\"><b>Pi\u00e8ces jointes:<\/b> Mousqueton ou anneau bris\u00e9 en m\u00e9tal.<\/p>\n<\/li>\n<\/ul>","protected":false},"excerpt":{"rendered":"<ul>\n<li>\n<p data-path-to-node=\"9,0,0\"><b>Texture ultra-moelleuse :<\/b> Fabriqu\u00e9 \u00e0 partir d&#039;un tube en fourrure synth\u00e9tique douce qui offre une exp\u00e9rience tactile unique et luxueuse.<\/p>\n<\/li>\n<li>\n<p data-path-to-node=\"9,1,0\"><b>Marquage par \u00e9tiquette tiss\u00e9e\u00a0:<\/b> Comme il est impossible d&#039;imprimer directement sur la fourrure, votre logo est cousu sur une \u00e9tiquette ou un \u00e9cusson tiss\u00e9 de qualit\u00e9 sup\u00e9rieure, fix\u00e9 \u00e0 la sangle.<\/p>\n<\/li>\n<li>\n<p data-path-to-node=\"9,2,0\"><b>Avant-gardiste en mati\u00e8re de mode :<\/b> Un choix populaire aupr\u00e8s des marques de streetwear, des stations de ski et des influenceurs \u00e0 la recherche de produits qui sortent de l&#039;ordinaire.<\/p>\n<\/li>\n<li>\n<p data-path-to-node=\"9,3,0\"><b>Couleurs \u00e9clatantes :<\/b> Disponible en blanc\/noir classique ou avec des motifs teints sur mesure (par exemple, bleu\/violet \u201c Monster \u201d) pour correspondre \u00e0 des th\u00e8mes sp\u00e9cifiques.<\/p>\n<\/li>\n<\/ul>","protected":false},"featured_media":5845,"comment_status":"closed","ping_status":"closed","template":"","meta":[],"product_brand":[],"product_cat":[104,108,121],"product_tag":[],"class_list":{"0":"post-5760","1":"product","2":"type-product","3":"status-publish","4":"has-post-thumbnail","6":"product_cat-custom-printed-lanyards","7":"product_cat-multifunctional-lanyards","8":"product_cat-promotional-merchandise","10":"first","11":"instock","12":"shipping-taxable","13":"product-type-simple"},"_links":{"self":[{"href":"https:\/\/displayproducts.eu\/fr\/wp-json\/wp\/v2\/product\/5760","targetHints":{"allow":["GET"]}}],"collection":[{"href":"https:\/\/displayproducts.eu\/fr\/wp-json\/wp\/v2\/product"}],"about":[{"href":"https:\/\/displayproducts.eu\/fr\/wp-json\/wp\/v2\/types\/product"}],"replies":[{"embeddable":true,"href":"https:\/\/displayproducts.eu\/fr\/wp-json\/wp\/v2\/comments?post=5760"}],"wp:featuredmedia":[{"embeddable":true,"href":"https:\/\/displayproducts.eu\/fr\/wp-json\/wp\/v2\/media\/5845"}],"wp:attachment":[{"href":"https:\/\/displayproducts.eu\/fr\/wp-json\/wp\/v2\/media?parent=5760"}],"wp:term":[{"taxonomy":"product_brand","embeddable":true,"href":"https:\/\/displayproducts.eu\/fr\/wp-json\/wp\/v2\/product_brand?post=5760"},{"taxonomy":"product_cat","embeddable":true,"href":"https:\/\/displayproducts.eu\/fr\/wp-json\/wp\/v2\/product_cat?post=5760"},{"taxonomy":"product_tag","embeddable":true,"href":"https:\/\/displayproducts.eu\/fr\/wp-json\/wp\/v2\/product_tag?post=5760"}],"curies":[{"name":"wp","href":"https:\/\/api.w.org\/{rel}","templated":true}]}}