{"id":5753,"date":"2025-12-10T14:54:23","date_gmt":"2025-12-10T11:54:23","guid":{"rendered":"https:\/\/wristbandfactory.eu\/?post_type=product&#038;p=5753"},"modified":"2026-04-01T21:52:35","modified_gmt":"2026-04-01T18:52:35","slug":"high-visibility-reflective-strip-lanyards-safety-wear","status":"publish","type":"product","link":"https:\/\/displayproducts.eu\/fr\/p\/high-visibility-reflective-strip-lanyards-safety-wear\/","title":{"rendered":"Tour de cou haute visibilit\u00e9 \u2013 Bande r\u00e9fl\u00e9chissante"},"content":{"rendered":"<p data-path-to-node=\"14\">Privil\u00e9giez la s\u00e9curit\u00e9 sans sacrifier votre image de marque gr\u00e2ce \u00e0 notre <b>Lani\u00e8res \u00e0 bande r\u00e9fl\u00e9chissante haute visibilit\u00e9<\/b>. Contrairement aux cordons standard dot\u00e9s de fils r\u00e9fl\u00e9chissants discrets, ce mod\u00e8le robuste est muni d&#039;une couche r\u00e9fl\u00e9chissante argent\u00e9e pro\u00e9minente fusionn\u00e9e au tissu, offrant une r\u00e9flexion maximale similaire \u00e0 celle des \u00e9quipements de s\u00e9curit\u00e9 professionnels.<\/p>\n<p data-path-to-node=\"15\"><b>Con\u00e7u pour un usage industriel et nocturne<\/b> Il s&#039;agit de la norme industrielle pour <b>chantiers de construction, personnel au sol des a\u00e9roports et personnel de s\u00e9curit\u00e9<\/b>. Lorsqu&#039;elle est \u00e9clair\u00e9e par les phares d&#039;une voiture ou par une lampe torche, la bande centrale s&#039;illumine intens\u00e9ment, garantissant ainsi que votre personnel ou les participants \u00e0 votre \u00e9v\u00e9nement soient vus de loin.<\/p>\n<p data-path-to-node=\"16\"><b>Construction durable<\/b> Le mat\u00e9riau r\u00e9fl\u00e9chissant est coll\u00e9 sur une base en polyester r\u00e9sistant. Ce design bicolore (couleur + argent) offre non seulement un aspect professionnel, mais aussi une durabilit\u00e9 accrue. Nous recommandons fortement d&#039;ajouter un <b>Boucle de s\u00e9curit\u00e9 \u00e0 d\u00e9clenchement rapide<\/b> \u00e0 ce produit pour conformit\u00e9 aux r\u00e9glementations en mati\u00e8re de s\u00e9curit\u00e9 au travail.<\/p>\n<p data-path-to-node=\"17\"><b>Cas d&#039;utilisation recommand\u00e9s\u00a0:<\/b><\/p>\n<ul data-path-to-node=\"18\">\n<li>\n<p data-path-to-node=\"18,0,0\"><b>Construction et logistique :<\/b> Pi\u00e8ce d&#039;identit\u00e9 obligatoire pour les travailleurs sur site.<\/p>\n<\/li>\n<li>\n<p data-path-to-node=\"18,1,0\"><b>Festivals nocturnes :<\/b> Assurer la s\u00e9curit\u00e9 et la visibilit\u00e9 des participants dans les foules obscures.<\/p>\n<\/li>\n<li>\n<p data-path-to-node=\"18,2,0\"><b>\u00c9coles :<\/b> Visibilit\u00e9 pour les enfants lors des sorties scolaires pendant les mois d&#039;hiver.<\/p>\n<\/li>\n<\/ul>\n<p data-path-to-node=\"19\"><b>Caract\u00e9ristiques principales :<\/b><\/p>\n<ul data-path-to-node=\"20\">\n<li>\n<p data-path-to-node=\"20,0,0\"><b>Mat\u00e9riel:<\/b> Sangle en polyester + bande r\u00e9fl\u00e9chissante lamin\u00e9e.<\/p>\n<\/li>\n<li>\n<p data-path-to-node=\"20,1,0\"><b>Effet:<\/b> R\u00e9flexion intense au flash (base argent\/gris).<\/p>\n<\/li>\n<li>\n<p data-path-to-node=\"20,2,0\"><b>Largeur:<\/b> G\u00e9n\u00e9ralement 15 mm ou 20 mm.<\/p>\n<\/li>\n<li>\n<p data-path-to-node=\"20,3,0\"><b>Imprimer:<\/b> Impression s\u00e9rigraphique sur la couche r\u00e9fl\u00e9chissante.<\/p>\n<\/li>\n<\/ul>","protected":false},"excerpt":{"rendered":"<ul>\n<li>\n<p data-path-to-node=\"12,0,0\"><b>Haute visibilit\u00e9 :<\/b> Il est dot\u00e9 d&#039;une large bande r\u00e9fl\u00e9chissante grise lamin\u00e9e qui parcourt le centre, semblable \u00e0 celle des gilets de s\u00e9curit\u00e9, et qui r\u00e9fl\u00e9chit intens\u00e9ment la lumi\u00e8re dans l&#039;obscurit\u00e9.<\/p>\n<\/li>\n<li>\n<p data-path-to-node=\"12,1,0\"><b>S\u00e9curit\u00e9 de jour comme de nuit :<\/b> La sangle de base aux couleurs vives (jaune, orange, bleu) assure la visibilit\u00e9 de jour, tandis que la bande argent\u00e9e prot\u00e8ge la nuit.<\/p>\n<\/li>\n<li>\n<p data-path-to-node=\"12,2,0\"><b>Dispositif de s\u00e9curit\u00e9 anti-d\u00e9tachement :<\/b> Indispensable pour un usage industriel ; g\u00e9n\u00e9ralement \u00e9quip\u00e9 d&#039;une boucle de s\u00e9curit\u00e9 pour \u00e9viter les risques d&#039;\u00e9touffement.<\/p>\n<\/li>\n<li>\n<p data-path-to-node=\"12,3,0\"><b>Personnalisation de la marque\u00a0:<\/b> Votre logo peut \u00eatre s\u00e9rigraphi\u00e9 directement sur la bande r\u00e9fl\u00e9chissante ou sur les bords color\u00e9s pour une meilleure visibilit\u00e9 de la marque.<\/p>\n<\/li>\n<\/ul>","protected":false},"featured_media":5758,"comment_status":"closed","ping_status":"closed","template":"","meta":[],"product_brand":[],"product_cat":[109],"product_tag":[],"class_list":{"0":"post-5753","1":"product","2":"type-product","3":"status-publish","4":"has-post-thumbnail","6":"product_cat-reflective-lanyards","8":"first","9":"instock","10":"shipping-taxable","11":"product-type-simple"},"_links":{"self":[{"href":"https:\/\/displayproducts.eu\/fr\/wp-json\/wp\/v2\/product\/5753","targetHints":{"allow":["GET"]}}],"collection":[{"href":"https:\/\/displayproducts.eu\/fr\/wp-json\/wp\/v2\/product"}],"about":[{"href":"https:\/\/displayproducts.eu\/fr\/wp-json\/wp\/v2\/types\/product"}],"replies":[{"embeddable":true,"href":"https:\/\/displayproducts.eu\/fr\/wp-json\/wp\/v2\/comments?post=5753"}],"wp:featuredmedia":[{"embeddable":true,"href":"https:\/\/displayproducts.eu\/fr\/wp-json\/wp\/v2\/media\/5758"}],"wp:attachment":[{"href":"https:\/\/displayproducts.eu\/fr\/wp-json\/wp\/v2\/media?parent=5753"}],"wp:term":[{"taxonomy":"product_brand","embeddable":true,"href":"https:\/\/displayproducts.eu\/fr\/wp-json\/wp\/v2\/product_brand?post=5753"},{"taxonomy":"product_cat","embeddable":true,"href":"https:\/\/displayproducts.eu\/fr\/wp-json\/wp\/v2\/product_cat?post=5753"},{"taxonomy":"product_tag","embeddable":true,"href":"https:\/\/displayproducts.eu\/fr\/wp-json\/wp\/v2\/product_tag?post=5753"}],"curies":[{"name":"wp","href":"https:\/\/api.w.org\/{rel}","templated":true}]}}