{"id":5730,"date":"2025-12-10T13:44:29","date_gmt":"2025-12-10T10:44:29","guid":{"rendered":"https:\/\/wristbandfactory.eu\/?post_type=product&#038;p=5730"},"modified":"2026-04-01T21:52:35","modified_gmt":"2026-04-01T18:52:35","slug":"magnetic-elastic-cord-lanyards-modern-badge-holder","status":"publish","type":"product","link":"https:\/\/displayproducts.eu\/fr\/p\/magnetic-elastic-cord-lanyards-modern-badge-holder\/","title":{"rendered":"Cordon \u00e9lastique magn\u00e9tique \u2013 Design moderne"},"content":{"rendered":"<p data-path-to-node=\"12\">Adoptez le minimalisme moderne avec notre <b>Cordons \u00e9lastiques magn\u00e9tiques<\/b>. Rompant avec les rubans plats traditionnels en polyester, ce produit offre une esth\u00e9tique \u00e9l\u00e9gante et avant-gardiste tr\u00e8s pris\u00e9e des startups, des agences de design et des conf\u00e9rences exclusives.<\/p>\n<p data-path-to-node=\"13\"><b>La magie des aimants<\/b> L&#039;\u00e9l\u00e9ment central de cette lani\u00e8re est son <b>connecteur magn\u00e9tique<\/b>. Au lieu de t\u00e2tonner avec des clips, les deux extr\u00e9mit\u00e9s s&#039;embo\u00eetent sans impressionment. C&#039;est agr\u00e9able \u00e0 utiliser et cela sert \u00e9galement de syst\u00e8me de s\u00e9curit\u00e9 \u00e0 ouverture rapide.<\/p>\n<p data-path-to-node=\"14\"><b>Une image de marque subtile mais efficace<\/b> Au lieu d&#039;imprimer du texte le long du cordon, le marquage est appliqu\u00e9 sur un <b>curseur\/bouton circulaire en plastique<\/b>. Cela permet d&#039;apposer un logo en couleur (en relief ou imprim\u00e9 \u00e0 plat) bien en \u00e9vidence sur la poitrine, garantissant ainsi une visibilit\u00e9 permanente de votre marque sans surcharger le design.<\/p>\n<p data-path-to-node=\"15\"><b>Caract\u00e9ristiques principales :<\/b><\/p>\n<ul data-path-to-node=\"16\">\n<li>\n<p data-path-to-node=\"16,0,0\"><b>Mat\u00e9riel:<\/b> Cordon \u00e9lastique rond (blanc, noir ou couleurs personnalis\u00e9es).<\/p>\n<\/li>\n<li>\n<p data-path-to-node=\"16,1,0\"><b>Options de fermoir\u00a0:<\/b> Torpille en m\u00e9tal de qualit\u00e9 sup\u00e9rieure ou plastique plat.<\/p>\n<\/li>\n<li>\n<p data-path-to-node=\"16,2,0\"><b>Emplacement du logo\u00a0:<\/b> Bouton de r\u00e9glage rond en plastique.<\/p>\n<\/li>\n<li>\n<p data-path-to-node=\"16,3,0\"><b>Style:<\/b> Minimaliste, sportif, technologique.<\/p>\n<\/li>\n<\/ul>","protected":false},"excerpt":{"rendered":"<ul>\n<li>\n<p data-path-to-node=\"10,0,0\"><b>Fermoir magn\u00e9tique intelligent\u00a0:<\/b> Il est dot\u00e9 d&#039;un connecteur magn\u00e9tique \u00e9l\u00e9gant en m\u00e9tal ou en plastique qui s&#039;embo\u00eete instantan\u00e9ment pour un port facile.<\/p>\n<\/li>\n<li>\n<p data-path-to-node=\"10,1,0\"><b>Confort \u00e9lastique :<\/b> Fabriqu\u00e9 \u00e0 partir d&#039;un cordon rond doux et extensible, l\u00e9ger et confortable autour du cou toute la journ\u00e9e.<\/p>\n<\/li>\n<li>\n<p data-path-to-node=\"10,2,0\"><b>Marquage des boutons\u00a0:<\/b> Votre logo est imprim\u00e9 sur un bouton coulissant en plastique personnalisable, ce qui permet de conserver un design de c\u00e2ble \u00e9pur\u00e9 et minimaliste.<\/p>\n<\/li>\n<li>\n<p data-path-to-node=\"10,3,0\"><b>Fonction de s\u00e9curit\u00e9 :<\/b> Le fermoir magn\u00e9tique sert \u00e9galement de dispositif de s\u00e9curit\u00e9 \u00e0 d\u00e9clenchement rapide, se lib\u00e9rant sous tension pour pr\u00e9venir les risques d&#039;\u00e9touffement.<\/p>\n<\/li>\n<\/ul>","protected":false},"featured_media":5870,"comment_status":"closed","ping_status":"closed","template":"","meta":[],"product_brand":[],"product_cat":[125,108,124],"product_tag":[],"class_list":{"0":"post-5730","1":"product","2":"type-product","3":"status-publish","4":"has-post-thumbnail","6":"product_cat-cord-lanyards","7":"product_cat-multifunctional-lanyards","8":"product_cat-id-solutions","10":"first","11":"instock","12":"shipping-taxable","13":"product-type-simple"},"_links":{"self":[{"href":"https:\/\/displayproducts.eu\/fr\/wp-json\/wp\/v2\/product\/5730","targetHints":{"allow":["GET"]}}],"collection":[{"href":"https:\/\/displayproducts.eu\/fr\/wp-json\/wp\/v2\/product"}],"about":[{"href":"https:\/\/displayproducts.eu\/fr\/wp-json\/wp\/v2\/types\/product"}],"replies":[{"embeddable":true,"href":"https:\/\/displayproducts.eu\/fr\/wp-json\/wp\/v2\/comments?post=5730"}],"wp:featuredmedia":[{"embeddable":true,"href":"https:\/\/displayproducts.eu\/fr\/wp-json\/wp\/v2\/media\/5870"}],"wp:attachment":[{"href":"https:\/\/displayproducts.eu\/fr\/wp-json\/wp\/v2\/media?parent=5730"}],"wp:term":[{"taxonomy":"product_brand","embeddable":true,"href":"https:\/\/displayproducts.eu\/fr\/wp-json\/wp\/v2\/product_brand?post=5730"},{"taxonomy":"product_cat","embeddable":true,"href":"https:\/\/displayproducts.eu\/fr\/wp-json\/wp\/v2\/product_cat?post=5730"},{"taxonomy":"product_tag","embeddable":true,"href":"https:\/\/displayproducts.eu\/fr\/wp-json\/wp\/v2\/product_tag?post=5730"}],"curies":[{"name":"wp","href":"https:\/\/api.w.org\/{rel}","templated":true}]}}