{"id":5714,"date":"2025-12-10T13:27:04","date_gmt":"2025-12-10T10:27:04","guid":{"rendered":"https:\/\/wristbandfactory.eu\/?post_type=product&#038;p=5714"},"modified":"2026-04-01T21:52:35","modified_gmt":"2026-04-01T18:52:35","slug":"custom-led-lanyards-flashing-light-up-straps","status":"publish","type":"product","link":"https:\/\/displayproducts.eu\/fr\/p\/custom-led-lanyards-flashing-light-up-straps\/","title":{"rendered":"Tour de cou LED lumineux \u2013 Clignotant"},"content":{"rendered":"<p data-path-to-node=\"12\">Dynamisez la pr\u00e9sence de votre marque gr\u00e2ce \u00e0 notre <b>Lani\u00e8res LED personnalis\u00e9es<\/b>. Ce ne sont pas de sans impressions porte-badges fonctionnels ; ce sont des accessoires qui attirent l&#039;attention, con\u00e7us pour une visibilit\u00e9 nocturne et pour le divertissement.<\/p>\n<p data-path-to-node=\"13\"><b>Branding \u00e9v\u00e9nementiel high-tech<\/b> Gr\u00e2ce \u00e0 une technologie LED avanc\u00e9e et \u00e0 des fibres optiques (ou bandes int\u00e9gr\u00e9es), ces cordons \u00e9mettent une lumi\u00e8re vive, semblable \u00e0 celle du n\u00e9on. Une t\u00e9l\u00e9commande int\u00e9gr\u00e9e permet de choisir entre un mode clignotant et une lumi\u00e8re fixe, cr\u00e9ant ainsi une ambiance dynamique lors de concerts, festivals et soir\u00e9es de lancement.<\/p>\n<p data-path-to-node=\"14\"><b>S\u00e9curit\u00e9 et visibilit\u00e9<\/b> Au-del\u00e0 des f\u00eates, les cordons LED sont un excellent outil de s\u00e9curit\u00e9 pour le personnel de nuit, les agents de s\u00e9curit\u00e9 et les coureurs de marathon nocturnes, car ils permettent de les voir de loin.<\/p>\n<p data-path-to-node=\"15\"><b>Options de personnalisation\u00a0:<\/b><\/p>\n<ul data-path-to-node=\"16\">\n<li>\n<p data-path-to-node=\"16,0,0\"><b>Style de sangle en nylon :<\/b> Lani\u00e8re plate traditionnelle avec bande LED int\u00e9gr\u00e9e. Personnalisable avec un logo imprim\u00e9.<\/p>\n<\/li>\n<li>\n<p data-path-to-node=\"16,1,0\"><b>Style de tube optique :<\/b> Un tube transparent futuriste qui brille intens\u00e9ment. Le logo de la marque est g\u00e9n\u00e9ralement appos\u00e9 sur le bloc-piles.<\/p>\n<\/li>\n<\/ul>\n<p data-path-to-node=\"17\"><b>Caract\u00e9ristiques principales :<\/b><\/p>\n<ul data-path-to-node=\"18\">\n<li>\n<p data-path-to-node=\"18,0,0\"><b>Pouvoir:<\/b> Piles bouton rempla\u00e7ables (incluses).<\/p>\n<\/li>\n<li>\n<p data-path-to-node=\"18,1,0\"><b>Modes :<\/b> Clignotement rapide \/ Clignotement lent \/ Allum\u00e9 fixe \/ \u00c9teint.<\/p>\n<\/li>\n<li>\n<p data-path-to-node=\"18,2,0\"><b>Couleurs:<\/b> Rouge, bleu, vert, jaune, blanc, rose, multicolore.<\/p>\n<\/li>\n<li>\n<p data-path-to-node=\"18,3,0\"><b>Mat\u00e9riel:<\/b> Bo\u00eetier d&#039;interrupteur en plastique + crochet en m\u00e9tal.<\/p>\n<\/li>\n<\/ul>","protected":false},"excerpt":{"rendered":"<ul>\n<li>\n<p data-path-to-node=\"10,0,0\"><b>\u00c9clairage actif\u00a0:<\/b> Aliment\u00e9 par des piles et des LED, il offre une visibilit\u00e9 optimale dans l&#039;obscurit\u00e9 totale (contrairement \u00e0 l&#039;encre phosphorescente passive).<\/p>\n<\/li>\n<li>\n<p data-path-to-node=\"10,1,0\"><b>Modes multiples\u00a0:<\/b> Il est dot\u00e9 d&#039;un interrupteur permettant de basculer entre les modes Flash rapide, Flash lent et \u00c9clairage continu.<\/p>\n<\/li>\n<li>\n<p data-path-to-node=\"10,2,0\"><b>Guide de la fibre optique\u00a0:<\/b> Utilise un noyau optique transparent ou des fils internes pour r\u00e9partir la lumi\u00e8re uniform\u00e9ment sur toute la longueur de la lani\u00e8re.<\/p>\n<\/li>\n<li>\n<p data-path-to-node=\"10,3,0\"><b>Zones de marque\u00a0:<\/b> Le logo peut \u00eatre imprim\u00e9 sur le bracelet en nylon ou sur le bo\u00eetier de batterie en plastique pour une visibilit\u00e9 maximale.<\/p>\n<\/li>\n<\/ul>","protected":false},"featured_media":5884,"comment_status":"closed","ping_status":"closed","template":"","meta":[],"product_brand":[],"product_cat":[108,76,123],"product_tag":[],"class_list":{"0":"post-5714","1":"product","2":"type-product","3":"status-publish","4":"has-post-thumbnail","6":"product_cat-multifunctional-lanyards","7":"product_cat-glow-led-products","8":"product_cat-fan-cheering-items","10":"first","11":"instock","12":"shipping-taxable","13":"product-type-simple"},"_links":{"self":[{"href":"https:\/\/displayproducts.eu\/fr\/wp-json\/wp\/v2\/product\/5714","targetHints":{"allow":["GET"]}}],"collection":[{"href":"https:\/\/displayproducts.eu\/fr\/wp-json\/wp\/v2\/product"}],"about":[{"href":"https:\/\/displayproducts.eu\/fr\/wp-json\/wp\/v2\/types\/product"}],"replies":[{"embeddable":true,"href":"https:\/\/displayproducts.eu\/fr\/wp-json\/wp\/v2\/comments?post=5714"}],"wp:featuredmedia":[{"embeddable":true,"href":"https:\/\/displayproducts.eu\/fr\/wp-json\/wp\/v2\/media\/5884"}],"wp:attachment":[{"href":"https:\/\/displayproducts.eu\/fr\/wp-json\/wp\/v2\/media?parent=5714"}],"wp:term":[{"taxonomy":"product_brand","embeddable":true,"href":"https:\/\/displayproducts.eu\/fr\/wp-json\/wp\/v2\/product_brand?post=5714"},{"taxonomy":"product_cat","embeddable":true,"href":"https:\/\/displayproducts.eu\/fr\/wp-json\/wp\/v2\/product_cat?post=5714"},{"taxonomy":"product_tag","embeddable":true,"href":"https:\/\/displayproducts.eu\/fr\/wp-json\/wp\/v2\/product_tag?post=5714"}],"curies":[{"name":"wp","href":"https:\/\/api.w.org\/{rel}","templated":true}]}}