{"id":5707,"date":"2025-12-10T13:20:55","date_gmt":"2025-12-10T10:20:55","guid":{"rendered":"https:\/\/wristbandfactory.eu\/?post_type=product&#038;p=5707"},"modified":"2026-04-01T21:52:35","modified_gmt":"2026-04-01T18:52:35","slug":"custom-holographic-laser-print-lanyards-iridescent-logo","status":"publish","type":"product","link":"https:\/\/displayproducts.eu\/fr\/p\/custom-holographic-laser-print-lanyards-iridescent-logo\/","title":{"rendered":"Tours de cou holographiques \u2013 Impression laser"},"content":{"rendered":"<p data-path-to-node=\"12\">Faites une impression remarquable avec notre <b>Lani\u00e8res personnalis\u00e9es imprim\u00e9es au laser holographique<\/b>. Cette technique de marquage haut de gamme utilise un proc\u00e9d\u00e9 de marquage \u00e0 chaud sp\u00e9cialis\u00e9 pour appliquer une feuille m\u00e9tallique qui n&#039;est pas seulement argent\u00e9e, mais iris\u00e9e.<\/p>\n<p data-path-to-node=\"13\"><b>L\u2019effet \u201c laser \u201d<\/b> Comme le montrent les exemples (par exemple, \u201c\u00a0Salt &amp; Stone\u00a0\u201d, \u201c\u00a0Starbucks\u00a0\u201d), le texte se comporte comme un prisme. En faible luminosit\u00e9, il appara\u00eet argent\u00e9 m\u00e9tallis\u00e9\u00a0; sous une lumi\u00e8re directe ou avec un flash, il se pare de magnifiques d\u00e9grad\u00e9s arc-en-ciel. Cet effet de \u201c\u00a0changement de couleur\u00a0\u201d en fait un choix particuli\u00e8rement photog\u00e9nique pour les \u00e9v\u00e9nements \u00e0 fort impact sur les r\u00e9seaux sociaux.<\/p>\n<p data-path-to-node=\"14\"><b>Le meilleur sur noir<\/b> Pour un effet maximal, nous recommandons d&#039;imprimer sur un <b>bracelet en satin noir ou bleu marine fonc\u00e9<\/b>. La texture lisse du mat\u00e9riau assure une adh\u00e9rence parfaite de la feuille et une brillance continue.<\/p>\n<p data-path-to-node=\"15\"><b>Cas d&#039;utilisation recommand\u00e9s\u00a0:<\/b><\/p>\n<ul data-path-to-node=\"16\">\n<li>\n<p data-path-to-node=\"16,0,0\"><b>VIP et coulisses :<\/b> Distinguez vos invit\u00e9s de marque avec un cordon qui ressemble \u00e0 un bijou.<\/p>\n<\/li>\n<li>\n<p data-path-to-node=\"16,1,0\"><b>Vie nocturne et concerts :<\/b> Refl\u00e8te les lumi\u00e8res de la sc\u00e8ne de mani\u00e8re dynamique.<\/p>\n<\/li>\n<li>\n<p data-path-to-node=\"16,2,0\"><b>Lancements technologiques\u00a0:<\/b> S&#039;accorde parfaitement avec les identit\u00e9s de marque modernes et futuristes.<\/p>\n<\/li>\n<\/ul>\n<p data-path-to-node=\"17\"><b>Caract\u00e9ristiques principales :<\/b><\/p>\n<ul data-path-to-node=\"18\">\n<li>\n<p data-path-to-node=\"18,0,0\"><b>Technologie d&#039;impression\u00a0:<\/b> Marquage holographique \/ laser.<\/p>\n<\/li>\n<li>\n<p data-path-to-node=\"18,1,0\"><b>Mat\u00e9riel:<\/b> Polyester satin\u00e9 lisse (effet nylon).<\/p>\n<\/li>\n<li>\n<p data-path-to-node=\"18,2,0\"><b>Effet:<\/b> Reflets m\u00e9talliques arc-en-ciel.<\/p>\n<\/li>\n<li>\n<p data-path-to-node=\"18,3,0\"><b>Pi\u00e8ces jointes:<\/b> Crochets en m\u00e9tal de qualit\u00e9 sup\u00e9rieure ou accessoires noirs mats recommand\u00e9s.<\/p>\n<\/li>\n<\/ul>","protected":false},"excerpt":{"rendered":"<ul>\n<li>\n<p data-path-to-node=\"10,0,0\"><b>Effet holographique :<\/b> Le logo est imprim\u00e9 \u00e0 l&#039;aide d&#039;une feuille laser sp\u00e9ciale qui refl\u00e8te un spectre de couleurs arc-en-ciel lorsqu&#039;elle est frapp\u00e9e par la lumi\u00e8re.<\/p>\n<\/li>\n<li>\n<p data-path-to-node=\"10,1,0\"><b>Finition Premium :<\/b> Imprim\u00e9 sur un polyester satin\u00e9 lisse de haute qualit\u00e9 (g\u00e9n\u00e9ralement noir) afin de maximiser le contraste du texte brillant.<\/p>\n<\/li>\n<li>\n<p data-path-to-node=\"10,2,0\"><b>Visibilit\u00e9 dynamique :<\/b> Contrairement \u00e0 l&#039;encre plate et statique, le logo change d&#039;apparence selon l&#039;angle de vue, attirant instantan\u00e9ment le regard.<\/p>\n<\/li>\n<li>\n<p data-path-to-node=\"10,3,0\"><b>Sensation de luxe :<\/b> Id\u00e9al pour les laissez-passer VIP, les \u00e9v\u00e9nements de gala et le branding d&#039;entreprise haut de gamme, l\u00e0 o\u00f9 les cordons standard font trop bon march\u00e9.<\/p>\n<\/li>\n<\/ul>","protected":false},"featured_media":5887,"comment_status":"closed","ping_status":"closed","template":"","meta":[],"product_brand":[],"product_cat":[104],"product_tag":[],"class_list":{"0":"post-5707","1":"product","2":"type-product","3":"status-publish","4":"has-post-thumbnail","6":"product_cat-custom-printed-lanyards","8":"first","9":"instock","10":"shipping-taxable","11":"product-type-simple"},"_links":{"self":[{"href":"https:\/\/displayproducts.eu\/fr\/wp-json\/wp\/v2\/product\/5707","targetHints":{"allow":["GET"]}}],"collection":[{"href":"https:\/\/displayproducts.eu\/fr\/wp-json\/wp\/v2\/product"}],"about":[{"href":"https:\/\/displayproducts.eu\/fr\/wp-json\/wp\/v2\/types\/product"}],"replies":[{"embeddable":true,"href":"https:\/\/displayproducts.eu\/fr\/wp-json\/wp\/v2\/comments?post=5707"}],"wp:featuredmedia":[{"embeddable":true,"href":"https:\/\/displayproducts.eu\/fr\/wp-json\/wp\/v2\/media\/5887"}],"wp:attachment":[{"href":"https:\/\/displayproducts.eu\/fr\/wp-json\/wp\/v2\/media?parent=5707"}],"wp:term":[{"taxonomy":"product_brand","embeddable":true,"href":"https:\/\/displayproducts.eu\/fr\/wp-json\/wp\/v2\/product_brand?post=5707"},{"taxonomy":"product_cat","embeddable":true,"href":"https:\/\/displayproducts.eu\/fr\/wp-json\/wp\/v2\/product_cat?post=5707"},{"taxonomy":"product_tag","embeddable":true,"href":"https:\/\/displayproducts.eu\/fr\/wp-json\/wp\/v2\/product_tag?post=5707"}],"curies":[{"name":"wp","href":"https:\/\/api.w.org\/{rel}","templated":true}]}}