{"id":5694,"date":"2025-12-10T13:02:37","date_gmt":"2025-12-10T10:02:37","guid":{"rendered":"https:\/\/wristbandfactory.eu\/?post_type=product&#038;p=5694"},"modified":"2026-04-01T21:52:35","modified_gmt":"2026-04-01T18:52:35","slug":"custom-tubular-lanyards-soft-shoelace-style","status":"publish","type":"product","link":"https:\/\/displayproducts.eu\/fr\/p\/custom-tubular-lanyards-soft-shoelace-style\/","title":{"rendered":"Tours de cou tubulaires \u2013 Style lacet souple"},"content":{"rendered":"<p data-path-to-node=\"12\">B\u00e9n\u00e9ficiez du meilleur \u00e9quilibre entre confort et prix avec notre <b>Lani\u00e8res tubulaires personnalis\u00e9es<\/b>. Souvent appel\u00e9es \u201c lani\u00e8res pour lacets \u201d, elles sont fabriqu\u00e9es en polyester cousu en tube, cr\u00e9ant une double couche de tissu creuse \u00e0 l&#039;int\u00e9rieur.<\/p>\n<p data-path-to-node=\"13\"><b>Pourquoi choisir Tubular ?<\/b><\/p>\n<ol start=\"1\" data-path-to-node=\"14\">\n<li>\n<p data-path-to-node=\"14,0,0\"><b>Confort:<\/b> Gr\u00e2ce \u00e0 l&#039;absence de bords cousus, ces cordons sont les plus doux du march\u00e9, ce qui les rend parfaits pour les b\u00e9n\u00e9voles ou le personnel qui les portent pendant plus de 8 heures.<\/p>\n<\/li>\n<li>\n<p data-path-to-node=\"14,1,0\"><b>Prix:<\/b> Il s&#039;agit de notre option de cordon personnalis\u00e9 la plus \u00e9conomique, ce qui en fait la norme du secteur pour les grands salons professionnels, les festivals et les \u00e9coles.<\/p>\n<\/li>\n<\/ol>\n<p data-path-to-node=\"15\"><b>Notes d&#039;impression<\/b> La surface tubulaire offre un fond textur\u00e9. Nous recommandons <b>S\u00e9rigraphie<\/b> pour les textes en gras et les logos sans impressions (1 \u00e0 2 couleurs) afin de garantir les r\u00e9sultats les plus nets.<\/p>\n<p data-path-to-node=\"16\"><b>Cas d&#039;utilisation recommand\u00e9s\u00a0:<\/b><\/p>\n<ul data-path-to-node=\"17\">\n<li>\n<p data-path-to-node=\"17,0,0\"><b>\u00c9coles et universit\u00e9s :<\/b> Porte-cartes d&#039;\u00e9tudiant r\u00e9sistants et bon march\u00e9.<\/p>\n<\/li>\n<li>\n<p data-path-to-node=\"17,1,0\"><b>Grandes conf\u00e9rences :<\/b> Une strat\u00e9gie de marque rentable pour des milliers de participants.<\/p>\n<\/li>\n<li>\n<p data-path-to-node=\"17,2,0\"><b>\u00c9v\u00e9nements sportifs :<\/b> Le style \u201c lacet \u201d sportif s&#039;accorde parfaitement avec les th\u00e8mes athl\u00e9tiques.<\/p>\n<\/li>\n<\/ul>\n<p data-path-to-node=\"18\"><b>Caract\u00e9ristiques principales :<\/b><\/p>\n<ul data-path-to-node=\"19\">\n<li>\n<p data-path-to-node=\"19,0,0\"><b>Mat\u00e9riel:<\/b> Polyester tiss\u00e9 tubulaire.<\/p>\n<\/li>\n<li>\n<p data-path-to-node=\"19,1,0\"><b>Largeur:<\/b> Largeurs standard de 10 mm, 12 mm ou 15 mm (les largeurs sont approximatives en raison de la forme du tube).<\/p>\n<\/li>\n<li>\n<p data-path-to-node=\"19,2,0\"><b>Imprimer:<\/b> Marquage s\u00e9rigraphique.<\/p>\n<\/li>\n<li>\n<p data-path-to-node=\"19,3,0\"><b>Pi\u00e8ces jointes:<\/b> Compatible avec tous les crochets, clips et attache de s\u00e9curit\u00e9s de s\u00e9curit\u00e9 standard.<\/p>\n<\/li>\n<\/ul>","protected":false},"excerpt":{"rendered":"<ul>\n<li>\n<p data-path-to-node=\"10,0,0\"><b>Construction tubulaire :<\/b> Tiss\u00e9 en une forme creuse et tubulaire (semblable \u00e0 un lacet de chaussure), \u00e9liminant les bords tranchants pour un confort maximal.<\/p>\n<\/li>\n<li>\n<p data-path-to-node=\"10,1,0\"><b>\u00c9conomique :<\/b> Il s&#039;agit g\u00e9n\u00e9ralement de la solution la plus rentable pour les \u00e9v\u00e9nements et le personnel de grande envergure.<\/p>\n<\/li>\n<li>\n<p data-path-to-node=\"10,2,0\"><b>Impression \u00e0 contraste \u00e9lev\u00e9\u00a0:<\/b> Id\u00e9al pour les textes et logos s\u00e9rigraphi\u00e9s en gras qui doivent se d\u00e9tacher sur un fond color\u00e9.<\/p>\n<\/li>\n<li>\n<p data-path-to-node=\"10,3,0\"><b>Doux et flexible :<\/b> Le polyester tiss\u00e9 de mani\u00e8re l\u00e2che offre un drap\u00e9 souple et d\u00e9contract\u00e9, contrairement aux cordons plats et rigides.<\/p>\n<\/li>\n<\/ul>","protected":false},"featured_media":5898,"comment_status":"closed","ping_status":"closed","template":"","meta":[],"product_brand":[],"product_cat":[104],"product_tag":[],"class_list":{"0":"post-5694","1":"product","2":"type-product","3":"status-publish","4":"has-post-thumbnail","6":"product_cat-custom-printed-lanyards","8":"first","9":"instock","10":"shipping-taxable","11":"product-type-simple"},"_links":{"self":[{"href":"https:\/\/displayproducts.eu\/fr\/wp-json\/wp\/v2\/product\/5694","targetHints":{"allow":["GET"]}}],"collection":[{"href":"https:\/\/displayproducts.eu\/fr\/wp-json\/wp\/v2\/product"}],"about":[{"href":"https:\/\/displayproducts.eu\/fr\/wp-json\/wp\/v2\/types\/product"}],"replies":[{"embeddable":true,"href":"https:\/\/displayproducts.eu\/fr\/wp-json\/wp\/v2\/comments?post=5694"}],"wp:featuredmedia":[{"embeddable":true,"href":"https:\/\/displayproducts.eu\/fr\/wp-json\/wp\/v2\/media\/5898"}],"wp:attachment":[{"href":"https:\/\/displayproducts.eu\/fr\/wp-json\/wp\/v2\/media?parent=5694"}],"wp:term":[{"taxonomy":"product_brand","embeddable":true,"href":"https:\/\/displayproducts.eu\/fr\/wp-json\/wp\/v2\/product_brand?post=5694"},{"taxonomy":"product_cat","embeddable":true,"href":"https:\/\/displayproducts.eu\/fr\/wp-json\/wp\/v2\/product_cat?post=5694"},{"taxonomy":"product_tag","embeddable":true,"href":"https:\/\/displayproducts.eu\/fr\/wp-json\/wp\/v2\/product_tag?post=5694"}],"curies":[{"name":"wp","href":"https:\/\/api.w.org\/{rel}","templated":true}]}}