{"id":5689,"date":"2025-12-10T12:53:36","date_gmt":"2025-12-10T09:53:36","guid":{"rendered":"https:\/\/wristbandfactory.eu\/?post_type=product&#038;p=5689"},"modified":"2026-04-01T21:52:35","modified_gmt":"2026-04-01T18:52:35","slug":"custom-jacquard-woven-lanyards-embroidered-logo","status":"publish","type":"product","link":"https:\/\/displayproducts.eu\/fr\/p\/custom-jacquard-woven-lanyards-embroidered-logo\/","title":{"rendered":"Lani\u00e8res tiss\u00e9es jacquard personnalis\u00e9es \u2013 Logo brod\u00e9"},"content":{"rendered":"<p data-path-to-node=\"11\">Am\u00e9liorez votre identit\u00e9 d&#039;entreprise avec notre <b>Lani\u00e8res tiss\u00e9es jacquard personnalis\u00e9es<\/b>. Si les cordons imprim\u00e9s sont parfaits pour les \u00e9v\u00e9nements de courte dur\u00e9e, les cordons tiss\u00e9s sont con\u00e7us pour durer des ann\u00e9es, ce qui en fait le choix id\u00e9al pour les badges d&#039;identification des employ\u00e9s et les laissez-passer de s\u00e9curit\u00e9.<\/p>\n<p data-path-to-node=\"12\"><b>La diff\u00e9rence Jacquard<\/b> Gr\u00e2ce \u00e0 un proc\u00e9d\u00e9 de tissage traditionnel, nous int\u00e9grons votre logo directement dans le tissu \u00e0 l&#039;aide de fils teints. Le motif est ainsi fait partie int\u00e9grante du mat\u00e9riau. Comme illustr\u00e9 dans l&#039;exemple du \u201c\u00a0porte-b\u00e9ton\u00a0\u201d, le r\u00e9sultat est une finition professionnelle\u00a0: le logo est visible des deux c\u00f4t\u00e9s (les couleurs \u00e9tant invers\u00e9es au verso).<\/p>\n<p data-path-to-node=\"13\"><b>Pourquoi choisir le tissu tiss\u00e9 ?<\/b><\/p>\n<ul data-path-to-node=\"14\">\n<li>\n<p data-path-to-node=\"14,0,0\"><b>Durabilit\u00e9:<\/b> Le design est permanent et r\u00e9siste au lavage et aux frottements.<\/p>\n<\/li>\n<li>\n<p data-path-to-node=\"14,1,0\"><b>Prestige:<\/b> L&#039;aspect textur\u00e9 et brod\u00e9 conf\u00e8re une valeur per\u00e7ue sup\u00e9rieure \u00e0 celle d&#039;une impression plate.<\/p>\n<\/li>\n<\/ul>\n<p data-path-to-node=\"15\"><b>Cas d&#039;utilisation recommand\u00e9s\u00a0:<\/b><\/p>\n<ul data-path-to-node=\"16\">\n<li>\n<p data-path-to-node=\"16,0,0\"><b>Identifiant du personnel\u00a0:<\/b> Pour un usage quotidien au bureau et \u00e0 l&#039;h\u00f4pital.<\/p>\n<\/li>\n<li>\n<p data-path-to-node=\"16,1,0\"><b>Universit\u00e9s :<\/b> Cartes \u00e9tudiantes durables valables pour toute l&#039;ann\u00e9e universitaire.<\/p>\n<\/li>\n<li>\n<p data-path-to-node=\"16,2,0\"><b>Produits d\u00e9riv\u00e9s premium :<\/b> \u00c9quipement de ventilateur de haute qualit\u00e9 (par exemple, circuit de Yas Marina).<\/p>\n<\/li>\n<\/ul>\n<p data-path-to-node=\"17\"><b>Caract\u00e9ristiques principales :<\/b><\/p>\n<ul data-path-to-node=\"18\">\n<li>\n<p data-path-to-node=\"18,0,0\"><b>Mat\u00e9riel:<\/b> Polyester tiss\u00e9 haute r\u00e9sistance.<\/p>\n<\/li>\n<li>\n<p data-path-to-node=\"18,1,0\"><b>Style de tissage\u00a0:<\/b> Jacquard (2 \u00e0 3 couleurs maximum recommand\u00e9es pour plus de clart\u00e9).<\/p>\n<\/li>\n<li>\n<p data-path-to-node=\"18,2,0\"><b>Pi\u00e8ces jointes:<\/b> Crochets pivotants en m\u00e9tal, anneaux bris\u00e9s ou boucles en plastique.<\/p>\n<\/li>\n<li>\n<p data-path-to-node=\"18,3,0\"><b>Largeur:<\/b> Standard 15 mm, 20 mm ou 25 mm.<\/p>\n<\/li>\n<\/ul>","protected":false},"excerpt":{"rendered":"<ul>\n<li>\n<p data-path-to-node=\"9,0,0\"><b>Marquage tiss\u00e9\u00a0:<\/b> Le logo est cousu dans la structure de la sangle, et non imprim\u00e9 dessus, ce qui garantit qu&#039;il ne se d\u00e9collera ni ne se d\u00e9colorera jamais.<\/p>\n<\/li>\n<li>\n<p data-path-to-node=\"9,1,0\"><b>Texture premium :<\/b> Offre un toucher brod\u00e9 de haute qualit\u00e9, plus \u00e9pais et plus robuste que les cordons en polyester standard.<\/p>\n<\/li>\n<li>\n<p data-path-to-node=\"9,2,0\"><b>Verso :<\/b> Le motif appara\u00eet en couleurs invers\u00e9es au verso, confirmant ainsi l&#039;authenticit\u00e9 du tissage.<\/p>\n<\/li>\n<li>\n<p data-path-to-node=\"9,3,0\"><b>Usage intensif :<\/b> Id\u00e9al pour une utilisation \u00e0 long terme par le personnel, les agents de s\u00e9curit\u00e9 ou les \u00e9tudiants universitaires.<\/p>\n<\/li>\n<\/ul>","protected":false},"featured_media":5903,"comment_status":"closed","ping_status":"closed","template":"","meta":[],"product_brand":[],"product_cat":[104],"product_tag":[],"class_list":{"0":"post-5689","1":"product","2":"type-product","3":"status-publish","4":"has-post-thumbnail","6":"product_cat-custom-printed-lanyards","8":"first","9":"instock","10":"shipping-taxable","11":"product-type-simple"},"_links":{"self":[{"href":"https:\/\/displayproducts.eu\/fr\/wp-json\/wp\/v2\/product\/5689","targetHints":{"allow":["GET"]}}],"collection":[{"href":"https:\/\/displayproducts.eu\/fr\/wp-json\/wp\/v2\/product"}],"about":[{"href":"https:\/\/displayproducts.eu\/fr\/wp-json\/wp\/v2\/types\/product"}],"replies":[{"embeddable":true,"href":"https:\/\/displayproducts.eu\/fr\/wp-json\/wp\/v2\/comments?post=5689"}],"wp:featuredmedia":[{"embeddable":true,"href":"https:\/\/displayproducts.eu\/fr\/wp-json\/wp\/v2\/media\/5903"}],"wp:attachment":[{"href":"https:\/\/displayproducts.eu\/fr\/wp-json\/wp\/v2\/media?parent=5689"}],"wp:term":[{"taxonomy":"product_brand","embeddable":true,"href":"https:\/\/displayproducts.eu\/fr\/wp-json\/wp\/v2\/product_brand?post=5689"},{"taxonomy":"product_cat","embeddable":true,"href":"https:\/\/displayproducts.eu\/fr\/wp-json\/wp\/v2\/product_cat?post=5689"},{"taxonomy":"product_tag","embeddable":true,"href":"https:\/\/displayproducts.eu\/fr\/wp-json\/wp\/v2\/product_tag?post=5689"}],"curies":[{"name":"wp","href":"https:\/\/api.w.org\/{rel}","templated":true}]}}