{"id":5686,"date":"2025-12-10T12:49:01","date_gmt":"2025-12-10T09:49:01","guid":{"rendered":"https:\/\/wristbandfactory.eu\/?post_type=product&#038;p=5686"},"modified":"2026-04-01T21:52:35","modified_gmt":"2026-04-01T18:52:35","slug":"glow-in-the-dark-lanyards-night-event-branding","status":"publish","type":"product","link":"https:\/\/displayproducts.eu\/fr\/p\/glow-in-the-dark-lanyards-night-event-branding\/","title":{"rendered":"Tours de cou phosphorescents \u2013 Brille dans le noir"},"content":{"rendered":"<p data-path-to-node=\"12\">Illuminez votre prochain \u00e9v\u00e9nement avec notre <b>Lani\u00e8res phosphorescentes personnalis\u00e9es<\/b>. Gr\u00e2ce \u00e0 l&#039;utilisation d&#039;une encre de s\u00e9rigraphie phosphorescente de pointe, ces cordons offrent un \u00e9l\u00e9ment interactif unique que les cordons imprim\u00e9s standard ne peuvent \u00e9galer.<\/p>\n<p data-path-to-node=\"13\"><b>Comment \u00e7a marche<\/b> L&#039;encre sp\u00e9ciale contient des phosphores qui absorbent l&#039;\u00e9nergie des sources de lumi\u00e8re ambiante (lumi\u00e8re du soleil ou lumi\u00e8re artificielle). Une fois dans l&#039;obscurit\u00e9, cette \u00e9nergie stock\u00e9e est lib\u00e9r\u00e9e sous forme d&#039;une douce lueur verte. C&#039;est ce qui les rend incroyablement populaires pour <b>\u00e9v\u00e9nements nocturnes<\/b> o\u00f9 la visibilit\u00e9 et l&#039;ambiance sont essentielles.<\/p>\n<p data-path-to-node=\"14\"><b>Diff\u00e9renciation<\/b> Contrairement aux cordons \u201c n\u00e9on \u201d ou \u201c fluorescents \u201d qui ne sont que de couleurs vives, ces cordons g\u00e9n\u00e8rent r\u00e9ellement leur propre lumi\u00e8re dans l&#039;obscurit\u00e9.<\/p>\n<p data-path-to-node=\"15\"><b>Cas d&#039;utilisation recommand\u00e9s\u00a0:<\/b><\/p>\n<ul data-path-to-node=\"16\">\n<li>\n<p data-path-to-node=\"16,0,0\"><b>Vie nocturne et clubs :<\/b> Des laissez-passer VIP qui se font remarquer sur la piste de danse.<\/p>\n<\/li>\n<li>\n<p data-path-to-node=\"16,1,0\"><b>Sports en soir\u00e9e :<\/b> \u201cLes \u201d courses de minuit \u00bb ou marches caritatives o\u00f9 la visibilit\u00e9 fait partie du plaisir.<\/p>\n<\/li>\n<li>\n<p data-path-to-node=\"16,2,0\"><b>S\u00fbret\u00e9 et s\u00e9curit\u00e9 :<\/b> Permet d&#039;identifier les membres du personnel dans les coulisses faiblement \u00e9clair\u00e9es.<\/p>\n<\/li>\n<\/ul>\n<p data-path-to-node=\"17\"><b>Caract\u00e9ristiques principales :<\/b><\/p>\n<ul data-path-to-node=\"18\">\n<li>\n<p data-path-to-node=\"18,0,0\"><b>Mat\u00e9riau de base :<\/b> Polyester (le noir est recommand\u00e9 pour le contraste).<\/p>\n<\/li>\n<li>\n<p data-path-to-node=\"18,1,0\"><b>Imprimer:<\/b> Blanc cass\u00e9 le jour \/ Lueur verte la nuit.<\/p>\n<\/li>\n<li>\n<p data-path-to-node=\"18,2,0\"><b>Activation:<\/b> Se recharge ind\u00e9finiment gr\u00e2ce \u00e0 l&#039;exposition \u00e0 la lumi\u00e8re.<\/p>\n<\/li>\n<li>\n<p data-path-to-node=\"18,3,0\"><b>Pi\u00e8ces jointes:<\/b> Compatible avec tous les crochets et clips standard.<\/p>\n<\/li>\n<\/ul>","protected":false},"excerpt":{"rendered":"<ul data-path-to-node=\"10\">\n<li>\n<p data-path-to-node=\"10,0,0\"><b>Effet phosphorescent :<\/b> Cette encre sp\u00e9ciale absorbe la lumi\u00e8re pendant la journ\u00e9e et \u00e9met une lueur verte dans l&#039;obscurit\u00e9.<\/p>\n<\/li>\n<li>\n<p data-path-to-node=\"10,1,0\"><b>Contraste \u00e9lev\u00e9\u00a0:<\/b> On obtient les meilleurs r\u00e9sultats avec un bracelet en polyester noir, qui fait ressortir avec \u00e9clat le texte lumineux.<\/p>\n<\/li>\n<li>\n<p data-path-to-node=\"10,2,0\"><b>Double visibilit\u00e9 :<\/b> Ressemble \u00e0 une impression blanche\/jaune standard \u00e0 la lumi\u00e8re du jour, mais se transforme automatiquement lorsque les lumi\u00e8res s&#039;\u00e9teignent.<\/p>\n<\/li>\n<li>\n<p data-path-to-node=\"10,3,0\"><b>Pr\u00eat pour l&#039;\u00e9v\u00e9nement :<\/b> Un produit phare des bo\u00eetes de nuit, des festivals nocturnes et des courses sportives fluorescentes.<\/p>\n<\/li>\n<\/ul>","protected":false},"featured_media":5906,"comment_status":"closed","ping_status":"closed","template":"","meta":[],"product_brand":[],"product_cat":[104,76],"product_tag":[],"class_list":{"0":"post-5686","1":"product","2":"type-product","3":"status-publish","4":"has-post-thumbnail","6":"product_cat-custom-printed-lanyards","7":"product_cat-glow-led-products","9":"first","10":"instock","11":"shipping-taxable","12":"product-type-simple"},"_links":{"self":[{"href":"https:\/\/displayproducts.eu\/fr\/wp-json\/wp\/v2\/product\/5686","targetHints":{"allow":["GET"]}}],"collection":[{"href":"https:\/\/displayproducts.eu\/fr\/wp-json\/wp\/v2\/product"}],"about":[{"href":"https:\/\/displayproducts.eu\/fr\/wp-json\/wp\/v2\/types\/product"}],"replies":[{"embeddable":true,"href":"https:\/\/displayproducts.eu\/fr\/wp-json\/wp\/v2\/comments?post=5686"}],"wp:featuredmedia":[{"embeddable":true,"href":"https:\/\/displayproducts.eu\/fr\/wp-json\/wp\/v2\/media\/5906"}],"wp:attachment":[{"href":"https:\/\/displayproducts.eu\/fr\/wp-json\/wp\/v2\/media?parent=5686"}],"wp:term":[{"taxonomy":"product_brand","embeddable":true,"href":"https:\/\/displayproducts.eu\/fr\/wp-json\/wp\/v2\/product_brand?post=5686"},{"taxonomy":"product_cat","embeddable":true,"href":"https:\/\/displayproducts.eu\/fr\/wp-json\/wp\/v2\/product_cat?post=5686"},{"taxonomy":"product_tag","embeddable":true,"href":"https:\/\/displayproducts.eu\/fr\/wp-json\/wp\/v2\/product_tag?post=5686"}],"curies":[{"name":"wp","href":"https:\/\/api.w.org\/{rel}","templated":true}]}}