{"id":5680,"date":"2025-12-10T12:42:42","date_gmt":"2025-12-10T09:42:42","guid":{"rendered":"https:\/\/wristbandfactory.eu\/?post_type=product&#038;p=5680"},"modified":"2026-04-01T21:52:35","modified_gmt":"2026-04-01T18:52:35","slug":"custom-puff-print-lanyards-raised-foam-texture","status":"publish","type":"product","link":"https:\/\/displayproducts.eu\/fr\/p\/custom-puff-print-lanyards-raised-foam-texture\/","title":{"rendered":"Tours de cou impression gonflante \u2013 Effet relief"},"content":{"rendered":"<p data-path-to-node=\"11\">Donnez une nouvelle dimension \u00e0 votre image de marque gr\u00e2ce \u00e0 notre <b>Lani\u00e8res personnalis\u00e9es \u00e0 imprim\u00e9 en relief<\/b>. Gr\u00e2ce \u00e0 un proc\u00e9d\u00e9 d&#039;encre \u201c moussante \u201d sp\u00e9cialis\u00e9, nous cr\u00e9ons des logos qui se d\u00e9tachent litt\u00e9ralement du tissu, offrant un aspect haut de gamme et un toucher unique.<\/p>\n<p data-path-to-node=\"12\"><b>Pourquoi choisir l&#039;impression en mousse ?<\/b> Contrairement \u00e0 la s\u00e9rigraphie classique, l&#039;impression en relief cr\u00e9e un effet 3D doux et arrondi. Elle repr\u00e9sente un excellent compromis entre l&#039;impression traditionnelle et les moules en silicone on\u00e9reux. Sa texture, agr\u00e9able au toucher et r\u00e9fl\u00e9chissante, donne \u00e0 votre logo un relief saisissant qui ne passe pas inaper\u00e7u.<\/p>\n<p data-path-to-node=\"13\"><b>Id\u00e9al pour les marques audacieuses<\/b> Comme le montrent les exemples de course automobile (GASGAS), cette technique est particuli\u00e8rement efficace avec les polices audacieuses et les logos massifs. Elle transmet \u00e9nergie et dynamisme, ce qui la rend id\u00e9ale pour les articles de sport, les \u00e9v\u00e9nements de jeux vid\u00e9o et les marques de mode de vie active.<\/p>\n<p data-path-to-node=\"14\"><b>Caract\u00e9ristiques principales :<\/b><\/p>\n<ul data-path-to-node=\"15\">\n<li>\n<p data-path-to-node=\"15,0,0\"><b>Style d&#039;impression\u00a0:<\/b> Impression s\u00e9rigraphique en relief \u201c\u00a0Puff\u00a0\u201d \/ mousse.<\/p>\n<\/li>\n<li>\n<p data-path-to-node=\"15,1,0\"><b>Texture:<\/b> Toucher doux et caoutchouteux avec des bords arrondis.<\/p>\n<\/li>\n<li>\n<p data-path-to-node=\"15,2,0\"><b>Mat\u00e9riel:<\/b> Polyester plat (largeurs de 15 mm, 20 mm ou 25 mm).<\/p>\n<\/li>\n<li>\n<p data-path-to-node=\"15,3,0\"><b>Durabilit\u00e9:<\/b> L&#039;encre en mousse \u00e9pouse les formes du tissu, \u00e9vitant ainsi les craquelures.<\/p>\n<\/li>\n<\/ul>","protected":false},"excerpt":{"rendered":"<ul>\n<li>\n<p data-path-to-node=\"9,0,0\"><b>Texture tactile :<\/b> L&#039;encre sp\u00e9ciale \u201c gonflante \u201d se dilate pendant le s\u00e9chage pour cr\u00e9er un effet 3D en relief, semblable \u00e0 de la mousse.<\/p>\n<\/li>\n<li>\n<p data-path-to-node=\"9,1,0\"><b>Visibilit\u00e9 audacieuse\u00a0:<\/b> Le relief ajoute de la profondeur et du contraste aux logos, les faisant ressortir davantage qu&#039;une impression plate.<\/p>\n<\/li>\n<li>\n<p data-path-to-node=\"9,2,0\"><b>Esth\u00e9tique sportive :<\/b> Un choix populaire aupr\u00e8s des \u00e9quipes de course, des marques de boissons \u00e9nergisantes et de v\u00eatements streetwear gr\u00e2ce \u00e0 son look dynamique.<\/p>\n<\/li>\n<li>\n<p data-path-to-node=\"9,3,0\"><b>Base durable :<\/b> Imprim\u00e9 sur une sangle plate en polyester de haute qualit\u00e9 pour une adh\u00e9rence et une long\u00e9vit\u00e9 maximales.<\/p>\n<\/li>\n<\/ul>","protected":false},"featured_media":5908,"comment_status":"closed","ping_status":"closed","template":"","meta":[],"product_brand":[],"product_cat":[104],"product_tag":[],"class_list":{"0":"post-5680","1":"product","2":"type-product","3":"status-publish","4":"has-post-thumbnail","6":"product_cat-custom-printed-lanyards","8":"first","9":"instock","10":"shipping-taxable","11":"product-type-simple"},"_links":{"self":[{"href":"https:\/\/displayproducts.eu\/fr\/wp-json\/wp\/v2\/product\/5680","targetHints":{"allow":["GET"]}}],"collection":[{"href":"https:\/\/displayproducts.eu\/fr\/wp-json\/wp\/v2\/product"}],"about":[{"href":"https:\/\/displayproducts.eu\/fr\/wp-json\/wp\/v2\/types\/product"}],"replies":[{"embeddable":true,"href":"https:\/\/displayproducts.eu\/fr\/wp-json\/wp\/v2\/comments?post=5680"}],"wp:featuredmedia":[{"embeddable":true,"href":"https:\/\/displayproducts.eu\/fr\/wp-json\/wp\/v2\/media\/5908"}],"wp:attachment":[{"href":"https:\/\/displayproducts.eu\/fr\/wp-json\/wp\/v2\/media?parent=5680"}],"wp:term":[{"taxonomy":"product_brand","embeddable":true,"href":"https:\/\/displayproducts.eu\/fr\/wp-json\/wp\/v2\/product_brand?post=5680"},{"taxonomy":"product_cat","embeddable":true,"href":"https:\/\/displayproducts.eu\/fr\/wp-json\/wp\/v2\/product_cat?post=5680"},{"taxonomy":"product_tag","embeddable":true,"href":"https:\/\/displayproducts.eu\/fr\/wp-json\/wp\/v2\/product_tag?post=5680"}],"curies":[{"name":"wp","href":"https:\/\/api.w.org\/{rel}","templated":true}]}}