{"id":5671,"date":"2025-12-10T12:33:03","date_gmt":"2025-12-10T09:33:03","guid":{"rendered":"https:\/\/wristbandfactory.eu\/?post_type=product&#038;p=5671"},"modified":"2026-04-01T21:52:35","modified_gmt":"2026-04-01T18:52:35","slug":"custom-canvas-webbing-belts-metal-plastic-buckles","status":"publish","type":"product","link":"https:\/\/displayproducts.eu\/fr\/p\/custom-canvas-webbing-belts-metal-plastic-buckles\/","title":{"rendered":"Ceintures en toile personnalis\u00e9es \u2013 Boucle m\u00e9tal ou plastique"},"content":{"rendered":"<p data-path-to-node=\"12\">D\u00e9veloppez votre gamme de v\u00eatements de marque avec notre <b>Ceintures en toile personnalis\u00e9es<\/b>. Que ce soit pour des uniformes de travail industriels ou des v\u00eatements de rue tendance, ces ceintures offrent une opportunit\u00e9 de branding pratique et tr\u00e8s visible.<\/p>\n<p data-path-to-node=\"13\"><b>Deux styles de boucles assortis \u00e0 votre marque\u00a0:<\/b><\/p>\n<ol start=\"1\" data-path-to-node=\"14\">\n<li>\n<p data-path-to-node=\"14,0,0\"><b>La norme \u201c v\u00eatements de travail \u201d (m\u00e9tal) :<\/b> Comme le montre notre exemple de Milwaukee, la boucle m\u00e9tallique \u00e0 bascule offre une sensation haut de gamme. Nous pouvons y embosser votre logo directement et le remplir d&#039;\u00e9mail pour une finition robuste et professionnelle.<\/p>\n<\/li>\n<li>\n<p data-path-to-node=\"14,1,0\"><b>La norme \u201c\u00a0rue\u00a0\u201d (plastique)\u00a0:<\/b> Pour un style plus l\u00e9ger et d\u00e9contract\u00e9, optez pour la boucle \u00e0 pince en plastique robuste. Durable et anticorrosive, elle est id\u00e9ale pour une utilisation active.<\/p>\n<\/li>\n<\/ol>\n<p data-path-to-node=\"15\"><b>Pourquoi choisir des ceintures sur mesure ?<\/b> Les ceintures sont des objets publicitaires tr\u00e8s appr\u00e9ci\u00e9s\u00a0: celles que leurs destinataires portent quotidiennement. Elles constituent de v\u00e9ritables supports publicitaires ambulants pour votre marque, particuli\u00e8rement efficaces pour les entreprises de construction, les marques de skate\/surf et les fournisseurs d\u2019uniformes.<\/p>\n<p data-path-to-node=\"16\"><b>Caract\u00e9ristiques principales :<\/b><\/p>\n<ul data-path-to-node=\"17\">\n<li>\n<p data-path-to-node=\"17,0,0\"><b>Largeur de la sangle :<\/b> Largeurs standard de 30 mm ou 38 mm.<\/p>\n<\/li>\n<li>\n<p data-path-to-node=\"17,1,0\"><b>M\u00e9canisme de boucle :<\/b> Un syst\u00e8me de serrage dent\u00e9 fiable emp\u00eache tout glissement.<\/p>\n<\/li>\n<li>\n<p data-path-to-node=\"17,2,0\"><b>Personnalisation:<\/b> Logo sur la boucle (brod\u00e9\/imprim\u00e9) + options d&#039;\u00e9tiquette tiss\u00e9e.<\/p>\n<\/li>\n<li>\n<p data-path-to-node=\"17,3,0\"><b>Conditionnement:<\/b> Emballage individuel en sachet plastique disponible pour la distribution au d\u00e9tail<\/p>\n<\/li>\n<\/ul>","protected":false},"excerpt":{"rendered":"<ul>\n<li>\n<p data-path-to-node=\"10,0,0\"><b>Sangle ultra-r\u00e9sistante :<\/b> Fabriqu\u00e9 en toile de polyester ou de coton \u00e9paisse et r\u00e9sistante, con\u00e7ue pour r\u00e9sister \u00e0 l&#039;usure quotidienne.<\/p>\n<\/li>\n<li>\n<p data-path-to-node=\"10,1,0\"><b>Option boucle m\u00e9tallique :<\/b> Boucle m\u00e9tallique classique de style militaire \u00e0 clapet, id\u00e9ale pour les logos en relief (par exemple, Milwaukee) et les cadeaux d&#039;entreprise.<\/p>\n<\/li>\n<li>\n<p data-path-to-node=\"10,2,0\"><b>Option boucle en plastique\u00a0:<\/b> Boucle en plastique noir robuste et l\u00e9g\u00e8re (type YKK) pour un look moderne ou des environnements sensibles \u00e0 la s\u00e9curit\u00e9.<\/p>\n<\/li>\n<li>\n<p data-path-to-node=\"10,3,0\"><b>Enti\u00e8rement r\u00e9glable :<\/b> Sa conception \u00e0 longueur ajustable permet \u00e0 la ceinture de s&#039;adapter facilement \u00e0 toutes les tailles de taille.<\/p>\n<\/li>\n<\/ul>","protected":false},"featured_media":5914,"comment_status":"closed","ping_status":"closed","template":"","meta":[],"product_brand":[],"product_cat":[127],"product_tag":[],"class_list":{"0":"post-5671","1":"product","2":"type-product","3":"status-publish","4":"has-post-thumbnail","6":"product_cat-custom-straps-belts","8":"first","9":"instock","10":"shipping-taxable","11":"product-type-simple"},"_links":{"self":[{"href":"https:\/\/displayproducts.eu\/fr\/wp-json\/wp\/v2\/product\/5671","targetHints":{"allow":["GET"]}}],"collection":[{"href":"https:\/\/displayproducts.eu\/fr\/wp-json\/wp\/v2\/product"}],"about":[{"href":"https:\/\/displayproducts.eu\/fr\/wp-json\/wp\/v2\/types\/product"}],"replies":[{"embeddable":true,"href":"https:\/\/displayproducts.eu\/fr\/wp-json\/wp\/v2\/comments?post=5671"}],"wp:featuredmedia":[{"embeddable":true,"href":"https:\/\/displayproducts.eu\/fr\/wp-json\/wp\/v2\/media\/5914"}],"wp:attachment":[{"href":"https:\/\/displayproducts.eu\/fr\/wp-json\/wp\/v2\/media?parent=5671"}],"wp:term":[{"taxonomy":"product_brand","embeddable":true,"href":"https:\/\/displayproducts.eu\/fr\/wp-json\/wp\/v2\/product_brand?post=5671"},{"taxonomy":"product_cat","embeddable":true,"href":"https:\/\/displayproducts.eu\/fr\/wp-json\/wp\/v2\/product_cat?post=5671"},{"taxonomy":"product_tag","embeddable":true,"href":"https:\/\/displayproducts.eu\/fr\/wp-json\/wp\/v2\/product_tag?post=5671"}],"curies":[{"name":"wp","href":"https:\/\/api.w.org\/{rel}","templated":true}]}}