{"id":5670,"date":"2025-12-10T12:24:00","date_gmt":"2025-12-10T09:24:00","guid":{"rendered":"https:\/\/wristbandfactory.eu\/?post_type=product&#038;p=5670"},"modified":"2026-04-01T21:52:03","modified_gmt":"2026-04-01T18:52:03","slug":"custom-neoprene-sunglasses-straps-floating-retainer","status":"publish","type":"product","link":"https:\/\/displayproducts.eu\/fr\/p\/custom-neoprene-sunglasses-straps-floating-retainer\/","title":{"rendered":"Cordon \u00e0 lunettes en n\u00e9opr\u00e8ne \u2013 Flottant"},"content":{"rendered":"<p data-path-to-node=\"12\">Prot\u00e9gez vos lunettes avec style gr\u00e2ce \u00e0 notre <b>Sangles de lunettes de soleil en n\u00e9opr\u00e8ne personnalis\u00e9es<\/b>. \u00c9galement connus sous le nom de cordons pour lunettes, ce sont les articles promotionnels estivaux par excellence pour les agences de voyages, les \u00e9quipes sportives et les marques de plein air.<\/p>\n<p data-path-to-node=\"13\"><b>Con\u00e7u pour l&#039;action et l&#039;eau<\/b> Contrairement aux cordons fins, ces sangles sont fabriqu\u00e9es en n\u00e9opr\u00e8ne de haute qualit\u00e9, le m\u00eame mat\u00e9riau que celui utilis\u00e9 pour les combinaisons de plong\u00e9e. Cela leur conf\u00e8re une flottabilit\u00e9 naturelle, les rendant ainsi plus faciles \u00e0 utiliser. <b>id\u00e9al pour les sports nautiques<\/b>, les sorties de p\u00eache et les festivals de plage. Si des verres tombent \u00e0 l&#039;eau, la lani\u00e8re les emp\u00eache de flotter.<\/p>\n<p data-path-to-node=\"14\"><b>Image de marque \u00e0 haute visibilit\u00e9<\/b> Le profil large du bracelet offre un excellent support pour votre marque. Comme le montrent les exemples, nous pouvons r\u00e9aliser\u00a0:<\/p>\n<ol start=\"1\" data-path-to-node=\"15\">\n<li>\n<p data-path-to-node=\"15,0,0\"><b>Impression en tons directs :<\/b> Des logos clairs et bien visibles pour une meilleure visibilit\u00e9 de l&#039;entreprise (ex.\u00a0: Allianz, Ole Miss).<\/p>\n<\/li>\n<li>\n<p data-path-to-node=\"15,1,0\"><b>Sublimation en couleur :<\/b> Des motifs et illustrations \u00e9clatants, couvrant toute la surface (par exemple, des dauphins, des th\u00e8mes nautiques).<\/p>\n<\/li>\n<\/ol>\n<p data-path-to-node=\"16\"><b>Cas d&#039;utilisation recommand\u00e9s\u00a0:<\/b><\/p>\n<ul data-path-to-node=\"17\">\n<li>\n<p data-path-to-node=\"17,0,0\"><b>Festivals d&#039;\u00e9t\u00e9 :<\/b> Un cadeau pratique que les participants portent imm\u00e9diatement.<\/p>\n<\/li>\n<li>\n<p data-path-to-node=\"17,1,0\"><b>Retraites d&#039;entreprise :<\/b> Id\u00e9al pour les activit\u00e9s de team building en bord de mer.<\/p>\n<\/li>\n<li>\n<p data-path-to-node=\"17,2,0\"><b>Articles de sport :<\/b> Image de marque de l&#039;universit\u00e9 et de l&#039;\u00e9quipe pour les supporters.<\/p>\n<\/li>\n<\/ul>\n<p data-path-to-node=\"18\"><b>Caract\u00e9ristiques principales :<\/b><\/p>\n<ul data-path-to-node=\"19\">\n<li>\n<p data-path-to-node=\"19,0,0\"><b>Mat\u00e9riel:<\/b> 100% N\u00e9opr\u00e8ne (mousse SBR\/CR).<\/p>\n<\/li>\n<li>\n<p data-path-to-node=\"19,1,0\"><b>Taille:<\/b> Taille standard env. 40 cm x 2,5 cm (Convient \u00e0 la plupart des adultes).<\/p>\n<\/li>\n<li>\n<p data-path-to-node=\"19,2,0\"><b>Imprimer:<\/b> S\u00e9rigraphie ou sublimation par transfert thermique.<\/p>\n<\/li>\n<li>\n<p data-path-to-node=\"19,3,0\"><b>Fonction:<\/b> Antid\u00e9rapant, flottant, s\u00e9chage rapide.<\/p>\n<\/li>\n<\/ul>\n<h3 data-path-to-node=\"20\"><\/h3>","protected":false},"excerpt":{"rendered":"<ul>\n<li>\n<p data-path-to-node=\"10,0,0\"><b>Mati\u00e8re flottante :<\/b> Fabriqu\u00e9es en n\u00e9opr\u00e8ne souple et l\u00e9ger (mati\u00e8re des combinaisons de plong\u00e9e) qui aide les lunettes \u00e0 flotter dans l&#039;eau.<\/p>\n<\/li>\n<li>\n<p data-path-to-node=\"10,1,0\"><b>Ajustement s\u00fbr\u00a0:<\/b> Les extr\u00e9mit\u00e9s tubulaires extensibles maintiennent fermement les montures de lunettes de soleil standard, les emp\u00eachant de glisser pendant les activit\u00e9s.<\/p>\n<\/li>\n<li>\n<p data-path-to-node=\"10,2,0\"><b>Identit\u00e9 visuelle compl\u00e8te\u00a0:<\/b> Offre une grande surface d&#039;impression pour les logos en gras (par exemple, Allianz, Ole Miss) ou les motifs en couleur.<\/p>\n<\/li>\n<li>\n<p data-path-to-node=\"10,3,0\"><b>Confortable:<\/b> Le tissu doux est confortable contre le cou et s\u00e8che rapidement apr\u00e8s avoir \u00e9t\u00e9 mouill\u00e9.<\/p>\n<\/li>\n<\/ul>","protected":false},"featured_media":6673,"comment_status":"closed","ping_status":"closed","template":"","meta":[],"product_brand":[],"product_cat":[129,118,127],"product_tag":[],"class_list":{"0":"post-5670","1":"product","2":"type-product","3":"status-publish","4":"has-post-thumbnail","6":"product_cat-leisure-lifestyle","7":"product_cat-sports-fitness","8":"product_cat-custom-straps-belts","10":"first","11":"instock","12":"shipping-taxable","13":"product-type-simple"},"_links":{"self":[{"href":"https:\/\/displayproducts.eu\/fr\/wp-json\/wp\/v2\/product\/5670","targetHints":{"allow":["GET"]}}],"collection":[{"href":"https:\/\/displayproducts.eu\/fr\/wp-json\/wp\/v2\/product"}],"about":[{"href":"https:\/\/displayproducts.eu\/fr\/wp-json\/wp\/v2\/types\/product"}],"replies":[{"embeddable":true,"href":"https:\/\/displayproducts.eu\/fr\/wp-json\/wp\/v2\/comments?post=5670"}],"wp:featuredmedia":[{"embeddable":true,"href":"https:\/\/displayproducts.eu\/fr\/wp-json\/wp\/v2\/media\/6673"}],"wp:attachment":[{"href":"https:\/\/displayproducts.eu\/fr\/wp-json\/wp\/v2\/media?parent=5670"}],"wp:term":[{"taxonomy":"product_brand","embeddable":true,"href":"https:\/\/displayproducts.eu\/fr\/wp-json\/wp\/v2\/product_brand?post=5670"},{"taxonomy":"product_cat","embeddable":true,"href":"https:\/\/displayproducts.eu\/fr\/wp-json\/wp\/v2\/product_cat?post=5670"},{"taxonomy":"product_tag","embeddable":true,"href":"https:\/\/displayproducts.eu\/fr\/wp-json\/wp\/v2\/product_tag?post=5670"}],"curies":[{"name":"wp","href":"https:\/\/api.w.org\/{rel}","templated":true}]}}