{"id":5654,"date":"2025-12-10T12:17:37","date_gmt":"2025-12-10T09:17:37","guid":{"rendered":"https:\/\/wristbandfactory.eu\/?post_type=product&#038;p=5654"},"modified":"2026-04-01T21:52:35","modified_gmt":"2026-04-01T18:52:35","slug":"custom-printed-round-cord-lanyards-direct-text-branding","status":"publish","type":"product","link":"https:\/\/displayproducts.eu\/fr\/p\/custom-printed-round-cord-lanyards-direct-text-branding\/","title":{"rendered":"Cordons ronds imprim\u00e9s \u2013 Texte sur le cordon"},"content":{"rendered":"<p data-path-to-node=\"12\">D\u00e9marquez-vous avec notre <b>Lani\u00e8res rondes imprim\u00e9es personnalis\u00e9es<\/b>. Contrairement aux cordons traditionnels qui utilisent un badge en PVC s\u00e9par\u00e9 pour le marquage, cette option haut de gamme pr\u00e9sente votre texte ou logo imprim\u00e9 directement sur la surface du cordon lui-m\u00eame.<\/p>\n<p data-path-to-node=\"13\"><b>Minimaliste et moderne<\/b> Cette technique permet d&#039;obtenir un style \u00e9l\u00e9gant et sportif, tr\u00e8s appr\u00e9ci\u00e9 des entreprises technologiques, des marques de v\u00eatements et d&#039;\u00e9quipements de plein air, ainsi que des \u00e9tablissements scolaires. Son profil rond (g\u00e9n\u00e9ralement 5 ou 8 mm) assure un confort optimal tout au long de la journ\u00e9e et \u00e9vite les torsions, contrairement aux rubans plats.<\/p>\n<p data-path-to-node=\"14\"><b>\u00c9lastique vs. Statique<\/b> Vous pouvez choisir entre\u00a0:<\/p>\n<ol start=\"1\" data-path-to-node=\"15\">\n<li>\n<p data-path-to-node=\"15,0,0\"><b>Polyester tubulaire :<\/b> Une option classique, durable et non extensible, parfaite pour les cartes d&#039;identit\u00e9.<\/p>\n<\/li>\n<li>\n<p data-path-to-node=\"15,1,0\"><b>Cordon \u00e9lastique :<\/b> Un mat\u00e9riau extensible de type \u201c bungee \u201d qui ajoute une dimension tactile unique et une grande flexibilit\u00e9.<\/p>\n<\/li>\n<\/ol>\n<p data-path-to-node=\"16\"><b>Cas d&#039;utilisation recommand\u00e9s\u00a0:<\/b><\/p>\n<ul data-path-to-node=\"17\">\n<li>\n<p data-path-to-node=\"17,0,0\"><b>Sports et loisirs de plein air :<\/b> Le style robuste de la corde convient parfaitement aux \u00e9v\u00e9nements sportifs.<\/p>\n<\/li>\n<li>\n<p data-path-to-node=\"17,1,0\"><b>\u00c9coles et universit\u00e9s :<\/b> Porte-badges sans impressions et r\u00e9sistants pour \u00e9tudiants.<\/p>\n<\/li>\n<li>\n<p data-path-to-node=\"17,2,0\"><b>Objets technologiques :<\/b> Une alternative moderne \u00e0 la lani\u00e8re plate standard.<\/p>\n<\/li>\n<\/ul>\n<p data-path-to-node=\"18\"><b>Caract\u00e9ristiques principales :<\/b><\/p>\n<ul data-path-to-node=\"19\">\n<li>\n<p data-path-to-node=\"19,0,0\"><b>Impression:<\/b> Impression s\u00e9rigraphique autour de la courbure du cordon.<\/p>\n<\/li>\n<li>\n<p data-path-to-node=\"19,1,0\"><b>Diam\u00e8tre:<\/b> Disponible en \u00e9paisseurs de 5 mm, 8 mm ou sur mesure.<\/p>\n<\/li>\n<li>\n<p data-path-to-node=\"19,2,0\"><b>Ajusteurs :<\/b> Des curseurs \u00e0 bouton-poussoir en plastique permettent d&#039;ajuster la taille.<\/p>\n<\/li>\n<li>\n<p data-path-to-node=\"19,3,0\"><b>Pi\u00e8ces jointes:<\/b> Crochets m\u00e9talliques robustes ou boucles de ficelle d\u00e9licates.<\/p>\n<\/li>\n<\/ul>","protected":false},"excerpt":{"rendered":"<ul data-path-to-node=\"10\">\n<li>\n<p data-path-to-node=\"10,0,0\"><b>Marketing direct\u00a0:<\/b> Votre logo ou slogan est s\u00e9rigraphi\u00e9 en continu le long du cordon rond, offrant une visibilit\u00e9 \u00e0 360 degr\u00e9s.<\/p>\n<\/li>\n<li>\n<p data-path-to-node=\"10,1,0\"><b>Options de mat\u00e9riaux :<\/b> Disponible en polyester tubulaire standard ou en cordon \u00e9lastique extensible pour plus de fonctionnalit\u00e9.<\/p>\n<\/li>\n<li>\n<p data-path-to-node=\"10,2,0\"><b>Curseurs intelligents\u00a0:<\/b> Comprend des curseurs ou \u201c boutons \u201d en plastique r\u00e9glables pour ajuster la longueur ou maintenir le cordon bien rang\u00e9.<\/p>\n<\/li>\n<li>\n<p data-path-to-node=\"10,3,0\"><b>Clips polyvalents\u00a0:<\/b> Compatible avec les mousquetons m\u00e9talliques, les crochets pivotants ou les anneaux pour t\u00e9l\u00e9phones portables.<\/p>\n<\/li>\n<\/ul>","protected":false},"featured_media":6805,"comment_status":"closed","ping_status":"closed","template":"","meta":[],"product_brand":[],"product_cat":[125,104,108],"product_tag":[],"class_list":{"0":"post-5654","1":"product","2":"type-product","3":"status-publish","4":"has-post-thumbnail","6":"product_cat-cord-lanyards","7":"product_cat-custom-printed-lanyards","8":"product_cat-multifunctional-lanyards","10":"first","11":"instock","12":"shipping-taxable","13":"product-type-simple"},"_links":{"self":[{"href":"https:\/\/displayproducts.eu\/fr\/wp-json\/wp\/v2\/product\/5654","targetHints":{"allow":["GET"]}}],"collection":[{"href":"https:\/\/displayproducts.eu\/fr\/wp-json\/wp\/v2\/product"}],"about":[{"href":"https:\/\/displayproducts.eu\/fr\/wp-json\/wp\/v2\/types\/product"}],"replies":[{"embeddable":true,"href":"https:\/\/displayproducts.eu\/fr\/wp-json\/wp\/v2\/comments?post=5654"}],"wp:featuredmedia":[{"embeddable":true,"href":"https:\/\/displayproducts.eu\/fr\/wp-json\/wp\/v2\/media\/6805"}],"wp:attachment":[{"href":"https:\/\/displayproducts.eu\/fr\/wp-json\/wp\/v2\/media?parent=5654"}],"wp:term":[{"taxonomy":"product_brand","embeddable":true,"href":"https:\/\/displayproducts.eu\/fr\/wp-json\/wp\/v2\/product_brand?post=5654"},{"taxonomy":"product_cat","embeddable":true,"href":"https:\/\/displayproducts.eu\/fr\/wp-json\/wp\/v2\/product_cat?post=5654"},{"taxonomy":"product_tag","embeddable":true,"href":"https:\/\/displayproducts.eu\/fr\/wp-json\/wp\/v2\/product_tag?post=5654"}],"curies":[{"name":"wp","href":"https:\/\/api.w.org\/{rel}","templated":true}]}}