{"id":5642,"date":"2025-12-10T11:59:44","date_gmt":"2025-12-10T08:59:44","guid":{"rendered":"https:\/\/wristbandfactory.eu\/?post_type=product&#038;p=5642"},"modified":"2026-04-01T21:52:35","modified_gmt":"2026-04-01T18:52:35","slug":"natural-cork-lanyards-with-bottle-opener-eco-metal","status":"publish","type":"product","link":"https:\/\/displayproducts.eu\/fr\/p\/natural-cork-lanyards-with-bottle-opener-eco-metal\/","title":{"rendered":"Tour de cou en li\u00e8ge avec d\u00e9capsuleur \u2013 \u00c9cologique"},"content":{"rendered":"<p data-path-to-node=\"13\">Alliez durabilit\u00e9 et grande utilit\u00e9 gr\u00e2ce \u00e0 notre <b>Lani\u00e8res en li\u00e8ge naturel avec ouvre-bouteille<\/b>. Ce produit comble le foss\u00e9 entre image de marque \u00e9co-responsable et articles promotionnels pratiques pour \u00e9v\u00e9nements.<\/p>\n<p data-path-to-node=\"14\">Contrairement aux cordons en polyester standard, la sangle est fabriqu\u00e9e \u00e0 partir de <b>v\u00e9ritable li\u00e8ge<\/b>, lui conf\u00e9rant un aspect unique et naturel ainsi qu&#039;une douceur incomparable sur la peau. Le point fort de ce mod\u00e8le est\u2026 <b>ouvre-bouteille en m\u00e9tal int\u00e9gr\u00e9<\/b>, ce qui en fait un \u201c objet souvenir \u201d tr\u00e8s pris\u00e9 des participants aux festivals et aux f\u00eates.<\/p>\n<p data-path-to-node=\"15\"><b>Pourquoi choisir Cork + ouvre-bouteille ?<\/b> Il v\u00e9hicule un double message\u00a0: votre marque est soucieuse de l\u2019environnement (\u00e9cologique) et sait aussi profiter de la vie (social). Sa structure m\u00e9tallique robuste garantit sa durabilit\u00e9, assurant ainsi une visibilit\u00e9 optimale de votre logo bien apr\u00e8s la fin de l\u2019\u00e9v\u00e9nement.<\/p>\n<p data-path-to-node=\"16\"><b>Cas d&#039;utilisation recommand\u00e9s\u00a0:<\/b><\/p>\n<ul data-path-to-node=\"17\">\n<li>\n<p data-path-to-node=\"17,0,0\"><b>\u00c9v\u00e9nements li\u00e9s \u00e0 l&#039;alimentation et aux boissons\u00a0:<\/b> Festivals de la bi\u00e8re, d\u00e9gustations de vins et foires d&#039;\u00e9t\u00e9.<\/p>\n<\/li>\n<li>\n<p data-path-to-node=\"17,1,0\"><b>Campagnes \u00e9co-responsables\u00a0:<\/b> Des marques \u00e0 la recherche d&#039;alternatives sans plastique.<\/p>\n<\/li>\n<li>\n<p data-path-to-node=\"17,2,0\"><b>Cadeaux VIP :<\/b> Un cadeau fonctionnel qui offre une valeur per\u00e7ue sup\u00e9rieure \u00e0 celle d&#039;un cordon standard.<\/p>\n<\/li>\n<\/ul>\n<p data-path-to-node=\"18\"><b>Caract\u00e9ristiques principales :<\/b><\/p>\n<ul data-path-to-node=\"19\">\n<li>\n<p data-path-to-node=\"19,0,0\"><b>Mat\u00e9riel:<\/b> Support en li\u00e8ge naturel v\u00e9ritable.<\/p>\n<\/li>\n<li>\n<p data-path-to-node=\"19,1,0\"><b>Pi\u00e8ce jointe:<\/b> Ouvre-bouteille en m\u00e9tal + crochet pivotant (mousqueton).<\/p>\n<\/li>\n<li>\n<p data-path-to-node=\"19,2,0\"><b>Personnalisation:<\/b> Disponible avec s\u00e9rigraphie ou gravure laser sur le li\u00e8ge.<\/p>\n<\/li>\n<li>\n<p data-path-to-node=\"19,3,0\"><b>Durabilit\u00e9:<\/b> Sertissage m\u00e9tallique renforc\u00e9 pour une utilisation quotidienne intensive.<\/p>\n<\/li>\n<\/ul>","protected":false},"excerpt":{"rendered":"<ul data-path-to-node=\"11\">\n<li>\n<p data-path-to-node=\"11,0,0\"><b>Mat\u00e9riau \u00e9cologique :<\/b> Fabriqu\u00e9 \u00e0 partir de li\u00e8ge naturel et durable, avec une texture douce et haut de gamme.<\/p>\n<\/li>\n<li>\n<p data-path-to-node=\"11,1,0\"><b>Outil int\u00e9gr\u00e9\u00a0:<\/b> Comporte une plaque d\u00e9capsuleur en m\u00e9tal robuste int\u00e9gr\u00e9e directement dans la sangle.<\/p>\n<\/li>\n<li>\n<p data-path-to-node=\"11,2,0\"><b>Mat\u00e9riel haut de gamme\u00a0:<\/b> Finition avec des sertissages m\u00e9talliques de haute qualit\u00e9 et un crochet mousqueton, \u00e9liminant les pi\u00e8ces en plastique bon march\u00e9.<\/p>\n<\/li>\n<li>\n<p data-path-to-node=\"11,3,0\"><b>Pr\u00eat pour l&#039;\u00e9v\u00e9nement :<\/b> L&#039;accessoire fonctionnel id\u00e9al pour les festivals de la bi\u00e8re, les \u00e9v\u00e9nements en plein air et le marketing des boissons.<\/p>\n<\/li>\n<\/ul>","protected":false},"featured_media":6557,"comment_status":"closed","ping_status":"closed","template":"","meta":[],"product_brand":[],"product_cat":[107,108,119],"product_tag":[],"class_list":{"0":"post-5642","1":"product","2":"type-product","3":"status-publish","4":"has-post-thumbnail","6":"product_cat-eco-friendly-lanyards","7":"product_cat-multifunctional-lanyards","8":"product_cat-drinkware-accessories","10":"first","11":"instock","12":"shipping-taxable","13":"product-type-simple"},"_links":{"self":[{"href":"https:\/\/displayproducts.eu\/fr\/wp-json\/wp\/v2\/product\/5642","targetHints":{"allow":["GET"]}}],"collection":[{"href":"https:\/\/displayproducts.eu\/fr\/wp-json\/wp\/v2\/product"}],"about":[{"href":"https:\/\/displayproducts.eu\/fr\/wp-json\/wp\/v2\/types\/product"}],"replies":[{"embeddable":true,"href":"https:\/\/displayproducts.eu\/fr\/wp-json\/wp\/v2\/comments?post=5642"}],"wp:featuredmedia":[{"embeddable":true,"href":"https:\/\/displayproducts.eu\/fr\/wp-json\/wp\/v2\/media\/6557"}],"wp:attachment":[{"href":"https:\/\/displayproducts.eu\/fr\/wp-json\/wp\/v2\/media?parent=5642"}],"wp:term":[{"taxonomy":"product_brand","embeddable":true,"href":"https:\/\/displayproducts.eu\/fr\/wp-json\/wp\/v2\/product_brand?post=5642"},{"taxonomy":"product_cat","embeddable":true,"href":"https:\/\/displayproducts.eu\/fr\/wp-json\/wp\/v2\/product_cat?post=5642"},{"taxonomy":"product_tag","embeddable":true,"href":"https:\/\/displayproducts.eu\/fr\/wp-json\/wp\/v2\/product_tag?post=5642"}],"curies":[{"name":"wp","href":"https:\/\/api.w.org\/{rel}","templated":true}]}}