{"id":5636,"date":"2025-12-10T11:51:32","date_gmt":"2025-12-10T08:51:32","guid":{"rendered":"https:\/\/wristbandfactory.eu\/?post_type=product&#038;p=5636"},"modified":"2026-04-01T21:52:35","modified_gmt":"2026-04-01T18:52:35","slug":"custom-camera-neck-straps-woven-printed-branding","status":"publish","type":"product","link":"https:\/\/displayproducts.eu\/fr\/p\/custom-camera-neck-straps-woven-printed-branding\/","title":{"rendered":"Sangle appareil photo personnalis\u00e9e \u2013 Tiss\u00e9 ou imprim\u00e9"},"content":{"rendered":"<p data-path-to-node=\"12\">D\u00e9veloppez votre collection de produits avec notre <b>Sangles de cou personnalis\u00e9es pour appareils photo<\/b>. Con\u00e7ues pour les studios de photographie, les marques technologiques et les boutiques de souvenirs de mus\u00e9es, ces sangles offrent un espace de marquage de grande valeur, visible \u00e0 chaque prise de photo.<\/p>\n<p data-path-to-node=\"13\">Contrairement aux cadeaux publicitaires bon march\u00e9, ce sont des bracelets de qualit\u00e9 professionnelle. Vous pouvez choisir le mat\u00e9riau et la m\u00e9thode qui correspondent \u00e0 votre marque\u00a0:<\/p>\n<ol start=\"1\" data-path-to-node=\"14\">\n<li>\n<p data-path-to-node=\"14,0,0\"><b>Sublimation du polyester :<\/b> Parfait pour les graphismes complexes et color\u00e9s, les d\u00e9grad\u00e9s et les photos (par exemple, les motifs floraux ou animaliers).<\/p>\n<\/li>\n<li>\n<p data-path-to-node=\"14,1,0\"><b>Tissage Jacquard (tiss\u00e9) :<\/b> Id\u00e9al pour les styles \u201c vintage \u201d ou \u201c boh\u00e8me \u201d o\u00f9 le motif est tiss\u00e9 dans le tissu pour plus de texture et de durabilit\u00e9.<\/p>\n<\/li>\n<\/ol>\n<p data-path-to-node=\"15\"><b>Pourquoi vendre des sangles d&#039;appareil photo de marque ?<\/b> Les photographes adorent personnaliser leur mat\u00e9riel. Une sangle personnalis\u00e9e est un accessoire pratique qui remplace la sangle standard fournie avec l&#039;appareil photo, ce qui en fait un excellent cadeau d&#039;entreprise ou un article de choix pour la revente.<\/p>\n<p data-path-to-node=\"16\"><b>Caract\u00e9ristiques principales :<\/b><\/p>\n<ul data-path-to-node=\"17\">\n<li>\n<p data-path-to-node=\"17,0,0\"><b>Mat\u00e9riels:<\/b> M\u00e9langes r\u00e9sistants de coton, de polyester ou de nylon.<\/p>\n<\/li>\n<li>\n<p data-path-to-node=\"17,1,0\"><b>Pi\u00e8ces jointes:<\/b> Boucles en sangle standard de 10 mm ou crochets pivotants en m\u00e9tal.<\/p>\n<\/li>\n<li>\n<p data-path-to-node=\"17,2,0\"><b>Longueur r\u00e9glable :<\/b> Comporte des boucles en plastique robustes permettant un r\u00e9glage pour un port autour du cou ou sur l&#039;\u00e9paule.<\/p>\n<\/li>\n<li>\n<p data-path-to-node=\"17,3,0\"><b>Extr\u00e9mit\u00e9s en cuir :<\/b> Finition en PU ou en cuir v\u00e9ritable pour une durabilit\u00e9 et un style optimaux.<\/p>\n<\/li>\n<\/ul>","protected":false},"excerpt":{"rendered":"<ul>\n<li>\n<p data-path-to-node=\"10,0,0\"><b>Enti\u00e8rement personnalisable :<\/b> Choisissez entre l&#039;impression par sublimation haute d\u00e9finition ou les motifs tiss\u00e9s haut de gamme.<\/p>\n<\/li>\n<li>\n<p data-path-to-node=\"10,1,0\"><b>Finition Premium :<\/b> Les extr\u00e9mit\u00e9s sont renforc\u00e9es avec du cuir PU de haute qualit\u00e9 ou du cuir v\u00e9ritable pour un aspect pr\u00eat \u00e0 la vente.<\/p>\n<\/li>\n<li>\n<p data-path-to-node=\"10,2,0\"><b>Ajustement universel :<\/b> Les connecteurs en sangle de nylon r\u00e9glables s&#039;adaptent \u00e0 presque tous les appareils photo reflex num\u00e9riques et hybrides (Canon, Nikon, Sony, etc.).<\/p>\n<\/li>\n<li>\n<p data-path-to-node=\"10,3,0\"><b>Styles polyvalents\u00a0:<\/b> Disponible dans des styles boh\u00e8me, vintage ou modernes d&#039;entreprise, adapt\u00e9s \u00e0 votre identit\u00e9 de marque.<\/p>\n<\/li>\n<\/ul>","protected":false},"featured_media":5641,"comment_status":"closed","ping_status":"closed","template":"","meta":[],"product_brand":[],"product_cat":[127],"product_tag":[],"class_list":{"0":"post-5636","1":"product","2":"type-product","3":"status-publish","4":"has-post-thumbnail","6":"product_cat-custom-straps-belts","8":"first","9":"instock","10":"shipping-taxable","11":"product-type-simple"},"_links":{"self":[{"href":"https:\/\/displayproducts.eu\/fr\/wp-json\/wp\/v2\/product\/5636","targetHints":{"allow":["GET"]}}],"collection":[{"href":"https:\/\/displayproducts.eu\/fr\/wp-json\/wp\/v2\/product"}],"about":[{"href":"https:\/\/displayproducts.eu\/fr\/wp-json\/wp\/v2\/types\/product"}],"replies":[{"embeddable":true,"href":"https:\/\/displayproducts.eu\/fr\/wp-json\/wp\/v2\/comments?post=5636"}],"wp:featuredmedia":[{"embeddable":true,"href":"https:\/\/displayproducts.eu\/fr\/wp-json\/wp\/v2\/media\/5641"}],"wp:attachment":[{"href":"https:\/\/displayproducts.eu\/fr\/wp-json\/wp\/v2\/media?parent=5636"}],"wp:term":[{"taxonomy":"product_brand","embeddable":true,"href":"https:\/\/displayproducts.eu\/fr\/wp-json\/wp\/v2\/product_brand?post=5636"},{"taxonomy":"product_cat","embeddable":true,"href":"https:\/\/displayproducts.eu\/fr\/wp-json\/wp\/v2\/product_cat?post=5636"},{"taxonomy":"product_tag","embeddable":true,"href":"https:\/\/displayproducts.eu\/fr\/wp-json\/wp\/v2\/product_tag?post=5636"}],"curies":[{"name":"wp","href":"https:\/\/api.w.org\/{rel}","templated":true}]}}