{"id":5626,"date":"2025-12-10T11:40:47","date_gmt":"2025-12-10T08:40:47","guid":{"rendered":"https:\/\/wristbandfactory.eu\/?post_type=product&#038;p=5626"},"modified":"2026-04-01T21:52:03","modified_gmt":"2026-04-01T18:52:03","slug":"custom-lanyards-with-water-bottle-holder-hands-free-clip","status":"publish","type":"product","link":"https:\/\/displayproducts.eu\/fr\/p\/custom-lanyards-with-water-bottle-holder-hands-free-clip\/","title":{"rendered":"Tours de cou porte-bouteille \u2013 Clip pour bouteille"},"content":{"rendered":"<p data-path-to-node=\"12\">Simplifiez l&#039;hydratation lors de votre prochain \u00e9v\u00e9nement en plein air gr\u00e2ce \u00e0 notre <b>Lani\u00e8res personnalis\u00e9es avec clip porte-bouteille<\/b>. Con\u00e7ue pour les environnements actifs, cette lani\u00e8re fonctionnelle transforme une bouteille d&#039;eau standard en un accessoire \u00e0 porter.<\/p>\n<p data-path-to-node=\"13\">Contrairement aux porte-gobelets en silicone, ce mod\u00e8le est dot\u00e9 d&#039;un <b>support en plastique dur durable<\/b> Ce syst\u00e8me se fixe solidement autour du goulot des bouteilles PET standard (eau, soda, jus). Ainsi, la bouteille reste bien en place m\u00eame en mouvement, ce qui en fait le produit promotionnel id\u00e9al pour les festivals de musique, les marathons, les marches caritatives et les colonies de vacances.<\/p>\n<p data-path-to-node=\"14\"><b>Pourquoi choisir le porte-bouteille \u00e0 clip ?<\/b> C&#039;est un objet publicitaire tr\u00e8s pratique. Comme le destinataire l&#039;utilise imm\u00e9diatement pour transporter sa boisson, votre marque b\u00e9n\u00e9ficie d&#039;une visibilit\u00e9 constante \u00e0 hauteur des yeux. L&#039;avantage \u201c mains libres \u201d est un argument de vente majeur pour les visiteurs qui ont besoin de leurs mains pour leur t\u00e9l\u00e9phone, leur nourriture ou d&#039;autres activit\u00e9s.<\/p>\n<p data-path-to-node=\"15\"><b>Cas d&#039;utilisation recommand\u00e9s\u00a0:<\/b><\/p>\n<ul data-path-to-node=\"16\">\n<li>\n<p data-path-to-node=\"16,0,0\"><b>Festivals de musique :<\/b> \u00c9vite la perte de bouteilles et permet de garder l&#039;hydratation \u00e0 port\u00e9e de main.<\/p>\n<\/li>\n<li>\n<p data-path-to-node=\"16,1,0\"><b>Sports et marathons :<\/b> Des cadeaux pratiques pour les participants et les spectateurs.<\/p>\n<\/li>\n<li>\n<p data-path-to-node=\"16,2,0\"><b>Pique-niques d&#039;entreprise :<\/b> Un cadeau de marque que les employ\u00e9s utiliseront r\u00e9ellement.<\/p>\n<\/li>\n<\/ul>\n<p data-path-to-node=\"17\"><b>Caract\u00e9ristiques principales :<\/b><\/p>\n<ul data-path-to-node=\"18\">\n<li>\n<p data-path-to-node=\"18,0,0\"><b>Mat\u00e9riel:<\/b> Bracelet en polyester avec clip pour bouteille en plastique ABS.<\/p>\n<\/li>\n<li>\n<p data-path-to-node=\"18,1,0\"><b>Compatibilit\u00e9:<\/b> Convient aux goulots de bouteilles PET standard du commerce.<\/p>\n<\/li>\n<li>\n<p data-path-to-node=\"18,2,0\"><b>Impression:<\/b> Transfert thermique haute d\u00e9finition pour logos et motifs.<\/p>\n<\/li>\n<li>\n<p data-path-to-node=\"18,3,0\"><b>Boucle:<\/b> Boucle en plastique amovible incluse pour plus de commodit\u00e9.<\/p>\n<\/li>\n<\/ul>","protected":false},"excerpt":{"rendered":"<ul>\n<li>\n<p data-path-to-node=\"10,0,0\"><b>Ajustement universel :<\/b> Un clip en plastique rigide se fixe solidement autour du goulot des bouteilles d&#039;eau jetables standard en PET.<\/p>\n<\/li>\n<li>\n<p data-path-to-node=\"10,1,0\"><b>Confort mains libres\u00a0:<\/b> Permet aux participants de transporter facilement leurs boissons lors d&#039;\u00e9v\u00e9nements en ext\u00e9rieur sans avoir \u00e0 les tenir.<\/p>\n<\/li>\n<li>\n<p data-path-to-node=\"10,2,0\"><b>Personnalisation compl\u00e8te :<\/b> Bracelet en polyester r\u00e9sistant, disponible avec impression par sublimation en couleur pour des motifs complexes.<\/p>\n<\/li>\n<li>\n<p data-path-to-node=\"10,3,0\"><b>Fixation s\u00e9curis\u00e9e\u00a0:<\/b> Comprend une boucle en plastique r\u00e9sistant pour d\u00e9tacher facilement la bouteille pendant que vous buvez.<\/p>\n<\/li>\n<\/ul>","protected":false},"featured_media":5628,"comment_status":"closed","ping_status":"closed","template":"","meta":[],"product_brand":[],"product_cat":[108,119],"product_tag":[],"class_list":{"0":"post-5626","1":"product","2":"type-product","3":"status-publish","4":"has-post-thumbnail","6":"product_cat-multifunctional-lanyards","7":"product_cat-drinkware-accessories","9":"first","10":"instock","11":"shipping-taxable","12":"product-type-simple"},"_links":{"self":[{"href":"https:\/\/displayproducts.eu\/fr\/wp-json\/wp\/v2\/product\/5626","targetHints":{"allow":["GET"]}}],"collection":[{"href":"https:\/\/displayproducts.eu\/fr\/wp-json\/wp\/v2\/product"}],"about":[{"href":"https:\/\/displayproducts.eu\/fr\/wp-json\/wp\/v2\/types\/product"}],"replies":[{"embeddable":true,"href":"https:\/\/displayproducts.eu\/fr\/wp-json\/wp\/v2\/comments?post=5626"}],"wp:featuredmedia":[{"embeddable":true,"href":"https:\/\/displayproducts.eu\/fr\/wp-json\/wp\/v2\/media\/5628"}],"wp:attachment":[{"href":"https:\/\/displayproducts.eu\/fr\/wp-json\/wp\/v2\/media?parent=5626"}],"wp:term":[{"taxonomy":"product_brand","embeddable":true,"href":"https:\/\/displayproducts.eu\/fr\/wp-json\/wp\/v2\/product_brand?post=5626"},{"taxonomy":"product_cat","embeddable":true,"href":"https:\/\/displayproducts.eu\/fr\/wp-json\/wp\/v2\/product_cat?post=5626"},{"taxonomy":"product_tag","embeddable":true,"href":"https:\/\/displayproducts.eu\/fr\/wp-json\/wp\/v2\/product_tag?post=5626"}],"curies":[{"name":"wp","href":"https:\/\/api.w.org\/{rel}","templated":true}]}}