{"id":5613,"date":"2025-12-10T11:15:00","date_gmt":"2025-12-10T08:15:00","guid":{"rendered":"https:\/\/wristbandfactory.eu\/?post_type=product&#038;p=5613"},"modified":"2026-04-01T21:52:35","modified_gmt":"2026-04-01T18:52:35","slug":"high-density-3d-screen-print-lanyards-tactile-braille-ready","status":"publish","type":"product","link":"https:\/\/displayproducts.eu\/fr\/p\/high-density-3d-screen-print-lanyards-tactile-braille-ready\/","title":{"rendered":"ours de cou impression 3D relief \u2013 Compatible Braille"},"content":{"rendered":"<p data-path-to-node=\"11\">Augmentez l&#039;impact et l&#039;inclusivit\u00e9 de votre marque gr\u00e2ce \u00e0 notre <b>Lani\u00e8res imprim\u00e9es en s\u00e9rigraphie 3D haute densit\u00e9<\/b>. Contrairement \u00e0 l&#039;impression \u00e0 plat classique, cette technique avanc\u00e9e d&#039;\u201c impression en relief \u201d cr\u00e9e une texture \u00e9paisse, semblable \u00e0 du caoutchouc, qui se d\u00e9tache nettement de la surface du tissu, rendant ainsi votre logo et votre message physiquement tangibles.<\/p>\n<p data-path-to-node=\"12\"><b>Le choix pour des environnements inclusifs et critiques en mati\u00e8re de s\u00e9curit\u00e9<\/b> Cette technologie est particuli\u00e8rement adapt\u00e9e \u00e0 <b>applications d&#039;accessibilit\u00e9<\/b>. Comme on le constate dans les campagnes de s\u00e9curit\u00e9 (par exemple, \u201c Op\u00e9ration Sauvetage \u201d), le profil pr\u00e9cis et sur\u00e9lev\u00e9 permet l\u2019inclusion de <b>caract\u00e8res Braille tactiles<\/b> en plus du texte standard. Cela fait de ces cordons le choix id\u00e9al pour\u00a0:<\/p>\n<ul data-path-to-node=\"13\">\n<li>\n<p data-path-to-node=\"13,0,0\"><b>\u00c9v\u00e9nements et conf\u00e9rences inclusifs\u00a0:<\/b> Service aux participants malvoyants.<\/p>\n<\/li>\n<li>\n<p data-path-to-node=\"13,1,0\"><b>Transports publics et s\u00e9curit\u00e9 :<\/b> Avertissements tactiles \u00e0 haute visibilit\u00e9 pour le personnel (par exemple, \u201c Train en approche \u201d, \u201c Attention \u00e0 l\u2019espace \u201d).<\/p>\n<\/li>\n<li>\n<p data-path-to-node=\"13,2,0\"><b>Sant\u00e9 et gouvernement :<\/b> Respect des normes en mati\u00e8re de RSE (Responsabilit\u00e9 Soci\u00e9tale des Entreprises) et d&#039;accessibilit\u00e9.<\/p>\n<\/li>\n<\/ul>\n<p data-path-to-node=\"14\"><b>Texture et durabilit\u00e9 de qualit\u00e9 sup\u00e9rieure<\/b> L&#039;encre en relief est durable, flexible et r\u00e9sistante aux craquelures. Elle cr\u00e9e un effet 3D haut de gamme qui valorise m\u00eame les logos les plus sans impressions. Les cordons sont fabriqu\u00e9s en polyester haute r\u00e9sistance, disponibles en tissage tubulaire ou plat, et peuvent \u00eatre \u00e9quip\u00e9s de syst\u00e8mes de s\u00e9curit\u00e9 \u00e0 ouverture rapide et de boucles d\u00e9tachables pour une fonctionnalit\u00e9 accrue.<\/p>\n<p data-path-to-node=\"15\"><b>Caract\u00e9ristiques principales :<\/b><\/p>\n<ul data-path-to-node=\"16\">\n<li>\n<p data-path-to-node=\"16,0,0\"><b>Impression en relief haute densit\u00e9 :<\/b> Des couches d&#039;encre extra-\u00e9paisses pour une sensation 3D distincte.<\/p>\n<\/li>\n<li>\n<p data-path-to-node=\"16,1,0\"><b>Compatible avec le braille\u00a0:<\/b> Exigences de hauteur sp\u00e9cifiques respect\u00e9es pour la lecture tactile.<\/p>\n<\/li>\n<li>\n<p data-path-to-node=\"16,2,0\"><b>Mat\u00e9riau ultra-r\u00e9sistant :<\/b> Polyester robuste con\u00e7u pour une utilisation \u00e0 long terme.<\/p>\n<\/li>\n<li>\n<p data-path-to-node=\"16,3,0\"><b>Pi\u00e8ces jointes personnalis\u00e9es\u00a0:<\/b> Compatible avec les crochets m\u00e9talliques, les boucles en plastique et les attache de s\u00e9curit\u00e9s de s\u00e9curit\u00e9.<\/p>\n<\/li>\n<\/ul>","protected":false},"excerpt":{"rendered":"<ul>\n<li>\n<p data-path-to-node=\"9,0,0\"><b>Image de marque tactile\u00a0:<\/b> La technologie avanc\u00e9e d&#039;impression s\u00e9rigraphique \u201c en relief \u201d cr\u00e9e une texture 3D \u00e9paisse et en relief que l&#039;on peut sentir au toucher.<\/p>\n<\/li>\n<li>\n<p data-path-to-node=\"9,1,0\"><b>Pr\u00eat pour l&#039;accessibilit\u00e9\u00a0:<\/b> La hauteur des caract\u00e8res imprim\u00e9s permet une bonne lisibilit\u00e9 des caract\u00e8res Braille, rendant les \u00e9v\u00e9nements inclusifs pour les personnes malvoyantes.<\/p>\n<\/li>\n<li>\n<p data-path-to-node=\"9,2,0\"><b>Haute visibilit\u00e9 :<\/b> L&#039;encre en relief est appos\u00e9e sur le tissu pour un contraste et une lisibilit\u00e9 optimaux, id\u00e9ale pour les messages de s\u00e9curit\u00e9 tels que \u201c D\u00c9FENSE D&#039;EMPRUNTER LES VOIES \u201d.<\/p>\n<\/li>\n<li>\n<p data-path-to-node=\"9,3,0\"><b>Durable et s\u00fbr :<\/b> Disponible avec des boucles de s\u00e9curit\u00e9 \u00e0 ouverture rapide et des clips d\u00e9tachables pour une utilisation quotidienne intensive.<\/p>\n<\/li>\n<\/ul>","protected":false},"featured_media":5617,"comment_status":"closed","ping_status":"closed","template":"","meta":[],"product_brand":[],"product_cat":[104],"product_tag":[],"class_list":{"0":"post-5613","1":"product","2":"type-product","3":"status-publish","4":"has-post-thumbnail","6":"product_cat-custom-printed-lanyards","8":"first","9":"instock","10":"shipping-taxable","11":"product-type-simple"},"_links":{"self":[{"href":"https:\/\/displayproducts.eu\/fr\/wp-json\/wp\/v2\/product\/5613","targetHints":{"allow":["GET"]}}],"collection":[{"href":"https:\/\/displayproducts.eu\/fr\/wp-json\/wp\/v2\/product"}],"about":[{"href":"https:\/\/displayproducts.eu\/fr\/wp-json\/wp\/v2\/types\/product"}],"replies":[{"embeddable":true,"href":"https:\/\/displayproducts.eu\/fr\/wp-json\/wp\/v2\/comments?post=5613"}],"wp:featuredmedia":[{"embeddable":true,"href":"https:\/\/displayproducts.eu\/fr\/wp-json\/wp\/v2\/media\/5617"}],"wp:attachment":[{"href":"https:\/\/displayproducts.eu\/fr\/wp-json\/wp\/v2\/media?parent=5613"}],"wp:term":[{"taxonomy":"product_brand","embeddable":true,"href":"https:\/\/displayproducts.eu\/fr\/wp-json\/wp\/v2\/product_brand?post=5613"},{"taxonomy":"product_cat","embeddable":true,"href":"https:\/\/displayproducts.eu\/fr\/wp-json\/wp\/v2\/product_cat?post=5613"},{"taxonomy":"product_tag","embeddable":true,"href":"https:\/\/displayproducts.eu\/fr\/wp-json\/wp\/v2\/product_tag?post=5613"}],"curies":[{"name":"wp","href":"https:\/\/api.w.org\/{rel}","templated":true}]}}