{"id":5559,"date":"2025-11-17T00:22:15","date_gmt":"2025-11-16T21:22:15","guid":{"rendered":"https:\/\/wristbandfactory.eu\/?post_type=product&#038;p=5559"},"modified":"2026-04-01T21:52:35","modified_gmt":"2026-04-01T18:52:35","slug":"rechargeable-dmx-led-wristbands-type-c","status":"publish","type":"product","link":"https:\/\/displayproducts.eu\/fr\/p\/rechargeable-dmx-led-wristbands-type-c\/","title":{"rendered":"Bracelets LED rechargeables"},"content":{"rendered":"<p data-path-to-node=\"10\">Transformez votre \u00e9v\u00e9nement en un spectacle lumineux d&#039;envergure internationale gr\u00e2ce \u00e0 notre bracelet LED le plus performant. Le mod\u00e8le DMX rechargeable est sp\u00e9cialement con\u00e7u pour les tourn\u00e9es haut de gamme, les grands \u00e9v\u00e9nements d&#039;entreprise et tous les clients B2B exigeant un contr\u00f4le pr\u00e9cis. \u00c9quip\u00e9 d&#039;un syst\u00e8me de charge USB-C durable, il repr\u00e9sente la solution la plus \u00e9conomique et \u00e9cologique pour les conf\u00e9rences de plusieurs jours. Avec une palette de 256 couleurs et une int\u00e9gration logicielle DMX compl\u00e8te, il est le choix de pr\u00e9dilection des professionnels de l&#039;\u00e9v\u00e9nementiel du monde entier.<\/p>\n<h2 data-path-to-node=\"11\">Caract\u00e9ristiques principales<\/h2>\n<ul data-path-to-node=\"12\">\n<li>\n<p data-path-to-node=\"12,0,0\"><b data-path-to-node=\"12,0,0\" data-index-in-node=\"0\">Rechargeable par USB Type-C\u00a0:<\/b> Syst\u00e8me d&#039;alimentation moderne permettant plusieurs jours d&#039;utilisation intensive sans remplacement de batterie.<\/p>\n<\/li>\n<li>\n<p data-path-to-node=\"12,1,0\"><b data-path-to-node=\"12,1,0\" data-index-in-node=\"0\">Contr\u00f4le total DMX et logiciel\u00a0:<\/b> Permet de r\u00e9aliser des s\u00e9quences d&#039;\u00e9clairage professionnelles et complexes, g\u00e9r\u00e9es via des consoles d&#039;\u00e9clairage centrales ou des logiciels sp\u00e9cialis\u00e9s.<\/p>\n<\/li>\n<li>\n<p data-path-to-node=\"12,2,0\"><b data-path-to-node=\"12,2,0\" data-index-in-node=\"0\">Spectre RVB \u00e0 256 couleurs\u00a0:<\/b> Offre une gamme de couleurs compl\u00e8te bien au-del\u00e0 des mod\u00e8les standard \u00e0 15 couleurs, permettant une correspondance pr\u00e9cise des marques et des transitions artistiques.<\/p>\n<\/li>\n<li>\n<p data-path-to-node=\"12,3,0\"><b data-path-to-node=\"12,3,0\" data-index-in-node=\"0\">Garantie professionnelle de 2 ans\u00a0:<\/b> Une garantie de qualit\u00e9 B2B d\u00e9di\u00e9e, assurant la protection de votre investissement sur le long terme.<\/p>\n<\/li>\n<li>\n<p data-path-to-node=\"12,4,0\"><b data-path-to-node=\"12,4,0\" data-index-in-node=\"0\">S\u00e9curit\u00e9 certifi\u00e9e :<\/b> Conforme \u00e0 toutes les normes europ\u00e9ennes CE et RoHS relatives aux mat\u00e9riaux et \u00e0 la s\u00e9curit\u00e9 dans les environnements professionnels.<\/p>\n<\/li>\n<\/ul>\n<h2 data-path-to-node=\"13\">Caract\u00e9ristiques<\/h2>\n<ul data-path-to-node=\"14\">\n<li>\n<p data-path-to-node=\"14,0,0\"><b data-path-to-node=\"14,0,0\" data-index-in-node=\"0\">Mat\u00e9riel:<\/b> Bo\u00eetier en ABS haute r\u00e9sistance et sangle en PVC durable<\/p>\n<\/li>\n<li>\n<p data-path-to-node=\"14,1,0\"><b data-path-to-node=\"14,1,0\" data-index-in-node=\"0\">Taille de l&#039;unit\u00e9 :<\/b> 6,77 x 8,5 x 3,3 cm<\/p>\n<\/li>\n<li>\n<p data-path-to-node=\"14,2,0\"><b data-path-to-node=\"14,2,0\" data-index-in-node=\"0\">Zone d&#039;impression du logo\u00a0:<\/b> 2 x 4 cm<\/p>\n<\/li>\n<li>\n<p data-path-to-node=\"14,3,0\"><b data-path-to-node=\"14,3,0\" data-index-in-node=\"0\">Communication:<\/b> RF 433 MHz \/ DMX512 \/ Contr\u00f4le logiciel \/ Bouton manuel<\/p>\n<\/li>\n<li>\n<p data-path-to-node=\"14,4,0\"><b data-path-to-node=\"14,4,0\" data-index-in-node=\"0\">Pouvoir:<\/b> Rechargeable par USB (Type-C 5V-1A)<\/p>\n<\/li>\n<li>\n<p data-path-to-node=\"14,5,0\"><b data-path-to-node=\"14,5,0\" data-index-in-node=\"0\">Garantie:<\/b> 2 ans<\/p>\n<\/li>\n<li>\n<p data-path-to-node=\"14,6,0\"><b data-path-to-node=\"14,6,0\" data-index-in-node=\"0\">Certificats :<\/b> CE, RoHS<\/p>\n<\/li>\n<li>\n<p data-path-to-node=\"14,7,0\"><b data-path-to-node=\"14,7,0\" data-index-in-node=\"0\">Couleurs des LED :<\/b> Palette RVB 256 couleurs<\/p>\n<\/li>\n<\/ul>\n<h2 data-path-to-node=\"15\">Cas d&#039;utilisation<\/h2>\n<ul data-path-to-node=\"16\">\n<li>\n<p data-path-to-node=\"16,0,0\"><b data-path-to-node=\"16,0,0\" data-index-in-node=\"0\">Festivals de musique de plusieurs jours\u00a0:<\/b> \u00c9limine le gaspillage de piles tout en permettant aux organisateurs de recharger des milliers d&#039;unit\u00e9s pendant la nuit.<\/p>\n<\/li>\n<li>\n<p data-path-to-node=\"16,1,0\"><b data-path-to-node=\"16,1,0\" data-index-in-node=\"0\">Galas d&#039;entreprise haut de gamme\u00a0:<\/b> Fournir le contr\u00f4le pr\u00e9cis de la lumi\u00e8re n\u00e9cessaire pour correspondre aux palettes de couleurs complexes des marques et se synchroniser avec les r\u00e9v\u00e9lations lors des discours d&#039;ouverture.<\/p>\n<\/li>\n<li>\n<p data-path-to-node=\"16,2,0\"><b data-path-to-node=\"16,2,0\" data-index-in-node=\"0\">Visites professionnelles de stades\u00a0:<\/b> Suffisamment durable et fiable pour r\u00e9sister \u00e0 une utilisation r\u00e9p\u00e9t\u00e9e et \u00e0 une recharge quotidienne sur plusieurs dates de tourn\u00e9e.<\/p>\n<\/li>\n<li>\n<p data-path-to-node=\"16,3,0\"><b data-path-to-node=\"16,3,0\" data-index-in-node=\"0\">Accueil VIP :<\/b> Un souvenir haut de gamme et high-tech qui t\u00e9moigne d&#039;un engagement en faveur de l&#039;innovation et du d\u00e9veloppement durable.<\/p>\n<\/li>\n<\/ul>\n<p data-path-to-node=\"17\">","protected":false},"excerpt":{"rendered":"<ul>\n<li>\n<p data-path-to-node=\"9,0,0\"><b data-path-to-node=\"9,0,0\" data-index-in-node=\"0\">Recharge \u00e9cologique\u00a0:<\/b> Il est dot\u00e9 d&#039;un port USB Type-C moderne pour une recharge rapide, \u00e9liminant ainsi le gaspillage de batterie et le rendant id\u00e9al pour les \u00e9v\u00e9nements de plusieurs jours.<\/p>\n<\/li>\n<li>\n<p data-path-to-node=\"9,1,0\"><b data-path-to-node=\"9,1,0\" data-index-in-node=\"0\">Contr\u00f4le logiciel professionnel\u00a0:<\/b> Enti\u00e8rement compatible avec le DMX512 et les logiciels sp\u00e9cialis\u00e9s pour un contr\u00f4le pr\u00e9cis de l&#039;\u00e9clairage \u00e0 l&#039;\u00e9chelle d&#039;un stade.<\/p>\n<\/li>\n<li>\n<p data-path-to-node=\"9,2,0\"><b data-path-to-node=\"9,2,0\" data-index-in-node=\"0\">Palette de 256 couleurs RVB\u00a0:<\/b> Une am\u00e9lioration consid\u00e9rable par rapport aux mod\u00e8les standard, offrant un spectre complet de couleurs pour des spectacles de lumi\u00e8re complexes et parfaitement synchronis\u00e9s.<\/p>\n<\/li>\n<li>\n<p data-path-to-node=\"9,3,0\"><b data-path-to-node=\"9,3,0\" data-index-in-node=\"0\">Fiabilit\u00e9 certifi\u00e9e\u00a0:<\/b> B\u00e9n\u00e9ficiant d&#039;une garantie B2B de 2 ans et d&#039;une certification CE\/RoHS compl\u00e8te pour la production d&#039;\u00e9v\u00e9nements professionnels \u00e0 enjeux \u00e9lev\u00e9s.<\/p>\n<\/li>\n<\/ul>","protected":false},"featured_media":5558,"comment_status":"closed","ping_status":"closed","template":"","meta":[],"product_brand":[],"product_cat":[80],"product_tag":[],"class_list":{"0":"post-5559","1":"product","2":"type-product","3":"status-publish","4":"has-post-thumbnail","6":"product_cat-led-wristbands","8":"first","9":"instock","10":"shipping-taxable","11":"purchasable","12":"product-type-simple"},"_links":{"self":[{"href":"https:\/\/displayproducts.eu\/fr\/wp-json\/wp\/v2\/product\/5559","targetHints":{"allow":["GET"]}}],"collection":[{"href":"https:\/\/displayproducts.eu\/fr\/wp-json\/wp\/v2\/product"}],"about":[{"href":"https:\/\/displayproducts.eu\/fr\/wp-json\/wp\/v2\/types\/product"}],"replies":[{"embeddable":true,"href":"https:\/\/displayproducts.eu\/fr\/wp-json\/wp\/v2\/comments?post=5559"}],"wp:featuredmedia":[{"embeddable":true,"href":"https:\/\/displayproducts.eu\/fr\/wp-json\/wp\/v2\/media\/5558"}],"wp:attachment":[{"href":"https:\/\/displayproducts.eu\/fr\/wp-json\/wp\/v2\/media?parent=5559"}],"wp:term":[{"taxonomy":"product_brand","embeddable":true,"href":"https:\/\/displayproducts.eu\/fr\/wp-json\/wp\/v2\/product_brand?post=5559"},{"taxonomy":"product_cat","embeddable":true,"href":"https:\/\/displayproducts.eu\/fr\/wp-json\/wp\/v2\/product_cat?post=5559"},{"taxonomy":"product_tag","embeddable":true,"href":"https:\/\/displayproducts.eu\/fr\/wp-json\/wp\/v2\/product_tag?post=5559"}],"curies":[{"name":"wp","href":"https:\/\/api.w.org\/{rel}","templated":true}]}}