{"id":5497,"date":"2025-11-15T16:43:25","date_gmt":"2025-11-15T13:43:25","guid":{"rendered":"https:\/\/wristbandfactory.eu\/?post_type=product&#038;p=5497"},"modified":"2026-04-01T21:52:35","modified_gmt":"2026-04-01T18:52:35","slug":"custom-printed-tyvek-wristbands","status":"publish","type":"product","link":"https:\/\/displayproducts.eu\/fr\/p\/custom-printed-tyvek-wristbands\/","title":{"rendered":"Bracelets Tyvek personnalis\u00e9s (impression 1 couleur)"},"content":{"rendered":"<p data-path-to-node=\"12\">S\u00e9curisez votre \u00e9v\u00e9nement et simplifiez la gestion des entr\u00e9es gr\u00e2ce \u00e0 notre <b data-path-to-node=\"12\" data-index-in-node=\"84\">Bracelets Tyvek personnalis\u00e9s imprim\u00e9s (1 couleur)<\/b>. Con\u00e7ues pour \u00eatre efficaces et abordables, ces cha\u00eenes sont la norme dans le secteur pour les festivals, les concerts, les clubs et les \u00e9v\u00e9nements d&#039;entreprise n\u00e9cessitant un contr\u00f4le d&#039;acc\u00e8s fiable.<\/p>\n<p data-path-to-node=\"13\">Contrairement aux options standard, notre service d&#039;impression personnalis\u00e9e vous permet d&#039;ajouter votre logo, le nom de votre \u00e9v\u00e9nement ou un texte personnalis\u00e9 en haute d\u00e9finition. <b data-path-to-node=\"13\" data-index-in-node=\"117\">Encre noire ou blanche<\/b>. Cette m\u00e9thode d&#039;impression s\u00e9rigraphique en une couleur offre un \u00e9quilibre parfait entre faible co\u00fbt et haute visibilit\u00e9, ce qui en fait le choix id\u00e9al pour classer les participants (par exemple, VIP, personnel, admission g\u00e9n\u00e9rale) sans d\u00e9passer le budget.<\/p>\n<h2 data-path-to-node=\"14\">Caract\u00e9ristiques principales<\/h2>\n<ul data-path-to-node=\"15\">\n<li>\n<p data-path-to-node=\"15,0,0\"><b data-path-to-node=\"15,0,0\" data-index-in-node=\"0\">Solution d&#039;impression \u00e9conomique\u00a0:<\/b> L&#039;impression s\u00e9rigraphique haute vitesse en une couleur (noir\/blanc) garantit des co\u00fbts unitaires faibles, id\u00e9ale pour les \u00e9v\u00e9nements de grande envergure.<\/p>\n<\/li>\n<li>\n<p data-path-to-node=\"15,1,0\"><b data-path-to-node=\"15,1,0\" data-index-in-node=\"0\">S\u00e9curit\u00e9 inviolable\u00a0:<\/b> Chaque bracelet est dot\u00e9 d&#039;une fermeture adh\u00e9sive d\u00e9coup\u00e9e qui se d\u00e9chire en cas de tentative de retrait, emp\u00eachant ainsi tout transfert et toute perte de revenus.<\/p>\n<\/li>\n<li>\n<p data-path-to-node=\"15,2,0\"><b data-path-to-node=\"15,2,0\" data-index-in-node=\"0\">Num\u00e9rotation s\u00e9quentielle\u00a0:<\/b> Tous les bracelets sont pr\u00e9-imprim\u00e9s avec des num\u00e9ros de s\u00e9rie uniques pour vous aider \u00e0 suivre les pr\u00e9sences et \u00e0 contr\u00f4ler les ventes de billets.<\/p>\n<\/li>\n<li>\n<p data-path-to-node=\"15,3,1\"><span data-path-to-node=\"15,3,1,0\"><b data-path-to-node=\"15,3,1,0\" data-index-in-node=\"0\"><span class=\"citation-19\">V\u00e9ritable Tyvek\u00ae DuPont\u2122 :<\/span><\/b><span class=\"citation-19\"> Nous utilisons uniquement des mat\u00e9riaux authentiques, l\u00e9gers, totalement imperm\u00e9ables et r\u00e9sistants aux d\u00e9chirures, pour une dur\u00e9e d&#039;utilisation allant jusqu&#039;\u00e0 5 jours. <\/span><\/span><\/p>\n<\/li>\n<li>\n<p data-path-to-node=\"15,4,0\"><b data-path-to-node=\"15,4,0\" data-index-in-node=\"0\">Large gamme de couleurs :<\/b> L&#039;impression noire se d\u00e9tache avec audace sur notre large s\u00e9lection de couleurs de base n\u00e9on, m\u00e9talliques et unies.<\/p>\n<\/li>\n<\/ul>\n<h2 data-path-to-node=\"16\">Caract\u00e9ristiques<\/h2>\n<ul data-path-to-node=\"17\">\n<li>\n<p data-path-to-node=\"17,0,1\"><span data-path-to-node=\"17,0,1,0\"><b data-path-to-node=\"17,0,1,0\" data-index-in-node=\"0\"><span class=\"citation-18\">Mat\u00e9riel:<\/span><\/b><span class=\"citation-18\"> DuPont\u2122 Tyvek\u00ae (poly\u00e9thyl\u00e8ne haute densit\u00e9 recyclable). <\/span><\/span><\/p>\n<\/li>\n<li>\n<p data-path-to-node=\"17,1,0\"><b data-path-to-node=\"17,1,0\" data-index-in-node=\"0\">Type d&#039;impression\u00a0:<\/b> Impression s\u00e9rigraphique 1 couleur (Standard : encre noire).<\/p>\n<\/li>\n<li>\n<p data-path-to-node=\"17,2,0\"><b data-path-to-node=\"17,2,0\" data-index-in-node=\"0\">Taille:<\/b> Largeur standard de 19 mm ou 25 mm (longueur r\u00e9glable).<\/p>\n<\/li>\n<li>\n<p data-path-to-node=\"17,3,0\"><b data-path-to-node=\"17,3,0\" data-index-in-node=\"0\">Fermeture:<\/b> Adh\u00e9sif inviolable \u00e0 usage unique.<\/p>\n<\/li>\n<li>\n<p data-path-to-node=\"17,4,0\"><b data-path-to-node=\"17,4,0\" data-index-in-node=\"0\">Durabilit\u00e9:<\/b> R\u00e9sistant \u00e0 l&#039;eau, ind\u00e9chirable, convient pour une utilisation de 1 \u00e0 5 jours.<\/p>\n<\/li>\n<\/ul>\n<h2 data-path-to-node=\"18\">Cas d&#039;utilisation<\/h2>\n<ul data-path-to-node=\"19\">\n<li>\n<p data-path-to-node=\"19,0,0\"><b data-path-to-node=\"19,0,0\" data-index-in-node=\"0\">Contr\u00f4le du portail :<\/b> Identification visuelle rapide des clients payants dans les bo\u00eetes de nuit et les bars.<\/p>\n<\/li>\n<li>\n<p data-path-to-node=\"19,1,0\"><b data-path-to-node=\"19,1,0\" data-index-in-node=\"0\">Gestion des foules :<\/b> Texte distinctif (par exemple, \u201c PERSONNEL \u201d, \u201c ARTISTE \u201d) pour les zones r\u00e9glement\u00e9es.<\/p>\n<\/li>\n<li>\n<p data-path-to-node=\"19,2,0\"><b data-path-to-node=\"19,2,0\" data-index-in-node=\"0\">Grands festivals :<\/b> La solution la plus \u00e9conomique pour garantir la pr\u00e9sence de milliers de participants.<\/p>\n<\/li>\n<li>\n<p data-path-to-node=\"19,3,0\"><b data-path-to-node=\"19,3,0\" data-index-in-node=\"0\">Vestiaire et billetterie\u00a0:<\/b> Utilisation des num\u00e9ros s\u00e9quentiels pour v\u00e9rifier la capacit\u00e9.<\/p>\n<\/li>\n<\/ul>","protected":false},"excerpt":{"rendered":"<ul>\n<li>\n<p data-path-to-node=\"11,0,1\"><span data-path-to-node=\"11,0,1,0\"><b data-path-to-node=\"11,0,1,0\" data-index-in-node=\"0\"><span class=\"citation-22\">Image de marque rentable\u00a0:<\/span><\/b><span class=\"citation-22\"> Impression s\u00e9rigraphique nette en une couleur (noir ou blanc), id\u00e9ale pour les logos et les textes.<\/span><\/span><\/p>\n<\/li>\n<li>\n<p data-path-to-node=\"11,1,1\"><span data-path-to-node=\"11,1,1,0\"><b data-path-to-node=\"11,1,1,0\" data-index-in-node=\"0\"><span class=\"citation-21\">Haute s\u00e9curit\u00e9 :<\/span><\/b><span class=\"citation-21\"> Pr\u00e9-num\u00e9rot\u00e9s avec des num\u00e9ros de s\u00e9rie s\u00e9quentiels et un adh\u00e9sif inviolable. <\/span><\/span><\/p>\n<\/li>\n<li>\n<p data-path-to-node=\"11,2,1\"><span data-path-to-node=\"11,2,1,0\"><b data-path-to-node=\"11,2,1,0\" data-index-in-node=\"0\"><span class=\"citation-20\">Mat\u00e9riau durable :<\/span><\/b><span class=\"citation-20\"> Fabriqu\u00e9 \u00e0 partir de v\u00e9ritable DuPont\u2122 Tyvek\u00ae \u2013 imperm\u00e9able et r\u00e9sistant aux d\u00e9chirures. <\/span><\/span><\/p>\n<\/li>\n<li>\n<p data-path-to-node=\"11,3,0\"><b data-path-to-node=\"11,3,0\" data-index-in-node=\"0\">Production rapide :<\/b> La solution personnalis\u00e9e la plus rapide pour les d\u00e9lais les plus serr\u00e9s.<\/p>\n<\/li>\n<\/ul>","protected":false},"featured_media":6108,"comment_status":"closed","ping_status":"closed","template":"","meta":[],"product_brand":[],"product_cat":[41],"product_tag":[],"class_list":{"0":"post-5497","1":"product","2":"type-product","3":"status-publish","4":"has-post-thumbnail","6":"product_cat-tyvek","8":"first","9":"instock","10":"shipping-taxable","11":"purchasable","12":"product-type-simple"},"_links":{"self":[{"href":"https:\/\/displayproducts.eu\/fr\/wp-json\/wp\/v2\/product\/5497","targetHints":{"allow":["GET"]}}],"collection":[{"href":"https:\/\/displayproducts.eu\/fr\/wp-json\/wp\/v2\/product"}],"about":[{"href":"https:\/\/displayproducts.eu\/fr\/wp-json\/wp\/v2\/types\/product"}],"replies":[{"embeddable":true,"href":"https:\/\/displayproducts.eu\/fr\/wp-json\/wp\/v2\/comments?post=5497"}],"wp:featuredmedia":[{"embeddable":true,"href":"https:\/\/displayproducts.eu\/fr\/wp-json\/wp\/v2\/media\/6108"}],"wp:attachment":[{"href":"https:\/\/displayproducts.eu\/fr\/wp-json\/wp\/v2\/media?parent=5497"}],"wp:term":[{"taxonomy":"product_brand","embeddable":true,"href":"https:\/\/displayproducts.eu\/fr\/wp-json\/wp\/v2\/product_brand?post=5497"},{"taxonomy":"product_cat","embeddable":true,"href":"https:\/\/displayproducts.eu\/fr\/wp-json\/wp\/v2\/product_cat?post=5497"},{"taxonomy":"product_tag","embeddable":true,"href":"https:\/\/displayproducts.eu\/fr\/wp-json\/wp\/v2\/product_tag?post=5497"}],"curies":[{"name":"wp","href":"https:\/\/api.w.org\/{rel}","templated":true}]}}