{"id":5416,"date":"2025-11-13T17:37:51","date_gmt":"2025-11-13T14:37:51","guid":{"rendered":"https:\/\/wristbandfactory.eu\/?post_type=product&#038;p=5416"},"modified":"2026-04-01T21:52:03","modified_gmt":"2026-04-01T18:52:03","slug":"usb-wristbands-custom-silicone","status":"publish","type":"product","link":"https:\/\/displayproducts.eu\/fr\/p\/usb-wristbands-custom-silicone\/","title":{"rendered":"Bracelets USB (en silicone personnalis\u00e9)"},"content":{"rendered":"<p>Faites forte impression lors de votre prochain \u00e9v\u00e9nement d&#039;entreprise ou salon professionnel gr\u00e2ce \u00e0 nos bracelets USB en silicone personnalis\u00e9s. Ce produit promotionnel innovant allie la praticit\u00e9 d&#039;un bracelet \u00e0 celle d&#039;une cl\u00e9 USB, assurant ainsi une visibilit\u00e9 durable de votre marque, m\u00eame apr\u00e8s la fin de l&#039;\u00e9v\u00e9nement.<\/p>\n<p>Ces bracelets USB sont parfaits pour diffuser des catalogues num\u00e9riques, des supports de pr\u00e9sentation ou des vid\u00e9os marketing \u00e0 vos clients et partenaires. Fabriqu\u00e9s en silicone r\u00e9sistant et confortable, ils sont enti\u00e8rement personnalisables aux couleurs de votre marque. Choisissez votre couleur et ajoutez votre logo pour une visibilit\u00e9 optimale.<\/p>\n<p>Nous proposons une gamme polyvalente de capacit\u00e9s de stockage, de 8 Go \u00e0 128 Go, pour r\u00e9pondre \u00e0 tous les besoins des entreprises. Avec une quantit\u00e9 minimale de commande de 100 pi\u00e8ces, ces bracelets-cl\u00e9s USB constituent une solution \u00e9volutive et efficace pour les campagnes marketing, la formation interne ou les cadeaux promotionnels lors d&#039;\u00e9v\u00e9nements.<\/p>\n<p><b>Caract\u00e9ristiques principales :<\/b><\/p>\n<ul>\n<li><b>Conception \u00e0 double fonction :<\/b> Sert \u00e0 la fois de bracelet en silicone \u00e0 porter au poignet et de cl\u00e9 USB fonctionnelle.<\/li>\n<li><b>Personnalisation compl\u00e8te :<\/b> Disponible dans toutes les couleurs personnalis\u00e9es pour correspondre parfaitement \u00e0 l&#039;identit\u00e9 visuelle de votre marque.<\/li>\n<li><b>Rangement polyvalent\u00a0:<\/b> Choisissez parmi une large gamme de capacit\u00e9s (8 Go, 16 Go, 32 Go, 64 Go, 128 Go) pour vos donn\u00e9es.<\/li>\n<li><b>Commande group\u00e9e pr\u00eate :<\/b> Id\u00e9al pour les \u00e9v\u00e9nements et promotions de grande envergure avec une commande minimale de 100 unit\u00e9s.<\/li>\n<li><b>Mat\u00e9riau durable :<\/b> Fabriqu\u00e9 en silicone souple et confortable (20,5 x 1,7 cm) con\u00e7u pour un port prolong\u00e9.<\/li>\n<\/ul>","protected":false},"excerpt":{"rendered":"<ul>\n<li>Un objet promotionnel pratique 2 en 1\u00a0: un bracelet en silicone confortable et une cl\u00e9 USB.<\/li>\n<li>Enti\u00e8rement personnalisable avec le logo de votre marque et vos couleurs d&#039;entreprise sp\u00e9cifiques.<\/li>\n<li>Disponible dans une large gamme de capacit\u00e9s (de 8 Go \u00e0 128 Go) pour r\u00e9pondre \u00e0 vos besoins en donn\u00e9es.<\/li>\n<li>Id\u00e9al pour les \u00e9v\u00e9nements d&#039;entreprise, les salons professionnels et les conf\u00e9rences. Commande minimum\u00a0: 100\u00a0pi\u00e8ces.<\/li>\n<\/ul>","protected":false},"featured_media":6253,"comment_status":"closed","ping_status":"closed","template":"","meta":[],"product_brand":[],"product_cat":[128,88],"product_tag":[],"class_list":{"0":"post-5416","1":"product","2":"type-product","3":"status-publish","4":"has-post-thumbnail","6":"product_cat-mobile-tech-accessories","7":"product_cat-smart-wristbands","9":"first","10":"instock","11":"shipping-taxable","12":"product-type-simple"},"_links":{"self":[{"href":"https:\/\/displayproducts.eu\/fr\/wp-json\/wp\/v2\/product\/5416","targetHints":{"allow":["GET"]}}],"collection":[{"href":"https:\/\/displayproducts.eu\/fr\/wp-json\/wp\/v2\/product"}],"about":[{"href":"https:\/\/displayproducts.eu\/fr\/wp-json\/wp\/v2\/types\/product"}],"replies":[{"embeddable":true,"href":"https:\/\/displayproducts.eu\/fr\/wp-json\/wp\/v2\/comments?post=5416"}],"wp:featuredmedia":[{"embeddable":true,"href":"https:\/\/displayproducts.eu\/fr\/wp-json\/wp\/v2\/media\/6253"}],"wp:attachment":[{"href":"https:\/\/displayproducts.eu\/fr\/wp-json\/wp\/v2\/media?parent=5416"}],"wp:term":[{"taxonomy":"product_brand","embeddable":true,"href":"https:\/\/displayproducts.eu\/fr\/wp-json\/wp\/v2\/product_brand?post=5416"},{"taxonomy":"product_cat","embeddable":true,"href":"https:\/\/displayproducts.eu\/fr\/wp-json\/wp\/v2\/product_cat?post=5416"},{"taxonomy":"product_tag","embeddable":true,"href":"https:\/\/displayproducts.eu\/fr\/wp-json\/wp\/v2\/product_tag?post=5416"}],"curies":[{"name":"wp","href":"https:\/\/api.w.org\/{rel}","templated":true}]}}