{"id":5409,"date":"2025-11-13T17:32:46","date_gmt":"2025-11-13T14:32:46","guid":{"rendered":"https:\/\/wristbandfactory.eu\/?post_type=product&#038;p=5409"},"modified":"2026-04-01T21:52:03","modified_gmt":"2026-04-01T18:52:03","slug":"charging-cable-with-rpet-phone-strap-60w-usb-c","status":"publish","type":"product","link":"https:\/\/displayproducts.eu\/fr\/p\/charging-cable-with-rpet-phone-strap-60w-usb-c\/","title":{"rendered":"C\u00e2ble de charge avec dragonne pour t\u00e9l\u00e9phone en rPET (USB-C 60 W)"},"content":{"rendered":"<p><span style=\"font-family: -apple-system, BlinkMacSystemFont, 'Segoe UI', Roboto, 'Helvetica Neue', Arial, 'Noto Sans', sans-serif, 'Apple Color Emoji', 'Segoe UI Emoji', 'Segoe UI Symbol', 'Noto Color Emoji';\">Proposez un produit technologique \u00e0 la fois pratique et durable lors de votre prochain salon ou \u00e9v\u00e9nement d&#039;entreprise. Ce c\u00e2ble de charge 2-en-1 innovant est bien plus qu&#039;une sans impression source d&#039;alimentation\u00a0: c&#039;est aussi une dragonne r\u00e9sistante pour t\u00e9l\u00e9phone, garantissant ainsi la visibilit\u00e9 et la connectivit\u00e9 de votre marque.<\/span><\/p>\n<p>Ce produit repose sur un c\u00e2ble USB Type-C vers Type-C haute performance de 60 W, compatible avec la charge rapide et le transfert de donn\u00e9es \u00e0 haut d\u00e9bit. Fabriqu\u00e9 \u00e0 partir de PET recycl\u00e9 (rPET), ce c\u00e2ble tress\u00e9 s\u00e9duira les clients et partenaires soucieux de l&#039;environnement. Il sert \u00e9galement de dragonne robuste, compatible avec la plupart des coques de t\u00e9l\u00e9phone. L\u00e9g\u00e8re, ajustable et d&#039;une r\u00e9sistance impressionnante, elle a \u00e9t\u00e9 test\u00e9e pour supporter jusqu&#039;\u00e0 8 kg.<\/p>\n<p>Ce c\u00e2ble de charge multifonctionnel est un excellent outil promotionnel pour les entreprises technologiques, les conf\u00e9rences d&#039;entreprise et les agences de marketing. En personnalisant son bo\u00eetier en aluminium r\u00e9sistant, vous offrez aux participants un objet utile qu&#039;ils utiliseront longtemps apr\u00e8s l&#039;\u00e9v\u00e9nement, optimisant ainsi la visibilit\u00e9 de votre marque.<\/p>\n<p><b>Caract\u00e9ristiques principales :<\/b><\/p>\n<ul>\n<li><b>Charge rapide 60 W :<\/b> Le c\u00e2ble USB-C vers USB-C haute vitesse alimente rapidement les appareils et prend en charge le transfert de donn\u00e9es.<\/li>\n<li><b>Dragonne de t\u00e9l\u00e9phone r\u00e9sistante :<\/b> Sert de bracelet mains libres, test\u00e9 pour supporter en toute s\u00e9curit\u00e9 jusqu&#039;\u00e0 8 kg.<\/li>\n<li><b>Mat\u00e9riau \u00e9cologique :<\/b> C\u00e2ble tress\u00e9 fabriqu\u00e9 \u00e0 partir de bouteilles rPET recycl\u00e9es, id\u00e9al pour une image de marque ax\u00e9e sur le d\u00e9veloppement durable.<\/li>\n<li><b>Compatibilit\u00e9 universelle\u00a0:<\/b> Con\u00e7u pour \u00eatre compatible avec la plupart des coques de t\u00e9l\u00e9phone, il se fixe facilement pour une utilisation imm\u00e9diate.<\/li>\n<li><b>Configuration Premium :<\/b> Dot\u00e9 de bo\u00eetiers de connecteurs en aluminium durable, parfaits pour la gravure laser de votre logo.<\/li>\n<\/ul>","protected":false},"excerpt":{"rendered":"<ul>\n<li>Une solution 3 en 1 : dragonne pour t\u00e9l\u00e9phone, c\u00e2ble de charge rapide 60 W et c\u00e2ble de transfert de donn\u00e9es.<\/li>\n<li>Fabriqu\u00e9 \u00e0 partir d&#039;un mat\u00e9riau tress\u00e9 durable en rPET-nylon.<\/li>\n<li>Il est dot\u00e9 de connecteurs Type-C vers Type-C pour les appareils modernes.<\/li>\n<li>Un objet promotionnel tr\u00e8s utile pour les conf\u00e9rences technologiques et les \u00e9v\u00e9nements d&#039;entreprise.<\/li>\n<\/ul>","protected":false},"featured_media":6681,"comment_status":"closed","ping_status":"closed","template":"","meta":[],"product_brand":[],"product_cat":[128],"product_tag":[],"class_list":{"0":"post-5409","1":"product","2":"type-product","3":"status-publish","4":"has-post-thumbnail","6":"product_cat-mobile-tech-accessories","8":"first","9":"instock","10":"shipping-taxable","11":"purchasable","12":"product-type-simple"},"_links":{"self":[{"href":"https:\/\/displayproducts.eu\/fr\/wp-json\/wp\/v2\/product\/5409","targetHints":{"allow":["GET"]}}],"collection":[{"href":"https:\/\/displayproducts.eu\/fr\/wp-json\/wp\/v2\/product"}],"about":[{"href":"https:\/\/displayproducts.eu\/fr\/wp-json\/wp\/v2\/types\/product"}],"replies":[{"embeddable":true,"href":"https:\/\/displayproducts.eu\/fr\/wp-json\/wp\/v2\/comments?post=5409"}],"wp:featuredmedia":[{"embeddable":true,"href":"https:\/\/displayproducts.eu\/fr\/wp-json\/wp\/v2\/media\/6681"}],"wp:attachment":[{"href":"https:\/\/displayproducts.eu\/fr\/wp-json\/wp\/v2\/media?parent=5409"}],"wp:term":[{"taxonomy":"product_brand","embeddable":true,"href":"https:\/\/displayproducts.eu\/fr\/wp-json\/wp\/v2\/product_brand?post=5409"},{"taxonomy":"product_cat","embeddable":true,"href":"https:\/\/displayproducts.eu\/fr\/wp-json\/wp\/v2\/product_cat?post=5409"},{"taxonomy":"product_tag","embeddable":true,"href":"https:\/\/displayproducts.eu\/fr\/wp-json\/wp\/v2\/product_tag?post=5409"}],"curies":[{"name":"wp","href":"https:\/\/api.w.org\/{rel}","templated":true}]}}