{"id":5406,"date":"2025-11-13T17:14:36","date_gmt":"2025-11-13T14:14:36","guid":{"rendered":"https:\/\/wristbandfactory.eu\/?post_type=product&#038;p=5406"},"modified":"2026-04-01T21:52:03","modified_gmt":"2026-04-01T18:52:03","slug":"microfiber-wristbands-with-zipper","status":"publish","type":"product","link":"https:\/\/displayproducts.eu\/fr\/p\/microfiber-wristbands-with-zipper\/","title":{"rendered":"Bracelets en microfibre avec fermeture \u00e9clair"},"content":{"rendered":"<p>Offrez \u00e0 vos participants ou \u00e0 votre \u00e9quipe un objet promotionnel pratique et tr\u00e8s visible. <span class=\"citation-205 citation-end-205\">Nos bracelets en microfibre sont dot\u00e9s d&#039;une poche zipp\u00e9e int\u00e9gr\u00e9e, offrant un moyen s\u00fbr de transporter cl\u00e9s, argent ou petits objets de valeur lors d&#039;activit\u00e9s sportives, de festivals et autres loisirs.<\/span>.<\/p>\n<p><span class=\"citation-204 citation-end-204\">Fabriqu\u00e9 en microfibre r\u00e9sistante mais douce, ce bracelet offre un maintien confortable et ferme pour un port tout au long de la journ\u00e9e.<\/span>. <span class=\"citation-203 citation-end-203\">La poche zipp\u00e9e de couleur assortie est con\u00e7ue pour la personnalisation, offrant une zone d&#039;impression de 5,5 x 4 cm pour votre logo d&#039;entreprise ou le marquage de votre \u00e9v\u00e9nement, gr\u00e2ce \u00e0 la s\u00e9rigraphie ou \u00e0 un transfert s\u00e9rigraphique durable.<\/span><\/p>\n<p>Id\u00e9al pour les programmes de bien-\u00eatre en entreprise, les parrainages de salles de sport, les cadeaux promotionnels lors de salons professionnels ou comme article pratique pour les participants \u00e0 des festivals, ce porte-cartes de poignet garantit que votre marque reste visible en d\u00e9placement.<\/p>\n<p><b>Caract\u00e9ristiques principales :<\/b><\/p>\n<ul>\n<li><b><span class=\"citation-202\">Poche zipp\u00e9e s\u00e9curis\u00e9e\u00a0:<\/span><\/b><span class=\"citation-202 citation-end-202\"> Comporte une poche int\u00e9gr\u00e9e avec fermeture \u00e9clair de couleur assortie pour un rangement s\u00e9curis\u00e9<\/span>.<\/li>\n<li><b><span class=\"citation-201\">Mati\u00e8re en microfibre douce :<\/span><\/b><span class=\"citation-201 citation-end-201\"> Fabriqu\u00e9 en microfibre r\u00e9sistante et douce, con\u00e7u pour le sport et les loisirs<\/span>.<\/li>\n<li><b><span class=\"citation-200\">Ajustement ferme et confortable :<\/span><\/b><span class=\"citation-200 citation-end-200\"> Mesurant 10 x 9 cm, elle offre un ajustement parfait et confortable pour une utilisation active.<\/span>.<\/li>\n<li><b><span class=\"citation-199\">Zone de personnalisation de marque\u00a0:<\/span><\/b><span class=\"citation-199 citation-end-199\"> Offre une zone d&#039;impression de 5,5 x 4 cm sur la poche pour votre logo<\/span>.<\/li>\n<li><b><span class=\"citation-198\">Couleurs \u00e9clatantes :<\/span><\/b><span class=\"citation-198 citation-end-198\"> Disponible dans une vari\u00e9t\u00e9 de tons vifs pour s&#039;harmoniser avec votre identit\u00e9 de marque.<\/span>.<\/li>\n<\/ul>","protected":false},"excerpt":{"rendered":"<ul>\n<li><span class=\"citation-209 citation-end-209\">Comporte une poche zipp\u00e9e s\u00e9curis\u00e9e pour les cl\u00e9s, l&#039;argent ou les petits objets.<\/span>.<\/li>\n<li><span class=\"citation-208 citation-end-208\">Fabriqu\u00e9 en microfibre douce et r\u00e9sistante, id\u00e9al pour le sport et les \u00e9v\u00e9nements actifs<\/span>.<\/li>\n<li><span class=\"citation-207 citation-end-207\">Grande zone d&#039;impression de 5,5 x 4 cm sur la poche pour votre logo<\/span>.\n<div class=\"source-inline-chip-container ng-star-inserted\"><\/div>\n<\/li>\n<li><span class=\"citation-206 citation-end-206\">Disponible dans une gamme de couleurs vives pour s&#039;harmoniser avec votre marque.<\/span><\/li>\n<\/ul>","protected":false},"featured_media":6414,"comment_status":"closed","ping_status":"closed","template":"","meta":[],"product_brand":[],"product_cat":[66,118,122],"product_tag":[],"class_list":{"0":"post-5406","1":"product","2":"type-product","3":"status-publish","4":"has-post-thumbnail","6":"product_cat-wristbands","7":"product_cat-sports-fitness","8":"product_cat-promotional-accessories","10":"first","11":"instock","12":"shipping-taxable","13":"purchasable","14":"product-type-simple"},"_links":{"self":[{"href":"https:\/\/displayproducts.eu\/fr\/wp-json\/wp\/v2\/product\/5406","targetHints":{"allow":["GET"]}}],"collection":[{"href":"https:\/\/displayproducts.eu\/fr\/wp-json\/wp\/v2\/product"}],"about":[{"href":"https:\/\/displayproducts.eu\/fr\/wp-json\/wp\/v2\/types\/product"}],"replies":[{"embeddable":true,"href":"https:\/\/displayproducts.eu\/fr\/wp-json\/wp\/v2\/comments?post=5406"}],"wp:featuredmedia":[{"embeddable":true,"href":"https:\/\/displayproducts.eu\/fr\/wp-json\/wp\/v2\/media\/6414"}],"wp:attachment":[{"href":"https:\/\/displayproducts.eu\/fr\/wp-json\/wp\/v2\/media?parent=5406"}],"wp:term":[{"taxonomy":"product_brand","embeddable":true,"href":"https:\/\/displayproducts.eu\/fr\/wp-json\/wp\/v2\/product_brand?post=5406"},{"taxonomy":"product_cat","embeddable":true,"href":"https:\/\/displayproducts.eu\/fr\/wp-json\/wp\/v2\/product_cat?post=5406"},{"taxonomy":"product_tag","embeddable":true,"href":"https:\/\/displayproducts.eu\/fr\/wp-json\/wp\/v2\/product_tag?post=5406"}],"curies":[{"name":"wp","href":"https:\/\/api.w.org\/{rel}","templated":true}]}}