{"id":5404,"date":"2025-11-13T17:06:02","date_gmt":"2025-11-13T14:06:02","guid":{"rendered":"https:\/\/wristbandfactory.eu\/?post_type=product&#038;p=5404"},"modified":"2026-04-01T21:52:03","modified_gmt":"2026-04-01T18:52:03","slug":"rpet-phone-strap-with-60w-data-cable","status":"publish","type":"product","link":"https:\/\/displayproducts.eu\/fr\/p\/rpet-phone-strap-with-60w-data-cable\/","title":{"rendered":"Dragonne pour t\u00e9l\u00e9phone RPET avec c\u00e2ble de donn\u00e9es 60 W"},"content":{"rendered":"<p>Offrez un objet promotionnel pratique et durable lors de votre prochain congr\u00e8s technologique ou \u00e9v\u00e9nement d&#039;entreprise. Le VRIST est un bracelet multifonctionnel con\u00e7u pour les professionnels modernes, alliant le confort du mains libres \u00e0 des fonctionnalit\u00e9s de recharge essentielles.<\/p>\n<p>La lani\u00e8re de 45 cm est fabriqu\u00e9e en RPET (PET recycl\u00e9) \u00e9cologique, t\u00e9moignant de l&#039;engagement de votre marque en mati\u00e8re de d\u00e9veloppement durable. Elle sert \u00e9galement de support de t\u00e9l\u00e9phone s\u00e9curis\u00e9, permettant aux participants de garder leur appareil \u00e0 port\u00e9e de main.<\/p>\n<p>La fonction principale du bracelet est un puissant <b>C\u00e2ble USB-C vers USB-C 60 W<\/b>, prenant en charge \u00e0 la fois la charge rapide et <b>transfert de donn\u00e9es<\/b>. Cela en fait un cadeau publicitaire incroyablement pratique pour un public f\u00e9ru de technologie. Un porte-cl\u00e9s ajoute une fonctionnalit\u00e9 suppl\u00e9mentaire. Ce produit est fabriqu\u00e9 dans une usine amfori certifi\u00e9e BSCI, garantissant une cha\u00eene d&#039;approvisionnement responsable.<\/p>\n<p><b>Caract\u00e9ristiques principales :<\/b><\/p>\n<ul>\n<li><b>Conception multifonctionnelle\u00a0:<\/b> Sert de bracelet porte-t\u00e9l\u00e9phone, de c\u00e2ble de donn\u00e9es haut d\u00e9bit et de porte-cl\u00e9s.<\/li>\n<li><b>Mat\u00e9riau \u00e9cologique :<\/b> Le bracelet est fabriqu\u00e9 \u00e0 partir de PET recycl\u00e9 (RPET), t\u00e9moignant de l&#039;engagement de l&#039;entreprise en mati\u00e8re de d\u00e9veloppement durable.<\/li>\n<li><b>Puissance et donn\u00e9es 60 W :<\/b> Le c\u00e2ble USB-C haute vitesse 60 W prend en charge la charge rapide et le transfert de donn\u00e9es.<\/li>\n<li><b>Utilisation mains libres lors d&#039;\u00e9v\u00e9nements\u00a0:<\/b> Permet aux participants de garder leurs t\u00e9l\u00e9phones et leurs cl\u00e9s en s\u00e9curit\u00e9 et accessibles.<\/li>\n<li><b>Approvisionnement responsable\u00a0:<\/b> Fabriqu\u00e9 dans une usine audit\u00e9e BSCI d&#039;amfori.<\/li>\n<\/ul>","protected":false},"excerpt":{"rendered":"<ul>\n<li>Bracelet \u00e9cologique fabriqu\u00e9 \u00e0 partir de PET recycl\u00e9 (RPET).<\/li>\n<li>C\u00e2ble USB-C vers USB-C haute vitesse 60 W pour la charge et le transfert de donn\u00e9es.<\/li>\n<li>Sert de bracelet porte-t\u00e9l\u00e9phone pour une utilisation mains libres lors d&#039;\u00e9v\u00e9nements.<\/li>\n<li>Comprend un clip porte-cl\u00e9s pour plus de praticit\u00e9.<\/li>\n<\/ul>","protected":false},"featured_media":6666,"comment_status":"closed","ping_status":"closed","template":"","meta":[],"product_brand":[],"product_cat":[128],"product_tag":[],"class_list":{"0":"post-5404","1":"product","2":"type-product","3":"status-publish","4":"has-post-thumbnail","6":"product_cat-mobile-tech-accessories","8":"first","9":"instock","10":"shipping-taxable","11":"purchasable","12":"product-type-simple"},"_links":{"self":[{"href":"https:\/\/displayproducts.eu\/fr\/wp-json\/wp\/v2\/product\/5404","targetHints":{"allow":["GET"]}}],"collection":[{"href":"https:\/\/displayproducts.eu\/fr\/wp-json\/wp\/v2\/product"}],"about":[{"href":"https:\/\/displayproducts.eu\/fr\/wp-json\/wp\/v2\/types\/product"}],"replies":[{"embeddable":true,"href":"https:\/\/displayproducts.eu\/fr\/wp-json\/wp\/v2\/comments?post=5404"}],"wp:featuredmedia":[{"embeddable":true,"href":"https:\/\/displayproducts.eu\/fr\/wp-json\/wp\/v2\/media\/6666"}],"wp:attachment":[{"href":"https:\/\/displayproducts.eu\/fr\/wp-json\/wp\/v2\/media?parent=5404"}],"wp:term":[{"taxonomy":"product_brand","embeddable":true,"href":"https:\/\/displayproducts.eu\/fr\/wp-json\/wp\/v2\/product_brand?post=5404"},{"taxonomy":"product_cat","embeddable":true,"href":"https:\/\/displayproducts.eu\/fr\/wp-json\/wp\/v2\/product_cat?post=5404"},{"taxonomy":"product_tag","embeddable":true,"href":"https:\/\/displayproducts.eu\/fr\/wp-json\/wp\/v2\/product_tag?post=5404"}],"curies":[{"name":"wp","href":"https:\/\/api.w.org\/{rel}","templated":true}]}}