{"id":5402,"date":"2025-11-13T16:55:11","date_gmt":"2025-11-13T13:55:11","guid":{"rendered":"https:\/\/wristbandfactory.eu\/?post_type=product&#038;p=5402"},"modified":"2026-04-01T21:52:03","modified_gmt":"2026-04-01T18:52:03","slug":"floating-foam-wristband-keychains","status":"publish","type":"product","link":"https:\/\/displayproducts.eu\/fr\/p\/floating-foam-wristband-keychains\/","title":{"rendered":"Porte-cl\u00e9s bracelets en mousse flottante"},"content":{"rendered":"<p>Assurez la s\u00e9curit\u00e9 des cl\u00e9s de vos clients lors d&#039;\u00e9v\u00e9nements nautiques d&#039;entreprise, dans les marinas ou lors d&#039;excursions en bateau gr\u00e2ce \u00e0 nos porte-cl\u00e9s bracelets flottants en mousse. Cet article promotionnel pratique est indispensable pour toute entreprise li\u00e9e \u00e0 l&#039;eau, \u00e0 l&#039;h\u00f4tellerie ou \u00e0 la navigation de plaisance.<\/p>\n<p>Con\u00e7u pour \u00eatre port\u00e9 confortablement au poignet, ce porte-cl\u00e9s est fabriqu\u00e9 en polyester PET r\u00e9sistant et rembourr\u00e9 de mousse. Sa conception lui assure une flottabilit\u00e9 optimale, emp\u00eachant ainsi des cl\u00e9s standard de couler en cas de chute dans l&#039;eau. Sa couleur vive PANTONE 298C offre une excellente visibilit\u00e9 et le rend facile \u00e0 rep\u00e9rer.<\/p>\n<p>Id\u00e9al pour une distribution lors de salons nautiques, comme article standard pour les membres des marinas ou comme cadeau pratique pour les marques du secteur du voyage et de l&#039;h\u00f4tellerie, ce porte-cl\u00e9s flottant garantit que votre marque est associ\u00e9e \u00e0 la s\u00e9curit\u00e9 et \u00e0 la praticit\u00e9.<\/p>\n<p><b>Caract\u00e9ristiques principales :<\/b><\/p>\n<ul>\n<li><b>Conception remplie de mousse flottante\u00a0:<\/b> Flotte de mani\u00e8re fiable, emp\u00eachant les cl\u00e9s de couler dans l&#039;eau.<\/li>\n<li><b>Mat\u00e9riau PET durable :<\/b> Fabriqu\u00e9 en polyester r\u00e9sistant pour une utilisation durable en milieu marin.<\/li>\n<li><b>Couleur haute visibilit\u00e9 :<\/b> Disponible dans une teinte PANTONE 298C \u00e9clatante pour une visibilit\u00e9 optimale dans l&#039;eau.<\/li>\n<li><b>Utilisation mains libres\u00a0:<\/b> Sert \u00e0 la fois de bracelet et de porte-cl\u00e9s pour plus de praticit\u00e9.<\/li>\n<li><b>Production certifi\u00e9e :<\/b> Fabriqu\u00e9 dans une usine audit\u00e9e BSCI d&#039;amfori, garantissant un approvisionnement responsable.<\/li>\n<\/ul>","protected":false},"excerpt":{"rendered":"<ul>\n<li>Emp\u00eache les cl\u00e9s de couler, id\u00e9al pour la navigation de plaisance, les marinas et les \u00e9v\u00e9nements au bord de l&#039;eau.<\/li>\n<li>Fabriqu\u00e9 en polyester PET rempli de mousse durable pour une flottabilit\u00e9 fiable.<\/li>\n<li>Offre un objet promotionnel \u00e0 forte visibilit\u00e9 pour les marques li\u00e9es \u00e0 l&#039;eau.<\/li>\n<li>Disponible dans un bleu PANTONE 298C \u00e9clatant pour une visibilit\u00e9 optimale.<\/li>\n<\/ul>","protected":false},"featured_media":6411,"comment_status":"closed","ping_status":"closed","template":"","meta":[],"product_brand":[],"product_cat":[66,94],"product_tag":[],"class_list":{"0":"post-5402","1":"product","2":"type-product","3":"status-publish","4":"has-post-thumbnail","6":"product_cat-wristbands","7":"product_cat-keychains","9":"first","10":"instock","11":"shipping-taxable","12":"purchasable","13":"product-type-simple"},"_links":{"self":[{"href":"https:\/\/displayproducts.eu\/fr\/wp-json\/wp\/v2\/product\/5402","targetHints":{"allow":["GET"]}}],"collection":[{"href":"https:\/\/displayproducts.eu\/fr\/wp-json\/wp\/v2\/product"}],"about":[{"href":"https:\/\/displayproducts.eu\/fr\/wp-json\/wp\/v2\/types\/product"}],"replies":[{"embeddable":true,"href":"https:\/\/displayproducts.eu\/fr\/wp-json\/wp\/v2\/comments?post=5402"}],"wp:featuredmedia":[{"embeddable":true,"href":"https:\/\/displayproducts.eu\/fr\/wp-json\/wp\/v2\/media\/6411"}],"wp:attachment":[{"href":"https:\/\/displayproducts.eu\/fr\/wp-json\/wp\/v2\/media?parent=5402"}],"wp:term":[{"taxonomy":"product_brand","embeddable":true,"href":"https:\/\/displayproducts.eu\/fr\/wp-json\/wp\/v2\/product_brand?post=5402"},{"taxonomy":"product_cat","embeddable":true,"href":"https:\/\/displayproducts.eu\/fr\/wp-json\/wp\/v2\/product_cat?post=5402"},{"taxonomy":"product_tag","embeddable":true,"href":"https:\/\/displayproducts.eu\/fr\/wp-json\/wp\/v2\/product_tag?post=5402"}],"curies":[{"name":"wp","href":"https:\/\/api.w.org\/{rel}","templated":true}]}}