{"id":5393,"date":"2025-11-13T16:47:58","date_gmt":"2025-11-13T13:47:58","guid":{"rendered":"https:\/\/wristbandfactory.eu\/?post_type=product&#038;p=5393"},"modified":"2026-04-01T21:52:03","modified_gmt":"2026-04-01T18:52:03","slug":"silicone-wristbands-with-aluminium-plate","status":"publish","type":"product","link":"https:\/\/displayproducts.eu\/fr\/p\/silicone-wristbands-with-aluminium-plate\/","title":{"rendered":"Bracelets en silicone avec plaque en aluminium"},"content":{"rendered":"<p><span class=\"citation-125 citation-end-125\">Mettez en valeur vos articles promotionnels avec nos bracelets en silicone orn\u00e9s d&#039;une plaque en aluminium pro\u00e9minente. <\/span><span class=\"citation-124 citation-end-124\">Ce mod\u00e8le allie le confort et la durabilit\u00e9 du silicone \u00e0 une plaque m\u00e9tallique haut de gamme, cr\u00e9ant ainsi le support id\u00e9al pour votre logo d&#039;entreprise. <\/span><\/p>\n<p><span class=\"citation-123 citation-end-123\">Contrairement aux bagues imprim\u00e9es ou en creux standard, la plaque en aluminium argent\u00e9 <\/span> Con\u00e7u pour la gravure laser, ce support offre une finition nette, permanente et haut de gamme qui ne s&#039;alt\u00e8re pas avec le temps. C&#039;est un choix id\u00e9al pour les \u00e9v\u00e9nements d&#039;entreprise, les acc\u00e8s VIP ou comme objet promotionnel durable que vos clients et collaborateurs appr\u00e9cieront.<\/p>\n<p><span class=\"citation-122 citation-end-122\">Le bracelet lui-m\u00eame est fabriqu\u00e9 en silicone r\u00e9sistant de haute qualit\u00e9, assurant un confort optimal tout au long de la journ\u00e9e lors de conf\u00e9rences ou de salons professionnels. <\/span> Ses dimensions (202 x 12 x 3 mm) conviennent \u00e0 la plupart des adultes. Son design m\u00ealant diff\u00e9rents mat\u00e9riaux lui conf\u00e8re une allure sophistiqu\u00e9e et moderne, id\u00e9ale pour votre prochaine campagne marketing.<\/p>\n<p><b>Caract\u00e9ristiques principales :<\/b><\/p>\n<ul>\n<li><b><span class=\"citation-121\">Plaque m\u00e9tallique de qualit\u00e9 sup\u00e9rieure :<\/span><\/b><span class=\"citation-121 citation-end-121\"> Comporte une plaque en aluminium argent\u00e9 brillant, id\u00e9ale pour la gravure laser. <\/span><\/li>\n<li><b><span class=\"citation-120\">Bracelet en silicone durable :<\/span><\/b><span class=\"citation-120 citation-end-120\"> Fabriqu\u00e9 en silicone 100% de haute qualit\u00e9 pour un confort et une long\u00e9vit\u00e9 optimaux. <\/span><\/li>\n<li><b>Image de marque haut de gamme\u00a0:<\/b> Offre une option de marquage plus sophistiqu\u00e9e et durable que les bracelets standard enti\u00e8rement en silicone.<\/li>\n<li><b>Taille adulte standard :<\/b> Les dimensions 202 x 12 x 3 mm conviennent \u00e0 la plupart des participants.<\/li>\n<li><b>L\u00e9ger:<\/b> Il ne p\u00e8se que 8 g, ce qui le rend confortable \u00e0 porter toute la journ\u00e9e.<\/li>\n<\/ul>","protected":false},"excerpt":{"rendered":"<ul>\n<li><span class=\"citation-127 citation-end-127\">Comporte une plaque en aluminium argent\u00e9 de qualit\u00e9 sup\u00e9rieure pour un logo grav\u00e9 et durable. <\/span><\/li>\n<li><span class=\"citation-126 citation-end-126\">Le bracelet en silicone durable 100% est confortable \u00e0 porter toute la journ\u00e9e lors d&#039;\u00e9v\u00e9nements. <\/span><\/li>\n<li>Id\u00e9al pour les \u00e9v\u00e9nements d&#039;entreprise, les collectes de fonds et comme article promotionnel haut de gamme.<\/li>\n<li>La taille standard de 202 x 12 x 3 mm convient \u00e0 la plupart des poignets adultes.<\/li>\n<\/ul>","protected":false},"featured_media":5946,"comment_status":"closed","ping_status":"closed","template":"","meta":[],"product_brand":[],"product_cat":[49],"product_tag":[],"class_list":{"0":"post-5393","1":"product","2":"type-product","3":"status-publish","4":"has-post-thumbnail","6":"product_cat-silicone","8":"first","9":"instock","10":"shipping-taxable","11":"purchasable","12":"product-type-simple"},"_links":{"self":[{"href":"https:\/\/displayproducts.eu\/fr\/wp-json\/wp\/v2\/product\/5393","targetHints":{"allow":["GET"]}}],"collection":[{"href":"https:\/\/displayproducts.eu\/fr\/wp-json\/wp\/v2\/product"}],"about":[{"href":"https:\/\/displayproducts.eu\/fr\/wp-json\/wp\/v2\/types\/product"}],"replies":[{"embeddable":true,"href":"https:\/\/displayproducts.eu\/fr\/wp-json\/wp\/v2\/comments?post=5393"}],"wp:featuredmedia":[{"embeddable":true,"href":"https:\/\/displayproducts.eu\/fr\/wp-json\/wp\/v2\/media\/5946"}],"wp:attachment":[{"href":"https:\/\/displayproducts.eu\/fr\/wp-json\/wp\/v2\/media?parent=5393"}],"wp:term":[{"taxonomy":"product_brand","embeddable":true,"href":"https:\/\/displayproducts.eu\/fr\/wp-json\/wp\/v2\/product_brand?post=5393"},{"taxonomy":"product_cat","embeddable":true,"href":"https:\/\/displayproducts.eu\/fr\/wp-json\/wp\/v2\/product_cat?post=5393"},{"taxonomy":"product_tag","embeddable":true,"href":"https:\/\/displayproducts.eu\/fr\/wp-json\/wp\/v2\/product_tag?post=5393"}],"curies":[{"name":"wp","href":"https:\/\/api.w.org\/{rel}","templated":true}]}}